{"id":2261,"date":"2022-10-21T09:08:45","date_gmt":"2022-10-21T07:08:45","guid":{"rendered":"https:\/\/www.camping-levaldelarre.com\/location-gite-vigan\/"},"modified":"2022-11-28T14:39:15","modified_gmt":"2022-11-28T13:39:15","slug":"verhuur-gite-vigan","status":"publish","type":"page","link":"https:\/\/www.camping-levaldelarre.com\/nl\/verhuur-gite-vigan\/","title":{"rendered":"G\u00eete"},"content":{"rendered":"<section id=\"ls-section-block_6277cb40ee92ecb7a0fe05d309f23880\" class=\"ls-section  fiche-gite m-t-0\" >\r\n        <div class=\"container container--wide\">\r\n        \n\n<h1 class=\"ls__heading has-text-align-center p-b-2 has-color-1-color has-text-color wp-block-heading\">Huur een g\u00eete in Le Vigan voor een aangenaam verblijf<\/h1>\n\n\n\n<div id=\"ls-heading ls-titre-div-block_9a9ed8a4d6262680d46397c22218adf6\" class=\"ls-titre-div aligncenter h2-like has-text-color has-color-2-color has-m-b m-b-10\" >\n    De g\u00eete van Roudoulouse<\/div>\n\n\n\n<div class=\"wp-block-columns attributs is-layout-flex wp-container-core-columns-is-layout-9d6595d7 wp-block-columns-is-layout-flex\">\n<div class=\"wp-block-column is-layout-flow wp-block-column-is-layout-flow\">\n<span class=\"attribut\"><i class=\"val-de-l-arre-utilisateur\"><\/i> 8\t\t\t\t<\/span>\n<\/div>\n\n\n\n<div class=\"wp-block-column is-layout-flow wp-block-column-is-layout-flow\">\n<span class=\"attribut\"><i class=\"val-de-l-arre-douche\"><\/i> 2\t\t\t\t<\/span>\n<\/div>\n\n\n\n<div class=\"wp-block-column is-layout-flow wp-block-column-is-layout-flow\">\n<span class=\"attribut\"><i class=\"val-de-l-arre-open-door\"><\/i> 3\t\t\t\t<\/span>\n<\/div>\n\n\n\n<div class=\"wp-block-column is-layout-flow wp-block-column-is-layout-flow\">\n<span class=\"attribut\"><i class=\"val-de-l-arre-area\"><\/i> 100m\u00b2\t\t\t\t<\/span>\n<\/div>\n<\/div>\n\n\n\n<p class=\"ls-paragraph\">De G\u00eete de Roudoulouse ligt in een rustige omgeving achter de boerderij van de camping en heeft een eigen ingang, een garage, een terras en een tuin met tuinmeubelen, ligstoelen en een barbecue. De G\u00eete maakt geen deel uit van de camping en profiteert niet van de 4* classificatie van de camping.<\/p>\n\n\n\n<p class=\"ls-paragraph\">U kunt genieten van alle faciliteiten van de camping.<\/p>\n\n\n\n<p class=\"ls-paragraph\">Bij weekverhuur is het linnengoed aanwezig (lakens, dekens, kussens, badlakens en theedoeken).<\/p>\n\n\n\n<div class=\"wp-block-columns is-layout-flex wp-container-core-columns-is-layout-9d6595d7 wp-block-columns-is-layout-flex\">\n<div class=\"wp-block-column is-layout-flow wp-block-column-is-layout-flow\">\n<figure class=\"wp-block-image size-full\"><a href=\"https:\/\/www.camping-levaldelarre.com\/wp-content\/uploads\/2022\/11\/louer-gite-vigan.jpg\"><img loading=\"lazy\" decoding=\"async\" width=\"900\" height=\"600\" src=\"https:\/\/www.camping-levaldelarre.com\/wp-content\/uploads\/2022\/11\/louer-gite-vigan.jpg\" alt=\"louer gite vigan\" class=\"wp-image-1927\" srcset=\"https:\/\/www.camping-levaldelarre.com\/wp-content\/uploads\/2022\/11\/louer-gite-vigan.jpg 900w, https:\/\/www.camping-levaldelarre.com\/wp-content\/uploads\/2022\/11\/louer-gite-vigan-300x200.jpg 300w, https:\/\/www.camping-levaldelarre.com\/wp-content\/uploads\/2022\/11\/louer-gite-vigan-768x512.jpg 768w\" sizes=\"auto, (max-width: 900px) 100vw, 900px\" \/><\/a><\/figure>\n<\/div>\n\n\n\n<div class=\"wp-block-column is-layout-flow wp-block-column-is-layout-flow\">\n<figure class=\"wp-block-image size-full\"><a href=\"https:\/\/www.camping-levaldelarre.com\/wp-content\/uploads\/2022\/11\/louer-gite-gard.jpg\"><img loading=\"lazy\" decoding=\"async\" width=\"900\" height=\"600\" src=\"https:\/\/www.camping-levaldelarre.com\/wp-content\/uploads\/2022\/11\/louer-gite-gard.jpg\" alt=\"louer gite gard\" class=\"wp-image-1923\" srcset=\"https:\/\/www.camping-levaldelarre.com\/wp-content\/uploads\/2022\/11\/louer-gite-gard.jpg 900w, https:\/\/www.camping-levaldelarre.com\/wp-content\/uploads\/2022\/11\/louer-gite-gard-300x200.jpg 300w, https:\/\/www.camping-levaldelarre.com\/wp-content\/uploads\/2022\/11\/louer-gite-gard-768x512.jpg 768w\" sizes=\"auto, (max-width: 900px) 100vw, 900px\" \/><\/a><\/figure>\n<\/div>\n\n\n\n<div class=\"wp-block-column is-layout-flow wp-block-column-is-layout-flow\">\n<figure class=\"wp-block-image size-full\"><a href=\"https:\/\/www.camping-levaldelarre.com\/wp-content\/uploads\/2022\/11\/vacances-famille-gite-gard.jpg\"><img loading=\"lazy\" decoding=\"async\" width=\"900\" height=\"600\" src=\"https:\/\/www.camping-levaldelarre.com\/wp-content\/uploads\/2022\/11\/vacances-famille-gite-gard.jpg\" alt=\"vacances famille gite gard\" class=\"wp-image-1911\" srcset=\"https:\/\/www.camping-levaldelarre.com\/wp-content\/uploads\/2022\/11\/vacances-famille-gite-gard.jpg 900w, https:\/\/www.camping-levaldelarre.com\/wp-content\/uploads\/2022\/11\/vacances-famille-gite-gard-300x200.jpg 300w, https:\/\/www.camping-levaldelarre.com\/wp-content\/uploads\/2022\/11\/vacances-famille-gite-gard-768x512.jpg 768w\" sizes=\"auto, (max-width: 900px) 100vw, 900px\" \/><\/a><\/figure>\n<\/div>\n\n\n\n<div class=\"wp-block-column is-layout-flow wp-block-column-is-layout-flow\">\n<figure class=\"wp-block-image size-full\"><a href=\"https:\/\/www.camping-levaldelarre.com\/wp-content\/uploads\/2022\/11\/location-gite-famille-gard.jpg\"><img loading=\"lazy\" decoding=\"async\" width=\"600\" height=\"700\" src=\"https:\/\/www.camping-levaldelarre.com\/wp-content\/uploads\/2022\/11\/location-gite-famille-gard.jpg\" alt=\"location gite famille gard\" class=\"wp-image-1919\" srcset=\"https:\/\/www.camping-levaldelarre.com\/wp-content\/uploads\/2022\/11\/location-gite-famille-gard.jpg 600w, https:\/\/www.camping-levaldelarre.com\/wp-content\/uploads\/2022\/11\/location-gite-famille-gard-257x300.jpg 257w\" sizes=\"auto, (max-width: 600px) 100vw, 600px\" \/><\/a><\/figure>\n<\/div>\n<\/div>\n\n\n\n<div class=\"wp-block-columns is-layout-flex wp-container-core-columns-is-layout-9d6595d7 wp-block-columns-is-layout-flex\">\n<div class=\"wp-block-column is-layout-flow wp-block-column-is-layout-flow\">\n<figure class=\"wp-block-image size-full\"><a href=\"https:\/\/www.camping-levaldelarre.com\/wp-content\/uploads\/2022\/11\/gite-location-gard.jpg\"><img loading=\"lazy\" decoding=\"async\" width=\"900\" height=\"600\" src=\"https:\/\/www.camping-levaldelarre.com\/wp-content\/uploads\/2022\/11\/gite-location-gard.jpg\" alt=\"gite location gard\" class=\"wp-image-1899\" srcset=\"https:\/\/www.camping-levaldelarre.com\/wp-content\/uploads\/2022\/11\/gite-location-gard.jpg 900w, https:\/\/www.camping-levaldelarre.com\/wp-content\/uploads\/2022\/11\/gite-location-gard-300x200.jpg 300w, https:\/\/www.camping-levaldelarre.com\/wp-content\/uploads\/2022\/11\/gite-location-gard-768x512.jpg 768w\" sizes=\"auto, (max-width: 900px) 100vw, 900px\" \/><\/a><\/figure>\n<\/div>\n\n\n\n<div class=\"wp-block-column is-layout-flow wp-block-column-is-layout-flow\">\n<figure class=\"wp-block-image size-full\"><a href=\"https:\/\/www.camping-levaldelarre.com\/wp-content\/uploads\/2022\/11\/gite-vigan-gard.jpg\"><img loading=\"lazy\" decoding=\"async\" width=\"900\" height=\"600\" src=\"https:\/\/www.camping-levaldelarre.com\/wp-content\/uploads\/2022\/11\/gite-vigan-gard.jpg\" alt=\"gite vigan gard\" class=\"wp-image-1915\" srcset=\"https:\/\/www.camping-levaldelarre.com\/wp-content\/uploads\/2022\/11\/gite-vigan-gard.jpg 900w, https:\/\/www.camping-levaldelarre.com\/wp-content\/uploads\/2022\/11\/gite-vigan-gard-300x200.jpg 300w, https:\/\/www.camping-levaldelarre.com\/wp-content\/uploads\/2022\/11\/gite-vigan-gard-768x512.jpg 768w\" sizes=\"auto, (max-width: 900px) 100vw, 900px\" \/><\/a><\/figure>\n<\/div>\n\n\n\n<div class=\"wp-block-column is-layout-flow wp-block-column-is-layout-flow\">\n<figure class=\"wp-block-image size-full\"><a href=\"https:\/\/www.camping-levaldelarre.com\/wp-content\/uploads\/2022\/11\/location-gite-roudoulouse-11.jpg\"><img loading=\"lazy\" decoding=\"async\" width=\"700\" height=\"460\" src=\"https:\/\/www.camping-levaldelarre.com\/wp-content\/uploads\/2022\/11\/location-gite-roudoulouse-11.jpg\" alt=\"location gite roudoulouse\" class=\"wp-image-1931\" srcset=\"https:\/\/www.camping-levaldelarre.com\/wp-content\/uploads\/2022\/11\/location-gite-roudoulouse-11.jpg 700w, https:\/\/www.camping-levaldelarre.com\/wp-content\/uploads\/2022\/11\/location-gite-roudoulouse-11-300x197.jpg 300w\" sizes=\"auto, (max-width: 700px) 100vw, 700px\" \/><\/a><\/figure>\n<\/div>\n<\/div>\n\n\n\n<div class=\"wp-block-columns is-layout-flex wp-container-core-columns-is-layout-9d6595d7 wp-block-columns-is-layout-flex\">\n<div class=\"wp-block-column p-2 has-color-3-background-color has-background is-layout-flow wp-block-column-is-layout-flow\">\n<div class=\"titreinvent\"><i class=\"fas fa-bed\" aria-hidden=\"true\"><\/i> Chambres<\/div>\n\n\n\n<ul class=\"ls-list wp-block-list\">\n<li>1 slaapkamer: 1 bed van 160 x 200 cm<\/li>\n\n\n\n<li>2 slaapkamers : 1 bed 140 x190cm + 1 bed 80&#215;190 cm<\/li>\n\n\n\n<li>Kussens en dekens aanwezig<\/li>\n\n\n\n<li>Mogelijkheid om een babybedje te installeren<\/li>\n<\/ul>\n<\/div>\n\n\n\n<div class=\"wp-block-column p-2 has-color-3-background-color has-background is-layout-flow wp-block-column-is-layout-flow\">\n<div class=\"titreinvent\"><i class=\"fas fa-utensils\" aria-hidden=\"true\"><\/i> Cuisine\/S\u00e9jour<\/div>\n\n\n\n<ul class=\"ls-list wp-block-list\">\n<li>Koelkast\/vriezer<\/li>\n\n\n\n<li>TV<\/li>\n\n\n\n<li>Vaatwerk kit<\/li>\n\n\n\n<li>Huishoudpakket<\/li>\n\n\n\n<li>Elektrisch koffiezetapparaat en magnetron<\/li>\n\n\n\n<li>Broodrooster en waterkoker<\/li>\n\n\n\n<li>4-pits gaskookplaat<\/li>\n\n\n\n<li>Woonkamer met zitbank<\/li>\n\n\n\n<li>Wasmachine<\/li>\n\n\n\n<li>Wasdroger<\/li>\n<\/ul>\n<\/div>\n\n\n\n<div class=\"wp-block-column p-2 has-color-3-background-color has-background is-layout-flow wp-block-column-is-layout-flow\">\n<div class=\"titreinvent\"><i class=\"fas fa-shower\" aria-hidden=\"true\"><\/i> Salle de bain<\/div>\n\n\n\n<ul class=\"ls-list wp-block-list\">\n<li>2 doucheruimtes<\/li>\n\n\n\n<li>dubbele wastafel<\/li>\n\n\n\n<li>handdoekdroger<\/li>\n\n\n\n<li>Apart toilet<\/li>\n\n\n\n<li>XXL douche<\/li>\n<\/ul>\n<\/div>\n\n\n\n<div class=\"wp-block-column p-2 has-color-3-background-color has-background is-layout-flow wp-block-column-is-layout-flow\">\n<div class=\"titreinvent\"><i class=\"fas fa-sun\" aria-hidden=\"true\"><\/i> Ext\u00e9rieur<\/div>\n\n\n\n<ul class=\"ls-list wp-block-list\">\n<li>Onafhankelijke ingang<\/li>\n\n\n\n<li>Terras<\/li>\n\n\n\n<li>Tuin<\/li>\n\n\n\n<li>Garage<\/li>\n\n\n\n<li>Parasol<\/li>\n\n\n\n<li>Tuinmeubelen<\/li>\n\n\n\n<li>2 ligbedden \/ ligstoelen<\/li>\n\n\n\n<li>2 Chilenen<\/li>\n\n\n\n<li>Barbecue<\/li>\n<\/ul>\n<\/div>\n<\/div>\n\n\n\n<ctv-availability data-product-id=\"52729\" data-background-color=\"#FFFFFFFF\"><\/ctv-availability>\n\n\r\n    <\/div>\r\n<\/section>\n\n<section id=\"ls-section-block_e9436004e9efd97d91888b95af193467\" class=\"ls-section  has-m-t m-t-0 has-p-t p-t-0\" >\r\n        <div class=\"container container--wide\">\r\n        \n\n<div class=\"wp-block-columns is-layout-flex wp-container-core-columns-is-layout-9d6595d7 wp-block-columns-is-layout-flex\">\n<div class=\"wp-block-column is-layout-flow wp-block-column-is-layout-flow\">\n<h2 class=\"ls__heading has-color-2-color has-text-color wp-block-heading\">Maximaal comfort in onze g\u00eete<\/h2>\n\n\n\n<p class=\"ls-paragraph\">Wilt u voor uw volgende vakantie liever een g\u00eete in de buurt van Le Vigan huren? Op de <a href=\"\/nl\/\">camping Val de l&#8217;Arre<\/a> kunt u genieten van het comfort en de grote oppervlakte van een vakantiehuis, terwijl u toch toegang hebt tot de recreatiemogelijkheden en faciliteiten van het domein: zwembad, sportvelden, kruidenierswinkel, animatie en activiteiten.<\/p>\n\n\n\n<p class=\"ls-paragraph\">In de rust achter de boerderij van de camping is de g\u00eete van Roudoulouse ontworpen voor maximaal 8 personen met zijn 3 slaapkamers en twee badkamers met douche. Perfect voor een gezellig samenzijn met vrienden of voor een familievakantie, het heeft een eigen ingang, een eigen tuin, een garage en een terras.<\/p>\n\n\n\n<p class=\"ls-paragraph\">Het huren van onze g\u00eete in Le Vigan zorgt voor een rustige vakantie in het zuiden van de C\u00e9v\u00e8nnes, in het comfort van een huis en met de gezelligheid van kamperen. Perfect om ieders behoefte aan rust of aan gezinsactiviteiten voor jong en oud te bevredigen!<\/p>\n<\/div>\n\n\n\n<div class=\"wp-block-column is-layout-flow wp-block-column-is-layout-flow\">\n<h2 class=\"ls__heading has-color-2-color has-text-color wp-block-heading\">Een volledig ingerichte g\u00eete in de Gard<\/h2>\n\n\n\n<p class=\"ls-paragraph\">Tijdens uw familievakantie, de huur van onze<strong> <a href=\"https:\/\/www.camping-levaldelarre.com\/nl\/goedkope-camping-vigan\/\">goedkope g\u00eete in de Gard<\/a><\/strong> kunt u het comfort terugkrijgen dat u gewend bent in uw dagelijks leven.<\/p>\n\n\n\n<p class=\"ls-paragraph\">De g\u00eete van Roudoulouse is ideaal voor een groene vakantie met uw kinderen en biedt grote leefruimtes binnen, een tuin om in te spelen en een terras om op te loungen.<\/p>\n\n\n\n<p class=\"ls-paragraph\">Het is perfect uitgerust met een kelder met wasmachine en droger. De keuken is ook ideaal voor het bereiden van al uw vakantiemaaltijden met zijn volledige fornuis (kookplaat en oven), en vaatwasser. De comfortabele woonkamer heeft een tv. Voor een rustige ochtend zijn er twee doucheruimtes en twee toiletten, waarvan \u00e9\u00e9n apart. Een extraatje: huishoudlinnen is voorzien voor de wekelijkse verhuur (lakens, handdoeken en theedoeken).<\/p>\n\n\n\n<p class=\"ls-paragraph\">Een hotelservice waarmee u licht kunt reizen en die u bevrijdt van de verplichtingen om terug te keren van vakantie.<\/p>\n<\/div>\n<\/div>\n\n\r\n    <\/div>\r\n<\/section>\n\n<section id=\"ls-section-block_807f3a1a83d80598ea5d06b24e436fca\" class=\"ls-section  home-third m-t-0 page-five\" >\r\n        <div class=\"container container--wide\">\r\n        \n\n<div id=\"ls-heading ls-titre-div-block_3ae2d7a11f17a462877ad867714d8fff\" class=\"ls-titre-div aligncenter h2-like has-text-color has-color-2-color\" >\n    Ontdek de g\u00eetes, het zwembad en de tarieven<\/div>\n\n\n<div id=\"ls-maillage-block_2458fbe236c74089740be9ba701c93a8\" class=\"ls-maillage cta-style-normal\" data-rows=\"3\">\r\n    <div class=\"wp-block-columns\"><div class=\"wp-block-column\"><div class=\"ls-cta\">\n\n<a href=\"https:\/\/www.camping-levaldelarre.com\/nl\/verhuur-gite-vigan\/\" target=\"\" rel=\"noopener\" class=\"ls-cta__link\">\n\n\t<div class=\"ls-cta__image\"><img decoding=\"async\" src=\"https:\/\/www.camping-levaldelarre.com\/wp-content\/uploads\/2022\/11\/gite-vigan-gard-768x512.jpg\" alt=\"gite vigan gard\"><\/div>\n\t<div class=\"ls-cta__title\">\n\t\tOnze Gite\t<\/div>\n\n\t\n\t<span class=\"val-de-l-arre-fleche\"><\/span>\n\t\n<\/a><\/div><\/div><div class=\"wp-block-column\"><div class=\"ls-cta\">\n\n<a href=\"https:\/\/www.camping-levaldelarre.com\/nl\/camping-verwarmd-zwembad-vigan\/\" target=\"\" rel=\"noopener\" class=\"ls-cta__link\">\n\n\t<div class=\"ls-cta__image\"><img decoding=\"async\" src=\"https:\/\/www.camping-levaldelarre.com\/wp-content\/uploads\/2022\/11\/camping-avec-piscine-gard.jpg\" alt=\"camping avec piscine \ngard\"><\/div>\n\t<div class=\"ls-cta__title\">\n\t\tOns zwembad\t<\/div>\n\n\t\n\t<span class=\"val-de-l-arre-fleche\"><\/span>\n\t\n<\/a><\/div><\/div><div class=\"wp-block-column\"><div class=\"ls-cta\">\n\n<a href=\"https:\/\/www.camping-levaldelarre.com\/nl\/goedkope-camping-vigan\/\" target=\"\" rel=\"noopener\" class=\"ls-cta__link\">\n\n\t<div class=\"ls-cta__image\"><img decoding=\"async\" src=\"https:\/\/www.camping-levaldelarre.com\/wp-content\/uploads\/2022\/11\/camping-petit-prix-vigan.jpg\" alt=\"camping petit prix vigan\"><\/div>\n\t<div class=\"ls-cta__title\">\n\t\tKeine Tarife\t<\/div>\n\n\t\n\t<span class=\"val-de-l-arre-fleche\"><\/span>\n\t\n<\/a><\/div><\/div><\/div><\/div>\n\r\n    <\/div>\r\n<\/section>","protected":false},"excerpt":{"rendered":"","protected":false},"author":1,"featured_media":1902,"parent":0,"menu_order":0,"comment_status":"closed","ping_status":"closed","template":"","meta":{"_acf_changed":false,"footnotes":""},"sujet":[],"class_list":["post-2261","page","type-page","status-publish","has-post-thumbnail","hentry"],"acf":[],"yoast_head":"<!-- This site is optimized with the Yoast SEO plugin v25.3 - https:\/\/yoast.com\/wordpress\/plugins\/seo\/ -->\n<title>Huur een g\u00eete in Le Vigan | Gite verhuur Gard<\/title>\n<meta name=\"robots\" content=\"index, follow, max-snippet:-1, max-image-preview:large, max-video-preview:-1\" \/>\n<link rel=\"canonical\" href=\"https:\/\/www.camping-levaldelarre.com\/nl\/verhuur-gite-vigan\/\" \/>\n<meta property=\"og:locale\" content=\"nl_NL\" \/>\n<meta property=\"og:type\" content=\"article\" \/>\n<meta property=\"og:title\" content=\"Huur een g\u00eete in Le Vigan | Gite verhuur Gard\" \/>\n<meta property=\"og:url\" content=\"https:\/\/www.camping-levaldelarre.com\/nl\/verhuur-gite-vigan\/\" \/>\n<meta property=\"og:site_name\" content=\"Le Val de l&#039;Arre\" \/>\n<meta property=\"article:modified_time\" content=\"2022-11-28T13:39:15+00:00\" \/>\n<meta property=\"og:image\" content=\"https:\/\/www.camping-levaldelarre.com\/wp-content\/uploads\/2022\/11\/gite-location-vigan.jpg\" \/>\n\t<meta property=\"og:image:width\" content=\"1900\" \/>\n\t<meta property=\"og:image:height\" content=\"600\" \/>\n\t<meta property=\"og:image:type\" content=\"image\/jpeg\" \/>\n<meta name=\"twitter:card\" content=\"summary_large_image\" \/>\n<meta name=\"twitter:label1\" content=\"Geschatte leestijd\" \/>\n\t<meta name=\"twitter:data1\" content=\"4 minuten\" \/>\n<script type=\"application\/ld+json\" class=\"yoast-schema-graph\">{\"@context\":\"https:\/\/schema.org\",\"@graph\":[{\"@type\":\"WebPage\",\"@id\":\"https:\/\/www.camping-levaldelarre.com\/nl\/verhuur-gite-vigan\/\",\"url\":\"https:\/\/www.camping-levaldelarre.com\/nl\/verhuur-gite-vigan\/\",\"name\":\"Huur een g\u00eete in Le Vigan | Gite verhuur Gard\",\"isPartOf\":{\"@id\":\"https:\/\/www.camping-levaldelarre.com\/#website\"},\"primaryImageOfPage\":{\"@id\":\"https:\/\/www.camping-levaldelarre.com\/nl\/verhuur-gite-vigan\/#primaryimage\"},\"image\":{\"@id\":\"https:\/\/www.camping-levaldelarre.com\/nl\/verhuur-gite-vigan\/#primaryimage\"},\"thumbnailUrl\":\"https:\/\/www.camping-levaldelarre.com\/wp-content\/uploads\/2022\/11\/gite-location-vigan.jpg\",\"datePublished\":\"2022-10-21T07:08:45+00:00\",\"dateModified\":\"2022-11-28T13:39:15+00:00\",\"breadcrumb\":{\"@id\":\"https:\/\/www.camping-levaldelarre.com\/nl\/verhuur-gite-vigan\/#breadcrumb\"},\"inLanguage\":\"nl-NL\",\"potentialAction\":[{\"@type\":\"ReadAction\",\"target\":[\"https:\/\/www.camping-levaldelarre.com\/nl\/verhuur-gite-vigan\/\"]}]},{\"@type\":\"ImageObject\",\"inLanguage\":\"nl-NL\",\"@id\":\"https:\/\/www.camping-levaldelarre.com\/nl\/verhuur-gite-vigan\/#primaryimage\",\"url\":\"https:\/\/www.camping-levaldelarre.com\/wp-content\/uploads\/2022\/11\/gite-location-vigan.jpg\",\"contentUrl\":\"https:\/\/www.camping-levaldelarre.com\/wp-content\/uploads\/2022\/11\/gite-location-vigan.jpg\",\"width\":1900,\"height\":600,\"caption\":\"gite location vigan\"},{\"@type\":\"BreadcrumbList\",\"@id\":\"https:\/\/www.camping-levaldelarre.com\/nl\/verhuur-gite-vigan\/#breadcrumb\",\"itemListElement\":[{\"@type\":\"ListItem\",\"position\":1,\"name\":\"Camping Gard\",\"item\":\"https:\/\/www.camping-levaldelarre.com\/nl\/\"},{\"@type\":\"ListItem\",\"position\":2,\"name\":\"Verhuur van g\u00eetes in Le Vigan\"}]},{\"@type\":\"WebSite\",\"@id\":\"https:\/\/www.camping-levaldelarre.com\/#website\",\"url\":\"https:\/\/www.camping-levaldelarre.com\/\",\"name\":\"Le Val de l&#039;Arre\",\"description\":\"\",\"publisher\":{\"@id\":\"https:\/\/www.camping-levaldelarre.com\/#organization\"},\"potentialAction\":[{\"@type\":\"SearchAction\",\"target\":{\"@type\":\"EntryPoint\",\"urlTemplate\":\"https:\/\/www.camping-levaldelarre.com\/?s={search_term_string}\"},\"query-input\":{\"@type\":\"PropertyValueSpecification\",\"valueRequired\":true,\"valueName\":\"search_term_string\"}}],\"inLanguage\":\"nl-NL\"},{\"@type\":\"Organization\",\"@id\":\"https:\/\/www.camping-levaldelarre.com\/#organization\",\"name\":\"Le Val de l&#039;Arre\",\"url\":\"https:\/\/www.camping-levaldelarre.com\/\",\"logo\":{\"@type\":\"ImageObject\",\"inLanguage\":\"nl-NL\",\"@id\":\"https:\/\/www.camping-levaldelarre.com\/#\/schema\/logo\/image\/\",\"url\":\"https:\/\/www.camping-levaldelarre.com\/wp-content\/uploads\/2022\/10\/logo-le-val-de-l-arre.jpg\",\"contentUrl\":\"https:\/\/www.camping-levaldelarre.com\/wp-content\/uploads\/2022\/10\/logo-le-val-de-l-arre.jpg\",\"width\":370,\"height\":180,\"caption\":\"Le Val de l&#039;Arre\"},\"image\":{\"@id\":\"https:\/\/www.camping-levaldelarre.com\/#\/schema\/logo\/image\/\"}}]}<\/script>\n<!-- \/ Yoast SEO plugin. -->","yoast_head_json":{"title":"Huur een g\u00eete in Le Vigan | Gite verhuur Gard","robots":{"index":"index","follow":"follow","max-snippet":"max-snippet:-1","max-image-preview":"max-image-preview:large","max-video-preview":"max-video-preview:-1"},"canonical":"https:\/\/www.camping-levaldelarre.com\/nl\/verhuur-gite-vigan\/","og_locale":"nl_NL","og_type":"article","og_title":"Huur een g\u00eete in Le Vigan | Gite verhuur Gard","og_url":"https:\/\/www.camping-levaldelarre.com\/nl\/verhuur-gite-vigan\/","og_site_name":"Le Val de l&#039;Arre","article_modified_time":"2022-11-28T13:39:15+00:00","og_image":[{"width":1900,"height":600,"url":"https:\/\/www.camping-levaldelarre.com\/wp-content\/uploads\/2022\/11\/gite-location-vigan.jpg","type":"image\/jpeg"}],"twitter_card":"summary_large_image","twitter_misc":{"Geschatte leestijd":"4 minuten"},"schema":{"@context":"https:\/\/schema.org","@graph":[{"@type":"WebPage","@id":"https:\/\/www.camping-levaldelarre.com\/nl\/verhuur-gite-vigan\/","url":"https:\/\/www.camping-levaldelarre.com\/nl\/verhuur-gite-vigan\/","name":"Huur een g\u00eete in Le Vigan | Gite verhuur Gard","isPartOf":{"@id":"https:\/\/www.camping-levaldelarre.com\/#website"},"primaryImageOfPage":{"@id":"https:\/\/www.camping-levaldelarre.com\/nl\/verhuur-gite-vigan\/#primaryimage"},"image":{"@id":"https:\/\/www.camping-levaldelarre.com\/nl\/verhuur-gite-vigan\/#primaryimage"},"thumbnailUrl":"https:\/\/www.camping-levaldelarre.com\/wp-content\/uploads\/2022\/11\/gite-location-vigan.jpg","datePublished":"2022-10-21T07:08:45+00:00","dateModified":"2022-11-28T13:39:15+00:00","breadcrumb":{"@id":"https:\/\/www.camping-levaldelarre.com\/nl\/verhuur-gite-vigan\/#breadcrumb"},"inLanguage":"nl-NL","potentialAction":[{"@type":"ReadAction","target":["https:\/\/www.camping-levaldelarre.com\/nl\/verhuur-gite-vigan\/"]}]},{"@type":"ImageObject","inLanguage":"nl-NL","@id":"https:\/\/www.camping-levaldelarre.com\/nl\/verhuur-gite-vigan\/#primaryimage","url":"https:\/\/www.camping-levaldelarre.com\/wp-content\/uploads\/2022\/11\/gite-location-vigan.jpg","contentUrl":"https:\/\/www.camping-levaldelarre.com\/wp-content\/uploads\/2022\/11\/gite-location-vigan.jpg","width":1900,"height":600,"caption":"gite location vigan"},{"@type":"BreadcrumbList","@id":"https:\/\/www.camping-levaldelarre.com\/nl\/verhuur-gite-vigan\/#breadcrumb","itemListElement":[{"@type":"ListItem","position":1,"name":"Camping Gard","item":"https:\/\/www.camping-levaldelarre.com\/nl\/"},{"@type":"ListItem","position":2,"name":"Verhuur van g\u00eetes in Le Vigan"}]},{"@type":"WebSite","@id":"https:\/\/www.camping-levaldelarre.com\/#website","url":"https:\/\/www.camping-levaldelarre.com\/","name":"Le Val de l&#039;Arre","description":"","publisher":{"@id":"https:\/\/www.camping-levaldelarre.com\/#organization"},"potentialAction":[{"@type":"SearchAction","target":{"@type":"EntryPoint","urlTemplate":"https:\/\/www.camping-levaldelarre.com\/?s={search_term_string}"},"query-input":{"@type":"PropertyValueSpecification","valueRequired":true,"valueName":"search_term_string"}}],"inLanguage":"nl-NL"},{"@type":"Organization","@id":"https:\/\/www.camping-levaldelarre.com\/#organization","name":"Le Val de l&#039;Arre","url":"https:\/\/www.camping-levaldelarre.com\/","logo":{"@type":"ImageObject","inLanguage":"nl-NL","@id":"https:\/\/www.camping-levaldelarre.com\/#\/schema\/logo\/image\/","url":"https:\/\/www.camping-levaldelarre.com\/wp-content\/uploads\/2022\/10\/logo-le-val-de-l-arre.jpg","contentUrl":"https:\/\/www.camping-levaldelarre.com\/wp-content\/uploads\/2022\/10\/logo-le-val-de-l-arre.jpg","width":370,"height":180,"caption":"Le Val de l&#039;Arre"},"image":{"@id":"https:\/\/www.camping-levaldelarre.com\/#\/schema\/logo\/image\/"}}]}},"_links":{"self":[{"href":"https:\/\/www.camping-levaldelarre.com\/nl\/wp-json\/wp\/v2\/pages\/2261","targetHints":{"allow":["GET"]}}],"collection":[{"href":"https:\/\/www.camping-levaldelarre.com\/nl\/wp-json\/wp\/v2\/pages"}],"about":[{"href":"https:\/\/www.camping-levaldelarre.com\/nl\/wp-json\/wp\/v2\/types\/page"}],"author":[{"embeddable":true,"href":"https:\/\/www.camping-levaldelarre.com\/nl\/wp-json\/wp\/v2\/users\/1"}],"replies":[{"embeddable":true,"href":"https:\/\/www.camping-levaldelarre.com\/nl\/wp-json\/wp\/v2\/comments?post=2261"}],"version-history":[{"count":6,"href":"https:\/\/www.camping-levaldelarre.com\/nl\/wp-json\/wp\/v2\/pages\/2261\/revisions"}],"predecessor-version":[{"id":2635,"href":"https:\/\/www.camping-levaldelarre.com\/nl\/wp-json\/wp\/v2\/pages\/2261\/revisions\/2635"}],"wp:featuredmedia":[{"embeddable":true,"href":"https:\/\/www.camping-levaldelarre.com\/nl\/wp-json\/wp\/v2\/media\/1902"}],"wp:attachment":[{"href":"https:\/\/www.camping-levaldelarre.com\/nl\/wp-json\/wp\/v2\/media?parent=2261"}],"wp:term":[{"taxonomy":"sujet","embeddable":true,"href":"https:\/\/www.camping-levaldelarre.com\/nl\/wp-json\/wp\/v2\/sujet?post=2261"}],"curies":[{"name":"wp","href":"https:\/\/api.w.org\/{rel}","templated":true}]}}