{"id":2255,"date":"2022-09-27T14:35:29","date_gmt":"2022-09-27T12:35:29","guid":{"rendered":"https:\/\/www.camping-levaldelarre.com\/tourisme-gard\/"},"modified":"2022-11-28T16:47:43","modified_gmt":"2022-11-28T15:47:43","slug":"toerisme-gard","status":"publish","type":"page","link":"https:\/\/www.camping-levaldelarre.com\/nl\/toerisme-gard\/","title":{"rendered":"Gard"},"content":{"rendered":"<section id=\"ls-section-block_ee2894ee5cc5a7524d082907104f0583\" class=\"ls-section  home-first page-one has-p-b p-b-15\" >\r\n        <div class=\"container container--wide\">\r\n        \n\n<div class=\"wp-block-columns is-layout-flex wp-container-core-columns-is-layout-9d6595d7 wp-block-columns-is-layout-flex\">\n<div class=\"wp-block-column is-layout-flow wp-block-column-is-layout-flow\" style=\"flex-basis:25%\">\n<div class=\"wp-block-columns m-b-2 animated fadeInDown slow is-layout-flex wp-container-core-columns-is-layout-9d6595d7 wp-block-columns-is-layout-flex\">\n<div class=\"wp-block-column column-bienvenue has-color-1-background-color has-background is-layout-flow wp-block-column-is-layout-flow\">\n<div id=\"ls-heading ls-titre-div-block_ec2b5cbb9fff5c23ba52d9d3a1dc7817\" class=\"ls-titre-div h3-like has-text-color has-color-white-color\" >\n    De omgeving van de camping <strong>Le Val de l&#8217;Arre !<\/strong><\/div>\n\n\n\n<figure class=\"wp-block-image size-full\"><img loading=\"lazy\" decoding=\"async\" width=\"320\" height=\"110\" src=\"https:\/\/www.camping-levaldelarre.com\/wp-content\/uploads\/2022\/09\/camping-le-val-de-l-arre.png\" alt=\"tourisme gard\" class=\"wp-image-311\" srcset=\"https:\/\/www.camping-levaldelarre.com\/wp-content\/uploads\/2022\/09\/camping-le-val-de-l-arre.png 320w, https:\/\/www.camping-levaldelarre.com\/wp-content\/uploads\/2022\/09\/camping-le-val-de-l-arre-300x103.png 300w\" sizes=\"auto, (max-width: 320px) 100vw, 320px\" \/><\/figure>\n<\/div>\n<\/div>\n\n\n\n<figure class=\"wp-block-image size-full animated fadeInLeft delay-200ms slow\"><a href=\"https:\/\/www.camping-levaldelarre.com\/wp-content\/uploads\/2022\/11\/que-faire-gard.jpg\"><img loading=\"lazy\" decoding=\"async\" width=\"500\" height=\"583\" src=\"https:\/\/www.camping-levaldelarre.com\/wp-content\/uploads\/2022\/11\/que-faire-gard.jpg\" alt=\"que faire gard\" class=\"wp-image-1457\" srcset=\"https:\/\/www.camping-levaldelarre.com\/wp-content\/uploads\/2022\/11\/que-faire-gard.jpg 500w, https:\/\/www.camping-levaldelarre.com\/wp-content\/uploads\/2022\/11\/que-faire-gard-257x300.jpg 257w\" sizes=\"auto, (max-width: 500px) 100vw, 500px\" \/><\/a><\/figure>\n<\/div>\n\n\n\n<div class=\"wp-block-column home-first__principal is-layout-flow wp-block-column-is-layout-flow\" style=\"flex-basis:75%\">\n<figure class=\"wp-block-image size-full animated fadeInRight delay-100ms slow\"><a href=\"https:\/\/www.camping-levaldelarre.com\/wp-content\/uploads\/2022\/11\/visite-departement-gard.jpg\"><img loading=\"lazy\" decoding=\"async\" width=\"900\" height=\"600\" src=\"https:\/\/www.camping-levaldelarre.com\/wp-content\/uploads\/2022\/11\/visite-departement-gard.jpg\" alt=\"visite departement gard\" class=\"wp-image-1461\" srcset=\"https:\/\/www.camping-levaldelarre.com\/wp-content\/uploads\/2022\/11\/visite-departement-gard.jpg 900w, https:\/\/www.camping-levaldelarre.com\/wp-content\/uploads\/2022\/11\/visite-departement-gard-300x200.jpg 300w, https:\/\/www.camping-levaldelarre.com\/wp-content\/uploads\/2022\/11\/visite-departement-gard-768x512.jpg 768w\" sizes=\"auto, (max-width: 900px) 100vw, 900px\" \/><\/a><\/figure>\n\n\n\n<h1 class=\"ls__heading has-color-1-color has-text-color wp-block-heading\">De Gard en zijn unieke landschappen<\/h1>\n\n\n\n<div id=\"ls-heading ls-titre-div-block_4ac99a4e6c44a4f7267fcb6ce220da4f\" class=\"ls-titre-div h2-like has-text-color has-color-2-color\" >\n    Must-see sites om te bezoeken<\/div>\n\n\n\n<p class=\"ls-paragraph\">Van de Cevennen tot de Middellandse Zee, de <strong><a href=\"https:\/\/www.tourismegard.com\/\" target=\"_blank\" rel=\"noreferrer noopener nofollow\">Gard<\/a><\/strong> is rijk aan natuurlijke en architectonische bezienswaardigheden, waaronder schatten die op de werelderfgoedlijst van de Unesco staan: de beroemde Pont du Gard, de parel van het departement, maar ook de abdij van Saint-Gilles, de Causses en de Cevennen, evenals de Gorges du Gardon.<strong>.<\/strong><\/p>\n\n\n\n<p class=\"ls-paragraph\">Van de bergen tot de garrigue zijn ook verschillende plaatsen te ontdekken die als &#8220;Grands Sites de France&#8221; zijn geclassificeerd, zoals het keteldal van Navacelles en de Camargue..<\/p>\n\n\n\n<p class=\"ls-paragraph\">Getekend door het Romeinse tijdperk, heeft de Gard enkele van de mooiste antieke overblijfselen, voornamelijk geconcentreerd in de stad N\u00eemes, waar u de arena, het Maison Carr\u00e9e, de Tour Magne en het castellum niet mag missen.<\/p>\n\n\n\n<p class=\"ls-paragraph\">Aan de Middellandse Zee zijn de Grau du Roi en Port-Camargue twee van de meest populaire toeristische bestemmingen in de Gard, die alle geneugten van de zee en watersporten bieden.<strong>.<\/strong><\/p>\n<\/div>\n<\/div>\n\n\r\n    <\/div>\r\n<\/section>\n\n<section id=\"ls-section-block_9859c22130f70d201486f7ed84f1636d\" class=\"ls-section  home-fourth m-t-0 page-two p-t-10 has-background has-color-3-background-color has-m-b m-b-0 has-p-t p-t-15 has-p-b p-b-20\" >\r\n        <div class=\"container container--wide\">\r\n        \n\n<div class=\"wp-block-columns is-layout-flex wp-container-core-columns-is-layout-9d6595d7 wp-block-columns-is-layout-flex\">\n<div class=\"wp-block-column animated fadeInLeft slow is-layout-flow wp-block-column-is-layout-flow\" style=\"flex-basis:66.66%\">\n<figure class=\"wp-block-image size-full\"><img loading=\"lazy\" decoding=\"async\" width=\"900\" height=\"600\" src=\"https:\/\/www.camping-levaldelarre.com\/wp-content\/uploads\/2022\/11\/visite-activite-gard.jpg\" alt=\"visite activite gard\" class=\"wp-image-1437\" srcset=\"https:\/\/www.camping-levaldelarre.com\/wp-content\/uploads\/2022\/11\/visite-activite-gard.jpg 900w, https:\/\/www.camping-levaldelarre.com\/wp-content\/uploads\/2022\/11\/visite-activite-gard-300x200.jpg 300w, https:\/\/www.camping-levaldelarre.com\/wp-content\/uploads\/2022\/11\/visite-activite-gard-768x512.jpg 768w\" sizes=\"auto, (max-width: 900px) 100vw, 900px\" \/><\/figure>\n<\/div>\n\n\n\n<div class=\"wp-block-column is-vertically-aligned-center animated fadeInRight delay-200ms slow is-layout-flow wp-block-column-is-layout-flow\" style=\"flex-basis:33.33%\">\n<h2 class=\"ls__heading has-color-2-color has-text-color wp-block-heading\">De Pont du Gard, een Romeins aquaduct<\/h2>\n\n\n\n<p class=\"ls-paragraph\">De Pont du Gard, die door de Unesco tot werelderfgoed is verklaard, is het best bewaarde meesterwerk van een 50 kilometer lang Romeins aquaduct.<\/p>\n\n\n\n<p class=\"ls-paragraph\">Gebouwd in de 1e eeuw om de hoofdstad van Augustus van water te voorzien, bouwden de oude ingenieurs een opeenvolging van bruggen en tunnels van de bron van de Eure, nabij Uz\u00e8s, naar N\u00eemes.<\/p>\n\n\n\n<p class=\"ls-paragraph\">Met een lengte van 275 meter, een hoogte van 49 meter en een totaal gewicht van ongeveer 50.000 ton steen is de Pont du Gard een echte recordbreker.<\/p>\n\n\n\n<p class=\"ls-paragraph\">Tegenwoordig is het terrein harmonieus ingericht met een museum, tentoonstellingen, films, kinderruimtes en een zwemzone. Het is een van de meest bezochte monumenten in Frankrijk.<\/p>\n<\/div>\n<\/div>\n\n\n\n<div class=\"wp-block-columns column-emplacements m-t-7 is-layout-flex wp-container-core-columns-is-layout-9d6595d7 wp-block-columns-is-layout-flex\">\n<div class=\"wp-block-column is-vertically-aligned-center animated fadeInLeft slow is-layout-flow wp-block-column-is-layout-flow\" style=\"flex-basis:33.33%\">\n<h2 class=\"ls__heading has-color-2-color has-text-color wp-block-heading\" id=\"m-t-10\">Abdij van Sint-Gillis<\/h2>\n\n\n\n<p class=\"ls-paragraph\">De abdijkerk van Sint-Gillis, een halteplaats op de pelgrimsroute naar Santiago de Compostela, staat op de Werelderfgoedlijst van UNESCO.<\/p>\n\n\n\n<p class=\"ls-paragraph\">Het verhaal gaat dat de abt Gilles de kluizenaar hier woonde nadat hij al zijn bezittingen aan de armen had geschonken.&nbsp;<\/p>\n\n\n\n<p class=\"ls-paragraph\">Zijn graf trok zoveel pelgrims dat er een hele stad ontstond.<\/p>\n\n\n\n<p class=\"ls-paragraph\">Niet ver van Aigues-Mortes, aan de poort van de Camargue, ligt deze prachtige Romaanse abdijkerk die door de eeuwen heen en door conflicten zwaar is beschadigd.<\/p>\n\n\n\n<p class=\"ls-paragraph\">Toch blijft de Proven\u00e7aalse Romaanse gevel over, versierd met delicate beeldhouwwerken, gemaakt door de beste ateliers van die tijd.<\/p>\n\n\n\n<p class=\"ls-paragraph\">De crypte herbergt de sarcofaag van Sint Gilles en het beroemde Vis de Saint Gilles, een zeldzame wenteltrap.<\/p>\n<\/div>\n\n\n\n<div class=\"wp-block-column animated fadeInRight delay-100ms slow is-layout-flow wp-block-column-is-layout-flow\" style=\"flex-basis:66.66%\">\n<figure class=\"wp-block-image size-full\"><img loading=\"lazy\" decoding=\"async\" width=\"900\" height=\"600\" src=\"https:\/\/www.camping-levaldelarre.com\/wp-content\/uploads\/2022\/11\/tourisme-gard-abbaye.jpg\" alt=\"tourisme gard abbaye\" class=\"wp-image-1453\" srcset=\"https:\/\/www.camping-levaldelarre.com\/wp-content\/uploads\/2022\/11\/tourisme-gard-abbaye.jpg 900w, https:\/\/www.camping-levaldelarre.com\/wp-content\/uploads\/2022\/11\/tourisme-gard-abbaye-300x200.jpg 300w, https:\/\/www.camping-levaldelarre.com\/wp-content\/uploads\/2022\/11\/tourisme-gard-abbaye-768x512.jpg 768w\" sizes=\"auto, (max-width: 900px) 100vw, 900px\" \/><\/figure>\n<\/div>\n<\/div>\n\n\r\n    <\/div>\r\n<\/section>\n\n\n<div class=\"wp-block-columns is-layout-flex wp-container-core-columns-is-layout-9d6595d7 wp-block-columns-is-layout-flex\">\n<div class=\"wp-block-column is-layout-flow wp-block-column-is-layout-flow\" style=\"flex-basis:100%\"><section id=\"ls-section-block_b397fc55b69bc0af241e154c0c1d4abe\" class=\"ls-section  page-four has-background-image has-parallax has-m-t m-t-0 has-m-b m-b-10 has-p-t p-t-20 has-p-b p-b-5\" >\r\n    <div class=\"ls-section__background-image opacity-100\"><img decoding=\"async\" src=\"https:\/\/www.camping-levaldelarre.com\/wp-content\/uploads\/2022\/11\/visiter-gard.jpg\" alt=\"visiter gard\"><\/div>    <div class=\"container container--small\">\r\n        \n\n<h2 class=\"ls__heading has-text-align-center has-color-2-color has-text-color wp-block-heading\">Te bezoeken dorpen in de Gard<\/h2>\n\n\n\n<p class=\"ls-paragraph\">Tot de niet te missen toeristische attracties in de Gard behoren een aantal authentieke en pittoreske dorpjes waar het aangenaam slenteren is in de smalle straatjes. Verschillende plaatsen zijn geklasseerd als een van de Mooiste Dorpen van Frankrijk, zoals het fort van Aigu\u00e8ze, het middeleeuwse dorp Montclus, La Roque-sur-C\u00e8ze en Lussan.<\/p>\n\n\n\n<p class=\"ls-paragraph\">Andere karaktervolle dorpen mag u niet missen, zoals de renaissancestad Barjac en de middeleeuwse stad V\u00e9z\u00e9nobres. De steden van Kunst en Geschiedenis van N\u00eemes, Uz\u00e8s en Beaucaire zijn ook vol met belangrijke toeristische plaatsen in de Gard, musea en opmerkelijke monumenten.<\/p>\n\n\r\n    <\/div>\r\n<\/section><\/div>\n<\/div>\n\n\n<section id=\"ls-section-block_47f5024967928bf04b8d8a5dc4438815\" class=\"ls-section  home-fourth m-t-0 page-two p-t-10 has-background has-color-3-background-color has-m-b m-b-0 has-p-t p-t-15 has-p-b p-b-15\" >\r\n        <div class=\"container container--wide\">\r\n        \n\n<div class=\"wp-block-columns is-layout-flex wp-container-core-columns-is-layout-9d6595d7 wp-block-columns-is-layout-flex\">\n<div class=\"wp-block-column animated fadeInLeft slow is-layout-flow wp-block-column-is-layout-flow\" style=\"flex-basis:66.66%\">\n<figure class=\"wp-block-image size-full\"><img loading=\"lazy\" decoding=\"async\" width=\"900\" height=\"600\" src=\"https:\/\/www.camping-levaldelarre.com\/wp-content\/uploads\/2022\/11\/tourisme-activita-gard.jpg\" alt=\"tourisme activite gard\" class=\"wp-image-1448\" srcset=\"https:\/\/www.camping-levaldelarre.com\/wp-content\/uploads\/2022\/11\/tourisme-activita-gard.jpg 900w, https:\/\/www.camping-levaldelarre.com\/wp-content\/uploads\/2022\/11\/tourisme-activita-gard-300x200.jpg 300w, https:\/\/www.camping-levaldelarre.com\/wp-content\/uploads\/2022\/11\/tourisme-activita-gard-768x512.jpg 768w\" sizes=\"auto, (max-width: 900px) 100vw, 900px\" \/><\/figure>\n<\/div>\n\n\n\n<div class=\"wp-block-column is-vertically-aligned-center animated fadeInRight delay-200ms slow is-layout-flow wp-block-column-is-layout-flow\" style=\"flex-basis:33.33%\">\n<h2 class=\"ls__heading has-color-2-color has-text-color wp-block-heading\">Ontdek de activiteiten in de Gard<\/h2>\n\n\n\n<p class=\"ls-paragraph\">Het toerisme in de Gard heeft de bijzonderheid dat het een grote verscheidenheid aan activiteiten en vrijetijdsbesteding biedt.<\/p>\n\n\n\n<p class=\"ls-paragraph\">De <a href=\"\/nl\/\">camping in Le Vigan<\/a> ligt op slechts 1u15 van de Middellandse Zee, zijn stranden en havens.<\/p>\n\n\n\n<p class=\"ls-paragraph\">U kunt originele uitstapjes maken, zoals een bezoek aan de grot van Demoiselles of het observatorium van Aigoual, maar ook genieten van talrijke buitenactiviteiten: wandelen in het keteldal van Navacelles, watersporten in de kloven van de H\u00e9rault, paardrijden in de Camargue, kano\u00ebn en canyoning rond de Pont du Gard, of speleologie in de afgrond van Bramabiau.<\/p>\n\n\n\n<p class=\"ls-paragraph\">Voor uw winkelwensen kunt u terecht in de stadscentra van N\u00eemes of Montpellier.<\/p>\n<\/div>\n<\/div>\n\n\r\n    <\/div>\r\n<\/section>\n\n<section id=\"ls-section-block_10ee37d7c20bc856184dc587a9db1de0\" class=\"ls-section  home-third m-t-0 page-five has-m-t m-t-0\" >\r\n        <div class=\"container container--wide\">\r\n        \n\n<div id=\"ls-heading ls-titre-div-block_aa1eb3b9f780d033d3befd6a31119321\" class=\"ls-titre-div aligncenter h2-like has-text-color has-color-2-color\" >\n    Meer informatie over de tarieven, activiteiten en wandelingen op de camping<\/div>\n\n\n<div id=\"ls-maillage-block_21bf3f8a1bfa9f23aec88ef25539cbca\" class=\"ls-maillage cta-style-normal\" data-rows=\"3\">\r\n    <div class=\"wp-block-columns\"><div class=\"wp-block-column\"><div class=\"ls-cta\">\n\n<a href=\"https:\/\/www.camping-levaldelarre.com\/nl\/camping-animaties-vigan\/\" target=\"\" rel=\"noopener\" class=\"ls-cta__link\">\n\n\t<div class=\"ls-cta__image\"><img decoding=\"async\" src=\"https:\/\/www.camping-levaldelarre.com\/wp-content\/uploads\/2022\/11\/camping-activite-gard.jpg\" alt=\"camping activite gard\"><\/div>\n\t<div class=\"ls-cta__title\">\n\t\tOnze evenementen\t<\/div>\n\n\t\n\t<span class=\"val-de-l-arre-fleche\"><\/span>\n\t\n<\/a><\/div><\/div><div class=\"wp-block-column\"><div class=\"ls-cta\">\n\n<a href=\"https:\/\/www.camping-levaldelarre.com\/nl\/camping-wandelingen-vigan\/\" target=\"\" rel=\"noopener\" class=\"ls-cta__link\">\n\n\t<div class=\"ls-cta__image\"><img decoding=\"async\" src=\"https:\/\/www.camping-levaldelarre.com\/wp-content\/uploads\/2022\/11\/camping-randonnees-famille-vigan.jpg\" alt=\"camping randonn\u00e9es famille\"><\/div>\n\t<div class=\"ls-cta__title\">\n\t\tDe wandelingen\t<\/div>\n\n\t\n\t<span class=\"val-de-l-arre-fleche\"><\/span>\n\t\n<\/a><\/div><\/div><div class=\"wp-block-column\"><div class=\"ls-cta\">\n\n<a href=\"https:\/\/www.camping-levaldelarre.com\/nl\/goedkope-camping-vigan\/\" target=\"\" rel=\"noopener\" class=\"ls-cta__link\">\n\n\t<div class=\"ls-cta__image\"><img decoding=\"async\" src=\"https:\/\/www.camping-levaldelarre.com\/wp-content\/uploads\/2022\/11\/camping-petit-prix-vigan.jpg\" alt=\"camping petit prix vigan\"><\/div>\n\t<div class=\"ls-cta__title\">\n\t\tKeine Tarife\t<\/div>\n\n\t\n\t<span class=\"val-de-l-arre-fleche\"><\/span>\n\t\n<\/a><\/div><\/div><\/div><\/div>\n\r\n    <\/div>\r\n<\/section>","protected":false},"excerpt":{"rendered":"","protected":false},"author":1,"featured_media":1434,"parent":0,"menu_order":0,"comment_status":"closed","ping_status":"closed","template":"","meta":{"_acf_changed":false,"footnotes":""},"sujet":[],"class_list":["post-2255","page","type-page","status-publish","has-post-thumbnail","hentry"],"acf":[],"yoast_head":"<!-- This site is optimized with the Yoast SEO plugin v25.3 - https:\/\/yoast.com\/wordpress\/plugins\/seo\/ -->\n<title>Toerisme in de Gard | Bezoeken en activiteiten voor Gard<\/title>\n<meta name=\"robots\" content=\"index, follow, max-snippet:-1, max-image-preview:large, max-video-preview:-1\" \/>\n<link rel=\"canonical\" href=\"https:\/\/www.camping-levaldelarre.com\/nl\/toerisme-gard\/\" \/>\n<meta property=\"og:locale\" content=\"nl_NL\" \/>\n<meta property=\"og:type\" content=\"article\" \/>\n<meta property=\"og:title\" content=\"Toerisme in de Gard | Bezoeken en activiteiten voor Gard\" \/>\n<meta property=\"og:url\" content=\"https:\/\/www.camping-levaldelarre.com\/nl\/toerisme-gard\/\" \/>\n<meta property=\"og:site_name\" content=\"Le Val de l&#039;Arre\" \/>\n<meta property=\"article:modified_time\" content=\"2022-11-28T15:47:43+00:00\" \/>\n<meta property=\"og:image\" content=\"https:\/\/www.camping-levaldelarre.com\/wp-content\/uploads\/2022\/11\/tourisme-gard.jpg\" \/>\n\t<meta property=\"og:image:width\" content=\"1900\" \/>\n\t<meta property=\"og:image:height\" content=\"600\" \/>\n\t<meta property=\"og:image:type\" content=\"image\/jpeg\" \/>\n<meta name=\"twitter:card\" content=\"summary_large_image\" \/>\n<meta name=\"twitter:label1\" content=\"Geschatte leestijd\" \/>\n\t<meta name=\"twitter:data1\" content=\"5 minuten\" \/>\n<script type=\"application\/ld+json\" class=\"yoast-schema-graph\">{\"@context\":\"https:\/\/schema.org\",\"@graph\":[{\"@type\":\"WebPage\",\"@id\":\"https:\/\/www.camping-levaldelarre.com\/nl\/toerisme-gard\/\",\"url\":\"https:\/\/www.camping-levaldelarre.com\/nl\/toerisme-gard\/\",\"name\":\"Toerisme in de Gard | Bezoeken en activiteiten voor Gard\",\"isPartOf\":{\"@id\":\"https:\/\/www.camping-levaldelarre.com\/#website\"},\"primaryImageOfPage\":{\"@id\":\"https:\/\/www.camping-levaldelarre.com\/nl\/toerisme-gard\/#primaryimage\"},\"image\":{\"@id\":\"https:\/\/www.camping-levaldelarre.com\/nl\/toerisme-gard\/#primaryimage\"},\"thumbnailUrl\":\"https:\/\/www.camping-levaldelarre.com\/wp-content\/uploads\/2022\/11\/tourisme-gard.jpg\",\"datePublished\":\"2022-09-27T12:35:29+00:00\",\"dateModified\":\"2022-11-28T15:47:43+00:00\",\"breadcrumb\":{\"@id\":\"https:\/\/www.camping-levaldelarre.com\/nl\/toerisme-gard\/#breadcrumb\"},\"inLanguage\":\"nl-NL\",\"potentialAction\":[{\"@type\":\"ReadAction\",\"target\":[\"https:\/\/www.camping-levaldelarre.com\/nl\/toerisme-gard\/\"]}]},{\"@type\":\"ImageObject\",\"inLanguage\":\"nl-NL\",\"@id\":\"https:\/\/www.camping-levaldelarre.com\/nl\/toerisme-gard\/#primaryimage\",\"url\":\"https:\/\/www.camping-levaldelarre.com\/wp-content\/uploads\/2022\/11\/tourisme-gard.jpg\",\"contentUrl\":\"https:\/\/www.camping-levaldelarre.com\/wp-content\/uploads\/2022\/11\/tourisme-gard.jpg\",\"width\":1900,\"height\":600,\"caption\":\"tourisme gard\"},{\"@type\":\"BreadcrumbList\",\"@id\":\"https:\/\/www.camping-levaldelarre.com\/nl\/toerisme-gard\/#breadcrumb\",\"itemListElement\":[{\"@type\":\"ListItem\",\"position\":1,\"name\":\"Camping Gard\",\"item\":\"https:\/\/www.camping-levaldelarre.com\/nl\/\"},{\"@type\":\"ListItem\",\"position\":2,\"name\":\"Bezoek de Gard\"}]},{\"@type\":\"WebSite\",\"@id\":\"https:\/\/www.camping-levaldelarre.com\/#website\",\"url\":\"https:\/\/www.camping-levaldelarre.com\/\",\"name\":\"Le Val de l&#039;Arre\",\"description\":\"\",\"publisher\":{\"@id\":\"https:\/\/www.camping-levaldelarre.com\/#organization\"},\"potentialAction\":[{\"@type\":\"SearchAction\",\"target\":{\"@type\":\"EntryPoint\",\"urlTemplate\":\"https:\/\/www.camping-levaldelarre.com\/?s={search_term_string}\"},\"query-input\":{\"@type\":\"PropertyValueSpecification\",\"valueRequired\":true,\"valueName\":\"search_term_string\"}}],\"inLanguage\":\"nl-NL\"},{\"@type\":\"Organization\",\"@id\":\"https:\/\/www.camping-levaldelarre.com\/#organization\",\"name\":\"Le Val de l&#039;Arre\",\"url\":\"https:\/\/www.camping-levaldelarre.com\/\",\"logo\":{\"@type\":\"ImageObject\",\"inLanguage\":\"nl-NL\",\"@id\":\"https:\/\/www.camping-levaldelarre.com\/#\/schema\/logo\/image\/\",\"url\":\"https:\/\/www.camping-levaldelarre.com\/wp-content\/uploads\/2022\/10\/logo-le-val-de-l-arre.jpg\",\"contentUrl\":\"https:\/\/www.camping-levaldelarre.com\/wp-content\/uploads\/2022\/10\/logo-le-val-de-l-arre.jpg\",\"width\":370,\"height\":180,\"caption\":\"Le Val de l&#039;Arre\"},\"image\":{\"@id\":\"https:\/\/www.camping-levaldelarre.com\/#\/schema\/logo\/image\/\"}}]}<\/script>\n<!-- \/ Yoast SEO plugin. -->","yoast_head_json":{"title":"Toerisme in de Gard | Bezoeken en activiteiten voor Gard","robots":{"index":"index","follow":"follow","max-snippet":"max-snippet:-1","max-image-preview":"max-image-preview:large","max-video-preview":"max-video-preview:-1"},"canonical":"https:\/\/www.camping-levaldelarre.com\/nl\/toerisme-gard\/","og_locale":"nl_NL","og_type":"article","og_title":"Toerisme in de Gard | Bezoeken en activiteiten voor Gard","og_url":"https:\/\/www.camping-levaldelarre.com\/nl\/toerisme-gard\/","og_site_name":"Le Val de l&#039;Arre","article_modified_time":"2022-11-28T15:47:43+00:00","og_image":[{"width":1900,"height":600,"url":"https:\/\/www.camping-levaldelarre.com\/wp-content\/uploads\/2022\/11\/tourisme-gard.jpg","type":"image\/jpeg"}],"twitter_card":"summary_large_image","twitter_misc":{"Geschatte leestijd":"5 minuten"},"schema":{"@context":"https:\/\/schema.org","@graph":[{"@type":"WebPage","@id":"https:\/\/www.camping-levaldelarre.com\/nl\/toerisme-gard\/","url":"https:\/\/www.camping-levaldelarre.com\/nl\/toerisme-gard\/","name":"Toerisme in de Gard | Bezoeken en activiteiten voor Gard","isPartOf":{"@id":"https:\/\/www.camping-levaldelarre.com\/#website"},"primaryImageOfPage":{"@id":"https:\/\/www.camping-levaldelarre.com\/nl\/toerisme-gard\/#primaryimage"},"image":{"@id":"https:\/\/www.camping-levaldelarre.com\/nl\/toerisme-gard\/#primaryimage"},"thumbnailUrl":"https:\/\/www.camping-levaldelarre.com\/wp-content\/uploads\/2022\/11\/tourisme-gard.jpg","datePublished":"2022-09-27T12:35:29+00:00","dateModified":"2022-11-28T15:47:43+00:00","breadcrumb":{"@id":"https:\/\/www.camping-levaldelarre.com\/nl\/toerisme-gard\/#breadcrumb"},"inLanguage":"nl-NL","potentialAction":[{"@type":"ReadAction","target":["https:\/\/www.camping-levaldelarre.com\/nl\/toerisme-gard\/"]}]},{"@type":"ImageObject","inLanguage":"nl-NL","@id":"https:\/\/www.camping-levaldelarre.com\/nl\/toerisme-gard\/#primaryimage","url":"https:\/\/www.camping-levaldelarre.com\/wp-content\/uploads\/2022\/11\/tourisme-gard.jpg","contentUrl":"https:\/\/www.camping-levaldelarre.com\/wp-content\/uploads\/2022\/11\/tourisme-gard.jpg","width":1900,"height":600,"caption":"tourisme gard"},{"@type":"BreadcrumbList","@id":"https:\/\/www.camping-levaldelarre.com\/nl\/toerisme-gard\/#breadcrumb","itemListElement":[{"@type":"ListItem","position":1,"name":"Camping Gard","item":"https:\/\/www.camping-levaldelarre.com\/nl\/"},{"@type":"ListItem","position":2,"name":"Bezoek de Gard"}]},{"@type":"WebSite","@id":"https:\/\/www.camping-levaldelarre.com\/#website","url":"https:\/\/www.camping-levaldelarre.com\/","name":"Le Val de l&#039;Arre","description":"","publisher":{"@id":"https:\/\/www.camping-levaldelarre.com\/#organization"},"potentialAction":[{"@type":"SearchAction","target":{"@type":"EntryPoint","urlTemplate":"https:\/\/www.camping-levaldelarre.com\/?s={search_term_string}"},"query-input":{"@type":"PropertyValueSpecification","valueRequired":true,"valueName":"search_term_string"}}],"inLanguage":"nl-NL"},{"@type":"Organization","@id":"https:\/\/www.camping-levaldelarre.com\/#organization","name":"Le Val de l&#039;Arre","url":"https:\/\/www.camping-levaldelarre.com\/","logo":{"@type":"ImageObject","inLanguage":"nl-NL","@id":"https:\/\/www.camping-levaldelarre.com\/#\/schema\/logo\/image\/","url":"https:\/\/www.camping-levaldelarre.com\/wp-content\/uploads\/2022\/10\/logo-le-val-de-l-arre.jpg","contentUrl":"https:\/\/www.camping-levaldelarre.com\/wp-content\/uploads\/2022\/10\/logo-le-val-de-l-arre.jpg","width":370,"height":180,"caption":"Le Val de l&#039;Arre"},"image":{"@id":"https:\/\/www.camping-levaldelarre.com\/#\/schema\/logo\/image\/"}}]}},"_links":{"self":[{"href":"https:\/\/www.camping-levaldelarre.com\/nl\/wp-json\/wp\/v2\/pages\/2255","targetHints":{"allow":["GET"]}}],"collection":[{"href":"https:\/\/www.camping-levaldelarre.com\/nl\/wp-json\/wp\/v2\/pages"}],"about":[{"href":"https:\/\/www.camping-levaldelarre.com\/nl\/wp-json\/wp\/v2\/types\/page"}],"author":[{"embeddable":true,"href":"https:\/\/www.camping-levaldelarre.com\/nl\/wp-json\/wp\/v2\/users\/1"}],"replies":[{"embeddable":true,"href":"https:\/\/www.camping-levaldelarre.com\/nl\/wp-json\/wp\/v2\/comments?post=2255"}],"version-history":[{"count":2,"href":"https:\/\/www.camping-levaldelarre.com\/nl\/wp-json\/wp\/v2\/pages\/2255\/revisions"}],"predecessor-version":[{"id":2470,"href":"https:\/\/www.camping-levaldelarre.com\/nl\/wp-json\/wp\/v2\/pages\/2255\/revisions\/2470"}],"wp:featuredmedia":[{"embeddable":true,"href":"https:\/\/www.camping-levaldelarre.com\/nl\/wp-json\/wp\/v2\/media\/1434"}],"wp:attachment":[{"href":"https:\/\/www.camping-levaldelarre.com\/nl\/wp-json\/wp\/v2\/media?parent=2255"}],"wp:term":[{"taxonomy":"sujet","embeddable":true,"href":"https:\/\/www.camping-levaldelarre.com\/nl\/wp-json\/wp\/v2\/sujet?post=2255"}],"curies":[{"name":"wp","href":"https:\/\/api.w.org\/{rel}","templated":true}]}}