{"id":2347,"date":"2022-11-09T16:10:53","date_gmt":"2022-11-09T15:10:53","guid":{"rendered":"https:\/\/www.camping-levaldelarre.com\/mentions-legales\/"},"modified":"2022-11-23T15:26:24","modified_gmt":"2022-11-23T14:26:24","slug":"legal-information","status":"publish","type":"page","link":"https:\/\/www.camping-levaldelarre.com\/en\/legal-information\/","title":{"rendered":"Mentions l\u00e9gales"},"content":{"rendered":"<section id=\"ls-section-block_c016499286aa0476f3f062f5846cb969\" class=\"ls-section \" >\r\n        <div class=\"container container--wide\">\r\n        \n\n<h1 class=\"ls-heading wp-block-heading\">Legal Notice<\/h1>\n\n\n\n<h2 class=\"ls-heading wp-block-heading\">Editor of the site<\/h2>\n\n\n\n<p class=\"ls-paragraph\">Identity : CAMPING Le Val de l&#8217;Arre<br>Address : Route du Pont de la croix 30120 Le Vigan<br>T\u00e9l : +33 (0)4 67 81 02 77<br>Email : <strong>valdelarre@wanadoo.fr<\/strong><br>Siret : 35267233100019<br>Intra-community VAT number : FR78352672331<\/p>\n\n\n\n<h2 class=\"ls-heading wp-block-heading\">R\u00e9alisation<\/h2>\n\n\n\n<p class=\"ls-paragraph\">GEEK TONIC<br>Represented by Mr. Yohan Darmayan in his capacity as Manager<br>Head office : 1 ALL PIERRE GEORGES LATECOERE 64200 BIARRITZ<br>T\u00e9l : 05 32 74 11 52<br>E-mail : info@geek-tonic.com<br>Website :\u00a0<a href=\"https:\/\/www.geek-tonic.com\/\">www.geek-tonic.com<\/a><br>SIRET : 89746755100015<br>APE : 6201Z<\/p>\n\n\n\n<h2 class=\"ls-heading wp-block-heading\">Authors&#8217; rights and copyrights<\/h2>\n\n\n\n<p class=\"ls-paragraph\">The entire content of this site is subject to copyright and intellectual property of the French legislation. Any reproduction (including photos, icons and downloadable documents) is prohibited without prior consent of GEEK TONIC. The reproduction on an electronic medium of all or part of the site on a paper or electronic format is prohibited. GEEK TONIC is not responsible for the content of the website. GEEK TONIC also declines any responsibility for external links pointing to the present site.<\/p>\n\n\n\n<h2 class=\"ls-heading wp-block-heading\">Personal data and nominative information<\/h2>\n\n\n\n<p class=\"ls-paragraph\">You have a right to access, modify, rectify and delete data concerning you according to Article 34 of the Law &#8220;Informatique et Libert\u00e9s&#8221; No. 78-17 of January 6, 1978, amended on August 6, 2018. To deploy this right of access, you can do so by simple written request to the site editor.<\/p>\n\n\n\n<h2 class=\"ls-heading wp-block-heading\">Legislation<\/h2>\n\n\n\n<p class=\"ls-paragraph\">Selon la loi du 11 mars 1957 (art. 41) et du code de la propri\u00e9t\u00e9 intellectuelle du 1er juillet 1992, Il est interdire de reproduire partiellement ou totalement une partie quel qu\u2019elle soit du site sans autorisation pr\u00e9alable de l\u2019\u00e9diteur du site. Les logos, visuels, photos, vid\u00e9os, chartes graphiques, textes sont la propri\u00e9t\u00e9 de leur d\u00e9tenteur respectif. Ce site peut, \u00e0 son insu, avoir \u00e9t\u00e9 reli\u00e9 \u00e0 d\u2019autres sites par le biais de liens hyperm\u00e9dia. L\u2019\u00e9diteur du site d\u00e9cline toute responsabilit\u00e9 pour les informations pr\u00e9sent\u00e9es sur ces autres sites. L\u2019internaute reconna\u00eet que l\u2019utilisation de ce site est r\u00e9gi par le droit fran\u00e7ais.<\/p>\n\n\r\n    <\/div>\r\n<\/section>","protected":false},"excerpt":{"rendered":"","protected":false},"author":1,"featured_media":0,"parent":0,"menu_order":0,"comment_status":"closed","ping_status":"closed","template":"","meta":{"_acf_changed":false,"footnotes":""},"sujet":[],"class_list":["post-2347","page","type-page","status-publish","hentry"],"acf":[],"yoast_head":"<!-- This site is optimized with the Yoast SEO plugin v25.3 - https:\/\/yoast.com\/wordpress\/plugins\/seo\/ -->\n<title>Legal information - Val de Larre<\/title>\n<meta name=\"robots\" content=\"noindex, nofollow\" \/>\n<meta property=\"og:locale\" content=\"en_US\" \/>\n<meta property=\"og:type\" content=\"article\" \/>\n<meta property=\"og:title\" content=\"Legal information - Val de Larre\" \/>\n<meta property=\"og:url\" content=\"https:\/\/www.camping-levaldelarre.com\/en\/legal-information\/\" \/>\n<meta property=\"og:site_name\" content=\"Le Val de l&#039;Arre\" \/>\n<meta property=\"article:modified_time\" content=\"2022-11-23T14:26:24+00:00\" \/>\n<meta name=\"twitter:card\" content=\"summary_large_image\" \/>\n<meta name=\"twitter:label1\" content=\"Est. reading time\" \/>\n\t<meta name=\"twitter:data1\" content=\"2 minutes\" \/>\n<script type=\"application\/ld+json\" class=\"yoast-schema-graph\">{\"@context\":\"https:\/\/schema.org\",\"@graph\":[{\"@type\":\"WebPage\",\"@id\":\"https:\/\/www.camping-levaldelarre.com\/en\/legal-information\/\",\"url\":\"https:\/\/www.camping-levaldelarre.com\/en\/legal-information\/\",\"name\":\"Legal information - Val de Larre\",\"isPartOf\":{\"@id\":\"https:\/\/www.camping-levaldelarre.com\/#website\"},\"datePublished\":\"2022-11-09T15:10:53+00:00\",\"dateModified\":\"2022-11-23T14:26:24+00:00\",\"breadcrumb\":{\"@id\":\"https:\/\/www.camping-levaldelarre.com\/en\/legal-information\/#breadcrumb\"},\"inLanguage\":\"en-US\",\"potentialAction\":[{\"@type\":\"ReadAction\",\"target\":[\"https:\/\/www.camping-levaldelarre.com\/en\/legal-information\/\"]}]},{\"@type\":\"BreadcrumbList\",\"@id\":\"https:\/\/www.camping-levaldelarre.com\/en\/legal-information\/#breadcrumb\",\"itemListElement\":[{\"@type\":\"ListItem\",\"position\":1,\"name\":\"Camping Gard\",\"item\":\"https:\/\/www.camping-levaldelarre.com\/en\/\"},{\"@type\":\"ListItem\",\"position\":2,\"name\":\"Mentions l\u00e9gales\"}]},{\"@type\":\"WebSite\",\"@id\":\"https:\/\/www.camping-levaldelarre.com\/#website\",\"url\":\"https:\/\/www.camping-levaldelarre.com\/\",\"name\":\"Le Val de l&#039;Arre\",\"description\":\"\",\"publisher\":{\"@id\":\"https:\/\/www.camping-levaldelarre.com\/#organization\"},\"potentialAction\":[{\"@type\":\"SearchAction\",\"target\":{\"@type\":\"EntryPoint\",\"urlTemplate\":\"https:\/\/www.camping-levaldelarre.com\/?s={search_term_string}\"},\"query-input\":{\"@type\":\"PropertyValueSpecification\",\"valueRequired\":true,\"valueName\":\"search_term_string\"}}],\"inLanguage\":\"en-US\"},{\"@type\":\"Organization\",\"@id\":\"https:\/\/www.camping-levaldelarre.com\/#organization\",\"name\":\"Le Val de l&#039;Arre\",\"url\":\"https:\/\/www.camping-levaldelarre.com\/\",\"logo\":{\"@type\":\"ImageObject\",\"inLanguage\":\"en-US\",\"@id\":\"https:\/\/www.camping-levaldelarre.com\/#\/schema\/logo\/image\/\",\"url\":\"https:\/\/www.camping-levaldelarre.com\/wp-content\/uploads\/2022\/10\/logo-le-val-de-l-arre.jpg\",\"contentUrl\":\"https:\/\/www.camping-levaldelarre.com\/wp-content\/uploads\/2022\/10\/logo-le-val-de-l-arre.jpg\",\"width\":370,\"height\":180,\"caption\":\"Le Val de l&#039;Arre\"},\"image\":{\"@id\":\"https:\/\/www.camping-levaldelarre.com\/#\/schema\/logo\/image\/\"}}]}<\/script>\n<!-- \/ Yoast SEO plugin. -->","yoast_head_json":{"title":"Legal information - Val de Larre","robots":{"index":"noindex","follow":"nofollow"},"og_locale":"en_US","og_type":"article","og_title":"Legal information - Val de Larre","og_url":"https:\/\/www.camping-levaldelarre.com\/en\/legal-information\/","og_site_name":"Le Val de l&#039;Arre","article_modified_time":"2022-11-23T14:26:24+00:00","twitter_card":"summary_large_image","twitter_misc":{"Est. reading time":"2 minutes"},"schema":{"@context":"https:\/\/schema.org","@graph":[{"@type":"WebPage","@id":"https:\/\/www.camping-levaldelarre.com\/en\/legal-information\/","url":"https:\/\/www.camping-levaldelarre.com\/en\/legal-information\/","name":"Legal information - Val de Larre","isPartOf":{"@id":"https:\/\/www.camping-levaldelarre.com\/#website"},"datePublished":"2022-11-09T15:10:53+00:00","dateModified":"2022-11-23T14:26:24+00:00","breadcrumb":{"@id":"https:\/\/www.camping-levaldelarre.com\/en\/legal-information\/#breadcrumb"},"inLanguage":"en-US","potentialAction":[{"@type":"ReadAction","target":["https:\/\/www.camping-levaldelarre.com\/en\/legal-information\/"]}]},{"@type":"BreadcrumbList","@id":"https:\/\/www.camping-levaldelarre.com\/en\/legal-information\/#breadcrumb","itemListElement":[{"@type":"ListItem","position":1,"name":"Camping Gard","item":"https:\/\/www.camping-levaldelarre.com\/en\/"},{"@type":"ListItem","position":2,"name":"Mentions l\u00e9gales"}]},{"@type":"WebSite","@id":"https:\/\/www.camping-levaldelarre.com\/#website","url":"https:\/\/www.camping-levaldelarre.com\/","name":"Le Val de l&#039;Arre","description":"","publisher":{"@id":"https:\/\/www.camping-levaldelarre.com\/#organization"},"potentialAction":[{"@type":"SearchAction","target":{"@type":"EntryPoint","urlTemplate":"https:\/\/www.camping-levaldelarre.com\/?s={search_term_string}"},"query-input":{"@type":"PropertyValueSpecification","valueRequired":true,"valueName":"search_term_string"}}],"inLanguage":"en-US"},{"@type":"Organization","@id":"https:\/\/www.camping-levaldelarre.com\/#organization","name":"Le Val de l&#039;Arre","url":"https:\/\/www.camping-levaldelarre.com\/","logo":{"@type":"ImageObject","inLanguage":"en-US","@id":"https:\/\/www.camping-levaldelarre.com\/#\/schema\/logo\/image\/","url":"https:\/\/www.camping-levaldelarre.com\/wp-content\/uploads\/2022\/10\/logo-le-val-de-l-arre.jpg","contentUrl":"https:\/\/www.camping-levaldelarre.com\/wp-content\/uploads\/2022\/10\/logo-le-val-de-l-arre.jpg","width":370,"height":180,"caption":"Le Val de l&#039;Arre"},"image":{"@id":"https:\/\/www.camping-levaldelarre.com\/#\/schema\/logo\/image\/"}}]}},"_links":{"self":[{"href":"https:\/\/www.camping-levaldelarre.com\/en\/wp-json\/wp\/v2\/pages\/2347","targetHints":{"allow":["GET"]}}],"collection":[{"href":"https:\/\/www.camping-levaldelarre.com\/en\/wp-json\/wp\/v2\/pages"}],"about":[{"href":"https:\/\/www.camping-levaldelarre.com\/en\/wp-json\/wp\/v2\/types\/page"}],"author":[{"embeddable":true,"href":"https:\/\/www.camping-levaldelarre.com\/en\/wp-json\/wp\/v2\/users\/1"}],"replies":[{"embeddable":true,"href":"https:\/\/www.camping-levaldelarre.com\/en\/wp-json\/wp\/v2\/comments?post=2347"}],"version-history":[{"count":1,"href":"https:\/\/www.camping-levaldelarre.com\/en\/wp-json\/wp\/v2\/pages\/2347\/revisions"}],"predecessor-version":[{"id":2350,"href":"https:\/\/www.camping-levaldelarre.com\/en\/wp-json\/wp\/v2\/pages\/2347\/revisions\/2350"}],"wp:attachment":[{"href":"https:\/\/www.camping-levaldelarre.com\/en\/wp-json\/wp\/v2\/media?parent=2347"}],"wp:term":[{"taxonomy":"sujet","embeddable":true,"href":"https:\/\/www.camping-levaldelarre.com\/en\/wp-json\/wp\/v2\/sujet?post=2347"}],"curies":[{"name":"wp","href":"https:\/\/api.w.org\/{rel}","templated":true}]}}