{"id":2279,"date":"2022-09-27T14:34:28","date_gmt":"2022-09-27T12:34:28","guid":{"rendered":"https:\/\/www.camping-levaldelarre.com\/location-mobil-home-vigan\/"},"modified":"2022-11-28T14:28:07","modified_gmt":"2022-11-28T13:28:07","slug":"rental-mobil-home-vigan","status":"publish","type":"page","link":"https:\/\/www.camping-levaldelarre.com\/en\/rental-mobil-home-vigan\/","title":{"rendered":"Mobil-home"},"content":{"rendered":"<section id=\"ls-section-block_f3de878750651582eacfb0e3df97f031\" class=\"ls-section  m-t-0 m-b-0 p-b-0\" >\r\n        <div class=\"container container--wide\">\r\n        \n\n<h1 class=\"ls__heading has-text-align-center p-b-2 has-color-1-color has-text-color wp-block-heading\">YOUR STAY IN THE GARD IN OUR COMFORTABLE MOBILE HOMES<\/h1>\n\n\n\n<div id=\"ls-hebergements-block_781a497a455370c50caf83a53af6ca1f\" class=\"ls-hebergements\" >\n    \n    <div class=\"ls-customizer\">\n\n    <div class=\"ls-customizer__filters\">\n        <div class=\"ls-customizer__filters__close\">\n            <i class=\"fas fa-times\"><\/i>\n        <\/div>\n\n        <div class=\"ls-customizer__filters__title\">\n            <b>Filters<\/b>\n            <span class=\"ls-customizer__filters__clear\"><i class=\"fas fa-times\"><\/i> Delete filters<\/span>\n        <\/div>\n\n                \n        <!-- Filtres ACF fields -->\n        \n                                <!-- Filtre nombre_de_personnes -->\n                        <div class=\"filter\" id=\"filter-nombre_de_personnes\">\n                <div class=\"filter__title\">Maximum capacity<i class=\"fas fa-angle-down\"><\/i><\/div>\n                <fieldset data-filter=\"nombre_de_personnes\" data-operator=\"<=\" class=\"input\">\n                    \n                    <div><input type=\"radio\" name=\"nombre_de_personnes\" id=\"nombre_de_personnes-all\"  class=\"checkbox\" \/><label for='nombre_de_personnes-all'>Tous<\/label><\/div><div><input type=\"radio\" name=\"nombre_de_personnes\" id=\"nombre_de_personnes-2\" value=\"2\" class=\"checkbox\"  \/><label for='nombre_de_personnes-2'>Up to 2 pers.<\/label><\/div><div><input type=\"radio\" name=\"nombre_de_personnes\" id=\"nombre_de_personnes-4\" value=\"4\" class=\"checkbox\"  \/><label for='nombre_de_personnes-4'>Up to 4 pers.<\/label><\/div><div><input type=\"radio\" name=\"nombre_de_personnes\" id=\"nombre_de_personnes-6\" value=\"6\" class=\"checkbox\"  \/><label for='nombre_de_personnes-6'>Up to 6 pers.<\/label><\/div>                <\/fieldset>\n            <\/div>\n                                <!-- Filtre nombre_de_chambres -->\n                        <div class=\"filter\" id=\"filter-nombre_de_chambres\">\n                <div class=\"filter__title\">Number of rooms<i class=\"fas fa-angle-down\"><\/i><\/div>\n                <fieldset data-filter=\"nombre_de_chambres\" data-operator=\"==\" class=\"input\">\n                    \n                    <div><input type=\"radio\" name=\"nombre_de_chambres\" id=\"nombre_de_chambres-all\"  class=\"checkbox\" \/><label for='nombre_de_chambres-all'>Tous<\/label><\/div><div><input type=\"radio\" name=\"nombre_de_chambres\" id=\"nombre_de_chambres-1\" value=\"1\" class=\"checkbox\"  \/><label for='nombre_de_chambres-1'>1<\/label><\/div><div><input type=\"radio\" name=\"nombre_de_chambres\" id=\"nombre_de_chambres-2\" value=\"2\" class=\"checkbox\"  \/><label for='nombre_de_chambres-2'>2<\/label><\/div><div><input type=\"radio\" name=\"nombre_de_chambres\" id=\"nombre_de_chambres-3\" value=\"3\" class=\"checkbox\"  \/><label for='nombre_de_chambres-3'>3<\/label><\/div>                <\/fieldset>\n            <\/div>\n                    \n        \n    <\/div>\n\n\n<\/div><div class=\"ls-hebergements__results\" data-row=\"3\" data-campings=\"false\" data-types=\"[21,23]\"><div class=\"ls-hebergement\" data-postid='2356' data-id-reservation='21749' data-id-site='' data-id1='' data-nombre_de_personnes='4' data-nombre_de_chambres='2' data-type='mobil-home'>\n\t<div class=\"ls-hebergement__thumb\">\n\t\t\t\t<img decoding=\"async\" src=\"https:\/\/www.camping-levaldelarre.com\/wp-content\/uploads\/2022\/11\/mercure-mobile-home.jpg\" alt=\"Confort Super Mercure\" \/>\n\t<\/div>\n\t<div class=\"ls-hebergement__title\">\n\t\tConfort Super Mercure\t<\/div>\n\n\t<div class=\"ls-hebergement__details\">\n\n\t\t<div class=\"ls-hebergement__icons\">\n\n\t\t\t\t\t\t\t<span class=\"ls-hebergement__icon\">\n\t\t\t\t\t<i class=\"val-de-l-arre-utilisateur\"><\/i>\n\t\t\t\t\t4\t\t\t\t<\/span>\n\t\t\t\n\t\t\t\t\t\t\t<span class=\"ls-hebergement__icon\">\n\t\t\t\t\t<i class=\"val-de-l-arre-douche\"><\/i>\n\t\t\t\t\t1\t\t\t\t<\/span>\n\t\t\t\n\t\t\t\t\t\t\t<span class=\"ls-hebergement__icon\">\n\t\t\t\t\t<i class=\"val-de-l-arre-open-door\"><\/i>\n\t\t\t\t\t2\t\t\t\t<\/span>\n\t\t\t\t\t\t\t\t\t\t<span class=\"ls-hebergement__icon\">\n\t\t\t\t\t<i class=\"val-de-l-arre-area\"><\/i>\n\t\t\t\t\t29m\u00b2\n\t\t\t\t<\/span>\n\t\t\t\n\t\t\t\n\t\t<\/div>\n\t<\/div>\n\t<span class=\"val-de-l-arre-fleche\"><\/span>\n\t<!-- <div class=\"ls-hebergement__disponibilites\">\n\t\tDiscover\t<\/div> -->\n<\/div><div class=\"ls-hebergement\" data-postid='2359' data-id-reservation='76790' data-id-site='' data-id1='' data-nombre_de_personnes='4' data-nombre_de_chambres='2' data-type='coco-sweet'>\n\t<div class=\"ls-hebergement__thumb\">\n\t\t\t\t<img decoding=\"async\" src=\"https:\/\/www.camping-levaldelarre.com\/wp-content\/uploads\/2022\/10\/IMG_9773.jpg\" alt=\"Coco Sweet 4 &#8211; Without sanitary facilities\" \/>\n\t<\/div>\n\t<div class=\"ls-hebergement__title\">\n\t\tCoco Sweet 4 &#8211; Without sanitary facilities\t<\/div>\n\n\t<div class=\"ls-hebergement__details\">\n\n\t\t<div class=\"ls-hebergement__icons\">\n\n\t\t\t\t\t\t\t<span class=\"ls-hebergement__icon\">\n\t\t\t\t\t<i class=\"val-de-l-arre-utilisateur\"><\/i>\n\t\t\t\t\t4\t\t\t\t<\/span>\n\t\t\t\n\t\t\t\n\t\t\t\t\t\t\t<span class=\"ls-hebergement__icon\">\n\t\t\t\t\t<i class=\"val-de-l-arre-open-door\"><\/i>\n\t\t\t\t\t2\t\t\t\t<\/span>\n\t\t\t\t\t\t\t\t\t\t<span class=\"ls-hebergement__icon\">\n\t\t\t\t\t<i class=\"val-de-l-arre-area\"><\/i>\n\t\t\t\t\t17m\u00b2\n\t\t\t\t<\/span>\n\t\t\t\n\t\t\t\n\t\t<\/div>\n\t<\/div>\n\t<span class=\"val-de-l-arre-fleche\"><\/span>\n\t<!-- <div class=\"ls-hebergement__disponibilites\">\n\t\tDiscover\t<\/div> -->\n<\/div><div class=\"ls-hebergement\" data-postid='2362' data-id-reservation='76787' data-id-site='' data-id1='' data-nombre_de_personnes='2' data-nombre_de_chambres='1' data-type='coco-sweet'>\n\t<div class=\"ls-hebergement__thumb\">\n\t\t\t\t<img decoding=\"async\" src=\"https:\/\/www.camping-levaldelarre.com\/wp-content\/uploads\/2022\/10\/IMG_9766-rotated.jpg\" alt=\"Coco Sweet 2 &#8211; Without sanitary facilities\" \/>\n\t<\/div>\n\t<div class=\"ls-hebergement__title\">\n\t\tCoco Sweet 2 &#8211; Without sanitary facilities\t<\/div>\n\n\t<div class=\"ls-hebergement__details\">\n\n\t\t<div class=\"ls-hebergement__icons\">\n\n\t\t\t\t\t\t\t<span class=\"ls-hebergement__icon\">\n\t\t\t\t\t<i class=\"val-de-l-arre-utilisateur\"><\/i>\n\t\t\t\t\t2\t\t\t\t<\/span>\n\t\t\t\n\t\t\t\n\t\t\t\t\t\t\t<span class=\"ls-hebergement__icon\">\n\t\t\t\t\t<i class=\"val-de-l-arre-open-door\"><\/i>\n\t\t\t\t\t1\t\t\t\t<\/span>\n\t\t\t\t\t\t\t\t\t\t<span class=\"ls-hebergement__icon\">\n\t\t\t\t\t<i class=\"val-de-l-arre-area\"><\/i>\n\t\t\t\t\t12m\u00b2\n\t\t\t\t<\/span>\n\t\t\t\n\t\t\t\n\t\t<\/div>\n\t<\/div>\n\t<span class=\"val-de-l-arre-fleche\"><\/span>\n\t<!-- <div class=\"ls-hebergement__disponibilites\">\n\t\tDiscover\t<\/div> -->\n<\/div><div class=\"ls-hebergement\" data-postid='2365' data-id-reservation='21750' data-id-site='' data-id1='' data-nombre_de_personnes='6' data-nombre_de_chambres='3' data-type='mobil-home'>\n\t<div class=\"ls-hebergement__thumb\">\n\t\t\t\t<img decoding=\"async\" src=\"https:\/\/www.camping-levaldelarre.com\/wp-content\/uploads\/2022\/10\/location-camping-titania.jpg\" alt=\"Mobil-home confort Super Titania\" \/>\n\t<\/div>\n\t<div class=\"ls-hebergement__title\">\n\t\tMobil-home confort Super Titania\t<\/div>\n\n\t<div class=\"ls-hebergement__details\">\n\n\t\t<div class=\"ls-hebergement__icons\">\n\n\t\t\t\t\t\t\t<span class=\"ls-hebergement__icon\">\n\t\t\t\t\t<i class=\"val-de-l-arre-utilisateur\"><\/i>\n\t\t\t\t\t6\t\t\t\t<\/span>\n\t\t\t\n\t\t\t\t\t\t\t<span class=\"ls-hebergement__icon\">\n\t\t\t\t\t<i class=\"val-de-l-arre-douche\"><\/i>\n\t\t\t\t\t1\t\t\t\t<\/span>\n\t\t\t\n\t\t\t\t\t\t\t<span class=\"ls-hebergement__icon\">\n\t\t\t\t\t<i class=\"val-de-l-arre-open-door\"><\/i>\n\t\t\t\t\t3\t\t\t\t<\/span>\n\t\t\t\t\t\t\t\t\t\t<span class=\"ls-hebergement__icon\">\n\t\t\t\t\t<i class=\"val-de-l-arre-area\"><\/i>\n\t\t\t\t\t32m\u00b2\n\t\t\t\t<\/span>\n\t\t\t\n\t\t\t\n\t\t<\/div>\n\t<\/div>\n\t<span class=\"val-de-l-arre-fleche\"><\/span>\n\t<!-- <div class=\"ls-hebergement__disponibilites\">\n\t\tDiscover\t<\/div> -->\n<\/div><div class=\"ls-hebergement\" data-postid='2368' data-id-reservation='21747' data-id-site='' data-id1='' data-nombre_de_personnes='4' data-nombre_de_chambres='2' data-type='mobil-home'>\n\t<div class=\"ls-hebergement__thumb\">\n\t\t\t\t<img decoding=\"async\" src=\"https:\/\/www.camping-levaldelarre.com\/wp-content\/uploads\/2022\/10\/Loggia-bay-location.jpg\" alt=\"Confort Loggia Bay\" \/>\n\t<\/div>\n\t<div class=\"ls-hebergement__title\">\n\t\tConfort Loggia Bay\t<\/div>\n\n\t<div class=\"ls-hebergement__details\">\n\n\t\t<div class=\"ls-hebergement__icons\">\n\n\t\t\t\t\t\t\t<span class=\"ls-hebergement__icon\">\n\t\t\t\t\t<i class=\"val-de-l-arre-utilisateur\"><\/i>\n\t\t\t\t\t4\t\t\t\t<\/span>\n\t\t\t\n\t\t\t\t\t\t\t<span class=\"ls-hebergement__icon\">\n\t\t\t\t\t<i class=\"val-de-l-arre-douche\"><\/i>\n\t\t\t\t\t1\t\t\t\t<\/span>\n\t\t\t\n\t\t\t\t\t\t\t<span class=\"ls-hebergement__icon\">\n\t\t\t\t\t<i class=\"val-de-l-arre-open-door\"><\/i>\n\t\t\t\t\t2\t\t\t\t<\/span>\n\t\t\t\t\t\t\t\t\t\t<span class=\"ls-hebergement__icon\">\n\t\t\t\t\t<i class=\"val-de-l-arre-area\"><\/i>\n\t\t\t\t\t35m\u00b2\n\t\t\t\t<\/span>\n\t\t\t\n\t\t\t\n\t\t<\/div>\n\t<\/div>\n\t<span class=\"val-de-l-arre-fleche\"><\/span>\n\t<!-- <div class=\"ls-hebergement__disponibilites\">\n\t\tDiscover\t<\/div> -->\n<\/div><div class=\"ls-hebergement\" data-postid='2371' data-id-reservation='28194' data-id-site='' data-id1='' data-nombre_de_personnes='4' data-nombre_de_chambres='2' data-type='mobil-home'>\n\t<div class=\"ls-hebergement__thumb\">\n\t\t\t\t<img decoding=\"async\" src=\"https:\/\/www.camping-levaldelarre.com\/wp-content\/uploads\/2022\/09\/terrasse-couverte-mobil-home-le-val-de-l-arre.jpg\" alt=\"Confort Loggia\" \/>\n\t<\/div>\n\t<div class=\"ls-hebergement__title\">\n\t\tConfort Loggia\t<\/div>\n\n\t<div class=\"ls-hebergement__details\">\n\n\t\t<div class=\"ls-hebergement__icons\">\n\n\t\t\t\t\t\t\t<span class=\"ls-hebergement__icon\">\n\t\t\t\t\t<i class=\"val-de-l-arre-utilisateur\"><\/i>\n\t\t\t\t\t4\t\t\t\t<\/span>\n\t\t\t\n\t\t\t\t\t\t\t<span class=\"ls-hebergement__icon\">\n\t\t\t\t\t<i class=\"val-de-l-arre-douche\"><\/i>\n\t\t\t\t\t1\t\t\t\t<\/span>\n\t\t\t\n\t\t\t\t\t\t\t<span class=\"ls-hebergement__icon\">\n\t\t\t\t\t<i class=\"val-de-l-arre-open-door\"><\/i>\n\t\t\t\t\t2\t\t\t\t<\/span>\n\t\t\t\t\t\t\t\t\t\t<span class=\"ls-hebergement__icon\">\n\t\t\t\t\t<i class=\"val-de-l-arre-area\"><\/i>\n\t\t\t\t\t32m\u00b2\n\t\t\t\t<\/span>\n\t\t\t\n\t\t\t\n\t\t<\/div>\n\t<\/div>\n\t<span class=\"val-de-l-arre-fleche\"><\/span>\n\t<!-- <div class=\"ls-hebergement__disponibilites\">\n\t\tDiscover\t<\/div> -->\n<\/div><\/div><\/div>\n\r\n    <\/div>\r\n<\/section>\n\n<section id=\"ls-section-block_079022b4643ba8fe4c4f741eda1826bc\" class=\"ls-section  p-t-0 p-b-0 m-b-0 has-background has-color-3-background-color has-p-t p-t-14 has-p-b p-b-11\" >\r\n        <div class=\"container container--wide\">\r\n        \n\n<div class=\"wp-block-columns is-layout-flex wp-container-core-columns-is-layout-9d6595d7 wp-block-columns-is-layout-flex\">\n<div class=\"wp-block-column is-layout-flow wp-block-column-is-layout-flow\">\n<h2 class=\"ls__heading m-t-0 has-color-2-color has-text-color wp-block-heading\">A wide choice among our rental ranges<\/h2>\n\n\n\n<p class=\"ls-paragraph\">This year, opt for the renting a pitch or a mobile home in Le Vigan in the privileged setting of the <a href=\"\/en\/\">camping in the Gard<\/a>.<\/p>\n\n\n\n<p class=\"ls-paragraph\">Our 4-star establishment offers you <strong>charming accommodation with covered terrace, <\/strong>which blend harmoniously into the landscape and offer you direct access to the river. Each of our comfortable chalets is located on a large private and green plot. The privacy and tranquillity of all is respected.<\/p>\n\n\n\n<p class=\"ls-paragraph\">Nature lovers may also prefer the originality of our mobile homes in the Gard to a classic mobile home.<strong> roofed bungalow,<\/strong> without being equipped with sanitary facilities but close to those of the campsite they are very exotic.<\/p>\n\n\n\n<h2 class=\"ls__heading has-color-2-color has-text-color wp-block-heading\">Stay for 1 to 6 people in your mobile home in Le Vigan<\/h2>\n\n\n\n<p class=\"ls-paragraph\">The Val de l&#8217;Arre campsite also guarantees a peaceful night&#8217;s sleep even in the hottest part of the summer, as the mobile homes are air-conditioned.<\/p>\n\n\n\n<p class=\"ls-paragraph\">The <strong><a href=\"https:\/\/www.camping-levaldelarre.com\/en\/cheap-camping-vigan\/\">low cost mobile home rental in the Gard<\/a><\/strong>  is ideal for families and holiday couples who want to relax during their stay with the best comfort facilities.<\/p>\n<\/div>\n\n\n\n<div class=\"wp-block-column is-layout-flow wp-block-column-is-layout-flow\">\n<p class=\"ls-paragraph\">Designed to accommodate<strong> 1 to 6 people<\/strong>, our different mobile homes offer 28 to 35 m2 of interior space, extended by a beautiful covered terrace with garden furniture. Enough to cocoon and enjoy the outdoors as you please.<\/p>\n\n\n\n<p class=\"ls-paragraph\">The 1-4 person accommodation consists of two bedrooms, one with a double bed for parents, the other with two single beds for children.<\/p>\n\n\n\n<p class=\"ls-paragraph\">The 6-person rentals have 3 bedrooms. Perfect for large families!<\/p>\n\n\n\n<h2 class=\"ls__heading has-color-2-color has-text-color wp-block-heading\">Votre mobil-home id\u00e9al enti\u00e8rement \u00e9quip\u00e9 pour un s\u00e9jour dans le Gard.<\/h2>\n\n\n\n<p class=\"ls-paragraph\">Choose the <strong><a href=\"https:\/\/www.camping-levaldelarre.com\/en\/rental-gite-vigan\/\">rental of a g\u00eete<\/a><\/strong> or a mobile home in Le Vigan will ensure that you have a peaceful stay, with all the facilities you need for your daily life.<\/p>\n\n\n\n<p class=\"ls-paragraph\">Each of our accommodations is equipped with sanitary facilities, a fully equipped kitchen, a comfortable living room and bedrooms with storage space. The garden furniture on the terrace allows you to <strong>have your meals outside with your family<\/strong>, and always under cover as the terraces are covered..<\/p>\n<\/div>\n<\/div>\n\n\r\n    <\/div>\r\n<\/section>\n\n<section id=\"ls-section-block_6b6d623fdae5411d89acd8029cdd8fc1\" class=\"ls-section  home-third m-t-0 page-five\" >\r\n        <div class=\"container container--wide\">\r\n        \n\n<div id=\"ls-heading ls-titre-div-block_b2c23a5ae634f28718f3856e9783d92a\" class=\"ls-titre-div aligncenter h2-like has-text-color has-color-2-color\" >\n    Discover the g\u00eetes, the swimming pool and the rates<\/div>\n\n\n<div id=\"ls-maillage-block_13e562e4694c4bef4e5e6ff3ef9e350d\" class=\"ls-maillage cta-style-normal\" data-rows=\"3\">\r\n    <div class=\"wp-block-columns\"><div class=\"wp-block-column\"><div class=\"ls-cta\">\n\n<a href=\"https:\/\/www.camping-levaldelarre.com\/en\/rental-gite-vigan\/\" target=\"\" rel=\"noopener\" class=\"ls-cta__link\">\n\n\t<div class=\"ls-cta__image\"><img decoding=\"async\" src=\"https:\/\/www.camping-levaldelarre.com\/wp-content\/uploads\/2022\/11\/gite-vigan-gard-768x512.jpg\" alt=\"gite vigan gard\"><\/div>\n\t<div class=\"ls-cta__title\">\n\t\tOur Gite\t<\/div>\n\n\t\n\t<span class=\"val-de-l-arre-fleche\"><\/span>\n\t\n<\/a><\/div><\/div><div class=\"wp-block-column\"><div class=\"ls-cta\">\n\n<a href=\"https:\/\/www.camping-levaldelarre.com\/en\/camping-pool-heated-vigan\/\" target=\"\" rel=\"noopener\" class=\"ls-cta__link\">\n\n\t<div class=\"ls-cta__image\"><img decoding=\"async\" src=\"https:\/\/www.camping-levaldelarre.com\/wp-content\/uploads\/2022\/11\/camping-avec-piscine-gard.jpg\" alt=\"camping avec piscine \ngard\"><\/div>\n\t<div class=\"ls-cta__title\">\n\t\tNotre Piscine\t<\/div>\n\n\t\n\t<span class=\"val-de-l-arre-fleche\"><\/span>\n\t\n<\/a><\/div><\/div><div class=\"wp-block-column\"><div class=\"ls-cta\">\n\n<a href=\"https:\/\/www.camping-levaldelarre.com\/en\/cheap-camping-vigan\/\" target=\"\" rel=\"noopener\" class=\"ls-cta__link\">\n\n\t<div class=\"ls-cta__image\"><img decoding=\"async\" src=\"https:\/\/www.camping-levaldelarre.com\/wp-content\/uploads\/2022\/11\/camping-petit-prix-vigan.jpg\" alt=\"camping petit prix vigan\"><\/div>\n\t<div class=\"ls-cta__title\">\n\t\tOur rates\t<\/div>\n\n\t\n\t<span class=\"val-de-l-arre-fleche\"><\/span>\n\t\n<\/a><\/div><\/div><\/div><\/div>\n\r\n    <\/div>\r\n<\/section>","protected":false},"excerpt":{"rendered":"","protected":false},"author":1,"featured_media":1631,"parent":0,"menu_order":0,"comment_status":"closed","ping_status":"closed","template":"","meta":{"_acf_changed":false,"footnotes":""},"sujet":[],"class_list":["post-2279","page","type-page","status-publish","has-post-thumbnail","hentry"],"acf":[],"yoast_head":"<!-- This site is optimized with the Yoast SEO plugin v25.3 - https:\/\/yoast.com\/wordpress\/plugins\/seo\/ -->\n<title>Rent a mobile home in Le Vigan | Mobile home rental Gard<\/title>\n<meta name=\"robots\" content=\"index, follow, max-snippet:-1, max-image-preview:large, max-video-preview:-1\" \/>\n<link rel=\"canonical\" href=\"https:\/\/www.camping-levaldelarre.com\/en\/rental-mobil-home-vigan\/\" \/>\n<meta property=\"og:locale\" content=\"en_US\" \/>\n<meta property=\"og:type\" content=\"article\" \/>\n<meta property=\"og:title\" content=\"Rent a mobile home in Le Vigan | Mobile home rental Gard\" \/>\n<meta property=\"og:url\" content=\"https:\/\/www.camping-levaldelarre.com\/en\/rental-mobil-home-vigan\/\" \/>\n<meta property=\"og:site_name\" content=\"Le Val de l&#039;Arre\" \/>\n<meta property=\"article:modified_time\" content=\"2022-11-28T13:28:07+00:00\" \/>\n<meta property=\"og:image\" content=\"https:\/\/www.camping-levaldelarre.com\/wp-content\/uploads\/2022\/11\/location-mobil-home-vigan.jpg\" \/>\n\t<meta property=\"og:image:width\" content=\"1900\" \/>\n\t<meta property=\"og:image:height\" content=\"600\" \/>\n\t<meta property=\"og:image:type\" content=\"image\/jpeg\" \/>\n<meta name=\"twitter:card\" content=\"summary_large_image\" \/>\n<meta name=\"twitter:label1\" content=\"Est. reading time\" \/>\n\t<meta name=\"twitter:data1\" content=\"2 minutes\" \/>\n<script type=\"application\/ld+json\" class=\"yoast-schema-graph\">{\"@context\":\"https:\/\/schema.org\",\"@graph\":[{\"@type\":\"WebPage\",\"@id\":\"https:\/\/www.camping-levaldelarre.com\/en\/rental-mobil-home-vigan\/\",\"url\":\"https:\/\/www.camping-levaldelarre.com\/en\/rental-mobil-home-vigan\/\",\"name\":\"Rent a mobile home in Le Vigan | Mobile home rental Gard\",\"isPartOf\":{\"@id\":\"https:\/\/www.camping-levaldelarre.com\/#website\"},\"primaryImageOfPage\":{\"@id\":\"https:\/\/www.camping-levaldelarre.com\/en\/rental-mobil-home-vigan\/#primaryimage\"},\"image\":{\"@id\":\"https:\/\/www.camping-levaldelarre.com\/en\/rental-mobil-home-vigan\/#primaryimage\"},\"thumbnailUrl\":\"https:\/\/www.camping-levaldelarre.com\/wp-content\/uploads\/2022\/11\/location-mobil-home-vigan.jpg\",\"datePublished\":\"2022-09-27T12:34:28+00:00\",\"dateModified\":\"2022-11-28T13:28:07+00:00\",\"breadcrumb\":{\"@id\":\"https:\/\/www.camping-levaldelarre.com\/en\/rental-mobil-home-vigan\/#breadcrumb\"},\"inLanguage\":\"en-US\",\"potentialAction\":[{\"@type\":\"ReadAction\",\"target\":[\"https:\/\/www.camping-levaldelarre.com\/en\/rental-mobil-home-vigan\/\"]}]},{\"@type\":\"ImageObject\",\"inLanguage\":\"en-US\",\"@id\":\"https:\/\/www.camping-levaldelarre.com\/en\/rental-mobil-home-vigan\/#primaryimage\",\"url\":\"https:\/\/www.camping-levaldelarre.com\/wp-content\/uploads\/2022\/11\/location-mobil-home-vigan.jpg\",\"contentUrl\":\"https:\/\/www.camping-levaldelarre.com\/wp-content\/uploads\/2022\/11\/location-mobil-home-vigan.jpg\",\"width\":1900,\"height\":600,\"caption\":\"location mobil home vigan\"},{\"@type\":\"BreadcrumbList\",\"@id\":\"https:\/\/www.camping-levaldelarre.com\/en\/rental-mobil-home-vigan\/#breadcrumb\",\"itemListElement\":[{\"@type\":\"ListItem\",\"position\":1,\"name\":\"Camping Gard\",\"item\":\"https:\/\/www.camping-levaldelarre.com\/en\/\"},{\"@type\":\"ListItem\",\"position\":2,\"name\":\"Mobile home rental in Le Vigan\"}]},{\"@type\":\"WebSite\",\"@id\":\"https:\/\/www.camping-levaldelarre.com\/#website\",\"url\":\"https:\/\/www.camping-levaldelarre.com\/\",\"name\":\"Le Val de l&#039;Arre\",\"description\":\"\",\"publisher\":{\"@id\":\"https:\/\/www.camping-levaldelarre.com\/#organization\"},\"potentialAction\":[{\"@type\":\"SearchAction\",\"target\":{\"@type\":\"EntryPoint\",\"urlTemplate\":\"https:\/\/www.camping-levaldelarre.com\/?s={search_term_string}\"},\"query-input\":{\"@type\":\"PropertyValueSpecification\",\"valueRequired\":true,\"valueName\":\"search_term_string\"}}],\"inLanguage\":\"en-US\"},{\"@type\":\"Organization\",\"@id\":\"https:\/\/www.camping-levaldelarre.com\/#organization\",\"name\":\"Le Val de l&#039;Arre\",\"url\":\"https:\/\/www.camping-levaldelarre.com\/\",\"logo\":{\"@type\":\"ImageObject\",\"inLanguage\":\"en-US\",\"@id\":\"https:\/\/www.camping-levaldelarre.com\/#\/schema\/logo\/image\/\",\"url\":\"https:\/\/www.camping-levaldelarre.com\/wp-content\/uploads\/2022\/10\/logo-le-val-de-l-arre.jpg\",\"contentUrl\":\"https:\/\/www.camping-levaldelarre.com\/wp-content\/uploads\/2022\/10\/logo-le-val-de-l-arre.jpg\",\"width\":370,\"height\":180,\"caption\":\"Le Val de l&#039;Arre\"},\"image\":{\"@id\":\"https:\/\/www.camping-levaldelarre.com\/#\/schema\/logo\/image\/\"}}]}<\/script>\n<!-- \/ Yoast SEO plugin. -->","yoast_head_json":{"title":"Rent a mobile home in Le Vigan | Mobile home rental Gard","robots":{"index":"index","follow":"follow","max-snippet":"max-snippet:-1","max-image-preview":"max-image-preview:large","max-video-preview":"max-video-preview:-1"},"canonical":"https:\/\/www.camping-levaldelarre.com\/en\/rental-mobil-home-vigan\/","og_locale":"en_US","og_type":"article","og_title":"Rent a mobile home in Le Vigan | Mobile home rental Gard","og_url":"https:\/\/www.camping-levaldelarre.com\/en\/rental-mobil-home-vigan\/","og_site_name":"Le Val de l&#039;Arre","article_modified_time":"2022-11-28T13:28:07+00:00","og_image":[{"width":1900,"height":600,"url":"https:\/\/www.camping-levaldelarre.com\/wp-content\/uploads\/2022\/11\/location-mobil-home-vigan.jpg","type":"image\/jpeg"}],"twitter_card":"summary_large_image","twitter_misc":{"Est. reading time":"2 minutes"},"schema":{"@context":"https:\/\/schema.org","@graph":[{"@type":"WebPage","@id":"https:\/\/www.camping-levaldelarre.com\/en\/rental-mobil-home-vigan\/","url":"https:\/\/www.camping-levaldelarre.com\/en\/rental-mobil-home-vigan\/","name":"Rent a mobile home in Le Vigan | Mobile home rental Gard","isPartOf":{"@id":"https:\/\/www.camping-levaldelarre.com\/#website"},"primaryImageOfPage":{"@id":"https:\/\/www.camping-levaldelarre.com\/en\/rental-mobil-home-vigan\/#primaryimage"},"image":{"@id":"https:\/\/www.camping-levaldelarre.com\/en\/rental-mobil-home-vigan\/#primaryimage"},"thumbnailUrl":"https:\/\/www.camping-levaldelarre.com\/wp-content\/uploads\/2022\/11\/location-mobil-home-vigan.jpg","datePublished":"2022-09-27T12:34:28+00:00","dateModified":"2022-11-28T13:28:07+00:00","breadcrumb":{"@id":"https:\/\/www.camping-levaldelarre.com\/en\/rental-mobil-home-vigan\/#breadcrumb"},"inLanguage":"en-US","potentialAction":[{"@type":"ReadAction","target":["https:\/\/www.camping-levaldelarre.com\/en\/rental-mobil-home-vigan\/"]}]},{"@type":"ImageObject","inLanguage":"en-US","@id":"https:\/\/www.camping-levaldelarre.com\/en\/rental-mobil-home-vigan\/#primaryimage","url":"https:\/\/www.camping-levaldelarre.com\/wp-content\/uploads\/2022\/11\/location-mobil-home-vigan.jpg","contentUrl":"https:\/\/www.camping-levaldelarre.com\/wp-content\/uploads\/2022\/11\/location-mobil-home-vigan.jpg","width":1900,"height":600,"caption":"location mobil home vigan"},{"@type":"BreadcrumbList","@id":"https:\/\/www.camping-levaldelarre.com\/en\/rental-mobil-home-vigan\/#breadcrumb","itemListElement":[{"@type":"ListItem","position":1,"name":"Camping Gard","item":"https:\/\/www.camping-levaldelarre.com\/en\/"},{"@type":"ListItem","position":2,"name":"Mobile home rental in Le Vigan"}]},{"@type":"WebSite","@id":"https:\/\/www.camping-levaldelarre.com\/#website","url":"https:\/\/www.camping-levaldelarre.com\/","name":"Le Val de l&#039;Arre","description":"","publisher":{"@id":"https:\/\/www.camping-levaldelarre.com\/#organization"},"potentialAction":[{"@type":"SearchAction","target":{"@type":"EntryPoint","urlTemplate":"https:\/\/www.camping-levaldelarre.com\/?s={search_term_string}"},"query-input":{"@type":"PropertyValueSpecification","valueRequired":true,"valueName":"search_term_string"}}],"inLanguage":"en-US"},{"@type":"Organization","@id":"https:\/\/www.camping-levaldelarre.com\/#organization","name":"Le Val de l&#039;Arre","url":"https:\/\/www.camping-levaldelarre.com\/","logo":{"@type":"ImageObject","inLanguage":"en-US","@id":"https:\/\/www.camping-levaldelarre.com\/#\/schema\/logo\/image\/","url":"https:\/\/www.camping-levaldelarre.com\/wp-content\/uploads\/2022\/10\/logo-le-val-de-l-arre.jpg","contentUrl":"https:\/\/www.camping-levaldelarre.com\/wp-content\/uploads\/2022\/10\/logo-le-val-de-l-arre.jpg","width":370,"height":180,"caption":"Le Val de l&#039;Arre"},"image":{"@id":"https:\/\/www.camping-levaldelarre.com\/#\/schema\/logo\/image\/"}}]}},"_links":{"self":[{"href":"https:\/\/www.camping-levaldelarre.com\/en\/wp-json\/wp\/v2\/pages\/2279","targetHints":{"allow":["GET"]}}],"collection":[{"href":"https:\/\/www.camping-levaldelarre.com\/en\/wp-json\/wp\/v2\/pages"}],"about":[{"href":"https:\/\/www.camping-levaldelarre.com\/en\/wp-json\/wp\/v2\/types\/page"}],"author":[{"embeddable":true,"href":"https:\/\/www.camping-levaldelarre.com\/en\/wp-json\/wp\/v2\/users\/1"}],"replies":[{"embeddable":true,"href":"https:\/\/www.camping-levaldelarre.com\/en\/wp-json\/wp\/v2\/comments?post=2279"}],"version-history":[{"count":5,"href":"https:\/\/www.camping-levaldelarre.com\/en\/wp-json\/wp\/v2\/pages\/2279\/revisions"}],"predecessor-version":[{"id":2631,"href":"https:\/\/www.camping-levaldelarre.com\/en\/wp-json\/wp\/v2\/pages\/2279\/revisions\/2631"}],"wp:featuredmedia":[{"embeddable":true,"href":"https:\/\/www.camping-levaldelarre.com\/en\/wp-json\/wp\/v2\/media\/1631"}],"wp:attachment":[{"href":"https:\/\/www.camping-levaldelarre.com\/en\/wp-json\/wp\/v2\/media?parent=2279"}],"wp:term":[{"taxonomy":"sujet","embeddable":true,"href":"https:\/\/www.camping-levaldelarre.com\/en\/wp-json\/wp\/v2\/sujet?post=2279"}],"curies":[{"name":"wp","href":"https:\/\/api.w.org\/{rel}","templated":true}]}}