{"id":2262,"date":"2022-10-21T09:08:45","date_gmt":"2022-10-21T07:08:45","guid":{"rendered":"https:\/\/www.camping-levaldelarre.com\/location-gite-vigan\/"},"modified":"2022-11-28T14:27:28","modified_gmt":"2022-11-28T13:27:28","slug":"rental-gite-vigan","status":"publish","type":"page","link":"https:\/\/www.camping-levaldelarre.com\/en\/rental-gite-vigan\/","title":{"rendered":"G\u00eete"},"content":{"rendered":"<section id=\"ls-section-block_edd9f5d609c681567e179360cad0b47c\" class=\"ls-section  fiche-gite m-t-0\" >\r\n        <div class=\"container container--wide\">\r\n        \n\n<h1 class=\"ls__heading has-text-align-center p-b-2 has-color-1-color has-text-color wp-block-heading\">Rent a g\u00eete in Le Vigan for a pleasant stay<\/h1>\n\n\n\n<div id=\"ls-heading ls-titre-div-block_434a67d0f912f2f3eb1a2f94883bd7d9\" class=\"ls-titre-div aligncenter h2-like has-text-color has-color-2-color has-m-b m-b-10\" >\n    The Roudoulouse g\u00eete<\/div>\n\n\n\n<div class=\"wp-block-columns attributs is-layout-flex wp-container-core-columns-is-layout-9d6595d7 wp-block-columns-is-layout-flex\">\n<div class=\"wp-block-column is-layout-flow wp-block-column-is-layout-flow\">\n<span class=\"attribut\"><i class=\"val-de-l-arre-utilisateur\"><\/i> 8\t\t\t\t<\/span>\n<\/div>\n\n\n\n<div class=\"wp-block-column is-layout-flow wp-block-column-is-layout-flow\">\n<span class=\"attribut\"><i class=\"val-de-l-arre-douche\"><\/i> 2\t\t\t\t<\/span>\n<\/div>\n\n\n\n<div class=\"wp-block-column is-layout-flow wp-block-column-is-layout-flow\">\n<span class=\"attribut\"><i class=\"val-de-l-arre-open-door\"><\/i> 3\t\t\t\t<\/span>\n<\/div>\n\n\n\n<div class=\"wp-block-column is-layout-flow wp-block-column-is-layout-flow\">\n<span class=\"attribut\"><i class=\"val-de-l-arre-area\"><\/i> 100m\u00b2\t\t\t\t<\/span>\n<\/div>\n<\/div>\n\n\n\n<p class=\"ls-paragraph\">The G\u00eete de Roudoulouse is situated in a quiet area behind the campsite&#8217;s farmhouse, it has an independent entrance, a garage, terrace and garden equipped with garden furniture, deckchairs and barbecue. The G\u00eete is not part of the campsite and does not benefit from the campsite&#8217;s 4* classification.<\/p>\n\n\n\n<p class=\"ls-paragraph\">You will be able to enjoy all the facilities of the campsite.<\/p>\n\n\n\n<p class=\"ls-paragraph\">For weekly rentals, linen is provided (sheets, blankets, pillows, bath sheets and tea towels).<\/p>\n\n\n\n<div class=\"wp-block-columns is-layout-flex wp-container-core-columns-is-layout-9d6595d7 wp-block-columns-is-layout-flex\">\n<div class=\"wp-block-column is-layout-flow wp-block-column-is-layout-flow\">\n<figure class=\"wp-block-image size-full\"><a href=\"https:\/\/www.camping-levaldelarre.com\/wp-content\/uploads\/2022\/11\/louer-gite-vigan.jpg\"><img loading=\"lazy\" decoding=\"async\" width=\"900\" height=\"600\" src=\"https:\/\/www.camping-levaldelarre.com\/wp-content\/uploads\/2022\/11\/louer-gite-vigan.jpg\" alt=\"louer gite vigan\" class=\"wp-image-1927\" srcset=\"https:\/\/www.camping-levaldelarre.com\/wp-content\/uploads\/2022\/11\/louer-gite-vigan.jpg 900w, https:\/\/www.camping-levaldelarre.com\/wp-content\/uploads\/2022\/11\/louer-gite-vigan-300x200.jpg 300w, https:\/\/www.camping-levaldelarre.com\/wp-content\/uploads\/2022\/11\/louer-gite-vigan-768x512.jpg 768w\" sizes=\"auto, (max-width: 900px) 100vw, 900px\" \/><\/a><\/figure>\n<\/div>\n\n\n\n<div class=\"wp-block-column is-layout-flow wp-block-column-is-layout-flow\">\n<figure class=\"wp-block-image size-full\"><a href=\"https:\/\/www.camping-levaldelarre.com\/wp-content\/uploads\/2022\/11\/louer-gite-gard.jpg\"><img loading=\"lazy\" decoding=\"async\" width=\"900\" height=\"600\" src=\"https:\/\/www.camping-levaldelarre.com\/wp-content\/uploads\/2022\/11\/louer-gite-gard.jpg\" alt=\"louer gite gard\" class=\"wp-image-1923\" srcset=\"https:\/\/www.camping-levaldelarre.com\/wp-content\/uploads\/2022\/11\/louer-gite-gard.jpg 900w, https:\/\/www.camping-levaldelarre.com\/wp-content\/uploads\/2022\/11\/louer-gite-gard-300x200.jpg 300w, https:\/\/www.camping-levaldelarre.com\/wp-content\/uploads\/2022\/11\/louer-gite-gard-768x512.jpg 768w\" sizes=\"auto, (max-width: 900px) 100vw, 900px\" \/><\/a><\/figure>\n<\/div>\n\n\n\n<div class=\"wp-block-column is-layout-flow wp-block-column-is-layout-flow\">\n<figure class=\"wp-block-image size-full\"><a href=\"https:\/\/www.camping-levaldelarre.com\/wp-content\/uploads\/2022\/11\/vacances-famille-gite-gard.jpg\"><img loading=\"lazy\" decoding=\"async\" width=\"900\" height=\"600\" src=\"https:\/\/www.camping-levaldelarre.com\/wp-content\/uploads\/2022\/11\/vacances-famille-gite-gard.jpg\" alt=\"vacances famille gite gard\" class=\"wp-image-1911\" srcset=\"https:\/\/www.camping-levaldelarre.com\/wp-content\/uploads\/2022\/11\/vacances-famille-gite-gard.jpg 900w, https:\/\/www.camping-levaldelarre.com\/wp-content\/uploads\/2022\/11\/vacances-famille-gite-gard-300x200.jpg 300w, https:\/\/www.camping-levaldelarre.com\/wp-content\/uploads\/2022\/11\/vacances-famille-gite-gard-768x512.jpg 768w\" sizes=\"auto, (max-width: 900px) 100vw, 900px\" \/><\/a><\/figure>\n<\/div>\n\n\n\n<div class=\"wp-block-column is-layout-flow wp-block-column-is-layout-flow\">\n<figure class=\"wp-block-image size-full\"><a href=\"https:\/\/www.camping-levaldelarre.com\/wp-content\/uploads\/2022\/11\/location-gite-famille-gard.jpg\"><img loading=\"lazy\" decoding=\"async\" width=\"600\" height=\"700\" src=\"https:\/\/www.camping-levaldelarre.com\/wp-content\/uploads\/2022\/11\/location-gite-famille-gard.jpg\" alt=\"location gite famille gard\" class=\"wp-image-1919\" srcset=\"https:\/\/www.camping-levaldelarre.com\/wp-content\/uploads\/2022\/11\/location-gite-famille-gard.jpg 600w, https:\/\/www.camping-levaldelarre.com\/wp-content\/uploads\/2022\/11\/location-gite-famille-gard-257x300.jpg 257w\" sizes=\"auto, (max-width: 600px) 100vw, 600px\" \/><\/a><\/figure>\n<\/div>\n<\/div>\n\n\n\n<div class=\"wp-block-columns is-layout-flex wp-container-core-columns-is-layout-9d6595d7 wp-block-columns-is-layout-flex\">\n<div class=\"wp-block-column is-layout-flow wp-block-column-is-layout-flow\">\n<figure class=\"wp-block-image size-full\"><a href=\"https:\/\/www.camping-levaldelarre.com\/wp-content\/uploads\/2022\/11\/gite-location-gard.jpg\"><img loading=\"lazy\" decoding=\"async\" width=\"900\" height=\"600\" src=\"https:\/\/www.camping-levaldelarre.com\/wp-content\/uploads\/2022\/11\/gite-location-gard.jpg\" alt=\"gite location gard\" class=\"wp-image-1899\" srcset=\"https:\/\/www.camping-levaldelarre.com\/wp-content\/uploads\/2022\/11\/gite-location-gard.jpg 900w, https:\/\/www.camping-levaldelarre.com\/wp-content\/uploads\/2022\/11\/gite-location-gard-300x200.jpg 300w, https:\/\/www.camping-levaldelarre.com\/wp-content\/uploads\/2022\/11\/gite-location-gard-768x512.jpg 768w\" sizes=\"auto, (max-width: 900px) 100vw, 900px\" \/><\/a><\/figure>\n<\/div>\n\n\n\n<div class=\"wp-block-column is-layout-flow wp-block-column-is-layout-flow\">\n<figure class=\"wp-block-image size-full\"><a href=\"https:\/\/www.camping-levaldelarre.com\/wp-content\/uploads\/2022\/11\/gite-vigan-gard.jpg\"><img loading=\"lazy\" decoding=\"async\" width=\"900\" height=\"600\" src=\"https:\/\/www.camping-levaldelarre.com\/wp-content\/uploads\/2022\/11\/gite-vigan-gard.jpg\" alt=\"gite vigan gard\" class=\"wp-image-1915\" srcset=\"https:\/\/www.camping-levaldelarre.com\/wp-content\/uploads\/2022\/11\/gite-vigan-gard.jpg 900w, https:\/\/www.camping-levaldelarre.com\/wp-content\/uploads\/2022\/11\/gite-vigan-gard-300x200.jpg 300w, https:\/\/www.camping-levaldelarre.com\/wp-content\/uploads\/2022\/11\/gite-vigan-gard-768x512.jpg 768w\" sizes=\"auto, (max-width: 900px) 100vw, 900px\" \/><\/a><\/figure>\n<\/div>\n\n\n\n<div class=\"wp-block-column is-layout-flow wp-block-column-is-layout-flow\">\n<figure class=\"wp-block-image size-full\"><a href=\"https:\/\/www.camping-levaldelarre.com\/wp-content\/uploads\/2022\/11\/location-gite-roudoulouse-11.jpg\"><img loading=\"lazy\" decoding=\"async\" width=\"700\" height=\"460\" src=\"https:\/\/www.camping-levaldelarre.com\/wp-content\/uploads\/2022\/11\/location-gite-roudoulouse-11.jpg\" alt=\"location gite roudoulouse\" class=\"wp-image-1931\" srcset=\"https:\/\/www.camping-levaldelarre.com\/wp-content\/uploads\/2022\/11\/location-gite-roudoulouse-11.jpg 700w, https:\/\/www.camping-levaldelarre.com\/wp-content\/uploads\/2022\/11\/location-gite-roudoulouse-11-300x197.jpg 300w\" sizes=\"auto, (max-width: 700px) 100vw, 700px\" \/><\/a><\/figure>\n<\/div>\n<\/div>\n\n\n\n<div class=\"wp-block-columns is-layout-flex wp-container-core-columns-is-layout-9d6595d7 wp-block-columns-is-layout-flex\">\n<div class=\"wp-block-column p-2 has-color-3-background-color has-background is-layout-flow wp-block-column-is-layout-flow\">\n<div class=\"titreinvent\"><i class=\"fas fa-bed\" aria-hidden=\"true\"><\/i> Rooms<\/div>\n\n\n\n<ul class=\"ls-list wp-block-list\">\n<li>1 bedroom: 1 bed of 160 x 200 cm<\/li>\n\n\n\n<li>2 bedrooms : 1 bed 140 x190cm + 1 bed 80&#215;190 cm<\/li>\n\n\n\n<li>Pillows and blankets provided<\/li>\n\n\n\n<li>Possibility to install a baby bed<\/li>\n<\/ul>\n<\/div>\n\n\n\n<div class=\"wp-block-column p-2 has-color-3-background-color has-background is-layout-flow wp-block-column-is-layout-flow\">\n<div class=\"titreinvent\"><i class=\"fas fa-utensils\" aria-hidden=\"true\"><\/i> Kitchen\/living room<\/div>\n\n\n\n<ul class=\"ls-list wp-block-list\">\n<li>Fridge\/Freezer<\/li>\n\n\n\n<li>TV<\/li>\n\n\n\n<li>Crockery kit<\/li>\n\n\n\n<li>Household Kit<\/li>\n\n\n\n<li>Electric coffee maker and microwave oven<\/li>\n\n\n\n<li>Toaster and kettle<\/li>\n\n\n\n<li>4-burner gas hob<\/li>\n\n\n\n<li>Living room with bench seat<\/li>\n\n\n\n<li>Washing machine<\/li>\n\n\n\n<li>Clothes dryer<\/li>\n<\/ul>\n<\/div>\n\n\n\n<div class=\"wp-block-column p-2 has-color-3-background-color has-background is-layout-flow wp-block-column-is-layout-flow\">\n<div class=\"titreinvent\"><i class=\"fas fa-shower\" aria-hidden=\"true\"><\/i> Bathroom<\/div>\n\n\n\n<ul class=\"ls-list wp-block-list\">\n<li>2 shower rooms<\/li>\n\n\n\n<li>double washbasin<\/li>\n\n\n\n<li>towel dryer<\/li>\n\n\n\n<li>WC separate<\/li>\n\n\n\n<li>XXL shower<\/li>\n<\/ul>\n<\/div>\n\n\n\n<div class=\"wp-block-column p-2 has-color-3-background-color has-background is-layout-flow wp-block-column-is-layout-flow\">\n<div class=\"titreinvent\"><i class=\"fas fa-sun\" aria-hidden=\"true\"><\/i> Outdoor<\/div>\n\n\n\n<ul class=\"ls-list wp-block-list\">\n<li>Independent entrance<\/li>\n\n\n\n<li>Terrace<\/li>\n\n\n\n<li>Garden<\/li>\n\n\n\n<li>Garage<\/li>\n\n\n\n<li>Parasol<\/li>\n\n\n\n<li>Garden furniture<\/li>\n\n\n\n<li>2 sunbeds \/ deckchairs<\/li>\n\n\n\n<li>2 Chileans<\/li>\n\n\n\n<li>Barbecue<\/li>\n<\/ul>\n<\/div>\n<\/div>\n\n\n\n<ctv-availability data-product-id=\"52729\" data-background-color=\"#FFFFFFFF\"><\/ctv-availability>\n\n\r\n    <\/div>\r\n<\/section>\n\n<section id=\"ls-section-block_d0366d68502d13865c82cae65060bb0a\" class=\"ls-section  has-m-t m-t-0 has-p-t p-t-0\" >\r\n        <div class=\"container container--wide\">\r\n        \n\n<div class=\"wp-block-columns is-layout-flex wp-container-core-columns-is-layout-9d6595d7 wp-block-columns-is-layout-flex\">\n<div class=\"wp-block-column is-layout-flow wp-block-column-is-layout-flow\">\n<h2 class=\"ls__heading has-color-2-color has-text-color wp-block-heading\">Maximum comfort in our g\u00eete<\/h2>\n\n\n\n<p class=\"ls-paragraph\">Would you prefer to rent a g\u00eete near Le Vigan for your next holiday? At <a href=\"\/en\/\">Le Val de l&#8217;Arre campsite<\/a>, you can enjoy the comfort and <strong>spaciousness<\/strong> of a holiday home, while retaining access to the estate&#8217;s leisure facilities: swimming pool, sports fields, grocery shop, entertainment and activities.<\/p>\n\n\n\n<p class=\"ls-paragraph\">In a quiet location behind the campsite&#8217;s farmhouse, the Roudoulouse g\u00eete can accommodate up to <strong>8 people<\/strong> with its 3 bedrooms and two bathrooms. Perfect for a get-together with friends or for a family holiday, it has its own entrance, its own garden, a garage and a terrace.<\/p>\n\n\n\n<p class=\"ls-paragraph\">Renting our g\u00eete in Le Vigan ensures you a <strong>peaceful holiday in the southern C\u00e9v\u00e8nnes<\/strong>, in the comfort of a house and with the friendliness of camping. Perfect to satisfy everyone&#8217;s desire to rest or to take part in family activities for young and old!<\/p>\n<\/div>\n\n\n\n<div class=\"wp-block-column is-layout-flow wp-block-column-is-layout-flow\">\n<h2 class=\"ls__heading has-color-2-color has-text-color wp-block-heading\">A fully equipped g\u00eete in the Gard<\/h2>\n\n\n\n<p class=\"ls-paragraph\">During your family holidays, renting our <a href=\"https:\/\/www.camping-levaldelarre.com\/en\/cheap-camping-vigan\/\">low-cost g\u00eete in the Gard<\/a> allows you to find the comfort you are used to on a daily basis.<\/p>\n\n\n\n<p class=\"ls-paragraph\">Perfect for a green holiday with your children, the g\u00eete de la Roudoulouse offers large indoor living spaces, a garden for playing and a terrace for lounging.<\/p>\n\n\n\n<p class=\"ls-paragraph\">The kitchen is also ideal for preparing all your holiday meals with its full range of cookers and ovens, and a dishwasher. The kitchen is also ideal for preparing all your holiday meals with its <strong>complete cooker<\/strong> (stove and oven) and dishwasher. The comfortable living room has a TV. For a peaceful morning, there are two shower rooms and two toilets, one of which is separate. A little extra: household linen is provided for weekly rentals (sheets, towels and tea towels).<\/p>\n\n\n\n<p class=\"ls-paragraph\">A hotel service that allows you to travel light and free you from the constraints of returning from holiday.<\/p>\n<\/div>\n<\/div>\n\n\r\n    <\/div>\r\n<\/section>\n\n<section id=\"ls-section-block_543207ef0298ef305d9150621bf14eac\" class=\"ls-section  home-third m-t-0 page-five\" >\r\n        <div class=\"container container--wide\">\r\n        \n\n<div id=\"ls-heading ls-titre-div-block_462aa24e11fcddcd63d9516203977e08\" class=\"ls-titre-div aligncenter h2-like has-text-color has-color-2-color\" >\n    Discover the g\u00eetes, the swimming pool and the rates<\/div>\n\n\n<div id=\"ls-maillage-block_31f922048dc1392fe49d260d9eaab56b\" class=\"ls-maillage cta-style-normal\" data-rows=\"3\">\r\n    <div class=\"wp-block-columns\"><div class=\"wp-block-column\"><div class=\"ls-cta\">\n\n<a href=\"https:\/\/www.camping-levaldelarre.com\/en\/rental-gite-vigan\/\" target=\"\" rel=\"noopener\" class=\"ls-cta__link\">\n\n\t<div class=\"ls-cta__image\"><img decoding=\"async\" src=\"https:\/\/www.camping-levaldelarre.com\/wp-content\/uploads\/2022\/11\/gite-vigan-gard-768x512.jpg\" alt=\"gite vigan gard\"><\/div>\n\t<div class=\"ls-cta__title\">\n\t\tOur Gite\t<\/div>\n\n\t\n\t<span class=\"val-de-l-arre-fleche\"><\/span>\n\t\n<\/a><\/div><\/div><div class=\"wp-block-column\"><div class=\"ls-cta\">\n\n<a href=\"https:\/\/www.camping-levaldelarre.com\/en\/camping-pool-heated-vigan\/\" target=\"\" rel=\"noopener\" class=\"ls-cta__link\">\n\n\t<div class=\"ls-cta__image\"><img decoding=\"async\" src=\"https:\/\/www.camping-levaldelarre.com\/wp-content\/uploads\/2022\/11\/camping-avec-piscine-gard.jpg\" alt=\"camping avec piscine \ngard\"><\/div>\n\t<div class=\"ls-cta__title\">\n\t\tNotre Piscine\t<\/div>\n\n\t\n\t<span class=\"val-de-l-arre-fleche\"><\/span>\n\t\n<\/a><\/div><\/div><div class=\"wp-block-column\"><div class=\"ls-cta\">\n\n<a href=\"https:\/\/www.camping-levaldelarre.com\/en\/cheap-camping-vigan\/\" target=\"\" rel=\"noopener\" class=\"ls-cta__link\">\n\n\t<div class=\"ls-cta__image\"><img decoding=\"async\" src=\"https:\/\/www.camping-levaldelarre.com\/wp-content\/uploads\/2022\/11\/camping-petit-prix-vigan.jpg\" alt=\"camping petit prix vigan\"><\/div>\n\t<div class=\"ls-cta__title\">\n\t\tOur rates\t<\/div>\n\n\t\n\t<span class=\"val-de-l-arre-fleche\"><\/span>\n\t\n<\/a><\/div><\/div><\/div><\/div>\n\r\n    <\/div>\r\n<\/section>","protected":false},"excerpt":{"rendered":"","protected":false},"author":1,"featured_media":1904,"parent":0,"menu_order":0,"comment_status":"closed","ping_status":"closed","template":"","meta":{"_acf_changed":false,"footnotes":""},"sujet":[],"class_list":["post-2262","page","type-page","status-publish","has-post-thumbnail","hentry"],"acf":[],"yoast_head":"<!-- This site is optimized with the Yoast SEO plugin v25.3 - https:\/\/yoast.com\/wordpress\/plugins\/seo\/ -->\n<title>Rent a gite in Le Vigan | Gite rental Gard<\/title>\n<meta name=\"robots\" content=\"index, follow, max-snippet:-1, max-image-preview:large, max-video-preview:-1\" \/>\n<link rel=\"canonical\" href=\"https:\/\/www.camping-levaldelarre.com\/en\/rental-gite-vigan\/\" \/>\n<meta property=\"og:locale\" content=\"en_US\" \/>\n<meta property=\"og:type\" content=\"article\" \/>\n<meta property=\"og:title\" content=\"Rent a gite in Le Vigan | Gite rental Gard\" \/>\n<meta property=\"og:url\" content=\"https:\/\/www.camping-levaldelarre.com\/en\/rental-gite-vigan\/\" \/>\n<meta property=\"og:site_name\" content=\"Le Val de l&#039;Arre\" \/>\n<meta property=\"article:modified_time\" content=\"2022-11-28T13:27:28+00:00\" \/>\n<meta property=\"og:image\" content=\"https:\/\/www.camping-levaldelarre.com\/wp-content\/uploads\/2022\/11\/gite-location-vigan.jpg\" \/>\n\t<meta property=\"og:image:width\" content=\"1900\" \/>\n\t<meta property=\"og:image:height\" content=\"600\" \/>\n\t<meta property=\"og:image:type\" content=\"image\/jpeg\" \/>\n<meta name=\"twitter:card\" content=\"summary_large_image\" \/>\n<meta name=\"twitter:label1\" content=\"Est. reading time\" \/>\n\t<meta name=\"twitter:data1\" content=\"4 minutes\" \/>\n<script type=\"application\/ld+json\" class=\"yoast-schema-graph\">{\"@context\":\"https:\/\/schema.org\",\"@graph\":[{\"@type\":\"WebPage\",\"@id\":\"https:\/\/www.camping-levaldelarre.com\/en\/rental-gite-vigan\/\",\"url\":\"https:\/\/www.camping-levaldelarre.com\/en\/rental-gite-vigan\/\",\"name\":\"Rent a gite in Le Vigan | Gite rental Gard\",\"isPartOf\":{\"@id\":\"https:\/\/www.camping-levaldelarre.com\/#website\"},\"primaryImageOfPage\":{\"@id\":\"https:\/\/www.camping-levaldelarre.com\/en\/rental-gite-vigan\/#primaryimage\"},\"image\":{\"@id\":\"https:\/\/www.camping-levaldelarre.com\/en\/rental-gite-vigan\/#primaryimage\"},\"thumbnailUrl\":\"https:\/\/www.camping-levaldelarre.com\/wp-content\/uploads\/2022\/11\/gite-location-vigan.jpg\",\"datePublished\":\"2022-10-21T07:08:45+00:00\",\"dateModified\":\"2022-11-28T13:27:28+00:00\",\"breadcrumb\":{\"@id\":\"https:\/\/www.camping-levaldelarre.com\/en\/rental-gite-vigan\/#breadcrumb\"},\"inLanguage\":\"en-US\",\"potentialAction\":[{\"@type\":\"ReadAction\",\"target\":[\"https:\/\/www.camping-levaldelarre.com\/en\/rental-gite-vigan\/\"]}]},{\"@type\":\"ImageObject\",\"inLanguage\":\"en-US\",\"@id\":\"https:\/\/www.camping-levaldelarre.com\/en\/rental-gite-vigan\/#primaryimage\",\"url\":\"https:\/\/www.camping-levaldelarre.com\/wp-content\/uploads\/2022\/11\/gite-location-vigan.jpg\",\"contentUrl\":\"https:\/\/www.camping-levaldelarre.com\/wp-content\/uploads\/2022\/11\/gite-location-vigan.jpg\",\"width\":1900,\"height\":600,\"caption\":\"gite location vigan\"},{\"@type\":\"BreadcrumbList\",\"@id\":\"https:\/\/www.camping-levaldelarre.com\/en\/rental-gite-vigan\/#breadcrumb\",\"itemListElement\":[{\"@type\":\"ListItem\",\"position\":1,\"name\":\"Camping Gard\",\"item\":\"https:\/\/www.camping-levaldelarre.com\/en\/\"},{\"@type\":\"ListItem\",\"position\":2,\"name\":\"Gite rental in Le Vigan\"}]},{\"@type\":\"WebSite\",\"@id\":\"https:\/\/www.camping-levaldelarre.com\/#website\",\"url\":\"https:\/\/www.camping-levaldelarre.com\/\",\"name\":\"Le Val de l&#039;Arre\",\"description\":\"\",\"publisher\":{\"@id\":\"https:\/\/www.camping-levaldelarre.com\/#organization\"},\"potentialAction\":[{\"@type\":\"SearchAction\",\"target\":{\"@type\":\"EntryPoint\",\"urlTemplate\":\"https:\/\/www.camping-levaldelarre.com\/?s={search_term_string}\"},\"query-input\":{\"@type\":\"PropertyValueSpecification\",\"valueRequired\":true,\"valueName\":\"search_term_string\"}}],\"inLanguage\":\"en-US\"},{\"@type\":\"Organization\",\"@id\":\"https:\/\/www.camping-levaldelarre.com\/#organization\",\"name\":\"Le Val de l&#039;Arre\",\"url\":\"https:\/\/www.camping-levaldelarre.com\/\",\"logo\":{\"@type\":\"ImageObject\",\"inLanguage\":\"en-US\",\"@id\":\"https:\/\/www.camping-levaldelarre.com\/#\/schema\/logo\/image\/\",\"url\":\"https:\/\/www.camping-levaldelarre.com\/wp-content\/uploads\/2022\/10\/logo-le-val-de-l-arre.jpg\",\"contentUrl\":\"https:\/\/www.camping-levaldelarre.com\/wp-content\/uploads\/2022\/10\/logo-le-val-de-l-arre.jpg\",\"width\":370,\"height\":180,\"caption\":\"Le Val de l&#039;Arre\"},\"image\":{\"@id\":\"https:\/\/www.camping-levaldelarre.com\/#\/schema\/logo\/image\/\"}}]}<\/script>\n<!-- \/ Yoast SEO plugin. -->","yoast_head_json":{"title":"Rent a gite in Le Vigan | Gite rental Gard","robots":{"index":"index","follow":"follow","max-snippet":"max-snippet:-1","max-image-preview":"max-image-preview:large","max-video-preview":"max-video-preview:-1"},"canonical":"https:\/\/www.camping-levaldelarre.com\/en\/rental-gite-vigan\/","og_locale":"en_US","og_type":"article","og_title":"Rent a gite in Le Vigan | Gite rental Gard","og_url":"https:\/\/www.camping-levaldelarre.com\/en\/rental-gite-vigan\/","og_site_name":"Le Val de l&#039;Arre","article_modified_time":"2022-11-28T13:27:28+00:00","og_image":[{"width":1900,"height":600,"url":"https:\/\/www.camping-levaldelarre.com\/wp-content\/uploads\/2022\/11\/gite-location-vigan.jpg","type":"image\/jpeg"}],"twitter_card":"summary_large_image","twitter_misc":{"Est. reading time":"4 minutes"},"schema":{"@context":"https:\/\/schema.org","@graph":[{"@type":"WebPage","@id":"https:\/\/www.camping-levaldelarre.com\/en\/rental-gite-vigan\/","url":"https:\/\/www.camping-levaldelarre.com\/en\/rental-gite-vigan\/","name":"Rent a gite in Le Vigan | Gite rental Gard","isPartOf":{"@id":"https:\/\/www.camping-levaldelarre.com\/#website"},"primaryImageOfPage":{"@id":"https:\/\/www.camping-levaldelarre.com\/en\/rental-gite-vigan\/#primaryimage"},"image":{"@id":"https:\/\/www.camping-levaldelarre.com\/en\/rental-gite-vigan\/#primaryimage"},"thumbnailUrl":"https:\/\/www.camping-levaldelarre.com\/wp-content\/uploads\/2022\/11\/gite-location-vigan.jpg","datePublished":"2022-10-21T07:08:45+00:00","dateModified":"2022-11-28T13:27:28+00:00","breadcrumb":{"@id":"https:\/\/www.camping-levaldelarre.com\/en\/rental-gite-vigan\/#breadcrumb"},"inLanguage":"en-US","potentialAction":[{"@type":"ReadAction","target":["https:\/\/www.camping-levaldelarre.com\/en\/rental-gite-vigan\/"]}]},{"@type":"ImageObject","inLanguage":"en-US","@id":"https:\/\/www.camping-levaldelarre.com\/en\/rental-gite-vigan\/#primaryimage","url":"https:\/\/www.camping-levaldelarre.com\/wp-content\/uploads\/2022\/11\/gite-location-vigan.jpg","contentUrl":"https:\/\/www.camping-levaldelarre.com\/wp-content\/uploads\/2022\/11\/gite-location-vigan.jpg","width":1900,"height":600,"caption":"gite location vigan"},{"@type":"BreadcrumbList","@id":"https:\/\/www.camping-levaldelarre.com\/en\/rental-gite-vigan\/#breadcrumb","itemListElement":[{"@type":"ListItem","position":1,"name":"Camping Gard","item":"https:\/\/www.camping-levaldelarre.com\/en\/"},{"@type":"ListItem","position":2,"name":"Gite rental in Le Vigan"}]},{"@type":"WebSite","@id":"https:\/\/www.camping-levaldelarre.com\/#website","url":"https:\/\/www.camping-levaldelarre.com\/","name":"Le Val de l&#039;Arre","description":"","publisher":{"@id":"https:\/\/www.camping-levaldelarre.com\/#organization"},"potentialAction":[{"@type":"SearchAction","target":{"@type":"EntryPoint","urlTemplate":"https:\/\/www.camping-levaldelarre.com\/?s={search_term_string}"},"query-input":{"@type":"PropertyValueSpecification","valueRequired":true,"valueName":"search_term_string"}}],"inLanguage":"en-US"},{"@type":"Organization","@id":"https:\/\/www.camping-levaldelarre.com\/#organization","name":"Le Val de l&#039;Arre","url":"https:\/\/www.camping-levaldelarre.com\/","logo":{"@type":"ImageObject","inLanguage":"en-US","@id":"https:\/\/www.camping-levaldelarre.com\/#\/schema\/logo\/image\/","url":"https:\/\/www.camping-levaldelarre.com\/wp-content\/uploads\/2022\/10\/logo-le-val-de-l-arre.jpg","contentUrl":"https:\/\/www.camping-levaldelarre.com\/wp-content\/uploads\/2022\/10\/logo-le-val-de-l-arre.jpg","width":370,"height":180,"caption":"Le Val de l&#039;Arre"},"image":{"@id":"https:\/\/www.camping-levaldelarre.com\/#\/schema\/logo\/image\/"}}]}},"_links":{"self":[{"href":"https:\/\/www.camping-levaldelarre.com\/en\/wp-json\/wp\/v2\/pages\/2262","targetHints":{"allow":["GET"]}}],"collection":[{"href":"https:\/\/www.camping-levaldelarre.com\/en\/wp-json\/wp\/v2\/pages"}],"about":[{"href":"https:\/\/www.camping-levaldelarre.com\/en\/wp-json\/wp\/v2\/types\/page"}],"author":[{"embeddable":true,"href":"https:\/\/www.camping-levaldelarre.com\/en\/wp-json\/wp\/v2\/users\/1"}],"replies":[{"embeddable":true,"href":"https:\/\/www.camping-levaldelarre.com\/en\/wp-json\/wp\/v2\/comments?post=2262"}],"version-history":[{"count":5,"href":"https:\/\/www.camping-levaldelarre.com\/en\/wp-json\/wp\/v2\/pages\/2262\/revisions"}],"predecessor-version":[{"id":2630,"href":"https:\/\/www.camping-levaldelarre.com\/en\/wp-json\/wp\/v2\/pages\/2262\/revisions\/2630"}],"wp:featuredmedia":[{"embeddable":true,"href":"https:\/\/www.camping-levaldelarre.com\/en\/wp-json\/wp\/v2\/media\/1904"}],"wp:attachment":[{"href":"https:\/\/www.camping-levaldelarre.com\/en\/wp-json\/wp\/v2\/media?parent=2262"}],"wp:term":[{"taxonomy":"sujet","embeddable":true,"href":"https:\/\/www.camping-levaldelarre.com\/en\/wp-json\/wp\/v2\/sujet?post=2262"}],"curies":[{"name":"wp","href":"https:\/\/api.w.org\/{rel}","templated":true}]}}