{"id":2256,"date":"2022-09-27T14:35:29","date_gmt":"2022-09-27T12:35:29","guid":{"rendered":"https:\/\/www.camping-levaldelarre.com\/tourisme-gard\/"},"modified":"2022-11-28T16:09:46","modified_gmt":"2022-11-28T15:09:46","slug":"tourism-gard","status":"publish","type":"page","link":"https:\/\/www.camping-levaldelarre.com\/en\/tourism-gard\/","title":{"rendered":"Gard"},"content":{"rendered":"<section id=\"ls-section-block_a4e9bb9e6a2e9fc23f2d645570c64eb6\" class=\"ls-section  home-first page-one has-p-b p-b-15\" >\r\n        <div class=\"container container--wide\">\r\n        \n\n<div class=\"wp-block-columns is-layout-flex wp-container-core-columns-is-layout-9d6595d7 wp-block-columns-is-layout-flex\">\n<div class=\"wp-block-column is-layout-flow wp-block-column-is-layout-flow\" style=\"flex-basis:25%\">\n<div class=\"wp-block-columns m-b-2 animated fadeInDown slow is-layout-flex wp-container-core-columns-is-layout-9d6595d7 wp-block-columns-is-layout-flex\">\n<div class=\"wp-block-column column-bienvenue has-color-1-background-color has-background is-layout-flow wp-block-column-is-layout-flow\">\n<div id=\"ls-heading ls-titre-div-block_7fa465634c172fa655ded8f5bfe1ad17\" class=\"ls-titre-div h3-like has-text-color has-color-white-color\" >\n    The surroundings of the campsite <strong>Le Val de l&#8217;Arre !<\/strong><\/div>\n\n\n\n<figure class=\"wp-block-image size-full\"><img loading=\"lazy\" decoding=\"async\" width=\"320\" height=\"110\" src=\"https:\/\/www.camping-levaldelarre.com\/wp-content\/uploads\/2022\/09\/camping-le-val-de-l-arre.png\" alt=\"tourisme gard\" class=\"wp-image-311\" srcset=\"https:\/\/www.camping-levaldelarre.com\/wp-content\/uploads\/2022\/09\/camping-le-val-de-l-arre.png 320w, https:\/\/www.camping-levaldelarre.com\/wp-content\/uploads\/2022\/09\/camping-le-val-de-l-arre-300x103.png 300w\" sizes=\"auto, (max-width: 320px) 100vw, 320px\" \/><\/figure>\n<\/div>\n<\/div>\n\n\n\n<figure class=\"wp-block-image size-full animated fadeInLeft delay-200ms slow\"><a href=\"https:\/\/www.camping-levaldelarre.com\/wp-content\/uploads\/2022\/11\/que-faire-gard.jpg\"><img loading=\"lazy\" decoding=\"async\" width=\"500\" height=\"583\" src=\"https:\/\/www.camping-levaldelarre.com\/wp-content\/uploads\/2022\/11\/que-faire-gard.jpg\" alt=\"que faire gard\" class=\"wp-image-1457\" srcset=\"https:\/\/www.camping-levaldelarre.com\/wp-content\/uploads\/2022\/11\/que-faire-gard.jpg 500w, https:\/\/www.camping-levaldelarre.com\/wp-content\/uploads\/2022\/11\/que-faire-gard-257x300.jpg 257w\" sizes=\"auto, (max-width: 500px) 100vw, 500px\" \/><\/a><\/figure>\n<\/div>\n\n\n\n<div class=\"wp-block-column home-first__principal is-layout-flow wp-block-column-is-layout-flow\" style=\"flex-basis:75%\">\n<figure class=\"wp-block-image size-full animated fadeInRight delay-100ms slow\"><a href=\"https:\/\/www.camping-levaldelarre.com\/wp-content\/uploads\/2022\/11\/visite-departement-gard.jpg\"><img loading=\"lazy\" decoding=\"async\" width=\"900\" height=\"600\" src=\"https:\/\/www.camping-levaldelarre.com\/wp-content\/uploads\/2022\/11\/visite-departement-gard.jpg\" alt=\"visite departement gard\" class=\"wp-image-1461\" srcset=\"https:\/\/www.camping-levaldelarre.com\/wp-content\/uploads\/2022\/11\/visite-departement-gard.jpg 900w, https:\/\/www.camping-levaldelarre.com\/wp-content\/uploads\/2022\/11\/visite-departement-gard-300x200.jpg 300w, https:\/\/www.camping-levaldelarre.com\/wp-content\/uploads\/2022\/11\/visite-departement-gard-768x512.jpg 768w\" sizes=\"auto, (max-width: 900px) 100vw, 900px\" \/><\/a><\/figure>\n\n\n\n<h1 class=\"ls__heading has-color-1-color has-text-color wp-block-heading\">The Gard and its unique landscapes<\/h1>\n\n\n\n<div id=\"ls-heading ls-titre-div-block_cc66c4437c7d21eafb7e8dccb396475a\" class=\"ls-titre-div h2-like has-text-color has-color-2-color\" >\n    Must-see sites to visit<\/div>\n\n\n\n<p class=\"ls-paragraph\">From the C\u00e9vennes to the Mediterranean, <a href=\"https:\/\/www.tourismegard.com\/\" target=\"_blank\" rel=\"noreferrer noopener nofollow\">the Gard<\/a> is full of must-see sites, both natural and architectural, including Unesco World Heritage treasures: the famous <strong>Pont du Gard<\/strong>, the jewel in the department&#8217;s crown, as well as the Abbey of Saint-Gilles, the Causses and C\u00e9vennes, and the <strong>Gardon gorges<\/strong><\/p>\n\n\n\n<p class=\"ls-paragraph\">From the mountains to the garrigue, several places classified as &#8220;<strong>Grands Sites de France<\/strong>&#8221; can also be discovered, including the Navacelles cirque and the Camargue.<\/p>\n\n\n\n<p class=\"ls-paragraph\">Marked by the Roman era, the <strong>Gard<\/strong> has some of the most beautiful ancient remains, mainly concentrated in the town of N\u00eemes, where you should not miss the arena, the Maison Carr\u00e9e, the Tour Magne and the castellum.<\/p>\n\n\n\n<p class=\"ls-paragraph\">On the Mediterranean coast, le Grau du Roi and Port-Camargue offer all the pleasures of <strong>seaside and water sports<\/strong>.<\/p>\n<\/div>\n<\/div>\n\n\r\n    <\/div>\r\n<\/section>\n\n<section id=\"ls-section-block_6fc603c9a535c840ed66e44efaf6dd55\" class=\"ls-section  home-fourth m-t-0 page-two p-t-10 has-background has-color-3-background-color has-m-b m-b-0 has-p-t p-t-15 has-p-b p-b-20\" >\r\n        <div class=\"container container--wide\">\r\n        \n\n<div class=\"wp-block-columns is-layout-flex wp-container-core-columns-is-layout-9d6595d7 wp-block-columns-is-layout-flex\">\n<div class=\"wp-block-column animated fadeInLeft slow is-layout-flow wp-block-column-is-layout-flow\" style=\"flex-basis:66.66%\">\n<figure class=\"wp-block-image size-full\"><img loading=\"lazy\" decoding=\"async\" width=\"900\" height=\"600\" src=\"https:\/\/www.camping-levaldelarre.com\/wp-content\/uploads\/2022\/11\/visite-activite-gard.jpg\" alt=\"visite activite gard\" class=\"wp-image-1437\" srcset=\"https:\/\/www.camping-levaldelarre.com\/wp-content\/uploads\/2022\/11\/visite-activite-gard.jpg 900w, https:\/\/www.camping-levaldelarre.com\/wp-content\/uploads\/2022\/11\/visite-activite-gard-300x200.jpg 300w, https:\/\/www.camping-levaldelarre.com\/wp-content\/uploads\/2022\/11\/visite-activite-gard-768x512.jpg 768w\" sizes=\"auto, (max-width: 900px) 100vw, 900px\" \/><\/figure>\n<\/div>\n\n\n\n<div class=\"wp-block-column is-vertically-aligned-center animated fadeInRight delay-200ms slow is-layout-flow wp-block-column-is-layout-flow\" style=\"flex-basis:33.33%\">\n<h2 class=\"ls__heading has-color-2-color has-text-color wp-block-heading\">The Pont du Gard, a Roman aqueduct<\/h2>\n\n\n\n<p class=\"ls-paragraph\">Classified as a <strong>World Heritage Site by Unesco<\/strong>, the Pont du Gard is the masterpiece and best preserved part of a 50-kilometre Roman aqueduct.<\/p>\n\n\n\n<p class=\"ls-paragraph\">Built in the 1st century to supply the Augustan capital with water, the ancient engineers constructed a succession of bridges and tunnels from the source of the Eure, near Uz\u00e8s, to N\u00eemes.<\/p>\n\n\n\n<p class=\"ls-paragraph\">With a length of <strong>275 metres, a height of 49 metres<\/strong> and a total of about 50,000 tonnes of stone, the Pont du Gard is a record-breaker in its own right.<\/p>\n\n\n\n<p class=\"ls-paragraph\">Today, the site is harmoniously arranged with a museum, exhibitions, films, children&#8217;s areas and a swimming area. It is one of the <strong>most visited monuments in France<\/strong>.<\/p>\n<\/div>\n<\/div>\n\n\n\n<div class=\"wp-block-columns column-emplacements m-t-7 is-layout-flex wp-container-core-columns-is-layout-9d6595d7 wp-block-columns-is-layout-flex\">\n<div class=\"wp-block-column is-vertically-aligned-center animated fadeInLeft slow is-layout-flow wp-block-column-is-layout-flow\" style=\"flex-basis:33.33%\">\n<h2 class=\"ls__heading has-color-2-color has-text-color wp-block-heading\" id=\"m-t-10\">Abbaye of Saint-Gilles<\/h2>\n\n\n\n<p class=\"ls-paragraph\">A stopover on the pilgrimage route to <strong>Santiago de Compostela<\/strong>, the abbey church of Saint Gilles is a <strong>UNESCO World Heritage Site<\/strong>.<\/p>\n\n\n\n<p class=\"ls-paragraph\">The story goes that Abbot Gilles the hermit lived here after giving all his possessions to the poor.&nbsp;<\/p>\n\n\n\n<p class=\"ls-paragraph\">His tomb attracted so many pilgrims that a whole town emerged.<\/p>\n\n\n\n<p class=\"ls-paragraph\">Situated not far from Aigues-Mortes, at the gateway to the Camargue, this magnificent Romanesque abbey church has been severely damaged by centuries and conflicts.<\/p>\n\n\n\n<p class=\"ls-paragraph\">Nevertheless, the <strong>Proven\u00e7al Romanesque<\/strong> fa\u00e7ade remains, decorated with delicate sculptures made by the best workshops of the time.<\/p>\n\n\n\n<p class=\"ls-paragraph\">The crypt houses the sarcophagus of Saint Gilles and the famous Vis de Saint Gilles, a rare spiral staircase.<\/p>\n<\/div>\n\n\n\n<div class=\"wp-block-column animated fadeInRight delay-100ms slow is-layout-flow wp-block-column-is-layout-flow\" style=\"flex-basis:66.66%\">\n<figure class=\"wp-block-image size-full\"><img loading=\"lazy\" decoding=\"async\" width=\"900\" height=\"600\" src=\"https:\/\/www.camping-levaldelarre.com\/wp-content\/uploads\/2022\/11\/tourisme-gard-abbaye.jpg\" alt=\"tourisme gard abbaye\" class=\"wp-image-1453\" srcset=\"https:\/\/www.camping-levaldelarre.com\/wp-content\/uploads\/2022\/11\/tourisme-gard-abbaye.jpg 900w, https:\/\/www.camping-levaldelarre.com\/wp-content\/uploads\/2022\/11\/tourisme-gard-abbaye-300x200.jpg 300w, https:\/\/www.camping-levaldelarre.com\/wp-content\/uploads\/2022\/11\/tourisme-gard-abbaye-768x512.jpg 768w\" sizes=\"auto, (max-width: 900px) 100vw, 900px\" \/><\/figure>\n<\/div>\n<\/div>\n\n\r\n    <\/div>\r\n<\/section>\n\n\n<div class=\"wp-block-columns is-layout-flex wp-container-core-columns-is-layout-9d6595d7 wp-block-columns-is-layout-flex\">\n<div class=\"wp-block-column is-layout-flow wp-block-column-is-layout-flow\" style=\"flex-basis:100%\"><section id=\"ls-section-block_18b95c635ab91f6cb2d28a9d3cd63800\" class=\"ls-section  page-four has-background-image has-parallax has-m-t m-t-0 has-m-b m-b-10 has-p-t p-t-20 has-p-b p-b-5\" >\r\n    <div class=\"ls-section__background-image opacity-100\"><img decoding=\"async\" src=\"https:\/\/www.camping-levaldelarre.com\/wp-content\/uploads\/2022\/11\/visiter-gard.jpg\" alt=\"visiter gard\"><\/div>    <div class=\"container container--small\">\r\n        \n\n<h2 class=\"ls__heading has-text-align-center has-color-2-color has-text-color wp-block-heading\">Villages to visit in the Gard<\/h2>\n\n\n\n<p class=\"ls-paragraph has-text-align-center\">Among the must-see tourist attractions in the Gard are a number of authentic and picturesque villages in whose narrow streets it is pleasant to stroll. Several towns are classified as among the Most Beautiful Villages in France, such as the fortress of Aigu\u00e8ze, the medieval village of Montclus, La Roque-sur-C\u00e8ze and Lussan.<\/p>\n\n\n\n<p class=\"ls-paragraph has-text-align-center\">Other villages of character are not to be missed, including the renaissance town of Barjac and the medieval town of V\u00e9z\u00e9nobres. The cities of Art and History of N\u00eemes, Uz\u00e8s and Beaucaire are also full of major tourist sites in the Gard, museums and remarkable monuments.<\/p>\n\n\r\n    <\/div>\r\n<\/section><\/div>\n<\/div>\n\n\n<section id=\"ls-section-block_61d07666872b9de11cea1ffbd5825645\" class=\"ls-section  home-fourth m-t-0 page-two p-t-10 has-background has-color-3-background-color has-m-b m-b-0 has-p-t p-t-15 has-p-b p-b-15\" >\r\n        <div class=\"container container--wide\">\r\n        \n\n<div class=\"wp-block-columns is-layout-flex wp-container-core-columns-is-layout-9d6595d7 wp-block-columns-is-layout-flex\">\n<div class=\"wp-block-column animated fadeInLeft slow is-layout-flow wp-block-column-is-layout-flow\" style=\"flex-basis:66.66%\">\n<figure class=\"wp-block-image size-full\"><img loading=\"lazy\" decoding=\"async\" width=\"900\" height=\"600\" src=\"https:\/\/www.camping-levaldelarre.com\/wp-content\/uploads\/2022\/11\/tourisme-activita-gard.jpg\" alt=\"tourisme activite gard\" class=\"wp-image-1448\" srcset=\"https:\/\/www.camping-levaldelarre.com\/wp-content\/uploads\/2022\/11\/tourisme-activita-gard.jpg 900w, https:\/\/www.camping-levaldelarre.com\/wp-content\/uploads\/2022\/11\/tourisme-activita-gard-300x200.jpg 300w, https:\/\/www.camping-levaldelarre.com\/wp-content\/uploads\/2022\/11\/tourisme-activita-gard-768x512.jpg 768w\" sizes=\"auto, (max-width: 900px) 100vw, 900px\" \/><\/figure>\n<\/div>\n\n\n\n<div class=\"wp-block-column is-vertically-aligned-center animated fadeInRight delay-200ms slow is-layout-flow wp-block-column-is-layout-flow\" style=\"flex-basis:33.33%\">\n<h2 class=\"ls__heading has-color-2-color has-text-color wp-block-heading\">Discover the activities to do in the Gard<\/h2>\n\n\n\n<p class=\"ls-paragraph\"><strong>Tourism in the Gard<\/strong> has the particularity of offering a wide variety of activities and leisure activities.<\/p>\n\n\n\n<p class=\"ls-paragraph\">The <a href=\"https:\/\/www.camping-levaldelarre.com\/en\/rent-pitch-vigan\/\">campsite in Le Vigan<\/a> is located only 1h15 from the Mediterranean, its beaches and ports.<\/p>\n\n\n\n<p class=\"ls-paragraph\">You can go on original outings, such as a visit to the Demoiselles cave or the Aigoual observatory, but also enjoy numerous<strong> outdoor activities<\/strong> : hiking in the Navacelles cirque, water sports in the H\u00e9rault gorges, horse riding in the Camargue, canoeing and canyoning around the Pont du Gard, or caving in the Bramabiau abyss.<\/p>\n\n\n\n<p class=\"ls-paragraph\">For your shopping desires, head for the city centres of N\u00eemes or Montpellier.<\/p>\n<\/div>\n<\/div>\n\n\r\n    <\/div>\r\n<\/section>\n\n<section id=\"ls-section-block_07ac0013f5a5f5f37de716ac3f2f7726\" class=\"ls-section  home-third m-t-0 page-five has-m-t m-t-0\" >\r\n        <div class=\"container container--wide\">\r\n        \n\n<div id=\"ls-heading ls-titre-div-block_2772df2b8fc000dc2e843adaf5882cdb\" class=\"ls-titre-div aligncenter h2-like has-text-color has-color-2-color\" >\n    Discover the rates, activities and hikes of the campsite<\/div>\n\n\n<div id=\"ls-maillage-block_6612acf95495590dcccaece0d8f2dcb9\" class=\"ls-maillage cta-style-normal\" data-rows=\"3\">\r\n    <div class=\"wp-block-columns\"><div class=\"wp-block-column\"><div class=\"ls-cta\">\n\n<a href=\"https:\/\/www.camping-levaldelarre.com\/en\/camping-activities-vigan\/\" target=\"\" rel=\"noopener\" class=\"ls-cta__link\">\n\n\t<div class=\"ls-cta__image\"><img decoding=\"async\" src=\"https:\/\/www.camping-levaldelarre.com\/wp-content\/uploads\/2022\/11\/camping-activite-gard.jpg\" alt=\"camping activite gard\"><\/div>\n\t<div class=\"ls-cta__title\">\n\t\tOur activities\t<\/div>\n\n\t\n\t<span class=\"val-de-l-arre-fleche\"><\/span>\n\t\n<\/a><\/div><\/div><div class=\"wp-block-column\"><div class=\"ls-cta\">\n\n<a href=\"https:\/\/www.camping-levaldelarre.com\/en\/camping-hikes-vigan\/\" target=\"\" rel=\"noopener\" class=\"ls-cta__link\">\n\n\t<div class=\"ls-cta__image\"><img decoding=\"async\" src=\"https:\/\/www.camping-levaldelarre.com\/wp-content\/uploads\/2022\/11\/camping-randonnees-famille-vigan.jpg\" alt=\"camping randonn\u00e9es famille\"><\/div>\n\t<div class=\"ls-cta__title\">\n\t\tThe walks\t<\/div>\n\n\t\n\t<span class=\"val-de-l-arre-fleche\"><\/span>\n\t\n<\/a><\/div><\/div><div class=\"wp-block-column\"><div class=\"ls-cta\">\n\n<a href=\"https:\/\/www.camping-levaldelarre.com\/en\/cheap-camping-vigan\/\" target=\"\" rel=\"noopener\" class=\"ls-cta__link\">\n\n\t<div class=\"ls-cta__image\"><img decoding=\"async\" src=\"https:\/\/www.camping-levaldelarre.com\/wp-content\/uploads\/2022\/11\/camping-petit-prix-vigan.jpg\" alt=\"camping petit prix vigan\"><\/div>\n\t<div class=\"ls-cta__title\">\n\t\tOur rates\t<\/div>\n\n\t\n\t<span class=\"val-de-l-arre-fleche\"><\/span>\n\t\n<\/a><\/div><\/div><\/div><\/div>\n\r\n    <\/div>\r\n<\/section>","protected":false},"excerpt":{"rendered":"","protected":false},"author":1,"featured_media":1435,"parent":0,"menu_order":0,"comment_status":"closed","ping_status":"closed","template":"","meta":{"_acf_changed":false,"footnotes":""},"sujet":[],"class_list":["post-2256","page","type-page","status-publish","has-post-thumbnail","hentry"],"acf":[],"yoast_head":"<!-- This site is optimized with the Yoast SEO plugin v25.3 - https:\/\/yoast.com\/wordpress\/plugins\/seo\/ -->\n<title>Tourism in the Gard | Visits and activities to do Gard<\/title>\n<meta name=\"robots\" content=\"index, follow, max-snippet:-1, max-image-preview:large, max-video-preview:-1\" \/>\n<link rel=\"canonical\" href=\"https:\/\/www.camping-levaldelarre.com\/en\/tourism-gard\/\" \/>\n<meta property=\"og:locale\" content=\"en_US\" \/>\n<meta property=\"og:type\" content=\"article\" \/>\n<meta property=\"og:title\" content=\"Tourism in the Gard | Visits and activities to do Gard\" \/>\n<meta property=\"og:url\" content=\"https:\/\/www.camping-levaldelarre.com\/en\/tourism-gard\/\" \/>\n<meta property=\"og:site_name\" content=\"Le Val de l&#039;Arre\" \/>\n<meta property=\"article:modified_time\" content=\"2022-11-28T15:09:46+00:00\" \/>\n<meta property=\"og:image\" content=\"https:\/\/www.camping-levaldelarre.com\/wp-content\/uploads\/2022\/11\/tourisme-gard.jpg\" \/>\n\t<meta property=\"og:image:width\" content=\"1900\" \/>\n\t<meta property=\"og:image:height\" content=\"600\" \/>\n\t<meta property=\"og:image:type\" content=\"image\/jpeg\" \/>\n<meta name=\"twitter:card\" content=\"summary_large_image\" \/>\n<meta name=\"twitter:label1\" content=\"Est. reading time\" \/>\n\t<meta name=\"twitter:data1\" content=\"5 minutes\" \/>\n<script type=\"application\/ld+json\" class=\"yoast-schema-graph\">{\"@context\":\"https:\/\/schema.org\",\"@graph\":[{\"@type\":\"WebPage\",\"@id\":\"https:\/\/www.camping-levaldelarre.com\/en\/tourism-gard\/\",\"url\":\"https:\/\/www.camping-levaldelarre.com\/en\/tourism-gard\/\",\"name\":\"Tourism in the Gard | Visits and activities to do Gard\",\"isPartOf\":{\"@id\":\"https:\/\/www.camping-levaldelarre.com\/#website\"},\"primaryImageOfPage\":{\"@id\":\"https:\/\/www.camping-levaldelarre.com\/en\/tourism-gard\/#primaryimage\"},\"image\":{\"@id\":\"https:\/\/www.camping-levaldelarre.com\/en\/tourism-gard\/#primaryimage\"},\"thumbnailUrl\":\"https:\/\/www.camping-levaldelarre.com\/wp-content\/uploads\/2022\/11\/tourisme-gard.jpg\",\"datePublished\":\"2022-09-27T12:35:29+00:00\",\"dateModified\":\"2022-11-28T15:09:46+00:00\",\"breadcrumb\":{\"@id\":\"https:\/\/www.camping-levaldelarre.com\/en\/tourism-gard\/#breadcrumb\"},\"inLanguage\":\"en-US\",\"potentialAction\":[{\"@type\":\"ReadAction\",\"target\":[\"https:\/\/www.camping-levaldelarre.com\/en\/tourism-gard\/\"]}]},{\"@type\":\"ImageObject\",\"inLanguage\":\"en-US\",\"@id\":\"https:\/\/www.camping-levaldelarre.com\/en\/tourism-gard\/#primaryimage\",\"url\":\"https:\/\/www.camping-levaldelarre.com\/wp-content\/uploads\/2022\/11\/tourisme-gard.jpg\",\"contentUrl\":\"https:\/\/www.camping-levaldelarre.com\/wp-content\/uploads\/2022\/11\/tourisme-gard.jpg\",\"width\":1900,\"height\":600,\"caption\":\"tourisme gard\"},{\"@type\":\"BreadcrumbList\",\"@id\":\"https:\/\/www.camping-levaldelarre.com\/en\/tourism-gard\/#breadcrumb\",\"itemListElement\":[{\"@type\":\"ListItem\",\"position\":1,\"name\":\"Camping Gard\",\"item\":\"https:\/\/www.camping-levaldelarre.com\/en\/\"},{\"@type\":\"ListItem\",\"position\":2,\"name\":\"Visit the Gard\"}]},{\"@type\":\"WebSite\",\"@id\":\"https:\/\/www.camping-levaldelarre.com\/#website\",\"url\":\"https:\/\/www.camping-levaldelarre.com\/\",\"name\":\"Le Val de l&#039;Arre\",\"description\":\"\",\"publisher\":{\"@id\":\"https:\/\/www.camping-levaldelarre.com\/#organization\"},\"potentialAction\":[{\"@type\":\"SearchAction\",\"target\":{\"@type\":\"EntryPoint\",\"urlTemplate\":\"https:\/\/www.camping-levaldelarre.com\/?s={search_term_string}\"},\"query-input\":{\"@type\":\"PropertyValueSpecification\",\"valueRequired\":true,\"valueName\":\"search_term_string\"}}],\"inLanguage\":\"en-US\"},{\"@type\":\"Organization\",\"@id\":\"https:\/\/www.camping-levaldelarre.com\/#organization\",\"name\":\"Le Val de l&#039;Arre\",\"url\":\"https:\/\/www.camping-levaldelarre.com\/\",\"logo\":{\"@type\":\"ImageObject\",\"inLanguage\":\"en-US\",\"@id\":\"https:\/\/www.camping-levaldelarre.com\/#\/schema\/logo\/image\/\",\"url\":\"https:\/\/www.camping-levaldelarre.com\/wp-content\/uploads\/2022\/10\/logo-le-val-de-l-arre.jpg\",\"contentUrl\":\"https:\/\/www.camping-levaldelarre.com\/wp-content\/uploads\/2022\/10\/logo-le-val-de-l-arre.jpg\",\"width\":370,\"height\":180,\"caption\":\"Le Val de l&#039;Arre\"},\"image\":{\"@id\":\"https:\/\/www.camping-levaldelarre.com\/#\/schema\/logo\/image\/\"}}]}<\/script>\n<!-- \/ Yoast SEO plugin. -->","yoast_head_json":{"title":"Tourism in the Gard | Visits and activities to do Gard","robots":{"index":"index","follow":"follow","max-snippet":"max-snippet:-1","max-image-preview":"max-image-preview:large","max-video-preview":"max-video-preview:-1"},"canonical":"https:\/\/www.camping-levaldelarre.com\/en\/tourism-gard\/","og_locale":"en_US","og_type":"article","og_title":"Tourism in the Gard | Visits and activities to do Gard","og_url":"https:\/\/www.camping-levaldelarre.com\/en\/tourism-gard\/","og_site_name":"Le Val de l&#039;Arre","article_modified_time":"2022-11-28T15:09:46+00:00","og_image":[{"width":1900,"height":600,"url":"https:\/\/www.camping-levaldelarre.com\/wp-content\/uploads\/2022\/11\/tourisme-gard.jpg","type":"image\/jpeg"}],"twitter_card":"summary_large_image","twitter_misc":{"Est. reading time":"5 minutes"},"schema":{"@context":"https:\/\/schema.org","@graph":[{"@type":"WebPage","@id":"https:\/\/www.camping-levaldelarre.com\/en\/tourism-gard\/","url":"https:\/\/www.camping-levaldelarre.com\/en\/tourism-gard\/","name":"Tourism in the Gard | Visits and activities to do Gard","isPartOf":{"@id":"https:\/\/www.camping-levaldelarre.com\/#website"},"primaryImageOfPage":{"@id":"https:\/\/www.camping-levaldelarre.com\/en\/tourism-gard\/#primaryimage"},"image":{"@id":"https:\/\/www.camping-levaldelarre.com\/en\/tourism-gard\/#primaryimage"},"thumbnailUrl":"https:\/\/www.camping-levaldelarre.com\/wp-content\/uploads\/2022\/11\/tourisme-gard.jpg","datePublished":"2022-09-27T12:35:29+00:00","dateModified":"2022-11-28T15:09:46+00:00","breadcrumb":{"@id":"https:\/\/www.camping-levaldelarre.com\/en\/tourism-gard\/#breadcrumb"},"inLanguage":"en-US","potentialAction":[{"@type":"ReadAction","target":["https:\/\/www.camping-levaldelarre.com\/en\/tourism-gard\/"]}]},{"@type":"ImageObject","inLanguage":"en-US","@id":"https:\/\/www.camping-levaldelarre.com\/en\/tourism-gard\/#primaryimage","url":"https:\/\/www.camping-levaldelarre.com\/wp-content\/uploads\/2022\/11\/tourisme-gard.jpg","contentUrl":"https:\/\/www.camping-levaldelarre.com\/wp-content\/uploads\/2022\/11\/tourisme-gard.jpg","width":1900,"height":600,"caption":"tourisme gard"},{"@type":"BreadcrumbList","@id":"https:\/\/www.camping-levaldelarre.com\/en\/tourism-gard\/#breadcrumb","itemListElement":[{"@type":"ListItem","position":1,"name":"Camping Gard","item":"https:\/\/www.camping-levaldelarre.com\/en\/"},{"@type":"ListItem","position":2,"name":"Visit the Gard"}]},{"@type":"WebSite","@id":"https:\/\/www.camping-levaldelarre.com\/#website","url":"https:\/\/www.camping-levaldelarre.com\/","name":"Le Val de l&#039;Arre","description":"","publisher":{"@id":"https:\/\/www.camping-levaldelarre.com\/#organization"},"potentialAction":[{"@type":"SearchAction","target":{"@type":"EntryPoint","urlTemplate":"https:\/\/www.camping-levaldelarre.com\/?s={search_term_string}"},"query-input":{"@type":"PropertyValueSpecification","valueRequired":true,"valueName":"search_term_string"}}],"inLanguage":"en-US"},{"@type":"Organization","@id":"https:\/\/www.camping-levaldelarre.com\/#organization","name":"Le Val de l&#039;Arre","url":"https:\/\/www.camping-levaldelarre.com\/","logo":{"@type":"ImageObject","inLanguage":"en-US","@id":"https:\/\/www.camping-levaldelarre.com\/#\/schema\/logo\/image\/","url":"https:\/\/www.camping-levaldelarre.com\/wp-content\/uploads\/2022\/10\/logo-le-val-de-l-arre.jpg","contentUrl":"https:\/\/www.camping-levaldelarre.com\/wp-content\/uploads\/2022\/10\/logo-le-val-de-l-arre.jpg","width":370,"height":180,"caption":"Le Val de l&#039;Arre"},"image":{"@id":"https:\/\/www.camping-levaldelarre.com\/#\/schema\/logo\/image\/"}}]}},"_links":{"self":[{"href":"https:\/\/www.camping-levaldelarre.com\/en\/wp-json\/wp\/v2\/pages\/2256","targetHints":{"allow":["GET"]}}],"collection":[{"href":"https:\/\/www.camping-levaldelarre.com\/en\/wp-json\/wp\/v2\/pages"}],"about":[{"href":"https:\/\/www.camping-levaldelarre.com\/en\/wp-json\/wp\/v2\/types\/page"}],"author":[{"embeddable":true,"href":"https:\/\/www.camping-levaldelarre.com\/en\/wp-json\/wp\/v2\/users\/1"}],"replies":[{"embeddable":true,"href":"https:\/\/www.camping-levaldelarre.com\/en\/wp-json\/wp\/v2\/comments?post=2256"}],"version-history":[{"count":3,"href":"https:\/\/www.camping-levaldelarre.com\/en\/wp-json\/wp\/v2\/pages\/2256\/revisions"}],"predecessor-version":[{"id":2660,"href":"https:\/\/www.camping-levaldelarre.com\/en\/wp-json\/wp\/v2\/pages\/2256\/revisions\/2660"}],"wp:featuredmedia":[{"embeddable":true,"href":"https:\/\/www.camping-levaldelarre.com\/en\/wp-json\/wp\/v2\/media\/1435"}],"wp:attachment":[{"href":"https:\/\/www.camping-levaldelarre.com\/en\/wp-json\/wp\/v2\/media?parent=2256"}],"wp:term":[{"taxonomy":"sujet","embeddable":true,"href":"https:\/\/www.camping-levaldelarre.com\/en\/wp-json\/wp\/v2\/sujet?post=2256"}],"curies":[{"name":"wp","href":"https:\/\/api.w.org\/{rel}","templated":true}]}}