{"id":2340,"date":"2022-09-27T14:35:55","date_gmt":"2022-09-27T12:35:55","guid":{"rendered":"https:\/\/www.camping-levaldelarre.com\/contact-et-acces\/"},"modified":"2022-11-28T09:32:51","modified_gmt":"2022-11-28T08:32:51","slug":"kontakt-und-acces","status":"publish","type":"page","link":"https:\/\/www.camping-levaldelarre.com\/de\/kontakt-und-acces\/","title":{"rendered":"Contact et acc\u00e8s"},"content":{"rendered":"<section id=\"ls-section-block_1ee44053c5668ea77bedb71b779f92cd\" class=\"ls-section  p-t-0 contact-one m-b-0 has-background has-color-white-background-color\" >\r\n        <div class=\"container container--wide\">\r\n        \n\n<h1 class=\"ls__heading has-text-align-center m-t-0 has-color-1-color has-text-color wp-block-heading\">Kontakt und Zugang<\/h1>\n\n\n\n<div class=\"wp-block-columns has-color-white-background-color has-background is-layout-flex wp-container-core-columns-is-layout-9d6595d7 wp-block-columns-is-layout-flex\">\n<div class=\"wp-block-column is-vertically-aligned-center is-layout-flow wp-block-column-is-layout-flow\">\n<h2 class=\"ls__heading m-t-0 has-color-2-color has-text-color wp-block-heading\">Kontaktieren Sie uns<\/h2>\n\n\n\n<p class=\"ls-paragraph\">Das gesamte Team des <a href=\"\/de\/\">Campingplatzes<\/a> im Departement Gard hei\u00dft Sie f\u00fcr Ihren Aufenthalt herzlich willkommen. Wenn Sie Fragen zu unseren Mietunterk\u00fcnften oder zum Campingplatz haben, z\u00f6gern Sie bitte nicht, uns zu kontaktieren:<\/p>\n\n\n\n<ul class=\"ls-list wp-block-list\">\n<li>per Telefon : <strong>04 67 81 02 77<\/strong>, <\/li>\n\n\n\n<li>per Mail <strong>valdelarre@wanadoo.fr<\/strong> <\/li>\n\n\n\n<li>oder \u00fcber das Kontaktformular :<\/li>\n<\/ul>\n\n\n\n<p class=\"ls-paragraph\">Wir werden Ihnen so schnell wie m\u00f6glich antworten.<\/p>\n\n\n<div class=\"wp-block-image\">\n<figure class=\"aligncenter size-full\"><img decoding=\"async\" src=\"https:\/\/www.camping-levaldelarre.com\/wp-content\/uploads\/2022\/10\/camping-familial-le-vigan.jpg\" alt=\"camping familial le vigan\" class=\"wp-image-1067\"\/><\/figure>\n<\/div><\/div>\n\n\n\n<div class=\"wp-block-column is-vertically-aligned-center is-layout-flow wp-block-column-is-layout-flow\">\n<div class=\"wpcf7 no-js\" id=\"wpcf7-f2396-o1\" lang=\"fr-FR\" dir=\"ltr\" data-wpcf7-id=\"2396\">\n<div class=\"screen-reader-response\"><p role=\"status\" aria-live=\"polite\" aria-atomic=\"true\"><\/p> <ul><\/ul><\/div>\n<form action=\"\/de\/wp-json\/wp\/v2\/pages\/2340#wpcf7-f2396-o1\" method=\"post\" class=\"wpcf7-form init\" aria-label=\"Formulaire de contact\" novalidate=\"novalidate\" data-status=\"init\">\n<div style=\"display: none;\">\n<input type=\"hidden\" name=\"_wpcf7\" value=\"2396\" \/>\n<input type=\"hidden\" name=\"_wpcf7_version\" value=\"6.0\" \/>\n<input type=\"hidden\" name=\"_wpcf7_locale\" value=\"fr_FR\" \/>\n<input type=\"hidden\" name=\"_wpcf7_unit_tag\" value=\"wpcf7-f2396-o1\" \/>\n<input type=\"hidden\" name=\"_wpcf7_container_post\" value=\"0\" \/>\n<input type=\"hidden\" name=\"_wpcf7_posted_data_hash\" value=\"\" \/>\n<input type=\"hidden\" name=\"_wpcf7_recaptcha_response\" value=\"\" \/>\n<\/div>\n<p><label> Ihr Name<br \/>\n<span class=\"wpcf7-form-control-wrap\" data-name=\"your-name\"><input size=\"40\" maxlength=\"400\" class=\"wpcf7-form-control wpcf7-text wpcf7-validates-as-required\" aria-required=\"true\" aria-invalid=\"false\" value=\"\" type=\"text\" name=\"your-name\" \/><\/span> <\/label>\n<\/p>\n<p><label> Ihre E-Mail<br \/>\n<span class=\"wpcf7-form-control-wrap\" data-name=\"your-email\"><input size=\"40\" maxlength=\"400\" class=\"wpcf7-form-control wpcf7-email wpcf7-validates-as-required wpcf7-text wpcf7-validates-as-email\" aria-required=\"true\" aria-invalid=\"false\" value=\"\" type=\"email\" name=\"your-email\" \/><\/span> <\/label>\n<\/p>\n<p><label> Objekt<br \/>\n<span class=\"wpcf7-form-control-wrap\" data-name=\"your-subject\"><input size=\"40\" maxlength=\"400\" class=\"wpcf7-form-control wpcf7-text wpcf7-validates-as-required\" aria-required=\"true\" aria-invalid=\"false\" value=\"\" type=\"text\" name=\"your-subject\" \/><\/span> <\/label>\n<\/p>\n<p><label> Ihre Nachricht<br \/>\n<span class=\"wpcf7-form-control-wrap\" data-name=\"your-message\"><textarea cols=\"40\" rows=\"10\" maxlength=\"2000\" class=\"wpcf7-form-control wpcf7-textarea wpcf7-validates-as-required\" aria-required=\"true\" aria-invalid=\"false\" name=\"your-message\"><\/textarea><\/span> <\/label>\n<\/p>\n<p><span class=\"wpcf7-form-control-wrap\" data-name=\"acceptance-553\"><span class=\"wpcf7-form-control wpcf7-acceptance\"><span class=\"wpcf7-list-item\"><label><input type=\"checkbox\" name=\"acceptance-553\" value=\"1\" aria-invalid=\"false\" \/><span class=\"wpcf7-list-item-label\">Indem ich dieses K\u00e4stchen ankreuze, stimme ich der <a href=\"\/de\/datenschutzrichtlinie\/\" rel=\"nofollow\" target=\"_blank\">Datenschutzrichtlinie<\/a> dieser Seite.<\/span><\/label><\/span><\/span><\/span><br \/>\n<input class=\"wpcf7-form-control wpcf7-submit has-spinner\" type=\"submit\" value=\"Senden Sie\" \/>\n<\/p><input type='hidden' class='wpcf7-pum' value='{\"closepopup\":false,\"closedelay\":0,\"openpopup\":false,\"openpopup_id\":0}' \/><div class=\"wpcf7-response-output\" aria-hidden=\"true\"><\/div>\n<\/form>\n<\/div>\n\n<\/div>\n<\/div>\n\n\r\n    <\/div>\r\n<\/section>\n\n<section id=\"ls-section-block_484bc2896995c3a2be4bdd60cf3ae42c\" class=\"ls-section  m-t-0 m-b-0 has-background has-color-3-background-color\" >\r\n        <div class=\"container container--wide\">\r\n        \n\n<div class=\"wp-block-columns is-layout-flex wp-container-core-columns-is-layout-9d6595d7 wp-block-columns-is-layout-flex\">\n<div class=\"wp-block-column is-layout-flow wp-block-column-is-layout-flow\">\n<iframe src=\"https:\/\/www.google.com\/maps\/embed?pb=!1m18!1m12!1m3!1d127107.32753261486!2d3.518561719317693!3d43.99649539083098!2m3!1f0!2f0!3f0!3m2!1i1024!2i768!4f13.1!3m3!1m2!1s0x12b3f244bb46ed77%3A0x5cf149f9b780e8a7!2sCamping%20Le%20Val%20de%20L'Arre!5e0!3m2!1sfr!2sfr!4v1667818079318!5m2!1sfr!2sfr\" width=\"100%\" height=\"500\" style=\"border:0;\" allowfullscreen=\"\" loading=\"lazy\" referrerpolicy=\"no-referrer-when-downgrade\"><\/iframe>\n<\/div>\n\n\n\n<div class=\"wp-block-column is-vertically-aligned-center is-layout-flow wp-block-column-is-layout-flow\">\n<h2 class=\"ls__heading has-color-2-color has-text-color wp-block-heading\">Zum Campingplatz kommen<\/h2>\n\n\n\n<p class=\"ls-paragraph\">Das Val de l&#8217;Arre ist in der Waze-App vertreten!<\/p>\n\n\n\n<p class=\"ls-paragraph\">Stra\u00dfe Pont de la Croix<br>Gesagter Ort Roudoulouse<br>30120 Le Vigan<\/p>\n\n\n\n<p class=\"ls-paragraph\">GPS : <strong>43.99213036748219, 3.637450178957097<\/strong><\/p>\n<\/div>\n<\/div>\n\n\r\n    <\/div>\r\n<\/section>","protected":false},"excerpt":{"rendered":"","protected":false},"author":1,"featured_media":1515,"parent":0,"menu_order":0,"comment_status":"closed","ping_status":"closed","template":"","meta":{"_acf_changed":false,"footnotes":""},"sujet":[],"class_list":["post-2340","page","type-page","status-publish","has-post-thumbnail","hentry"],"acf":[],"yoast_head":"<!-- This site is optimized with the Yoast SEO plugin v25.3 - https:\/\/yoast.com\/wordpress\/plugins\/seo\/ -->\n<title>Kontakt Campingplatz in Le Vigan | Anreise zum Campingplatz Gard<\/title>\n<meta name=\"robots\" content=\"index, follow, max-snippet:-1, max-image-preview:large, max-video-preview:-1\" \/>\n<link rel=\"canonical\" href=\"https:\/\/www.camping-levaldelarre.com\/de\/kontakt-und-acces\/\" \/>\n<meta property=\"og:locale\" content=\"de_DE\" \/>\n<meta property=\"og:type\" content=\"article\" \/>\n<meta property=\"og:title\" content=\"Kontakt Campingplatz in Le Vigan | Anreise zum Campingplatz Gard\" \/>\n<meta property=\"og:url\" content=\"https:\/\/www.camping-levaldelarre.com\/de\/kontakt-und-acces\/\" \/>\n<meta property=\"og:site_name\" content=\"Le Val de l&#039;Arre\" \/>\n<meta property=\"article:modified_time\" content=\"2022-11-28T08:32:51+00:00\" \/>\n<meta property=\"og:image\" content=\"https:\/\/www.camping-levaldelarre.com\/wp-content\/uploads\/2022\/11\/camping-labellise-vigan.jpg\" \/>\n\t<meta property=\"og:image:width\" content=\"1900\" \/>\n\t<meta property=\"og:image:height\" content=\"600\" \/>\n\t<meta property=\"og:image:type\" content=\"image\/jpeg\" \/>\n<meta name=\"twitter:card\" content=\"summary_large_image\" \/>\n<meta name=\"twitter:label1\" content=\"Gesch\u00e4tzte Lesezeit\" \/>\n\t<meta name=\"twitter:data1\" content=\"1\u00a0Minute\" \/>\n<script type=\"application\/ld+json\" class=\"yoast-schema-graph\">{\"@context\":\"https:\/\/schema.org\",\"@graph\":[{\"@type\":\"WebPage\",\"@id\":\"https:\/\/www.camping-levaldelarre.com\/de\/kontakt-und-acces\/\",\"url\":\"https:\/\/www.camping-levaldelarre.com\/de\/kontakt-und-acces\/\",\"name\":\"Kontakt Campingplatz in Le Vigan | Anreise zum Campingplatz Gard\",\"isPartOf\":{\"@id\":\"https:\/\/www.camping-levaldelarre.com\/#website\"},\"primaryImageOfPage\":{\"@id\":\"https:\/\/www.camping-levaldelarre.com\/de\/kontakt-und-acces\/#primaryimage\"},\"image\":{\"@id\":\"https:\/\/www.camping-levaldelarre.com\/de\/kontakt-und-acces\/#primaryimage\"},\"thumbnailUrl\":\"https:\/\/www.camping-levaldelarre.com\/wp-content\/uploads\/2022\/11\/camping-labellise-vigan.jpg\",\"datePublished\":\"2022-09-27T12:35:55+00:00\",\"dateModified\":\"2022-11-28T08:32:51+00:00\",\"breadcrumb\":{\"@id\":\"https:\/\/www.camping-levaldelarre.com\/de\/kontakt-und-acces\/#breadcrumb\"},\"inLanguage\":\"de\",\"potentialAction\":[{\"@type\":\"ReadAction\",\"target\":[\"https:\/\/www.camping-levaldelarre.com\/de\/kontakt-und-acces\/\"]}]},{\"@type\":\"ImageObject\",\"inLanguage\":\"de\",\"@id\":\"https:\/\/www.camping-levaldelarre.com\/de\/kontakt-und-acces\/#primaryimage\",\"url\":\"https:\/\/www.camping-levaldelarre.com\/wp-content\/uploads\/2022\/11\/camping-labellise-vigan.jpg\",\"contentUrl\":\"https:\/\/www.camping-levaldelarre.com\/wp-content\/uploads\/2022\/11\/camping-labellise-vigan.jpg\",\"width\":1900,\"height\":600,\"caption\":\"camping labellise vigan\"},{\"@type\":\"BreadcrumbList\",\"@id\":\"https:\/\/www.camping-levaldelarre.com\/de\/kontakt-und-acces\/#breadcrumb\",\"itemListElement\":[{\"@type\":\"ListItem\",\"position\":1,\"name\":\"Camping Gard\",\"item\":\"https:\/\/www.camping-levaldelarre.com\/de\/\"},{\"@type\":\"ListItem\",\"position\":2,\"name\":\"Kontakt und Wegbeschreibung\"}]},{\"@type\":\"WebSite\",\"@id\":\"https:\/\/www.camping-levaldelarre.com\/#website\",\"url\":\"https:\/\/www.camping-levaldelarre.com\/\",\"name\":\"Le Val de l&#039;Arre\",\"description\":\"\",\"publisher\":{\"@id\":\"https:\/\/www.camping-levaldelarre.com\/#organization\"},\"potentialAction\":[{\"@type\":\"SearchAction\",\"target\":{\"@type\":\"EntryPoint\",\"urlTemplate\":\"https:\/\/www.camping-levaldelarre.com\/?s={search_term_string}\"},\"query-input\":{\"@type\":\"PropertyValueSpecification\",\"valueRequired\":true,\"valueName\":\"search_term_string\"}}],\"inLanguage\":\"de\"},{\"@type\":\"Organization\",\"@id\":\"https:\/\/www.camping-levaldelarre.com\/#organization\",\"name\":\"Le Val de l&#039;Arre\",\"url\":\"https:\/\/www.camping-levaldelarre.com\/\",\"logo\":{\"@type\":\"ImageObject\",\"inLanguage\":\"de\",\"@id\":\"https:\/\/www.camping-levaldelarre.com\/#\/schema\/logo\/image\/\",\"url\":\"https:\/\/www.camping-levaldelarre.com\/wp-content\/uploads\/2022\/10\/logo-le-val-de-l-arre.jpg\",\"contentUrl\":\"https:\/\/www.camping-levaldelarre.com\/wp-content\/uploads\/2022\/10\/logo-le-val-de-l-arre.jpg\",\"width\":370,\"height\":180,\"caption\":\"Le Val de l&#039;Arre\"},\"image\":{\"@id\":\"https:\/\/www.camping-levaldelarre.com\/#\/schema\/logo\/image\/\"}}]}<\/script>\n<!-- \/ Yoast SEO plugin. -->","yoast_head_json":{"title":"Kontakt Campingplatz in Le Vigan | Anreise zum Campingplatz Gard","robots":{"index":"index","follow":"follow","max-snippet":"max-snippet:-1","max-image-preview":"max-image-preview:large","max-video-preview":"max-video-preview:-1"},"canonical":"https:\/\/www.camping-levaldelarre.com\/de\/kontakt-und-acces\/","og_locale":"de_DE","og_type":"article","og_title":"Kontakt Campingplatz in Le Vigan | Anreise zum Campingplatz Gard","og_url":"https:\/\/www.camping-levaldelarre.com\/de\/kontakt-und-acces\/","og_site_name":"Le Val de l&#039;Arre","article_modified_time":"2022-11-28T08:32:51+00:00","og_image":[{"width":1900,"height":600,"url":"https:\/\/www.camping-levaldelarre.com\/wp-content\/uploads\/2022\/11\/camping-labellise-vigan.jpg","type":"image\/jpeg"}],"twitter_card":"summary_large_image","twitter_misc":{"Gesch\u00e4tzte Lesezeit":"1\u00a0Minute"},"schema":{"@context":"https:\/\/schema.org","@graph":[{"@type":"WebPage","@id":"https:\/\/www.camping-levaldelarre.com\/de\/kontakt-und-acces\/","url":"https:\/\/www.camping-levaldelarre.com\/de\/kontakt-und-acces\/","name":"Kontakt Campingplatz in Le Vigan | Anreise zum Campingplatz Gard","isPartOf":{"@id":"https:\/\/www.camping-levaldelarre.com\/#website"},"primaryImageOfPage":{"@id":"https:\/\/www.camping-levaldelarre.com\/de\/kontakt-und-acces\/#primaryimage"},"image":{"@id":"https:\/\/www.camping-levaldelarre.com\/de\/kontakt-und-acces\/#primaryimage"},"thumbnailUrl":"https:\/\/www.camping-levaldelarre.com\/wp-content\/uploads\/2022\/11\/camping-labellise-vigan.jpg","datePublished":"2022-09-27T12:35:55+00:00","dateModified":"2022-11-28T08:32:51+00:00","breadcrumb":{"@id":"https:\/\/www.camping-levaldelarre.com\/de\/kontakt-und-acces\/#breadcrumb"},"inLanguage":"de","potentialAction":[{"@type":"ReadAction","target":["https:\/\/www.camping-levaldelarre.com\/de\/kontakt-und-acces\/"]}]},{"@type":"ImageObject","inLanguage":"de","@id":"https:\/\/www.camping-levaldelarre.com\/de\/kontakt-und-acces\/#primaryimage","url":"https:\/\/www.camping-levaldelarre.com\/wp-content\/uploads\/2022\/11\/camping-labellise-vigan.jpg","contentUrl":"https:\/\/www.camping-levaldelarre.com\/wp-content\/uploads\/2022\/11\/camping-labellise-vigan.jpg","width":1900,"height":600,"caption":"camping labellise vigan"},{"@type":"BreadcrumbList","@id":"https:\/\/www.camping-levaldelarre.com\/de\/kontakt-und-acces\/#breadcrumb","itemListElement":[{"@type":"ListItem","position":1,"name":"Camping Gard","item":"https:\/\/www.camping-levaldelarre.com\/de\/"},{"@type":"ListItem","position":2,"name":"Kontakt und Wegbeschreibung"}]},{"@type":"WebSite","@id":"https:\/\/www.camping-levaldelarre.com\/#website","url":"https:\/\/www.camping-levaldelarre.com\/","name":"Le Val de l&#039;Arre","description":"","publisher":{"@id":"https:\/\/www.camping-levaldelarre.com\/#organization"},"potentialAction":[{"@type":"SearchAction","target":{"@type":"EntryPoint","urlTemplate":"https:\/\/www.camping-levaldelarre.com\/?s={search_term_string}"},"query-input":{"@type":"PropertyValueSpecification","valueRequired":true,"valueName":"search_term_string"}}],"inLanguage":"de"},{"@type":"Organization","@id":"https:\/\/www.camping-levaldelarre.com\/#organization","name":"Le Val de l&#039;Arre","url":"https:\/\/www.camping-levaldelarre.com\/","logo":{"@type":"ImageObject","inLanguage":"de","@id":"https:\/\/www.camping-levaldelarre.com\/#\/schema\/logo\/image\/","url":"https:\/\/www.camping-levaldelarre.com\/wp-content\/uploads\/2022\/10\/logo-le-val-de-l-arre.jpg","contentUrl":"https:\/\/www.camping-levaldelarre.com\/wp-content\/uploads\/2022\/10\/logo-le-val-de-l-arre.jpg","width":370,"height":180,"caption":"Le Val de l&#039;Arre"},"image":{"@id":"https:\/\/www.camping-levaldelarre.com\/#\/schema\/logo\/image\/"}}]}},"_links":{"self":[{"href":"https:\/\/www.camping-levaldelarre.com\/de\/wp-json\/wp\/v2\/pages\/2340","targetHints":{"allow":["GET"]}}],"collection":[{"href":"https:\/\/www.camping-levaldelarre.com\/de\/wp-json\/wp\/v2\/pages"}],"about":[{"href":"https:\/\/www.camping-levaldelarre.com\/de\/wp-json\/wp\/v2\/types\/page"}],"author":[{"embeddable":true,"href":"https:\/\/www.camping-levaldelarre.com\/de\/wp-json\/wp\/v2\/users\/1"}],"replies":[{"embeddable":true,"href":"https:\/\/www.camping-levaldelarre.com\/de\/wp-json\/wp\/v2\/comments?post=2340"}],"version-history":[{"count":1,"href":"https:\/\/www.camping-levaldelarre.com\/de\/wp-json\/wp\/v2\/pages\/2340\/revisions"}],"predecessor-version":[{"id":2401,"href":"https:\/\/www.camping-levaldelarre.com\/de\/wp-json\/wp\/v2\/pages\/2340\/revisions\/2401"}],"wp:featuredmedia":[{"embeddable":true,"href":"https:\/\/www.camping-levaldelarre.com\/de\/wp-json\/wp\/v2\/media\/1515"}],"wp:attachment":[{"href":"https:\/\/www.camping-levaldelarre.com\/de\/wp-json\/wp\/v2\/media?parent=2340"}],"wp:term":[{"taxonomy":"sujet","embeddable":true,"href":"https:\/\/www.camping-levaldelarre.com\/de\/wp-json\/wp\/v2\/sujet?post=2340"}],"curies":[{"name":"wp","href":"https:\/\/api.w.org\/{rel}","templated":true}]}}