{"id":2321,"date":"2022-09-27T14:35:14","date_gmt":"2022-09-27T12:35:14","guid":{"rendered":"https:\/\/www.camping-levaldelarre.com\/camping-pas-cher-vigan\/"},"modified":"2022-11-28T10:22:54","modified_gmt":"2022-11-28T09:22:54","slug":"billiger-campingplatz-vigan","status":"publish","type":"page","link":"https:\/\/www.camping-levaldelarre.com\/de\/billiger-campingplatz-vigan\/","title":{"rendered":"Tarifs"},"content":{"rendered":"<section id=\"ls-section-block_f78f7dd1814413f62fb0c36318e103ad\" class=\"ls-section  home-first page-one has-p-b p-b-0\" >\r\n        <div class=\"container container--wide\">\r\n        \n\n<div class=\"wp-block-columns is-layout-flex wp-container-core-columns-is-layout-9d6595d7 wp-block-columns-is-layout-flex\">\n<div class=\"wp-block-column is-layout-flow wp-block-column-is-layout-flow\" style=\"flex-basis:25%\">\n<div class=\"wp-block-columns m-b-2 animated fadeInDown slow is-layout-flex wp-container-core-columns-is-layout-9d6595d7 wp-block-columns-is-layout-flex\">\n<div class=\"wp-block-column column-bienvenue has-color-1-background-color has-background is-layout-flow wp-block-column-is-layout-flow\">\n<div id=\"ls-heading ls-titre-div-block_a63186cd4536dbbaa62854729909c1b5\" class=\"ls-titre-div h3-like has-text-color has-color-white-color\" >\n    Die Preise f\u00fcr den Campingplatz <strong>Le Val de l&#8217;Arre !<\/strong><\/div>\n\n\n\n<figure class=\"wp-block-image size-full\"><img loading=\"lazy\" decoding=\"async\" width=\"320\" height=\"110\" src=\"https:\/\/www.camping-levaldelarre.com\/wp-content\/uploads\/2022\/09\/camping-le-val-de-l-arre.png\" alt=\"camping petit budget gard\" class=\"wp-image-311\" srcset=\"https:\/\/www.camping-levaldelarre.com\/wp-content\/uploads\/2022\/09\/camping-le-val-de-l-arre.png 320w, https:\/\/www.camping-levaldelarre.com\/wp-content\/uploads\/2022\/09\/camping-le-val-de-l-arre-300x103.png 300w\" sizes=\"auto, (max-width: 320px) 100vw, 320px\" \/><\/figure>\n<\/div>\n<\/div>\n\n\n\n<figure class=\"wp-block-image size-full animated fadeInLeft delay-200ms slow\"><a href=\"https:\/\/www.camping-levaldelarre.com\/wp-content\/uploads\/2022\/11\/camping-pas-cher-gard.jpg\"><img loading=\"lazy\" decoding=\"async\" width=\"600\" height=\"700\" src=\"https:\/\/www.camping-levaldelarre.com\/wp-content\/uploads\/2022\/11\/camping-pas-cher-gard.jpg\" alt=\"camping pas cher gard\" class=\"wp-image-1680\" srcset=\"https:\/\/www.camping-levaldelarre.com\/wp-content\/uploads\/2022\/11\/camping-pas-cher-gard.jpg 600w, https:\/\/www.camping-levaldelarre.com\/wp-content\/uploads\/2022\/11\/camping-pas-cher-gard-257x300.jpg 257w\" sizes=\"auto, (max-width: 600px) 100vw, 600px\" \/><\/a><\/figure>\n<\/div>\n\n\n\n<div class=\"wp-block-column home-first__principal is-layout-flow wp-block-column-is-layout-flow\" style=\"flex-basis:75%\">\n<figure class=\"wp-block-image size-full animated fadeInRight delay-100ms slow\"><a href=\"https:\/\/www.camping-levaldelarre.com\/wp-content\/uploads\/2022\/11\/camping-pas-cher-cevennes.jpg\"><img loading=\"lazy\" decoding=\"async\" width=\"900\" height=\"600\" src=\"https:\/\/www.camping-levaldelarre.com\/wp-content\/uploads\/2022\/11\/camping-pas-cher-cevennes.jpg\" alt=\"camping pas cher cevennes\" class=\"wp-image-1676\" srcset=\"https:\/\/www.camping-levaldelarre.com\/wp-content\/uploads\/2022\/11\/camping-pas-cher-cevennes.jpg 900w, https:\/\/www.camping-levaldelarre.com\/wp-content\/uploads\/2022\/11\/camping-pas-cher-cevennes-300x200.jpg 300w, https:\/\/www.camping-levaldelarre.com\/wp-content\/uploads\/2022\/11\/camping-pas-cher-cevennes-768x512.jpg 768w\" sizes=\"auto, (max-width: 900px) 100vw, 900px\" \/><\/a><\/figure>\n\n\n\n<h1 class=\"ls__heading has-text-align-left has-color-1-color has-text-color wp-block-heading\">Ihr Urlaub zum besten Preis-Leistungs-Verh\u00e4ltnis im Gard<\/h1>\n\n\n\n<h2 class=\"ls__heading has-color-2-color has-text-color wp-block-heading\">Vermieten Sie Ihr hochwertiges Mietobjekt zum kleinen Preis in Le Vigan<\/h2>\n\n\n\n<p class=\"ls-paragraph\">ist das ideale Reiseziel, wenn Sie auf der Suche nach dem besten Preis-Leistungs-Verh\u00e4ltnis in den s\u00fcdlichen Cevennen sind. Ihnen steht eine Auswahl an g\u00fcnstigen Mobilheimen f\u00fcr 1 bis 6 Personen zur Verf\u00fcgung.<\/p>\n\n\n\n<p class=\"ls-paragraph\">F\u00fcr Ihren Urlaub und Ausfl\u00fcge allein oder zu zweit f\u00fcr ein paar Tage in Le Vigan k\u00f6nnen Sie Ihre Unterkunft mit allem Komfort ab 229 Euro pro Woche mieten.<\/p>\n\n\n\n<p class=\"ls-paragraph\">Der Mietpreis beinhaltet den Zugang zum beheizten Pool, die Teilnahme an den von unseren Teams angebotenen Animationen und die Nutzung der Freizeiteinrichtungen: Sportpl\u00e4tze, Fitnesspark, Kinderspielpl\u00e4tze, Boulodrome.<\/p>\n<\/div>\n<\/div>\n\n\r\n    <\/div>\r\n<\/section>\n\n<section id=\"ls-section-block_cba508adb9474a4ab588a8ab2be4a6b3\" class=\"ls-section  has-p-t p-t-0\" >\r\n        <div class=\"container \">\r\n        \n\n<ctv-availability data-background-color=\"#FFFFFFFF\"><\/ctv-availability>\n\n\r\n    <\/div>\r\n<\/section>\n\n<section id=\"ls-section-block_9f4cd60bb6953347f77bde91d310233d\" class=\"ls-section  home-fourth m-t-0 page-two p-t-10 has-background has-color-3-background-color has-m-b m-b-0 has-p-t p-t-15 has-p-b p-b-20\" >\r\n        <div class=\"container container--wide\">\r\n        \n\n<div class=\"wp-block-columns is-layout-flex wp-container-core-columns-is-layout-9d6595d7 wp-block-columns-is-layout-flex\">\n<div class=\"wp-block-column animated fadeInLeft slow is-layout-flow wp-block-column-is-layout-flow\" style=\"flex-basis:66.66%\">\n<figure class=\"wp-block-image size-full\"><img loading=\"lazy\" decoding=\"async\" width=\"900\" height=\"600\" src=\"https:\/\/www.camping-levaldelarre.com\/wp-content\/uploads\/2022\/11\/camping-petit-prix-gard.jpg\" alt=\"camping petit prix gard\" class=\"wp-image-1688\" srcset=\"https:\/\/www.camping-levaldelarre.com\/wp-content\/uploads\/2022\/11\/camping-petit-prix-gard.jpg 900w, https:\/\/www.camping-levaldelarre.com\/wp-content\/uploads\/2022\/11\/camping-petit-prix-gard-300x200.jpg 300w, https:\/\/www.camping-levaldelarre.com\/wp-content\/uploads\/2022\/11\/camping-petit-prix-gard-768x512.jpg 768w\" sizes=\"auto, (max-width: 900px) 100vw, 900px\" \/><\/figure>\n<\/div>\n\n\n\n<div class=\"wp-block-column is-vertically-aligned-center animated fadeInRight delay-200ms slow is-layout-flow wp-block-column-is-layout-flow\" style=\"flex-basis:33.33%\">\n<h2 class=\"ls__heading has-color-2-color has-text-color wp-block-heading\">Verpassen Sie keine unserer Angebote<\/h2>\n\n\n\n<p class=\"ls-paragraph\">Verpassen Sie nicht unsere Sonderangebote in Le Vigan f\u00fcr die <a href=\"https:\/\/www.camping-levaldelarre.com\/de\/vermietung-mobil-home-vigan\/\">Vermietung von Mobilheimen<\/a> und Campingpl\u00e4tzen! Zu unseren Sonderangeboten geh\u00f6ren Paar- und Familienangebote, Leinwandangebote, die in der Nebensaison f\u00fcr Coco Sweet-Zelte gelten.<\/p>\n\n\n\n<p class=\"ls-paragraph\">Wenn Sie f\u00fcr 14 oder mehr N\u00e4chte buchen, profitieren Sie au\u00dferdem von speziellen Rabatten f\u00fcr l\u00e4ngere Aufenthalte: 10% vom 1. bis 15. Mai, vom 29. Mai bis 7. Juli und den ganzen September \u00fcber.<\/p>\n\n\n\n<p class=\"ls-paragraph\">Folgen Sie uns, um keine weiteren Sonderangebote zu verpassen, insbesondere unsere Last-Minute-Angebote f\u00fcr bestimmte Mietunterk\u00fcnfte, Gratisn\u00e4chte oder Minipreise f\u00fcr verl\u00e4ngerte Wochenenden.<\/p>\n<\/div>\n<\/div>\n\n\n\n<div class=\"wp-block-columns column-emplacements m-t-7 is-layout-flex wp-container-core-columns-is-layout-9d6595d7 wp-block-columns-is-layout-flex\">\n<div class=\"wp-block-column is-vertically-aligned-center animated fadeInLeft slow is-layout-flow wp-block-column-is-layout-flow\" style=\"flex-basis:33.33%\">\n<h2 class=\"ls__heading has-color-2-color has-text-color wp-block-heading\" id=\"m-t-10\">Buchen Sie live auf unserer Website, um von den besten Preisen zu profitieren.<\/h2>\n\n\n\n<p class=\"ls-paragraph\">So nutzen Sie die besten Preise in der N\u00e4he von Le Vigan auf Ihrem <a href=\"https:\/\/www.camping-levaldelarre.com\/de\/vermietung-gite-vigan\/\">vermietung von ferienh\u00e4usern<\/a>, von Mobilheimen oder <a href=\"https:\/\/www.camping-levaldelarre.com\/de\/vermietung-standort-vigan\/\">Caravaning-Stellplatz<\/a> auf dem 4-Sterne-Campingplatz Le Val de l&#8217;Arre, nehmen Sie Ihre Buchung direkt \u00fcber unsere Website vor: Hier k\u00f6nnen Sie von all unseren Sonderangeboten und den niedrigsten Preisen profitieren.<\/p>\n\n\n\n<p class=\"ls-paragraph\">Wenn Sie fr\u00fch buchen, profitieren Sie zus\u00e4tzlich von den Fr\u00fchbucherangeboten: 15% Rabatt auf alle Unterk\u00fcnfte in der Nebensaison, wenn Sie vor dem 31. Januar buchen, und 10% Rabatt 10% auf alle Unterk\u00fcnfte in der Hauptsaison. Eine Gelegenheit, die Sie sich nicht entgehen lassen sollten, um g\u00fcnstig im Gard zu \u00fcbernachten!<\/p>\n<\/div>\n\n\n\n<div class=\"wp-block-column animated fadeInRight delay-100ms slow is-layout-flow wp-block-column-is-layout-flow\" style=\"flex-basis:66.66%\">\n<figure class=\"wp-block-image size-full\"><img loading=\"lazy\" decoding=\"async\" width=\"900\" height=\"600\" src=\"https:\/\/www.camping-levaldelarre.com\/wp-content\/uploads\/2022\/11\/camping-petit-prix-cevennes.jpg\" alt=\"camping petit prix cevennes\" class=\"wp-image-1664\" srcset=\"https:\/\/www.camping-levaldelarre.com\/wp-content\/uploads\/2022\/11\/camping-petit-prix-cevennes.jpg 900w, https:\/\/www.camping-levaldelarre.com\/wp-content\/uploads\/2022\/11\/camping-petit-prix-cevennes-300x200.jpg 300w, https:\/\/www.camping-levaldelarre.com\/wp-content\/uploads\/2022\/11\/camping-petit-prix-cevennes-768x512.jpg 768w\" sizes=\"auto, (max-width: 900px) 100vw, 900px\" \/><\/figure>\n<\/div>\n<\/div>\n\n\r\n    <\/div>\r\n<\/section>\n\n<section id=\"ls-section-block_a98a1e0dba0fc05bd89c3452cbb1ccad\" class=\"ls-section  home-third m-t-0 page-five\" >\r\n        <div class=\"container container--wide\">\r\n        \n\n<div id=\"ls-heading ls-titre-div-block_87da1663fd3ed8d4e6317c7c6c8a43e0\" class=\"ls-titre-div aligncenter h2-like has-text-color has-color-2-color\" >\n    Entdecken Sie die Stellpl\u00e4tze, Mobilheime und Wanderungen des Campingplatzes<\/div>\n\n\n<div id=\"ls-maillage-block_900f32615712996bb6aae19088c8ea3f\" class=\"ls-maillage cta-style-normal\" data-rows=\"3\">\r\n    <div class=\"wp-block-columns\"><div class=\"wp-block-column\"><div class=\"ls-cta\">\n\n<a href=\"https:\/\/www.camping-levaldelarre.com\/de\/vermietung-standort-vigan\/\" target=\"\" rel=\"noopener\" class=\"ls-cta__link\">\n\n\t<div class=\"ls-cta__image\"><img decoding=\"async\" src=\"https:\/\/www.camping-levaldelarre.com\/wp-content\/uploads\/2022\/11\/location-emplacement-caravane-vigan.jpg\" alt=\"location emplacement caravane vigan\"><\/div>\n\t<div class=\"ls-cta__title\">\n\t\tUnsere Standorte\t<\/div>\n\n\t\n\t<span class=\"val-de-l-arre-fleche\"><\/span>\n\t\n<\/a><\/div><\/div><div class=\"wp-block-column\"><div class=\"ls-cta\">\n\n<a href=\"https:\/\/www.camping-levaldelarre.com\/de\/vermietung-mobil-home-vigan\/\" target=\"\" rel=\"noopener\" class=\"ls-cta__link\">\n\n\t<div class=\"ls-cta__image\"><img decoding=\"async\" src=\"https:\/\/www.camping-levaldelarre.com\/wp-content\/uploads\/2022\/11\/location-mobil-home-gard.jpg\" alt=\"location mobil home gard\"><\/div>\n\t<div class=\"ls-cta__title\">\n\t\tUnsere Mobilheime\t<\/div>\n\n\t\n\t<span class=\"val-de-l-arre-fleche\"><\/span>\n\t\n<\/a><\/div><\/div><div class=\"wp-block-column\"><div class=\"ls-cta\">\n\n<a href=\"https:\/\/www.camping-levaldelarre.com\/de\/campingplatz-wanderungen-vigan\/\" target=\"\" rel=\"noopener\" class=\"ls-cta__link\">\n\n\t<div class=\"ls-cta__image\"><img decoding=\"async\" src=\"https:\/\/www.camping-levaldelarre.com\/wp-content\/uploads\/2022\/11\/camping-randonnees-famille-vigan.jpg\" alt=\"camping randonn\u00e9es famille\"><\/div>\n\t<div class=\"ls-cta__title\">\n\t\tLes randonn\u00e9es\t<\/div>\n\n\t\n\t<span class=\"val-de-l-arre-fleche\"><\/span>\n\t\n<\/a><\/div><\/div><\/div><\/div>\n\r\n    <\/div>\r\n<\/section>","protected":false},"excerpt":{"rendered":"","protected":false},"author":1,"featured_media":1687,"parent":0,"menu_order":0,"comment_status":"closed","ping_status":"closed","template":"","meta":{"_acf_changed":false,"footnotes":""},"sujet":[],"class_list":["post-2321","page","type-page","status-publish","has-post-thumbnail","hentry"],"acf":[],"yoast_head":"<!-- This site is optimized with the Yoast SEO plugin v25.3 - https:\/\/yoast.com\/wordpress\/plugins\/seo\/ -->\n<title>G\u00fcnstiger Campingplatz Vigan | Preisg\u00fcnstiger Campingplatz im Gard<\/title>\n<meta name=\"robots\" content=\"index, follow, max-snippet:-1, max-image-preview:large, max-video-preview:-1\" \/>\n<link rel=\"canonical\" href=\"https:\/\/www.camping-levaldelarre.com\/de\/billiger-campingplatz-vigan\/\" \/>\n<meta property=\"og:locale\" content=\"de_DE\" \/>\n<meta property=\"og:type\" content=\"article\" \/>\n<meta property=\"og:title\" content=\"G\u00fcnstiger Campingplatz Vigan | Preisg\u00fcnstiger Campingplatz im Gard\" \/>\n<meta property=\"og:url\" content=\"https:\/\/www.camping-levaldelarre.com\/de\/billiger-campingplatz-vigan\/\" \/>\n<meta property=\"og:site_name\" content=\"Le Val de l&#039;Arre\" \/>\n<meta property=\"article:modified_time\" content=\"2022-11-28T09:22:54+00:00\" \/>\n<meta property=\"og:image\" content=\"https:\/\/www.camping-levaldelarre.com\/wp-content\/uploads\/2022\/11\/camping-pas-cher-vigan.jpg\" \/>\n\t<meta property=\"og:image:width\" content=\"1900\" \/>\n\t<meta property=\"og:image:height\" content=\"600\" \/>\n\t<meta property=\"og:image:type\" content=\"image\/jpeg\" \/>\n<meta name=\"twitter:card\" content=\"summary_large_image\" \/>\n<meta name=\"twitter:label1\" content=\"Gesch\u00e4tzte Lesezeit\" \/>\n\t<meta name=\"twitter:data1\" content=\"3\u00a0Minuten\" \/>\n<script type=\"application\/ld+json\" class=\"yoast-schema-graph\">{\"@context\":\"https:\/\/schema.org\",\"@graph\":[{\"@type\":\"WebPage\",\"@id\":\"https:\/\/www.camping-levaldelarre.com\/de\/billiger-campingplatz-vigan\/\",\"url\":\"https:\/\/www.camping-levaldelarre.com\/de\/billiger-campingplatz-vigan\/\",\"name\":\"G\u00fcnstiger Campingplatz Vigan | Preisg\u00fcnstiger Campingplatz im Gard\",\"isPartOf\":{\"@id\":\"https:\/\/www.camping-levaldelarre.com\/#website\"},\"primaryImageOfPage\":{\"@id\":\"https:\/\/www.camping-levaldelarre.com\/de\/billiger-campingplatz-vigan\/#primaryimage\"},\"image\":{\"@id\":\"https:\/\/www.camping-levaldelarre.com\/de\/billiger-campingplatz-vigan\/#primaryimage\"},\"thumbnailUrl\":\"https:\/\/www.camping-levaldelarre.com\/wp-content\/uploads\/2022\/11\/camping-pas-cher-vigan.jpg\",\"datePublished\":\"2022-09-27T12:35:14+00:00\",\"dateModified\":\"2022-11-28T09:22:54+00:00\",\"breadcrumb\":{\"@id\":\"https:\/\/www.camping-levaldelarre.com\/de\/billiger-campingplatz-vigan\/#breadcrumb\"},\"inLanguage\":\"de\",\"potentialAction\":[{\"@type\":\"ReadAction\",\"target\":[\"https:\/\/www.camping-levaldelarre.com\/de\/billiger-campingplatz-vigan\/\"]}]},{\"@type\":\"ImageObject\",\"inLanguage\":\"de\",\"@id\":\"https:\/\/www.camping-levaldelarre.com\/de\/billiger-campingplatz-vigan\/#primaryimage\",\"url\":\"https:\/\/www.camping-levaldelarre.com\/wp-content\/uploads\/2022\/11\/camping-pas-cher-vigan.jpg\",\"contentUrl\":\"https:\/\/www.camping-levaldelarre.com\/wp-content\/uploads\/2022\/11\/camping-pas-cher-vigan.jpg\",\"width\":1900,\"height\":600,\"caption\":\"camping pas-cher-vigan\"},{\"@type\":\"BreadcrumbList\",\"@id\":\"https:\/\/www.camping-levaldelarre.com\/de\/billiger-campingplatz-vigan\/#breadcrumb\",\"itemListElement\":[{\"@type\":\"ListItem\",\"position\":1,\"name\":\"Camping Gard\",\"item\":\"https:\/\/www.camping-levaldelarre.com\/de\/\"},{\"@type\":\"ListItem\",\"position\":2,\"name\":\"G\u00fcnstiger Campingplatz in Le Vigan\"}]},{\"@type\":\"WebSite\",\"@id\":\"https:\/\/www.camping-levaldelarre.com\/#website\",\"url\":\"https:\/\/www.camping-levaldelarre.com\/\",\"name\":\"Le Val de l&#039;Arre\",\"description\":\"\",\"publisher\":{\"@id\":\"https:\/\/www.camping-levaldelarre.com\/#organization\"},\"potentialAction\":[{\"@type\":\"SearchAction\",\"target\":{\"@type\":\"EntryPoint\",\"urlTemplate\":\"https:\/\/www.camping-levaldelarre.com\/?s={search_term_string}\"},\"query-input\":{\"@type\":\"PropertyValueSpecification\",\"valueRequired\":true,\"valueName\":\"search_term_string\"}}],\"inLanguage\":\"de\"},{\"@type\":\"Organization\",\"@id\":\"https:\/\/www.camping-levaldelarre.com\/#organization\",\"name\":\"Le Val de l&#039;Arre\",\"url\":\"https:\/\/www.camping-levaldelarre.com\/\",\"logo\":{\"@type\":\"ImageObject\",\"inLanguage\":\"de\",\"@id\":\"https:\/\/www.camping-levaldelarre.com\/#\/schema\/logo\/image\/\",\"url\":\"https:\/\/www.camping-levaldelarre.com\/wp-content\/uploads\/2022\/10\/logo-le-val-de-l-arre.jpg\",\"contentUrl\":\"https:\/\/www.camping-levaldelarre.com\/wp-content\/uploads\/2022\/10\/logo-le-val-de-l-arre.jpg\",\"width\":370,\"height\":180,\"caption\":\"Le Val de l&#039;Arre\"},\"image\":{\"@id\":\"https:\/\/www.camping-levaldelarre.com\/#\/schema\/logo\/image\/\"}}]}<\/script>\n<!-- \/ Yoast SEO plugin. -->","yoast_head_json":{"title":"G\u00fcnstiger Campingplatz Vigan | Preisg\u00fcnstiger Campingplatz im Gard","robots":{"index":"index","follow":"follow","max-snippet":"max-snippet:-1","max-image-preview":"max-image-preview:large","max-video-preview":"max-video-preview:-1"},"canonical":"https:\/\/www.camping-levaldelarre.com\/de\/billiger-campingplatz-vigan\/","og_locale":"de_DE","og_type":"article","og_title":"G\u00fcnstiger Campingplatz Vigan | Preisg\u00fcnstiger Campingplatz im Gard","og_url":"https:\/\/www.camping-levaldelarre.com\/de\/billiger-campingplatz-vigan\/","og_site_name":"Le Val de l&#039;Arre","article_modified_time":"2022-11-28T09:22:54+00:00","og_image":[{"width":1900,"height":600,"url":"https:\/\/www.camping-levaldelarre.com\/wp-content\/uploads\/2022\/11\/camping-pas-cher-vigan.jpg","type":"image\/jpeg"}],"twitter_card":"summary_large_image","twitter_misc":{"Gesch\u00e4tzte Lesezeit":"3\u00a0Minuten"},"schema":{"@context":"https:\/\/schema.org","@graph":[{"@type":"WebPage","@id":"https:\/\/www.camping-levaldelarre.com\/de\/billiger-campingplatz-vigan\/","url":"https:\/\/www.camping-levaldelarre.com\/de\/billiger-campingplatz-vigan\/","name":"G\u00fcnstiger Campingplatz Vigan | Preisg\u00fcnstiger Campingplatz im Gard","isPartOf":{"@id":"https:\/\/www.camping-levaldelarre.com\/#website"},"primaryImageOfPage":{"@id":"https:\/\/www.camping-levaldelarre.com\/de\/billiger-campingplatz-vigan\/#primaryimage"},"image":{"@id":"https:\/\/www.camping-levaldelarre.com\/de\/billiger-campingplatz-vigan\/#primaryimage"},"thumbnailUrl":"https:\/\/www.camping-levaldelarre.com\/wp-content\/uploads\/2022\/11\/camping-pas-cher-vigan.jpg","datePublished":"2022-09-27T12:35:14+00:00","dateModified":"2022-11-28T09:22:54+00:00","breadcrumb":{"@id":"https:\/\/www.camping-levaldelarre.com\/de\/billiger-campingplatz-vigan\/#breadcrumb"},"inLanguage":"de","potentialAction":[{"@type":"ReadAction","target":["https:\/\/www.camping-levaldelarre.com\/de\/billiger-campingplatz-vigan\/"]}]},{"@type":"ImageObject","inLanguage":"de","@id":"https:\/\/www.camping-levaldelarre.com\/de\/billiger-campingplatz-vigan\/#primaryimage","url":"https:\/\/www.camping-levaldelarre.com\/wp-content\/uploads\/2022\/11\/camping-pas-cher-vigan.jpg","contentUrl":"https:\/\/www.camping-levaldelarre.com\/wp-content\/uploads\/2022\/11\/camping-pas-cher-vigan.jpg","width":1900,"height":600,"caption":"camping pas-cher-vigan"},{"@type":"BreadcrumbList","@id":"https:\/\/www.camping-levaldelarre.com\/de\/billiger-campingplatz-vigan\/#breadcrumb","itemListElement":[{"@type":"ListItem","position":1,"name":"Camping Gard","item":"https:\/\/www.camping-levaldelarre.com\/de\/"},{"@type":"ListItem","position":2,"name":"G\u00fcnstiger Campingplatz in Le Vigan"}]},{"@type":"WebSite","@id":"https:\/\/www.camping-levaldelarre.com\/#website","url":"https:\/\/www.camping-levaldelarre.com\/","name":"Le Val de l&#039;Arre","description":"","publisher":{"@id":"https:\/\/www.camping-levaldelarre.com\/#organization"},"potentialAction":[{"@type":"SearchAction","target":{"@type":"EntryPoint","urlTemplate":"https:\/\/www.camping-levaldelarre.com\/?s={search_term_string}"},"query-input":{"@type":"PropertyValueSpecification","valueRequired":true,"valueName":"search_term_string"}}],"inLanguage":"de"},{"@type":"Organization","@id":"https:\/\/www.camping-levaldelarre.com\/#organization","name":"Le Val de l&#039;Arre","url":"https:\/\/www.camping-levaldelarre.com\/","logo":{"@type":"ImageObject","inLanguage":"de","@id":"https:\/\/www.camping-levaldelarre.com\/#\/schema\/logo\/image\/","url":"https:\/\/www.camping-levaldelarre.com\/wp-content\/uploads\/2022\/10\/logo-le-val-de-l-arre.jpg","contentUrl":"https:\/\/www.camping-levaldelarre.com\/wp-content\/uploads\/2022\/10\/logo-le-val-de-l-arre.jpg","width":370,"height":180,"caption":"Le Val de l&#039;Arre"},"image":{"@id":"https:\/\/www.camping-levaldelarre.com\/#\/schema\/logo\/image\/"}}]}},"_links":{"self":[{"href":"https:\/\/www.camping-levaldelarre.com\/de\/wp-json\/wp\/v2\/pages\/2321","targetHints":{"allow":["GET"]}}],"collection":[{"href":"https:\/\/www.camping-levaldelarre.com\/de\/wp-json\/wp\/v2\/pages"}],"about":[{"href":"https:\/\/www.camping-levaldelarre.com\/de\/wp-json\/wp\/v2\/types\/page"}],"author":[{"embeddable":true,"href":"https:\/\/www.camping-levaldelarre.com\/de\/wp-json\/wp\/v2\/users\/1"}],"replies":[{"embeddable":true,"href":"https:\/\/www.camping-levaldelarre.com\/de\/wp-json\/wp\/v2\/comments?post=2321"}],"version-history":[{"count":4,"href":"https:\/\/www.camping-levaldelarre.com\/de\/wp-json\/wp\/v2\/pages\/2321\/revisions"}],"predecessor-version":[{"id":2443,"href":"https:\/\/www.camping-levaldelarre.com\/de\/wp-json\/wp\/v2\/pages\/2321\/revisions\/2443"}],"wp:featuredmedia":[{"embeddable":true,"href":"https:\/\/www.camping-levaldelarre.com\/de\/wp-json\/wp\/v2\/media\/1687"}],"wp:attachment":[{"href":"https:\/\/www.camping-levaldelarre.com\/de\/wp-json\/wp\/v2\/media?parent=2321"}],"wp:term":[{"taxonomy":"sujet","embeddable":true,"href":"https:\/\/www.camping-levaldelarre.com\/de\/wp-json\/wp\/v2\/sujet?post=2321"}],"curies":[{"name":"wp","href":"https:\/\/api.w.org\/{rel}","templated":true}]}}