{"id":2299,"date":"2022-09-27T14:33:55","date_gmt":"2022-09-27T12:33:55","guid":{"rendered":"https:\/\/www.camping-levaldelarre.com\/camping-randonnees-vigan\/"},"modified":"2022-11-28T16:42:21","modified_gmt":"2022-11-28T15:42:21","slug":"campingplatz-wanderungen-vigan","status":"publish","type":"page","link":"https:\/\/www.camping-levaldelarre.com\/de\/campingplatz-wanderungen-vigan\/","title":{"rendered":"Randonn\u00e9es &#038; activit\u00e9s en pleine nature"},"content":{"rendered":"<section id=\"ls-section-block_613255383c83e507c9c91d19fe7f8611\" class=\"ls-section  home-first page-one has-p-b p-b-15\" >\r\n        <div class=\"container container--wide\">\r\n        \n\n<div class=\"wp-block-columns is-layout-flex wp-container-core-columns-is-layout-9d6595d7 wp-block-columns-is-layout-flex\">\n<div class=\"wp-block-column is-layout-flow wp-block-column-is-layout-flow\" style=\"flex-basis:25%\">\n<div class=\"wp-block-columns m-b-2 animated fadeInDown slow is-layout-flex wp-container-core-columns-is-layout-9d6595d7 wp-block-columns-is-layout-flex\">\n<div class=\"wp-block-column column-bienvenue has-color-1-background-color has-background is-layout-flow wp-block-column-is-layout-flow\">\n<div id=\"ls-heading ls-titre-div-block_f6995c8b8c2c5d832c43f37eab4ce905\" class=\"ls-titre-div h3-like has-text-color has-color-white-color\" >\n    Wanderungen &#038; Aktivit\u00e4ten in der N\u00e4he des Campingplatzes <strong>Le Val de l&#8217;Arre !<\/strong><\/div>\n\n\n\n<figure class=\"wp-block-image size-full\"><img loading=\"lazy\" decoding=\"async\" width=\"320\" height=\"110\" src=\"https:\/\/www.camping-levaldelarre.com\/wp-content\/uploads\/2022\/09\/camping-le-val-de-l-arre.png\" alt=\"\" class=\"wp-image-311\" srcset=\"https:\/\/www.camping-levaldelarre.com\/wp-content\/uploads\/2022\/09\/camping-le-val-de-l-arre.png 320w, https:\/\/www.camping-levaldelarre.com\/wp-content\/uploads\/2022\/09\/camping-le-val-de-l-arre-300x103.png 300w\" sizes=\"auto, (max-width: 320px) 100vw, 320px\" \/><\/figure>\n<\/div>\n<\/div>\n\n\n\n<figure class=\"wp-block-image size-full animated fadeInLeft delay-200ms slow\"><a href=\"https:\/\/www.camping-levaldelarre.com\/wp-content\/uploads\/2022\/11\/camping-randonnees-famille-vigan.jpg\"><img loading=\"lazy\" decoding=\"async\" width=\"600\" height=\"700\" src=\"https:\/\/www.camping-levaldelarre.com\/wp-content\/uploads\/2022\/11\/camping-randonnees-famille-vigan.jpg\" alt=\"camping randonn\u00e9es famille\" class=\"wp-image-1478\" srcset=\"https:\/\/www.camping-levaldelarre.com\/wp-content\/uploads\/2022\/11\/camping-randonnees-famille-vigan.jpg 600w, https:\/\/www.camping-levaldelarre.com\/wp-content\/uploads\/2022\/11\/camping-randonnees-famille-vigan-257x300.jpg 257w\" sizes=\"auto, (max-width: 600px) 100vw, 600px\" \/><\/a><\/figure>\n<\/div>\n\n\n\n<div class=\"wp-block-column home-first__principal is-layout-flow wp-block-column-is-layout-flow\" style=\"flex-basis:75%\">\n<figure class=\"wp-block-image size-full animated fadeInRight delay-100ms slow\"><a href=\"https:\/\/www.camping-levaldelarre.com\/wp-content\/uploads\/2022\/11\/camping-randonnees-enfant-gard.jpg\"><img loading=\"lazy\" decoding=\"async\" width=\"900\" height=\"600\" src=\"https:\/\/www.camping-levaldelarre.com\/wp-content\/uploads\/2022\/11\/camping-randonnees-enfant-gard.jpg\" alt=\"camping randonnees enfant gard\" class=\"wp-image-1495\" srcset=\"https:\/\/www.camping-levaldelarre.com\/wp-content\/uploads\/2022\/11\/camping-randonnees-enfant-gard.jpg 900w, https:\/\/www.camping-levaldelarre.com\/wp-content\/uploads\/2022\/11\/camping-randonnees-enfant-gard-300x200.jpg 300w, https:\/\/www.camping-levaldelarre.com\/wp-content\/uploads\/2022\/11\/camping-randonnees-enfant-gard-768x512.jpg 768w\" sizes=\"auto, (max-width: 900px) 100vw, 900px\" \/><\/a><\/figure>\n\n\n\n<h1 class=\"ls__heading has-color-1-color has-text-color wp-block-heading\">Die sch\u00f6nsten Wanderungen im Gard<\/h1>\n\n\n\n<h2 class=\"ls__heading has-color-2-color has-text-color wp-block-heading\">Familienfreundliche Wanderwege<\/h2>\n\n\n\n<p class=\"ls-paragraph\">Sie wandern gerne in der Natur und m\u00f6chten Ihren Kindern die Freuden des Wanderns n\u00e4her bringen?<\/p>\n\n\n\n<p class=\"ls-paragraph\">Seit dem <strong><a href=\"\/de\/\">Campingplatz Le Val de l\u2019Arre<\/a><\/strong>, zahlreiche Wanderwege, die f\u00fcr Hobbywanderer aller Niveaus zug\u00e4nglich sind, bieten Ihnen die M\u00f6glichkeit, in Le Vigan und seiner Umgebung zu wandern.<\/p>\n\n\n\n<p class=\"ls-paragraph\">Auf Rundwegen, die weniger als eine Stunde dauern, aber auch auf Halbtagestouren ohne technische Schwierigkeiten k\u00f6nnen Sie unber\u00fchrte Orte in den Cevennen entdecken. Die Gelegenheit, sch\u00f6ne Tage mit der Familie und an der frischen Luft zu verbringen!<\/p>\n<\/div>\n<\/div>\n\n\r\n    <\/div>\r\n<\/section>\n\n<section id=\"ls-section-block_ca9dacb9eb9a27a9d043c6e30f297603\" class=\"ls-section  home-fourth m-t-0 page-two p-t-10 has-background has-color-3-background-color has-m-b m-b-0 has-p-t p-t-15 has-p-b p-b-20\" >\r\n        <div class=\"container container--wide\">\r\n        \n\n<div class=\"wp-block-columns is-layout-flex wp-container-core-columns-is-layout-9d6595d7 wp-block-columns-is-layout-flex\">\n<div class=\"wp-block-column animated fadeInLeft slow is-layout-flow wp-block-column-is-layout-flow\" style=\"flex-basis:66.66%\">\n<figure class=\"wp-block-image size-full\"><img loading=\"lazy\" decoding=\"async\" width=\"900\" height=\"600\" src=\"https:\/\/www.camping-levaldelarre.com\/wp-content\/uploads\/2022\/11\/camping-randonnee-confirmer-gard.jpg\" alt=\"camping randonnee confirmer gard\" class=\"wp-image-1487\" srcset=\"https:\/\/www.camping-levaldelarre.com\/wp-content\/uploads\/2022\/11\/camping-randonnee-confirmer-gard.jpg 900w, https:\/\/www.camping-levaldelarre.com\/wp-content\/uploads\/2022\/11\/camping-randonnee-confirmer-gard-300x200.jpg 300w, https:\/\/www.camping-levaldelarre.com\/wp-content\/uploads\/2022\/11\/camping-randonnee-confirmer-gard-768x512.jpg 768w\" sizes=\"auto, (max-width: 900px) 100vw, 900px\" \/><\/figure>\n<\/div>\n\n\n\n<div class=\"wp-block-column is-vertically-aligned-center animated fadeInRight delay-200ms slow is-layout-flow wp-block-column-is-layout-flow\" style=\"flex-basis:33.33%\">\n<h2 class=\"ls__heading has-color-2-color has-text-color wp-block-heading\">Unsere Wanderungen f\u00fcr erfahrene Wanderer<\/h2>\n\n\n\n<p class=\"ls-paragraph\">Neben den familienfreundlichen Routen ist die Umgebung des Campingplatzes auch Ausgangspunkt f\u00fcr ausgedehnte Wanderungen f\u00fcr erfahrene Wanderer.<\/p>\n\n\n\n<p class=\"ls-paragraph\">Sie lieben die Herausforderung? Einige der legend\u00e4rsten Wanderungen des Gard erwarten Sie in Le Vigan: der Aufstieg zum Causse de Blandas, der Cirque de Navacelles von Montdardier aus, die Umrundung des Lac des Pises oder auch der Pic de Saint-Guiral, der nur etwas f\u00fcr erfahrene Wanderer ist.<\/p>\n\n\n\n<p class=\"ls-paragraph\">Die ausdauerndsten Wanderer werden auch die 40 km lange sportliche Schleife um den Aigoual sch\u00e4tzen, die mit den ber\u00fchmten 4000 Stufen zum Observatorium gespickt ist.<\/p>\n<\/div>\n<\/div>\n\n\n\n<div class=\"wp-block-columns column-emplacements m-t-7 is-layout-flex wp-container-core-columns-is-layout-9d6595d7 wp-block-columns-is-layout-flex\">\n<div class=\"wp-block-column is-vertically-aligned-center animated fadeInLeft slow is-layout-flow wp-block-column-is-layout-flow\" style=\"flex-basis:33.33%\">\n<h2 class=\"ls__heading has-color-2-color has-text-color wp-block-heading\" id=\"m-t-10\">Ihre Wanderung allein<\/h2>\n\n\n\n<p class=\"ls-paragraph\">Suchen Sie einen Wanderweg f\u00fcr Alleinreisende, der Sie nicht in Gefahr bringt, aber Ihren Durst nach Wandern und frischer Luft stillt?<\/p>\n\n\n\n<p class=\"ls-paragraph\">Die Wanderung zu den M\u00fchlen von La Foux ist ein Rundweg von weniger als 10 km L\u00e4nge, der mit erhabenen Panoramen und der interessanten Besichtigung der M\u00fchlen gespickt ist. Der Pfad der 4000 Stufen, der zum Observatorium des Mont-Aigoual f\u00fchrt, ist ebenfalls eine gute Idee, um die Region auf einer Wanderung allein von Le Vigan aus zu erkunden.<\/p>\n\n\n\n<p class=\"ls-paragraph\">Je nach Tag ist der Ort gut besucht und bietet die M\u00f6glichkeit, andere Wanderfreunde kennen zu lernen.<\/p>\n<\/div>\n\n\n\n<div class=\"wp-block-column animated fadeInRight delay-100ms slow is-layout-flow wp-block-column-is-layout-flow\" style=\"flex-basis:66.66%\">\n<figure class=\"wp-block-image size-full\"><img loading=\"lazy\" decoding=\"async\" width=\"900\" height=\"600\" src=\"https:\/\/www.camping-levaldelarre.com\/wp-content\/uploads\/2022\/11\/camping-randonnee-vigan-seul.jpg\" alt=\"camping randonnee vigan seul\" class=\"wp-image-1483\" srcset=\"https:\/\/www.camping-levaldelarre.com\/wp-content\/uploads\/2022\/11\/camping-randonnee-vigan-seul.jpg 900w, https:\/\/www.camping-levaldelarre.com\/wp-content\/uploads\/2022\/11\/camping-randonnee-vigan-seul-300x200.jpg 300w, https:\/\/www.camping-levaldelarre.com\/wp-content\/uploads\/2022\/11\/camping-randonnee-vigan-seul-768x512.jpg 768w\" sizes=\"auto, (max-width: 900px) 100vw, 900px\" \/><\/figure>\n<\/div>\n<\/div>\n\n\r\n    <\/div>\r\n<\/section>\n\n<section id=\"ls-section-block_58ee5e09b723ef508055845e7c21cafb\" class=\"ls-section  page-four has-background-image has-parallax has-m-t m-t-0 has-m-b m-b-10 has-p-t p-t-20 has-p-b p-b-5\" >\r\n    <div class=\"ls-section__background-image opacity-100\"><img decoding=\"async\" src=\"https:\/\/www.camping-levaldelarre.com\/wp-content\/uploads\/2022\/11\/camping-randonnees-vigan.jpg\" alt=\"camping randonnees vigan\"><\/div>    <div class=\"container container--small\">\r\n        \n\n<h2 class=\"ls__heading has-text-align-center has-color-2-color has-text-color wp-block-heading\">Die sch\u00f6nsten Orte, die Sie auf Ihren Wanderungen entdecken k\u00f6nnen<\/h2>\n\n\n\n<p class=\"ls-paragraph\">Ob ruhig oder sportlich, die Wanderungen von Le Vigan aus f\u00fchren Sie zu den sch\u00f6nsten Orten der Causses und Cevennen.<\/p>\n\n\n\n<p class=\"ls-paragraph\">Wandern im Departement Gard bietet Ihnen die M\u00f6glichkeit, auf Wegen zu wandern, von denen aus Sie einen herrlichen Blick auf die Klippen der Vis-Schlucht, den Cirque de Navacelles oder den mythischen Felsen Saint-Guiral im Aigoual-Massiv haben.<\/p>\n\n\n\n<p class=\"ls-paragraph\">Andere Wanderwege f\u00fchren Sie durch das Naturschutzgebiet Combe Chaude, erkunden die Grotte de Baume oder f\u00fchren Sie am Ufer des Lac des Pises entlang.<\/p>\n\n\r\n    <\/div>\r\n<\/section>\n\n<section id=\"ls-section-block_2d96f4a37a5e7250547a6a91b32fb181\" class=\"ls-section  home-third m-t-0 page-five\" >\r\n        <div class=\"container container--wide\">\r\n        \n\n<div id=\"ls-heading ls-titre-div-block_231ccd1b7cf37d966cc3a83063044ad5\" class=\"ls-titre-div aligncenter h2-like has-text-color has-color-2-color\" >\n    Entdecken Sie den Pool, die Aktivit\u00e4ten und die Preise des Campingplatzes<\/div>\n\n\n<div id=\"ls-maillage-block_62355853621700918263f9dcf3d11bea\" class=\"ls-maillage cta-style-normal\" data-rows=\"3\">\r\n    <div class=\"wp-block-columns\"><div class=\"wp-block-column\"><div class=\"ls-cta\">\n\n<a href=\"https:\/\/www.camping-levaldelarre.com\/de\/camping-animations-vigan\/\" target=\"\" rel=\"noopener\" class=\"ls-cta__link\">\n\n\t<div class=\"ls-cta__image\"><img decoding=\"async\" src=\"https:\/\/www.camping-levaldelarre.com\/wp-content\/uploads\/2022\/11\/camping-activite-gard.jpg\" alt=\"camping activite gard\"><\/div>\n\t<div class=\"ls-cta__title\">\n\t\tUnsere Animationen\t<\/div>\n\n\t\n\t<span class=\"val-de-l-arre-fleche\"><\/span>\n\t\n<\/a><\/div><\/div><div class=\"wp-block-column\"><div class=\"ls-cta\">\n\n<a href=\"https:\/\/www.camping-levaldelarre.com\/de\/camping-schwimmbad-heisse-vigan\/\" target=\"\" rel=\"noopener\" class=\"ls-cta__link\">\n\n\t<div class=\"ls-cta__image\"><img decoding=\"async\" src=\"https:\/\/www.camping-levaldelarre.com\/wp-content\/uploads\/2022\/11\/camping-avec-piscine-gard.jpg\" alt=\"camping avec piscine \ngard\"><\/div>\n\t<div class=\"ls-cta__title\">\n\t\tUnser Swimmingpool\t<\/div>\n\n\t\n\t<span class=\"val-de-l-arre-fleche\"><\/span>\n\t\n<\/a><\/div><\/div><div class=\"wp-block-column\"><div class=\"ls-cta\">\n\n<a href=\"https:\/\/www.camping-levaldelarre.com\/de\/billiger-campingplatz-vigan\/\" target=\"\" rel=\"noopener\" class=\"ls-cta__link\">\n\n\t<div class=\"ls-cta__image\"><img decoding=\"async\" src=\"https:\/\/www.camping-levaldelarre.com\/wp-content\/uploads\/2022\/11\/camping-petit-prix-vigan.jpg\" alt=\"camping petit prix vigan\"><\/div>\n\t<div class=\"ls-cta__title\">\n\t\tUnsere Preise\t<\/div>\n\n\t\n\t<span class=\"val-de-l-arre-fleche\"><\/span>\n\t\n<\/a><\/div><\/div><\/div><\/div>\n\r\n    <\/div>\r\n<\/section>","protected":false},"excerpt":{"rendered":"","protected":false},"author":1,"featured_media":1494,"parent":0,"menu_order":0,"comment_status":"closed","ping_status":"closed","template":"","meta":{"_acf_changed":false,"footnotes":""},"sujet":[],"class_list":["post-2299","page","type-page","status-publish","has-post-thumbnail","hentry"],"acf":[],"yoast_head":"<!-- This site is optimized with the Yoast SEO plugin v25.3 - https:\/\/yoast.com\/wordpress\/plugins\/seo\/ -->\n<title>Camping Wanderungen Le Vigan | Wanderwege Gard<\/title>\n<meta name=\"robots\" content=\"index, follow, max-snippet:-1, max-image-preview:large, max-video-preview:-1\" \/>\n<link rel=\"canonical\" href=\"https:\/\/www.camping-levaldelarre.com\/de\/campingplatz-wanderungen-vigan\/\" \/>\n<meta property=\"og:locale\" content=\"de_DE\" \/>\n<meta property=\"og:type\" content=\"article\" \/>\n<meta property=\"og:title\" content=\"Camping Wanderungen Le Vigan | Wanderwege Gard\" \/>\n<meta property=\"og:url\" content=\"https:\/\/www.camping-levaldelarre.com\/de\/campingplatz-wanderungen-vigan\/\" \/>\n<meta property=\"og:site_name\" content=\"Le Val de l&#039;Arre\" \/>\n<meta property=\"article:modified_time\" content=\"2022-11-28T15:42:21+00:00\" \/>\n<meta property=\"og:image\" content=\"https:\/\/www.camping-levaldelarre.com\/wp-content\/uploads\/2022\/11\/camping-randonnee-gard.jpg\" \/>\n\t<meta property=\"og:image:width\" content=\"1900\" \/>\n\t<meta property=\"og:image:height\" content=\"600\" \/>\n\t<meta property=\"og:image:type\" content=\"image\/jpeg\" \/>\n<meta name=\"twitter:card\" content=\"summary_large_image\" \/>\n<meta name=\"twitter:label1\" content=\"Gesch\u00e4tzte Lesezeit\" \/>\n\t<meta name=\"twitter:data1\" content=\"3\u00a0Minuten\" \/>\n<script type=\"application\/ld+json\" class=\"yoast-schema-graph\">{\"@context\":\"https:\/\/schema.org\",\"@graph\":[{\"@type\":\"WebPage\",\"@id\":\"https:\/\/www.camping-levaldelarre.com\/de\/campingplatz-wanderungen-vigan\/\",\"url\":\"https:\/\/www.camping-levaldelarre.com\/de\/campingplatz-wanderungen-vigan\/\",\"name\":\"Camping Wanderungen Le Vigan | Wanderwege Gard\",\"isPartOf\":{\"@id\":\"https:\/\/www.camping-levaldelarre.com\/#website\"},\"primaryImageOfPage\":{\"@id\":\"https:\/\/www.camping-levaldelarre.com\/de\/campingplatz-wanderungen-vigan\/#primaryimage\"},\"image\":{\"@id\":\"https:\/\/www.camping-levaldelarre.com\/de\/campingplatz-wanderungen-vigan\/#primaryimage\"},\"thumbnailUrl\":\"https:\/\/www.camping-levaldelarre.com\/wp-content\/uploads\/2022\/11\/camping-randonnee-gard.jpg\",\"datePublished\":\"2022-09-27T12:33:55+00:00\",\"dateModified\":\"2022-11-28T15:42:21+00:00\",\"breadcrumb\":{\"@id\":\"https:\/\/www.camping-levaldelarre.com\/de\/campingplatz-wanderungen-vigan\/#breadcrumb\"},\"inLanguage\":\"de\",\"potentialAction\":[{\"@type\":\"ReadAction\",\"target\":[\"https:\/\/www.camping-levaldelarre.com\/de\/campingplatz-wanderungen-vigan\/\"]}]},{\"@type\":\"ImageObject\",\"inLanguage\":\"de\",\"@id\":\"https:\/\/www.camping-levaldelarre.com\/de\/campingplatz-wanderungen-vigan\/#primaryimage\",\"url\":\"https:\/\/www.camping-levaldelarre.com\/wp-content\/uploads\/2022\/11\/camping-randonnee-gard.jpg\",\"contentUrl\":\"https:\/\/www.camping-levaldelarre.com\/wp-content\/uploads\/2022\/11\/camping-randonnee-gard.jpg\",\"width\":1900,\"height\":600,\"caption\":\"camping randonnee gard\"},{\"@type\":\"BreadcrumbList\",\"@id\":\"https:\/\/www.camping-levaldelarre.com\/de\/campingplatz-wanderungen-vigan\/#breadcrumb\",\"itemListElement\":[{\"@type\":\"ListItem\",\"position\":1,\"name\":\"Camping Gard\",\"item\":\"https:\/\/www.camping-levaldelarre.com\/de\/\"},{\"@type\":\"ListItem\",\"position\":2,\"name\":\"Camping Wanderungen Le Vigan\"}]},{\"@type\":\"WebSite\",\"@id\":\"https:\/\/www.camping-levaldelarre.com\/#website\",\"url\":\"https:\/\/www.camping-levaldelarre.com\/\",\"name\":\"Le Val de l&#039;Arre\",\"description\":\"\",\"publisher\":{\"@id\":\"https:\/\/www.camping-levaldelarre.com\/#organization\"},\"potentialAction\":[{\"@type\":\"SearchAction\",\"target\":{\"@type\":\"EntryPoint\",\"urlTemplate\":\"https:\/\/www.camping-levaldelarre.com\/?s={search_term_string}\"},\"query-input\":{\"@type\":\"PropertyValueSpecification\",\"valueRequired\":true,\"valueName\":\"search_term_string\"}}],\"inLanguage\":\"de\"},{\"@type\":\"Organization\",\"@id\":\"https:\/\/www.camping-levaldelarre.com\/#organization\",\"name\":\"Le Val de l&#039;Arre\",\"url\":\"https:\/\/www.camping-levaldelarre.com\/\",\"logo\":{\"@type\":\"ImageObject\",\"inLanguage\":\"de\",\"@id\":\"https:\/\/www.camping-levaldelarre.com\/#\/schema\/logo\/image\/\",\"url\":\"https:\/\/www.camping-levaldelarre.com\/wp-content\/uploads\/2022\/10\/logo-le-val-de-l-arre.jpg\",\"contentUrl\":\"https:\/\/www.camping-levaldelarre.com\/wp-content\/uploads\/2022\/10\/logo-le-val-de-l-arre.jpg\",\"width\":370,\"height\":180,\"caption\":\"Le Val de l&#039;Arre\"},\"image\":{\"@id\":\"https:\/\/www.camping-levaldelarre.com\/#\/schema\/logo\/image\/\"}}]}<\/script>\n<!-- \/ Yoast SEO plugin. -->","yoast_head_json":{"title":"Camping Wanderungen Le Vigan | Wanderwege Gard","robots":{"index":"index","follow":"follow","max-snippet":"max-snippet:-1","max-image-preview":"max-image-preview:large","max-video-preview":"max-video-preview:-1"},"canonical":"https:\/\/www.camping-levaldelarre.com\/de\/campingplatz-wanderungen-vigan\/","og_locale":"de_DE","og_type":"article","og_title":"Camping Wanderungen Le Vigan | Wanderwege Gard","og_url":"https:\/\/www.camping-levaldelarre.com\/de\/campingplatz-wanderungen-vigan\/","og_site_name":"Le Val de l&#039;Arre","article_modified_time":"2022-11-28T15:42:21+00:00","og_image":[{"width":1900,"height":600,"url":"https:\/\/www.camping-levaldelarre.com\/wp-content\/uploads\/2022\/11\/camping-randonnee-gard.jpg","type":"image\/jpeg"}],"twitter_card":"summary_large_image","twitter_misc":{"Gesch\u00e4tzte Lesezeit":"3\u00a0Minuten"},"schema":{"@context":"https:\/\/schema.org","@graph":[{"@type":"WebPage","@id":"https:\/\/www.camping-levaldelarre.com\/de\/campingplatz-wanderungen-vigan\/","url":"https:\/\/www.camping-levaldelarre.com\/de\/campingplatz-wanderungen-vigan\/","name":"Camping Wanderungen Le Vigan | Wanderwege Gard","isPartOf":{"@id":"https:\/\/www.camping-levaldelarre.com\/#website"},"primaryImageOfPage":{"@id":"https:\/\/www.camping-levaldelarre.com\/de\/campingplatz-wanderungen-vigan\/#primaryimage"},"image":{"@id":"https:\/\/www.camping-levaldelarre.com\/de\/campingplatz-wanderungen-vigan\/#primaryimage"},"thumbnailUrl":"https:\/\/www.camping-levaldelarre.com\/wp-content\/uploads\/2022\/11\/camping-randonnee-gard.jpg","datePublished":"2022-09-27T12:33:55+00:00","dateModified":"2022-11-28T15:42:21+00:00","breadcrumb":{"@id":"https:\/\/www.camping-levaldelarre.com\/de\/campingplatz-wanderungen-vigan\/#breadcrumb"},"inLanguage":"de","potentialAction":[{"@type":"ReadAction","target":["https:\/\/www.camping-levaldelarre.com\/de\/campingplatz-wanderungen-vigan\/"]}]},{"@type":"ImageObject","inLanguage":"de","@id":"https:\/\/www.camping-levaldelarre.com\/de\/campingplatz-wanderungen-vigan\/#primaryimage","url":"https:\/\/www.camping-levaldelarre.com\/wp-content\/uploads\/2022\/11\/camping-randonnee-gard.jpg","contentUrl":"https:\/\/www.camping-levaldelarre.com\/wp-content\/uploads\/2022\/11\/camping-randonnee-gard.jpg","width":1900,"height":600,"caption":"camping randonnee gard"},{"@type":"BreadcrumbList","@id":"https:\/\/www.camping-levaldelarre.com\/de\/campingplatz-wanderungen-vigan\/#breadcrumb","itemListElement":[{"@type":"ListItem","position":1,"name":"Camping Gard","item":"https:\/\/www.camping-levaldelarre.com\/de\/"},{"@type":"ListItem","position":2,"name":"Camping Wanderungen Le Vigan"}]},{"@type":"WebSite","@id":"https:\/\/www.camping-levaldelarre.com\/#website","url":"https:\/\/www.camping-levaldelarre.com\/","name":"Le Val de l&#039;Arre","description":"","publisher":{"@id":"https:\/\/www.camping-levaldelarre.com\/#organization"},"potentialAction":[{"@type":"SearchAction","target":{"@type":"EntryPoint","urlTemplate":"https:\/\/www.camping-levaldelarre.com\/?s={search_term_string}"},"query-input":{"@type":"PropertyValueSpecification","valueRequired":true,"valueName":"search_term_string"}}],"inLanguage":"de"},{"@type":"Organization","@id":"https:\/\/www.camping-levaldelarre.com\/#organization","name":"Le Val de l&#039;Arre","url":"https:\/\/www.camping-levaldelarre.com\/","logo":{"@type":"ImageObject","inLanguage":"de","@id":"https:\/\/www.camping-levaldelarre.com\/#\/schema\/logo\/image\/","url":"https:\/\/www.camping-levaldelarre.com\/wp-content\/uploads\/2022\/10\/logo-le-val-de-l-arre.jpg","contentUrl":"https:\/\/www.camping-levaldelarre.com\/wp-content\/uploads\/2022\/10\/logo-le-val-de-l-arre.jpg","width":370,"height":180,"caption":"Le Val de l&#039;Arre"},"image":{"@id":"https:\/\/www.camping-levaldelarre.com\/#\/schema\/logo\/image\/"}}]}},"_links":{"self":[{"href":"https:\/\/www.camping-levaldelarre.com\/de\/wp-json\/wp\/v2\/pages\/2299","targetHints":{"allow":["GET"]}}],"collection":[{"href":"https:\/\/www.camping-levaldelarre.com\/de\/wp-json\/wp\/v2\/pages"}],"about":[{"href":"https:\/\/www.camping-levaldelarre.com\/de\/wp-json\/wp\/v2\/types\/page"}],"author":[{"embeddable":true,"href":"https:\/\/www.camping-levaldelarre.com\/de\/wp-json\/wp\/v2\/users\/1"}],"replies":[{"embeddable":true,"href":"https:\/\/www.camping-levaldelarre.com\/de\/wp-json\/wp\/v2\/comments?post=2299"}],"version-history":[{"count":4,"href":"https:\/\/www.camping-levaldelarre.com\/de\/wp-json\/wp\/v2\/pages\/2299\/revisions"}],"predecessor-version":[{"id":2685,"href":"https:\/\/www.camping-levaldelarre.com\/de\/wp-json\/wp\/v2\/pages\/2299\/revisions\/2685"}],"wp:featuredmedia":[{"embeddable":true,"href":"https:\/\/www.camping-levaldelarre.com\/de\/wp-json\/wp\/v2\/media\/1494"}],"wp:attachment":[{"href":"https:\/\/www.camping-levaldelarre.com\/de\/wp-json\/wp\/v2\/media?parent=2299"}],"wp:term":[{"taxonomy":"sujet","embeddable":true,"href":"https:\/\/www.camping-levaldelarre.com\/de\/wp-json\/wp\/v2\/sujet?post=2299"}],"curies":[{"name":"wp","href":"https:\/\/api.w.org\/{rel}","templated":true}]}}