{"id":2272,"date":"2022-11-09T09:18:06","date_gmt":"2022-11-09T08:18:06","guid":{"rendered":"https:\/\/www.camping-levaldelarre.com\/camping-labellise-vigan\/"},"modified":"2023-07-09T12:20:52","modified_gmt":"2023-07-09T10:20:52","slug":"camping-beschriftet-vigan","status":"publish","type":"page","link":"https:\/\/www.camping-levaldelarre.com\/de\/camping-beschriftet-vigan\/","title":{"rendered":"Label"},"content":{"rendered":"<section id=\"ls-section-block_415465626bb2c8cbb3dc2296f26d04f3\" class=\"ls-section  home-first page-one has-p-b p-b-15\" >\r\n        <div class=\"container container--wide\">\r\n        \n\n<div class=\"wp-block-columns is-layout-flex wp-container-core-columns-is-layout-9d6595d7 wp-block-columns-is-layout-flex\">\n<div class=\"wp-block-column is-layout-flow wp-block-column-is-layout-flow\" style=\"flex-basis:25%\">\n<div class=\"wp-block-columns m-b-2 animated fadeInDown slow is-layout-flex wp-container-core-columns-is-layout-9d6595d7 wp-block-columns-is-layout-flex\">\n<div class=\"wp-block-column column-bienvenue has-color-1-background-color has-background is-layout-flow wp-block-column-is-layout-flow\">\n<div id=\"ls-heading ls-titre-div-block_0a54c9971593f439184199335f064439\" class=\"ls-titre-div h3-like has-text-color has-color-white-color\" >\n    Die G\u00fctesiegel des Campingplatzes <strong>Le Val de l&#8217;Arre !<\/strong><\/div>\n\n\n\n<figure class=\"wp-block-image size-full\"><img loading=\"lazy\" decoding=\"async\" width=\"320\" height=\"110\" src=\"https:\/\/www.camping-levaldelarre.com\/wp-content\/uploads\/2022\/09\/camping-le-val-de-l-arre.png\" alt=\"camping ecoresponsable gard\n\" class=\"wp-image-311\" srcset=\"https:\/\/www.camping-levaldelarre.com\/wp-content\/uploads\/2022\/09\/camping-le-val-de-l-arre.png 320w, https:\/\/www.camping-levaldelarre.com\/wp-content\/uploads\/2022\/09\/camping-le-val-de-l-arre-300x103.png 300w\" sizes=\"auto, (max-width: 320px) 100vw, 320px\" \/><\/figure>\n<\/div>\n<\/div>\n\n\n\n<figure class=\"wp-block-image size-full animated fadeInLeft delay-200ms slow\"><a href=\"https:\/\/www.camping-levaldelarre.com\/wp-content\/uploads\/2022\/11\/camping-label-qualite-gard.jpg\"><img loading=\"lazy\" decoding=\"async\" width=\"600\" height=\"700\" src=\"https:\/\/www.camping-levaldelarre.com\/wp-content\/uploads\/2022\/11\/camping-label-qualite-gard.jpg\" alt=\"camping label qualite gard\" class=\"wp-image-1516\" srcset=\"https:\/\/www.camping-levaldelarre.com\/wp-content\/uploads\/2022\/11\/camping-label-qualite-gard.jpg 600w, https:\/\/www.camping-levaldelarre.com\/wp-content\/uploads\/2022\/11\/camping-label-qualite-gard-257x300.jpg 257w\" sizes=\"auto, (max-width: 600px) 100vw, 600px\" \/><\/a><\/figure>\n<\/div>\n\n\n\n<div class=\"wp-block-column home-first__principal is-layout-flow wp-block-column-is-layout-flow\" style=\"flex-basis:75%\">\n<figure class=\"wp-block-image size-full animated fadeInRight delay-100ms slow\"><a href=\"https:\/\/www.camping-levaldelarre.com\/wp-content\/uploads\/2022\/11\/camping-qualite-tourisme.jpg\"><img decoding=\"async\" src=\"https:\/\/www.camping-levaldelarre.com\/wp-content\/uploads\/2022\/11\/camping-qualite-tourisme.jpg\" alt=\"camping qualite tourisme\" class=\"wp-image-1520\"\/><\/a><\/figure>\n\n\n\n<h1 class=\"ls__heading wp-block-heading has-color-1-color has-text-color\">Campingplatz mit G\u00fctesiegel in Le Vigan<\/h1>\n\n\n\n<h2 class=\"ls__heading wp-block-heading has-color-2-color has-text-color\">Unser Qualit\u00e4tssiegel f\u00fcr Tourismus Okzitanien<\/h2>\n\n\n\n<p class=\"ls-paragraph\">Unser 4-Sterne-Campingplatz ist mit dem G\u00fctesiegel <strong>Qualit\u00e9 Tourisme Occitanie Sud de France<\/strong> ausgezeichnet.<\/p>\n\n\n\n<p class=\"ls-paragraph\">Dieses Siegel zeichnet Einrichtungen aus, die sich durch ihre Kundenorientierung und die Qualit\u00e4t ihres Empfangs auszeichnen.<\/p>\n\n\n\n<p class=\"ls-paragraph\">Das von der Region Okzitanien gesteuerte Siegel garantiert Ihnen, dass sich unser Qualit\u00e4tscampingplatz in Vigan f\u00fcr einen Prozess des Fortschritts und der st\u00e4ndigen Verbesserung einsetzt, um Sie zufrieden zu stellen. Dies geschieht durch eine aufmerksame \u00dcberwachung der Kundenzufriedenheit, in die unser gesamtes Personal einbezogen wird.<\/p>\n\n\n\n<p class=\"ls-paragraph\"><\/p>\n\n\n\n<figure class=\"wp-block-image size-large\"><img loading=\"lazy\" decoding=\"async\" width=\"1024\" height=\"512\" src=\"https:\/\/www.camping-levaldelarre.com\/wp-content\/uploads\/2022\/10\/oc-logoQualiteTourismeSDFQualitetourisme-1024x512.png\" alt=\"Qualit\u00e9 Tourisme Occitanie\" class=\"wp-image-2795\" srcset=\"https:\/\/www.camping-levaldelarre.com\/wp-content\/uploads\/2022\/10\/oc-logoQualiteTourismeSDFQualitetourisme-1024x512.png 1024w, https:\/\/www.camping-levaldelarre.com\/wp-content\/uploads\/2022\/10\/oc-logoQualiteTourismeSDFQualitetourisme-300x150.png 300w, https:\/\/www.camping-levaldelarre.com\/wp-content\/uploads\/2022\/10\/oc-logoQualiteTourismeSDFQualitetourisme-768x384.png 768w, https:\/\/www.camping-levaldelarre.com\/wp-content\/uploads\/2022\/10\/oc-logoQualiteTourismeSDFQualitetourisme-1536x768.png 1536w, https:\/\/www.camping-levaldelarre.com\/wp-content\/uploads\/2022\/10\/oc-logoQualiteTourismeSDFQualitetourisme-2048x1024.png 2048w\" sizes=\"auto, (max-width: 1024px) 100vw, 1024px\" \/><\/figure>\n<\/div>\n<\/div>\n\n\r\n    <\/div>\r\n<\/section>\n\n<section id=\"ls-section-block_c92aa59915f73c0de0adf4e72b68d07b\" class=\"ls-section  home-fourth m-t-0 page-two p-t-10 has-background has-color-3-background-color has-m-b m-b-0 has-p-t p-t-15 has-p-b p-b-20\" >\r\n        <div class=\"container container--wide\">\r\n        \n\n<div class=\"wp-block-columns is-layout-flex wp-container-core-columns-is-layout-9d6595d7 wp-block-columns-is-layout-flex\">\n<div class=\"wp-block-column animated fadeInLeft slow is-layout-flow wp-block-column-is-layout-flow\" style=\"flex-basis:66.66%\">\n<figure class=\"wp-block-image size-full\"><img loading=\"lazy\" decoding=\"async\" width=\"900\" height=\"600\" src=\"https:\/\/www.camping-levaldelarre.com\/wp-content\/uploads\/2022\/11\/camping-labellise-gard.jpg\" alt=\"camping labellise gard\" class=\"wp-image-1524\" srcset=\"https:\/\/www.camping-levaldelarre.com\/wp-content\/uploads\/2022\/11\/camping-labellise-gard.jpg 900w, https:\/\/www.camping-levaldelarre.com\/wp-content\/uploads\/2022\/11\/camping-labellise-gard-300x200.jpg 300w, https:\/\/www.camping-levaldelarre.com\/wp-content\/uploads\/2022\/11\/camping-labellise-gard-768x512.jpg 768w\" sizes=\"auto, (max-width: 900px) 100vw, 900px\" \/><\/figure>\n<\/div>\n\n\n\n<div class=\"wp-block-column is-vertically-aligned-center animated fadeInRight delay-200ms slow is-layout-flow wp-block-column-is-layout-flow\" style=\"flex-basis:33.33%\">\n<h2 class=\"ls__heading wp-block-heading has-color-2-color has-text-color\">Camping mit dem Label Esprit Parc National des C\u00e9vennes in Le Gard<\/h2>\n\n\n\n<p class=\"ls-paragraph\">Sie suchen einen hochwertigen Campingplatz im S\u00fcden der Cevennen? Der 4-Sterne-Campingplatz Le Val de l&#8217;Arre tr\u00e4gt au\u00dferdem das G\u00fctesiegel Esprit Parc National des C\u00e9vennes&#8220;.<\/p>\n\n\n\n<p class=\"ls-paragraph\">Als Marke der franz\u00f6sischen Nationalparks zeichnet &#8222;Esprit Parc National&#8220; Einrichtungen aus, die zum lokalen Leben in ihrem Gebiet beitragen, die Natur und das Kulturerbe respektieren und Begegnungen mit den lokalen Akteuren f\u00f6rdern.<\/p>\n\n\n\n<p class=\"ls-paragraph\">Was unsere Einrichtung zu einem Qualit\u00e4tscampingplatz in Le Vigan macht, ist auch unsere F\u00e4higkeit, Sie bei Ihren Besichtigungen zu beraten, Sie bei der Entdeckung des lokalen Know-hows zu begleiten und Naturerlebnisse mit Partnern aus der Umgebung zu erleben.<\/p>\n<\/div>\n<\/div>\n\n\n\n<div class=\"wp-block-columns column-emplacements m-t-7 is-layout-flex wp-container-core-columns-is-layout-9d6595d7 wp-block-columns-is-layout-flex\">\n<div class=\"wp-block-column is-vertically-aligned-center animated fadeInLeft slow is-layout-flow wp-block-column-is-layout-flow\" style=\"flex-basis:33.33%\">\n<h2 class=\"ls__heading wp-block-heading has-color-2-color has-text-color\" id=\"m-t-10\">Ihr Aufenthalt auf einem Campingplatz mit dem G\u00fctesiegel &#8222;Cl\u00e9 Verte&#8220; in Le Vigan<\/h2>\n\n\n\n<p class=\"ls-paragraph\">Ein weiteres Label unseres Qualit\u00e4tscampingplatzes im <a href=\"https:\/\/www.camping-levaldelarre.com\/de\/tourismus-gard\/\">Departement Gard<\/a> ist &#8222;Cl\u00e9 Verte&#8220;, das Einrichtungen auszeichnet, die sich f\u00fcr einen nachhaltigen Tourismus einsetzen.<\/p>\n\n\n\n<p class=\"ls-paragraph\">Als Zeichen der Seriosit\u00e4t ber\u00fccksichtigt das Label Cl\u00e9 Verte die Umweltpolitik des Campingplatzes, aber auch die Ma\u00dfnahmen zur Sensibilisierung der G\u00e4ste f\u00fcr Umweltfragen.&nbsp;<\/p>\n\n\n\n<p class=\"ls-paragraph\">Zu den gepr\u00fcften Punkten geh\u00f6ren Wasser-, Abfall- und Energiemanagement, verantwortungsbewusstes Einkaufen und die Qualit\u00e4t des Lebensumfelds.<\/p>\n<\/div>\n\n\n\n<div class=\"wp-block-column animated fadeInRight delay-100ms slow is-layout-flow wp-block-column-is-layout-flow\" style=\"flex-basis:66.66%\">\n<figure class=\"wp-block-image size-full\"><img loading=\"lazy\" decoding=\"async\" width=\"900\" height=\"600\" src=\"https:\/\/www.camping-levaldelarre.com\/wp-content\/uploads\/2022\/11\/camping-labellise-tourisme-responsable-vigan.jpg\" alt=\"camping labellise tourisme responsable vigan\" class=\"wp-image-1528\" srcset=\"https:\/\/www.camping-levaldelarre.com\/wp-content\/uploads\/2022\/11\/camping-labellise-tourisme-responsable-vigan.jpg 900w, https:\/\/www.camping-levaldelarre.com\/wp-content\/uploads\/2022\/11\/camping-labellise-tourisme-responsable-vigan-300x200.jpg 300w, https:\/\/www.camping-levaldelarre.com\/wp-content\/uploads\/2022\/11\/camping-labellise-tourisme-responsable-vigan-768x512.jpg 768w\" sizes=\"auto, (max-width: 900px) 100vw, 900px\" \/><\/figure>\n<\/div>\n<\/div>\n\n\r\n    <\/div>\r\n<\/section>\n\n<section id=\"ls-section-block_0bee9fda14d55c9dba9faacf1bbe8c35\" class=\"ls-section  home-third m-t-0 page-five\" >\r\n        <div class=\"container container--wide\">\r\n        \n\n<div id=\"ls-heading ls-titre-div-block_edba75cbacb8626e4205be1cd2579908\" class=\"ls-titre-div aligncenter h2-like has-text-color has-color-2-color\" >\n    Entdecken Sie die Ferienh\u00e4user, Mobilheime und Stellpl\u00e4tze unseres Campingplatzes<\/div>\n\n\n<div id=\"ls-maillage-block_2d0fc6947933aba31afd081872350f9c\" class=\"ls-maillage cta-style-normal\" data-rows=\"3\">\r\n    <div class=\"wp-block-columns\"><div class=\"wp-block-column\"><div class=\"ls-cta\">\n\n<a href=\"https:\/\/www.camping-levaldelarre.com\/de\/vermietung-standort-vigan\/\" target=\"\" rel=\"noopener\" class=\"ls-cta__link\">\n\n\t<div class=\"ls-cta__image\"><img decoding=\"async\" src=\"https:\/\/www.camping-levaldelarre.com\/wp-content\/uploads\/2022\/11\/location-emplacement-caravane-vigan.jpg\" alt=\"location emplacement caravane vigan\"><\/div>\n\t<div class=\"ls-cta__title\">\n\t\tUnsere Standorte\t<\/div>\n\n\t\n\t<span class=\"val-de-l-arre-fleche\"><\/span>\n\t\n<\/a><\/div><\/div><div class=\"wp-block-column\"><div class=\"ls-cta\">\n\n<a href=\"https:\/\/www.camping-levaldelarre.com\/de\/vermietung-gite-vigan\/\" target=\"\" rel=\"noopener\" class=\"ls-cta__link\">\n\n\t<div class=\"ls-cta__image\"><img decoding=\"async\" src=\"https:\/\/www.camping-levaldelarre.com\/wp-content\/uploads\/2022\/11\/gite-vigan-gard-768x512.jpg\" alt=\"gite vigan gard\"><\/div>\n\t<div class=\"ls-cta__title\">\n\t\tUnser Ferienhaus\t<\/div>\n\n\t\n\t<span class=\"val-de-l-arre-fleche\"><\/span>\n\t\n<\/a><\/div><\/div><div class=\"wp-block-column\"><div class=\"ls-cta\">\n\n<a href=\"https:\/\/www.camping-levaldelarre.com\/de\/vermietung-mobil-home-vigan\/\" target=\"\" rel=\"noopener\" class=\"ls-cta__link\">\n\n\t<div class=\"ls-cta__image\"><img decoding=\"async\" src=\"https:\/\/www.camping-levaldelarre.com\/wp-content\/uploads\/2022\/11\/location-mobil-home-gard.jpg\" alt=\"location mobil home gard\"><\/div>\n\t<div class=\"ls-cta__title\">\n\t\tUnsere Mobilheime\t<\/div>\n\n\t\n\t<span class=\"val-de-l-arre-fleche\"><\/span>\n\t\n<\/a><\/div><\/div><\/div><\/div>\n\r\n    <\/div>\r\n<\/section>","protected":false},"excerpt":{"rendered":"","protected":false},"author":1,"featured_media":1515,"parent":0,"menu_order":0,"comment_status":"closed","ping_status":"closed","template":"","meta":{"_acf_changed":false,"footnotes":""},"sujet":[],"class_list":["post-2272","page","type-page","status-publish","has-post-thumbnail","hentry"],"acf":[],"yoast_head":"<!-- This site is optimized with the Yoast SEO plugin v25.3 - https:\/\/yoast.com\/wordpress\/plugins\/seo\/ -->\n<title>Camping Tourismusqualit\u00e4t Le Vigan | Campingplatz mit dem G\u00fctesiegel Gard<\/title>\n<meta name=\"robots\" content=\"index, follow, max-snippet:-1, max-image-preview:large, max-video-preview:-1\" \/>\n<link rel=\"canonical\" href=\"https:\/\/www.camping-levaldelarre.com\/de\/camping-beschriftet-vigan\/\" \/>\n<meta property=\"og:locale\" content=\"de_DE\" \/>\n<meta property=\"og:type\" content=\"article\" \/>\n<meta property=\"og:title\" content=\"Camping Tourismusqualit\u00e4t Le Vigan | Campingplatz mit dem G\u00fctesiegel Gard\" \/>\n<meta property=\"og:url\" content=\"https:\/\/www.camping-levaldelarre.com\/de\/camping-beschriftet-vigan\/\" \/>\n<meta property=\"og:site_name\" content=\"Le Val de l&#039;Arre\" \/>\n<meta property=\"article:modified_time\" content=\"2023-07-09T10:20:52+00:00\" \/>\n<meta property=\"og:image\" content=\"https:\/\/www.camping-levaldelarre.com\/wp-content\/uploads\/2022\/11\/camping-labellise-vigan.jpg\" \/>\n\t<meta property=\"og:image:width\" content=\"1900\" \/>\n\t<meta property=\"og:image:height\" content=\"600\" \/>\n\t<meta property=\"og:image:type\" content=\"image\/jpeg\" \/>\n<meta name=\"twitter:card\" content=\"summary_large_image\" \/>\n<meta name=\"twitter:label1\" content=\"Gesch\u00e4tzte Lesezeit\" \/>\n\t<meta name=\"twitter:data1\" content=\"3\u00a0Minuten\" \/>\n<script type=\"application\/ld+json\" class=\"yoast-schema-graph\">{\"@context\":\"https:\/\/schema.org\",\"@graph\":[{\"@type\":\"WebPage\",\"@id\":\"https:\/\/www.camping-levaldelarre.com\/de\/camping-beschriftet-vigan\/\",\"url\":\"https:\/\/www.camping-levaldelarre.com\/de\/camping-beschriftet-vigan\/\",\"name\":\"Camping Tourismusqualit\u00e4t Le Vigan | Campingplatz mit dem G\u00fctesiegel Gard\",\"isPartOf\":{\"@id\":\"https:\/\/www.camping-levaldelarre.com\/#website\"},\"primaryImageOfPage\":{\"@id\":\"https:\/\/www.camping-levaldelarre.com\/de\/camping-beschriftet-vigan\/#primaryimage\"},\"image\":{\"@id\":\"https:\/\/www.camping-levaldelarre.com\/de\/camping-beschriftet-vigan\/#primaryimage\"},\"thumbnailUrl\":\"https:\/\/www.camping-levaldelarre.com\/wp-content\/uploads\/2022\/11\/camping-labellise-vigan.jpg\",\"datePublished\":\"2022-11-09T08:18:06+00:00\",\"dateModified\":\"2023-07-09T10:20:52+00:00\",\"breadcrumb\":{\"@id\":\"https:\/\/www.camping-levaldelarre.com\/de\/camping-beschriftet-vigan\/#breadcrumb\"},\"inLanguage\":\"de\",\"potentialAction\":[{\"@type\":\"ReadAction\",\"target\":[\"https:\/\/www.camping-levaldelarre.com\/de\/camping-beschriftet-vigan\/\"]}]},{\"@type\":\"ImageObject\",\"inLanguage\":\"de\",\"@id\":\"https:\/\/www.camping-levaldelarre.com\/de\/camping-beschriftet-vigan\/#primaryimage\",\"url\":\"https:\/\/www.camping-levaldelarre.com\/wp-content\/uploads\/2022\/11\/camping-labellise-vigan.jpg\",\"contentUrl\":\"https:\/\/www.camping-levaldelarre.com\/wp-content\/uploads\/2022\/11\/camping-labellise-vigan.jpg\",\"width\":1900,\"height\":600,\"caption\":\"camping labellise vigan\"},{\"@type\":\"BreadcrumbList\",\"@id\":\"https:\/\/www.camping-levaldelarre.com\/de\/camping-beschriftet-vigan\/#breadcrumb\",\"itemListElement\":[{\"@type\":\"ListItem\",\"position\":1,\"name\":\"Camping Gard\",\"item\":\"https:\/\/www.camping-levaldelarre.com\/de\/\"},{\"@type\":\"ListItem\",\"position\":2,\"name\":\"Campingplatz mit Tourismusqualit\u00e4t in Le Vigan\"}]},{\"@type\":\"WebSite\",\"@id\":\"https:\/\/www.camping-levaldelarre.com\/#website\",\"url\":\"https:\/\/www.camping-levaldelarre.com\/\",\"name\":\"Le Val de l&#039;Arre\",\"description\":\"\",\"publisher\":{\"@id\":\"https:\/\/www.camping-levaldelarre.com\/#organization\"},\"potentialAction\":[{\"@type\":\"SearchAction\",\"target\":{\"@type\":\"EntryPoint\",\"urlTemplate\":\"https:\/\/www.camping-levaldelarre.com\/?s={search_term_string}\"},\"query-input\":{\"@type\":\"PropertyValueSpecification\",\"valueRequired\":true,\"valueName\":\"search_term_string\"}}],\"inLanguage\":\"de\"},{\"@type\":\"Organization\",\"@id\":\"https:\/\/www.camping-levaldelarre.com\/#organization\",\"name\":\"Le Val de l&#039;Arre\",\"url\":\"https:\/\/www.camping-levaldelarre.com\/\",\"logo\":{\"@type\":\"ImageObject\",\"inLanguage\":\"de\",\"@id\":\"https:\/\/www.camping-levaldelarre.com\/#\/schema\/logo\/image\/\",\"url\":\"https:\/\/www.camping-levaldelarre.com\/wp-content\/uploads\/2022\/10\/logo-le-val-de-l-arre.jpg\",\"contentUrl\":\"https:\/\/www.camping-levaldelarre.com\/wp-content\/uploads\/2022\/10\/logo-le-val-de-l-arre.jpg\",\"width\":370,\"height\":180,\"caption\":\"Le Val de l&#039;Arre\"},\"image\":{\"@id\":\"https:\/\/www.camping-levaldelarre.com\/#\/schema\/logo\/image\/\"}}]}<\/script>\n<!-- \/ Yoast SEO plugin. -->","yoast_head_json":{"title":"Camping Tourismusqualit\u00e4t Le Vigan | Campingplatz mit dem G\u00fctesiegel Gard","robots":{"index":"index","follow":"follow","max-snippet":"max-snippet:-1","max-image-preview":"max-image-preview:large","max-video-preview":"max-video-preview:-1"},"canonical":"https:\/\/www.camping-levaldelarre.com\/de\/camping-beschriftet-vigan\/","og_locale":"de_DE","og_type":"article","og_title":"Camping Tourismusqualit\u00e4t Le Vigan | Campingplatz mit dem G\u00fctesiegel Gard","og_url":"https:\/\/www.camping-levaldelarre.com\/de\/camping-beschriftet-vigan\/","og_site_name":"Le Val de l&#039;Arre","article_modified_time":"2023-07-09T10:20:52+00:00","og_image":[{"width":1900,"height":600,"url":"https:\/\/www.camping-levaldelarre.com\/wp-content\/uploads\/2022\/11\/camping-labellise-vigan.jpg","type":"image\/jpeg"}],"twitter_card":"summary_large_image","twitter_misc":{"Gesch\u00e4tzte Lesezeit":"3\u00a0Minuten"},"schema":{"@context":"https:\/\/schema.org","@graph":[{"@type":"WebPage","@id":"https:\/\/www.camping-levaldelarre.com\/de\/camping-beschriftet-vigan\/","url":"https:\/\/www.camping-levaldelarre.com\/de\/camping-beschriftet-vigan\/","name":"Camping Tourismusqualit\u00e4t Le Vigan | Campingplatz mit dem G\u00fctesiegel Gard","isPartOf":{"@id":"https:\/\/www.camping-levaldelarre.com\/#website"},"primaryImageOfPage":{"@id":"https:\/\/www.camping-levaldelarre.com\/de\/camping-beschriftet-vigan\/#primaryimage"},"image":{"@id":"https:\/\/www.camping-levaldelarre.com\/de\/camping-beschriftet-vigan\/#primaryimage"},"thumbnailUrl":"https:\/\/www.camping-levaldelarre.com\/wp-content\/uploads\/2022\/11\/camping-labellise-vigan.jpg","datePublished":"2022-11-09T08:18:06+00:00","dateModified":"2023-07-09T10:20:52+00:00","breadcrumb":{"@id":"https:\/\/www.camping-levaldelarre.com\/de\/camping-beschriftet-vigan\/#breadcrumb"},"inLanguage":"de","potentialAction":[{"@type":"ReadAction","target":["https:\/\/www.camping-levaldelarre.com\/de\/camping-beschriftet-vigan\/"]}]},{"@type":"ImageObject","inLanguage":"de","@id":"https:\/\/www.camping-levaldelarre.com\/de\/camping-beschriftet-vigan\/#primaryimage","url":"https:\/\/www.camping-levaldelarre.com\/wp-content\/uploads\/2022\/11\/camping-labellise-vigan.jpg","contentUrl":"https:\/\/www.camping-levaldelarre.com\/wp-content\/uploads\/2022\/11\/camping-labellise-vigan.jpg","width":1900,"height":600,"caption":"camping labellise vigan"},{"@type":"BreadcrumbList","@id":"https:\/\/www.camping-levaldelarre.com\/de\/camping-beschriftet-vigan\/#breadcrumb","itemListElement":[{"@type":"ListItem","position":1,"name":"Camping Gard","item":"https:\/\/www.camping-levaldelarre.com\/de\/"},{"@type":"ListItem","position":2,"name":"Campingplatz mit Tourismusqualit\u00e4t in Le Vigan"}]},{"@type":"WebSite","@id":"https:\/\/www.camping-levaldelarre.com\/#website","url":"https:\/\/www.camping-levaldelarre.com\/","name":"Le Val de l&#039;Arre","description":"","publisher":{"@id":"https:\/\/www.camping-levaldelarre.com\/#organization"},"potentialAction":[{"@type":"SearchAction","target":{"@type":"EntryPoint","urlTemplate":"https:\/\/www.camping-levaldelarre.com\/?s={search_term_string}"},"query-input":{"@type":"PropertyValueSpecification","valueRequired":true,"valueName":"search_term_string"}}],"inLanguage":"de"},{"@type":"Organization","@id":"https:\/\/www.camping-levaldelarre.com\/#organization","name":"Le Val de l&#039;Arre","url":"https:\/\/www.camping-levaldelarre.com\/","logo":{"@type":"ImageObject","inLanguage":"de","@id":"https:\/\/www.camping-levaldelarre.com\/#\/schema\/logo\/image\/","url":"https:\/\/www.camping-levaldelarre.com\/wp-content\/uploads\/2022\/10\/logo-le-val-de-l-arre.jpg","contentUrl":"https:\/\/www.camping-levaldelarre.com\/wp-content\/uploads\/2022\/10\/logo-le-val-de-l-arre.jpg","width":370,"height":180,"caption":"Le Val de l&#039;Arre"},"image":{"@id":"https:\/\/www.camping-levaldelarre.com\/#\/schema\/logo\/image\/"}}]}},"_links":{"self":[{"href":"https:\/\/www.camping-levaldelarre.com\/de\/wp-json\/wp\/v2\/pages\/2272","targetHints":{"allow":["GET"]}}],"collection":[{"href":"https:\/\/www.camping-levaldelarre.com\/de\/wp-json\/wp\/v2\/pages"}],"about":[{"href":"https:\/\/www.camping-levaldelarre.com\/de\/wp-json\/wp\/v2\/types\/page"}],"author":[{"embeddable":true,"href":"https:\/\/www.camping-levaldelarre.com\/de\/wp-json\/wp\/v2\/users\/1"}],"replies":[{"embeddable":true,"href":"https:\/\/www.camping-levaldelarre.com\/de\/wp-json\/wp\/v2\/comments?post=2272"}],"version-history":[{"count":3,"href":"https:\/\/www.camping-levaldelarre.com\/de\/wp-json\/wp\/v2\/pages\/2272\/revisions"}],"predecessor-version":[{"id":2801,"href":"https:\/\/www.camping-levaldelarre.com\/de\/wp-json\/wp\/v2\/pages\/2272\/revisions\/2801"}],"wp:featuredmedia":[{"embeddable":true,"href":"https:\/\/www.camping-levaldelarre.com\/de\/wp-json\/wp\/v2\/media\/1515"}],"wp:attachment":[{"href":"https:\/\/www.camping-levaldelarre.com\/de\/wp-json\/wp\/v2\/media?parent=2272"}],"wp:term":[{"taxonomy":"sujet","embeddable":true,"href":"https:\/\/www.camping-levaldelarre.com\/de\/wp-json\/wp\/v2\/sujet?post=2272"}],"curies":[{"name":"wp","href":"https:\/\/api.w.org\/{rel}","templated":true}]}}