{"id":2263,"date":"2022-10-21T09:08:45","date_gmt":"2022-10-21T07:08:45","guid":{"rendered":"https:\/\/www.camping-levaldelarre.com\/location-gite-vigan\/"},"modified":"2022-11-28T09:44:55","modified_gmt":"2022-11-28T08:44:55","slug":"vermietung-gite-vigan","status":"publish","type":"page","link":"https:\/\/www.camping-levaldelarre.com\/de\/vermietung-gite-vigan\/","title":{"rendered":"G\u00eete"},"content":{"rendered":"<section id=\"ls-section-block_6a27ce44ab1ff6d9c5968d131a9dd5a2\" class=\"ls-section  fiche-gite m-t-0\" >\r\n        <div class=\"container container--wide\">\r\n        \n\n<h1 class=\"ls__heading has-text-align-center p-b-2 has-color-1-color has-text-color wp-block-heading\">Mieten Sie ein Ferienhaus in Le Vigan f\u00fcr einen angenehmen Aufenthalt<\/h1>\n\n\n\n<div id=\"ls-heading ls-titre-div-block_2ca02ec4576ee85adb7e456e84e3c9d7\" class=\"ls-titre-div aligncenter h2-like has-text-color has-color-2-color has-m-b m-b-10\" >\n    Die Unterkunft von Roudoulouse<\/div>\n\n\n\n<div class=\"wp-block-columns attributs is-layout-flex wp-container-core-columns-is-layout-9d6595d7 wp-block-columns-is-layout-flex\">\n<div class=\"wp-block-column is-layout-flow wp-block-column-is-layout-flow\">\n<span class=\"attribut\"><i class=\"val-de-l-arre-utilisateur\"><\/i> 8\t\t\t\t<\/span>\n<\/div>\n\n\n\n<div class=\"wp-block-column is-layout-flow wp-block-column-is-layout-flow\">\n<span class=\"attribut\"><i class=\"val-de-l-arre-douche\"><\/i> 2\t\t\t\t<\/span>\n<\/div>\n\n\n\n<div class=\"wp-block-column is-layout-flow wp-block-column-is-layout-flow\">\n<span class=\"attribut\"><i class=\"val-de-l-arre-open-door\"><\/i> 3\t\t\t\t<\/span>\n<\/div>\n\n\n\n<div class=\"wp-block-column is-layout-flow wp-block-column-is-layout-flow\">\n<span class=\"attribut\"><i class=\"val-de-l-arre-area\"><\/i> 100m\u00b2\t\t\t\t<\/span>\n<\/div>\n<\/div>\n\n\n\n<p class=\"ls-paragraph\">Die G\u00eete de Roudoulouse befindet sich in ruhiger Lage hinter dem Bauernhaus des Campingplatzes. Sie hat einen eigenen Eingang, eine Garage, eine Terrasse und einen Garten mit Gartenm\u00f6beln, Liegest\u00fchlen und Grill. Die G\u00eete ist nicht Teil des Campingplatzes und profitiert nicht von der 4*-Klassifizierung des Campingplatzes.<\/p>\n\n\n\n<p class=\"ls-paragraph\">Sie k\u00f6nnen jedoch alle Einrichtungen des Campingplatzes nutzen.<\/p>\n\n\n\n<p class=\"ls-paragraph\">Bei w\u00f6chentlicher Vermietung ist Bettw\u00e4sche (Laken, Decken, Kopfkissen, Badet\u00fccher und Geschirrt\u00fccher) vorhanden.<\/p>\n\n\n\n<div class=\"wp-block-columns is-layout-flex wp-container-core-columns-is-layout-9d6595d7 wp-block-columns-is-layout-flex\">\n<div class=\"wp-block-column is-layout-flow wp-block-column-is-layout-flow\">\n<figure class=\"wp-block-image size-full\"><a href=\"https:\/\/www.camping-levaldelarre.com\/wp-content\/uploads\/2022\/11\/louer-gite-vigan.jpg\"><img loading=\"lazy\" decoding=\"async\" width=\"900\" height=\"600\" src=\"https:\/\/www.camping-levaldelarre.com\/wp-content\/uploads\/2022\/11\/louer-gite-vigan.jpg\" alt=\"louer gite vigan\" class=\"wp-image-1927\" srcset=\"https:\/\/www.camping-levaldelarre.com\/wp-content\/uploads\/2022\/11\/louer-gite-vigan.jpg 900w, https:\/\/www.camping-levaldelarre.com\/wp-content\/uploads\/2022\/11\/louer-gite-vigan-300x200.jpg 300w, https:\/\/www.camping-levaldelarre.com\/wp-content\/uploads\/2022\/11\/louer-gite-vigan-768x512.jpg 768w\" sizes=\"auto, (max-width: 900px) 100vw, 900px\" \/><\/a><\/figure>\n<\/div>\n\n\n\n<div class=\"wp-block-column is-layout-flow wp-block-column-is-layout-flow\">\n<figure class=\"wp-block-image size-full\"><a href=\"https:\/\/www.camping-levaldelarre.com\/wp-content\/uploads\/2022\/11\/louer-gite-gard.jpg\"><img loading=\"lazy\" decoding=\"async\" width=\"900\" height=\"600\" src=\"https:\/\/www.camping-levaldelarre.com\/wp-content\/uploads\/2022\/11\/louer-gite-gard.jpg\" alt=\"louer gite gard\" class=\"wp-image-1923\" srcset=\"https:\/\/www.camping-levaldelarre.com\/wp-content\/uploads\/2022\/11\/louer-gite-gard.jpg 900w, https:\/\/www.camping-levaldelarre.com\/wp-content\/uploads\/2022\/11\/louer-gite-gard-300x200.jpg 300w, https:\/\/www.camping-levaldelarre.com\/wp-content\/uploads\/2022\/11\/louer-gite-gard-768x512.jpg 768w\" sizes=\"auto, (max-width: 900px) 100vw, 900px\" \/><\/a><\/figure>\n<\/div>\n\n\n\n<div class=\"wp-block-column is-layout-flow wp-block-column-is-layout-flow\">\n<figure class=\"wp-block-image size-full\"><a href=\"https:\/\/www.camping-levaldelarre.com\/wp-content\/uploads\/2022\/11\/vacances-famille-gite-gard.jpg\"><img loading=\"lazy\" decoding=\"async\" width=\"900\" height=\"600\" src=\"https:\/\/www.camping-levaldelarre.com\/wp-content\/uploads\/2022\/11\/vacances-famille-gite-gard.jpg\" alt=\"vacances famille gite gard\" class=\"wp-image-1911\" srcset=\"https:\/\/www.camping-levaldelarre.com\/wp-content\/uploads\/2022\/11\/vacances-famille-gite-gard.jpg 900w, https:\/\/www.camping-levaldelarre.com\/wp-content\/uploads\/2022\/11\/vacances-famille-gite-gard-300x200.jpg 300w, https:\/\/www.camping-levaldelarre.com\/wp-content\/uploads\/2022\/11\/vacances-famille-gite-gard-768x512.jpg 768w\" sizes=\"auto, (max-width: 900px) 100vw, 900px\" \/><\/a><\/figure>\n<\/div>\n\n\n\n<div class=\"wp-block-column is-layout-flow wp-block-column-is-layout-flow\">\n<figure class=\"wp-block-image size-full\"><a href=\"https:\/\/www.camping-levaldelarre.com\/wp-content\/uploads\/2022\/11\/location-gite-famille-gard.jpg\"><img loading=\"lazy\" decoding=\"async\" width=\"600\" height=\"700\" src=\"https:\/\/www.camping-levaldelarre.com\/wp-content\/uploads\/2022\/11\/location-gite-famille-gard.jpg\" alt=\"location gite famille gard\" class=\"wp-image-1919\" srcset=\"https:\/\/www.camping-levaldelarre.com\/wp-content\/uploads\/2022\/11\/location-gite-famille-gard.jpg 600w, https:\/\/www.camping-levaldelarre.com\/wp-content\/uploads\/2022\/11\/location-gite-famille-gard-257x300.jpg 257w\" sizes=\"auto, (max-width: 600px) 100vw, 600px\" \/><\/a><\/figure>\n<\/div>\n<\/div>\n\n\n\n<div class=\"wp-block-columns is-layout-flex wp-container-core-columns-is-layout-9d6595d7 wp-block-columns-is-layout-flex\">\n<div class=\"wp-block-column is-layout-flow wp-block-column-is-layout-flow\">\n<figure class=\"wp-block-image size-full\"><a href=\"https:\/\/www.camping-levaldelarre.com\/wp-content\/uploads\/2022\/11\/gite-location-gard.jpg\"><img loading=\"lazy\" decoding=\"async\" width=\"900\" height=\"600\" src=\"https:\/\/www.camping-levaldelarre.com\/wp-content\/uploads\/2022\/11\/gite-location-gard.jpg\" alt=\"gite location gard\" class=\"wp-image-1899\" srcset=\"https:\/\/www.camping-levaldelarre.com\/wp-content\/uploads\/2022\/11\/gite-location-gard.jpg 900w, https:\/\/www.camping-levaldelarre.com\/wp-content\/uploads\/2022\/11\/gite-location-gard-300x200.jpg 300w, https:\/\/www.camping-levaldelarre.com\/wp-content\/uploads\/2022\/11\/gite-location-gard-768x512.jpg 768w\" sizes=\"auto, (max-width: 900px) 100vw, 900px\" \/><\/a><\/figure>\n<\/div>\n\n\n\n<div class=\"wp-block-column is-layout-flow wp-block-column-is-layout-flow\">\n<figure class=\"wp-block-image size-full\"><a href=\"https:\/\/www.camping-levaldelarre.com\/wp-content\/uploads\/2022\/11\/gite-vigan-gard.jpg\"><img loading=\"lazy\" decoding=\"async\" width=\"900\" height=\"600\" src=\"https:\/\/www.camping-levaldelarre.com\/wp-content\/uploads\/2022\/11\/gite-vigan-gard.jpg\" alt=\"gite vigan gard\" class=\"wp-image-1915\" srcset=\"https:\/\/www.camping-levaldelarre.com\/wp-content\/uploads\/2022\/11\/gite-vigan-gard.jpg 900w, https:\/\/www.camping-levaldelarre.com\/wp-content\/uploads\/2022\/11\/gite-vigan-gard-300x200.jpg 300w, https:\/\/www.camping-levaldelarre.com\/wp-content\/uploads\/2022\/11\/gite-vigan-gard-768x512.jpg 768w\" sizes=\"auto, (max-width: 900px) 100vw, 900px\" \/><\/a><\/figure>\n<\/div>\n\n\n\n<div class=\"wp-block-column is-layout-flow wp-block-column-is-layout-flow\">\n<figure class=\"wp-block-image size-full\"><a href=\"https:\/\/www.camping-levaldelarre.com\/wp-content\/uploads\/2022\/11\/location-gite-roudoulouse-11.jpg\"><img loading=\"lazy\" decoding=\"async\" width=\"700\" height=\"460\" src=\"https:\/\/www.camping-levaldelarre.com\/wp-content\/uploads\/2022\/11\/location-gite-roudoulouse-11.jpg\" alt=\"location gite roudoulouse\" class=\"wp-image-1931\" srcset=\"https:\/\/www.camping-levaldelarre.com\/wp-content\/uploads\/2022\/11\/location-gite-roudoulouse-11.jpg 700w, https:\/\/www.camping-levaldelarre.com\/wp-content\/uploads\/2022\/11\/location-gite-roudoulouse-11-300x197.jpg 300w\" sizes=\"auto, (max-width: 700px) 100vw, 700px\" \/><\/a><\/figure>\n<\/div>\n<\/div>\n\n\n\n<div class=\"wp-block-columns is-layout-flex wp-container-core-columns-is-layout-9d6595d7 wp-block-columns-is-layout-flex\">\n<div class=\"wp-block-column p-2 has-color-3-background-color has-background is-layout-flow wp-block-column-is-layout-flow\">\n<div class=\"titreinvent\"><i class=\"fas fa-bed\" aria-hidden=\"true\"><\/i> Chambres<\/div>\n\n\n\n<ul class=\"ls-list wp-block-list\">\n<li>1 Schlafzimmer: 1 Bett 160 x 200 cm<\/li>\n\n\n\n<li>2 Zimmer: 1 Bett 140 x190cm + 1 Bett 80&#215;190 cm<\/li>\n\n\n\n<li>Kissen und Decke werden bereitgestellt<\/li>\n\n\n\n<li>M\u00f6glichkeit, ein Babybett aufzustellen<\/li>\n<\/ul>\n<\/div>\n\n\n\n<div class=\"wp-block-column p-2 has-color-3-background-color has-background is-layout-flow wp-block-column-is-layout-flow\">\n<div class=\"titreinvent\"><i class=\"fas fa-utensils\" aria-hidden=\"true\"><\/i> Cuisine\/S\u00e9jour<\/div>\n\n\n\n<ul class=\"ls-list wp-block-list\">\n<li>K\u00fchlschrank\/Gefrierschrank<\/li>\n\n\n\n<li>TV<\/li>\n\n\n\n<li>Geschirr-Set<\/li>\n\n\n\n<li>Haushalts-Set<\/li>\n\n\n\n<li>Elektrische Kaffeemaschine und Mikrowellenherd<\/li>\n\n\n\n<li>Toaster und Wasserkocher<\/li>\n\n\n\n<li>4-Flammen-Gaskochfeld<\/li>\n\n\n\n<li>Wohnzimmer mit Sitzbank<\/li>\n\n\n\n<li>Waschmaschine<\/li>\n\n\n\n<li>W\u00e4schetrockner<\/li>\n<\/ul>\n<\/div>\n\n\n\n<div class=\"wp-block-column p-2 has-color-3-background-color has-background is-layout-flow wp-block-column-is-layout-flow\">\n<div class=\"titreinvent\"><i class=\"fas fa-shower\" aria-hidden=\"true\"><\/i> Salle de bain<\/div>\n\n\n\n<ul class=\"ls-list wp-block-list\">\n<li>2 Badezimmer<\/li>\n\n\n\n<li>Doppelwaschbecken<\/li>\n\n\n\n<li>Handtuchtrockner<\/li>\n\n\n\n<li>Separates WC<\/li>\n\n\n\n<li>XXL-Dusche<\/li>\n<\/ul>\n<\/div>\n\n\n\n<div class=\"wp-block-column p-2 has-color-3-background-color has-background is-layout-flow wp-block-column-is-layout-flow\">\n<div class=\"titreinvent\"><i class=\"fas fa-sun\" aria-hidden=\"true\"><\/i> Ext\u00e9rieur<\/div>\n\n\n\n<ul class=\"ls-list wp-block-list\">\n<li>Unabh\u00e4ngiger Eingang<\/li>\n\n\n\n<li>Terrasse<\/li>\n\n\n\n<li>Garten<\/li>\n\n\n\n<li>Garage<\/li>\n\n\n\n<li>Sonnenschirm<\/li>\n\n\n\n<li>Gartenm\u00f6bel<\/li>\n\n\n\n<li>2 Sonnenliegen \/ Liegestuhl<\/li>\n\n\n\n<li>2 Chileninnen<\/li>\n\n\n\n<li>Grill<\/li>\n<\/ul>\n<\/div>\n<\/div>\n\n\n\n<ctv-availability data-product-id=\"52729\" data-background-color=\"#FFFFFFFF\"><\/ctv-availability>\n\n\r\n    <\/div>\r\n<\/section>\n\n<section id=\"ls-section-block_f276c5fd050ecba7d4a204d50b513c85\" class=\"ls-section  has-m-t m-t-0 has-p-t p-t-0\" >\r\n        <div class=\"container container--wide\">\r\n        \n\n<div class=\"wp-block-columns is-layout-flex wp-container-core-columns-is-layout-9d6595d7 wp-block-columns-is-layout-flex\">\n<div class=\"wp-block-column is-layout-flow wp-block-column-is-layout-flow\">\n<h2 class=\"ls__heading has-color-2-color has-text-color wp-block-heading\">Maximaler Komfort in unserem Ferienhaus<\/h2>\n\n\n\n<p class=\"ls-paragraph\">M\u00f6chten Sie f\u00fcr Ihren n\u00e4chsten Urlaub lieber ein Ferienhaus in der N\u00e4he von Le Vigan mieten? Auf dem <a href=\"\/de\/\">Campingplatz Le Val de l&#8217;Arre<\/a> k\u00f6nnen Sie den Komfort und die gro\u00dfe Fl\u00e4che eines Ferienhauses genie\u00dfen und haben trotzdem Zugang zu den Freizeitangeboten und Einrichtungen der Anlage: Schwimmbad, Sportpl\u00e4tze, Lebensmittelgesch\u00e4ft, Animationen und Aktivit\u00e4ten.<\/p>\n\n\n\n<p class=\"ls-paragraph\">Das Ferienhaus Roudoulouse liegt ruhig hinter dem Bauernhaus des Campingplatzes und bietet mit seinen drei Schlafzimmern und zwei Badezimmern Platz f\u00fcr bis zu acht Personen. Es eignet sich perfekt f\u00fcr ein Wiedersehen mit Freunden oder einen Familienurlaub und verf\u00fcgt \u00fcber einen separaten Eingang, einen eigenen Garten, eine Garage und eine Terrasse.<\/p>\n\n\n\n<p class=\"ls-paragraph\">Die Vermietung unseres Ferienhauses in Le Vigan garantiert Ihnen einen ruhigen Urlaub im S\u00fcden der Cevennen, mit dem Komfort eines Hauses und der Geselligkeit eines Campingplatzes. Perfekt, um die Sehns\u00fcchte eines jeden nach Erholung oder Teilnahme an Familienanimationen f\u00fcr Gro\u00df und Klein zu befriedigen!<\/p>\n<\/div>\n\n\n\n<div class=\"wp-block-column is-layout-flow wp-block-column-is-layout-flow\">\n<h2 class=\"ls__heading has-color-2-color has-text-color wp-block-heading\">Ein voll ausgestattetes Ferienhaus im Gard<\/h2>\n\n\n\n<p class=\"ls-paragraph\">W\u00e4hrend Ihres Familienurlaubs ist die Anmietung unseres<strong> <a href=\"https:\/\/www.camping-levaldelarre.com\/camping-pas-cher-vigan\/\">g\u00fcnstiges Ferienhaus in Gard<\/a><\/strong> erm\u00f6glicht Ihnen, den Komfort, den Sie im Alltag gewohnt sind, wiederzuerlangen.<\/p>\n\n\n\n<p class=\"ls-paragraph\">Das G\u00eete de la Roudoulouse ist perfekt f\u00fcr einen Urlaub im Gr\u00fcnen mit Ihren Kindern. Es bietet Ihnen gro\u00dfe Wohnr\u00e4ume im Innenbereich, einen Garten zum Spielen und eine Terrasse zum Faulenzen.<\/p>\n\n\n\n<p class=\"ls-paragraph\">Perfekt ausgestattet, verf\u00fcgt es \u00fcber einen Abstellraum mit Waschmaschine und Trockner. Die K\u00fcche ist mit einem kompletten Herd (Kochplatten und Backofen) und einem Geschirrsp\u00fcler ideal f\u00fcr die Zubereitung Ihrer Urlaubsmahlzeiten. Im gem\u00fctlichen Wohnzimmer befindet sich ein Fernseher. F\u00fcr einen ruhigen Morgen stehen Ihnen zwei Badezimmer und zwei WCs, eines davon separat, zur Verf\u00fcgung. Ein kleines Extra: Bei w\u00f6chentlicher Anmietung wird die W\u00e4sche bereitgestellt (Bettw\u00e4sche, Handt\u00fccher und Geschirrt\u00fccher).<\/p>\n\n\n\n<p class=\"ls-paragraph\">Ein Hotelservice, der es Ihnen erm\u00f6glicht, mit leichtem Gep\u00e4ck zu reisen und Sie von den Strapazen der R\u00fcckkehr aus dem Urlaub zu befreien.<\/p>\n<\/div>\n<\/div>\n\n\r\n    <\/div>\r\n<\/section>\n\n<section id=\"ls-section-block_1e5e7d19e32293839a0ef1026966927a\" class=\"ls-section  home-third m-t-0 page-five\" >\r\n        <div class=\"container container--wide\">\r\n        \n\n<div id=\"ls-heading ls-titre-div-block_1a9df45c246d56089969940a7a8ff68b\" class=\"ls-titre-div aligncenter h2-like has-text-color has-color-2-color\" >\n    Entdecken Sie die Unterk\u00fcnfte, den Pool und die Preise<\/div>\n\n\n<div id=\"ls-maillage-block_660cd8aac9ff7029e598ba1a61eceb4f\" class=\"ls-maillage cta-style-normal\" data-rows=\"3\">\r\n    <div class=\"wp-block-columns\"><div class=\"wp-block-column\"><div class=\"ls-cta\">\n\n<a href=\"https:\/\/www.camping-levaldelarre.com\/de\/vermietung-gite-vigan\/\" target=\"\" rel=\"noopener\" class=\"ls-cta__link\">\n\n\t<div class=\"ls-cta__image\"><img decoding=\"async\" src=\"https:\/\/www.camping-levaldelarre.com\/wp-content\/uploads\/2022\/11\/gite-vigan-gard-768x512.jpg\" alt=\"gite vigan gard\"><\/div>\n\t<div class=\"ls-cta__title\">\n\t\tUnser Ferienhaus\t<\/div>\n\n\t\n\t<span class=\"val-de-l-arre-fleche\"><\/span>\n\t\n<\/a><\/div><\/div><div class=\"wp-block-column\"><div class=\"ls-cta\">\n\n<a href=\"https:\/\/www.camping-levaldelarre.com\/de\/camping-schwimmbad-heisse-vigan\/\" target=\"\" rel=\"noopener\" class=\"ls-cta__link\">\n\n\t<div class=\"ls-cta__image\"><img decoding=\"async\" src=\"https:\/\/www.camping-levaldelarre.com\/wp-content\/uploads\/2022\/11\/camping-avec-piscine-gard.jpg\" alt=\"camping avec piscine \ngard\"><\/div>\n\t<div class=\"ls-cta__title\">\n\t\tUnser Swimmingpool\t<\/div>\n\n\t\n\t<span class=\"val-de-l-arre-fleche\"><\/span>\n\t\n<\/a><\/div><\/div><div class=\"wp-block-column\"><div class=\"ls-cta\">\n\n<a href=\"https:\/\/www.camping-levaldelarre.com\/de\/billiger-campingplatz-vigan\/\" target=\"\" rel=\"noopener\" class=\"ls-cta__link\">\n\n\t<div class=\"ls-cta__image\"><img decoding=\"async\" src=\"https:\/\/www.camping-levaldelarre.com\/wp-content\/uploads\/2022\/11\/camping-petit-prix-vigan.jpg\" alt=\"camping petit prix vigan\"><\/div>\n\t<div class=\"ls-cta__title\">\n\t\tUnsere Preise\t<\/div>\n\n\t\n\t<span class=\"val-de-l-arre-fleche\"><\/span>\n\t\n<\/a><\/div><\/div><\/div><\/div>\n\r\n    <\/div>\r\n<\/section>","protected":false},"excerpt":{"rendered":"","protected":false},"author":1,"featured_media":1906,"parent":0,"menu_order":0,"comment_status":"closed","ping_status":"closed","template":"","meta":{"_acf_changed":false,"footnotes":""},"sujet":[],"class_list":["post-2263","page","type-page","status-publish","has-post-thumbnail","hentry"],"acf":[],"yoast_head":"<!-- This site is optimized with the Yoast SEO plugin v25.3 - https:\/\/yoast.com\/wordpress\/plugins\/seo\/ -->\n<title>Mieten Sie ein Ferienhaus in Le Vigan | Ferienhaus Gard<\/title>\n<meta name=\"robots\" content=\"index, follow, max-snippet:-1, max-image-preview:large, max-video-preview:-1\" \/>\n<link rel=\"canonical\" href=\"https:\/\/www.camping-levaldelarre.com\/de\/vermietung-gite-vigan\/\" \/>\n<meta property=\"og:locale\" content=\"de_DE\" \/>\n<meta property=\"og:type\" content=\"article\" \/>\n<meta property=\"og:title\" content=\"Mieten Sie ein Ferienhaus in Le Vigan | Ferienhaus Gard\" \/>\n<meta property=\"og:url\" content=\"https:\/\/www.camping-levaldelarre.com\/de\/vermietung-gite-vigan\/\" \/>\n<meta property=\"og:site_name\" content=\"Le Val de l&#039;Arre\" \/>\n<meta property=\"article:modified_time\" content=\"2022-11-28T08:44:55+00:00\" \/>\n<meta property=\"og:image\" content=\"https:\/\/www.camping-levaldelarre.com\/wp-content\/uploads\/2022\/11\/gite-location-vigan.jpg\" \/>\n\t<meta property=\"og:image:width\" content=\"1900\" \/>\n\t<meta property=\"og:image:height\" content=\"600\" \/>\n\t<meta property=\"og:image:type\" content=\"image\/jpeg\" \/>\n<meta name=\"twitter:card\" content=\"summary_large_image\" \/>\n<meta name=\"twitter:label1\" content=\"Gesch\u00e4tzte Lesezeit\" \/>\n\t<meta name=\"twitter:data1\" content=\"4\u00a0Minuten\" \/>\n<script type=\"application\/ld+json\" class=\"yoast-schema-graph\">{\"@context\":\"https:\/\/schema.org\",\"@graph\":[{\"@type\":\"WebPage\",\"@id\":\"https:\/\/www.camping-levaldelarre.com\/de\/vermietung-gite-vigan\/\",\"url\":\"https:\/\/www.camping-levaldelarre.com\/de\/vermietung-gite-vigan\/\",\"name\":\"Mieten Sie ein Ferienhaus in Le Vigan | Ferienhaus Gard\",\"isPartOf\":{\"@id\":\"https:\/\/www.camping-levaldelarre.com\/#website\"},\"primaryImageOfPage\":{\"@id\":\"https:\/\/www.camping-levaldelarre.com\/de\/vermietung-gite-vigan\/#primaryimage\"},\"image\":{\"@id\":\"https:\/\/www.camping-levaldelarre.com\/de\/vermietung-gite-vigan\/#primaryimage\"},\"thumbnailUrl\":\"https:\/\/www.camping-levaldelarre.com\/wp-content\/uploads\/2022\/11\/gite-location-vigan.jpg\",\"datePublished\":\"2022-10-21T07:08:45+00:00\",\"dateModified\":\"2022-11-28T08:44:55+00:00\",\"breadcrumb\":{\"@id\":\"https:\/\/www.camping-levaldelarre.com\/de\/vermietung-gite-vigan\/#breadcrumb\"},\"inLanguage\":\"de\",\"potentialAction\":[{\"@type\":\"ReadAction\",\"target\":[\"https:\/\/www.camping-levaldelarre.com\/de\/vermietung-gite-vigan\/\"]}]},{\"@type\":\"ImageObject\",\"inLanguage\":\"de\",\"@id\":\"https:\/\/www.camping-levaldelarre.com\/de\/vermietung-gite-vigan\/#primaryimage\",\"url\":\"https:\/\/www.camping-levaldelarre.com\/wp-content\/uploads\/2022\/11\/gite-location-vigan.jpg\",\"contentUrl\":\"https:\/\/www.camping-levaldelarre.com\/wp-content\/uploads\/2022\/11\/gite-location-vigan.jpg\",\"width\":1900,\"height\":600,\"caption\":\"gite location vigan\"},{\"@type\":\"BreadcrumbList\",\"@id\":\"https:\/\/www.camping-levaldelarre.com\/de\/vermietung-gite-vigan\/#breadcrumb\",\"itemListElement\":[{\"@type\":\"ListItem\",\"position\":1,\"name\":\"Camping Gard\",\"item\":\"https:\/\/www.camping-levaldelarre.com\/de\/\"},{\"@type\":\"ListItem\",\"position\":2,\"name\":\"Ferienhaus in Le Vigan\"}]},{\"@type\":\"WebSite\",\"@id\":\"https:\/\/www.camping-levaldelarre.com\/#website\",\"url\":\"https:\/\/www.camping-levaldelarre.com\/\",\"name\":\"Le Val de l&#039;Arre\",\"description\":\"\",\"publisher\":{\"@id\":\"https:\/\/www.camping-levaldelarre.com\/#organization\"},\"potentialAction\":[{\"@type\":\"SearchAction\",\"target\":{\"@type\":\"EntryPoint\",\"urlTemplate\":\"https:\/\/www.camping-levaldelarre.com\/?s={search_term_string}\"},\"query-input\":{\"@type\":\"PropertyValueSpecification\",\"valueRequired\":true,\"valueName\":\"search_term_string\"}}],\"inLanguage\":\"de\"},{\"@type\":\"Organization\",\"@id\":\"https:\/\/www.camping-levaldelarre.com\/#organization\",\"name\":\"Le Val de l&#039;Arre\",\"url\":\"https:\/\/www.camping-levaldelarre.com\/\",\"logo\":{\"@type\":\"ImageObject\",\"inLanguage\":\"de\",\"@id\":\"https:\/\/www.camping-levaldelarre.com\/#\/schema\/logo\/image\/\",\"url\":\"https:\/\/www.camping-levaldelarre.com\/wp-content\/uploads\/2022\/10\/logo-le-val-de-l-arre.jpg\",\"contentUrl\":\"https:\/\/www.camping-levaldelarre.com\/wp-content\/uploads\/2022\/10\/logo-le-val-de-l-arre.jpg\",\"width\":370,\"height\":180,\"caption\":\"Le Val de l&#039;Arre\"},\"image\":{\"@id\":\"https:\/\/www.camping-levaldelarre.com\/#\/schema\/logo\/image\/\"}}]}<\/script>\n<!-- \/ Yoast SEO plugin. -->","yoast_head_json":{"title":"Mieten Sie ein Ferienhaus in Le Vigan | Ferienhaus Gard","robots":{"index":"index","follow":"follow","max-snippet":"max-snippet:-1","max-image-preview":"max-image-preview:large","max-video-preview":"max-video-preview:-1"},"canonical":"https:\/\/www.camping-levaldelarre.com\/de\/vermietung-gite-vigan\/","og_locale":"de_DE","og_type":"article","og_title":"Mieten Sie ein Ferienhaus in Le Vigan | Ferienhaus Gard","og_url":"https:\/\/www.camping-levaldelarre.com\/de\/vermietung-gite-vigan\/","og_site_name":"Le Val de l&#039;Arre","article_modified_time":"2022-11-28T08:44:55+00:00","og_image":[{"width":1900,"height":600,"url":"https:\/\/www.camping-levaldelarre.com\/wp-content\/uploads\/2022\/11\/gite-location-vigan.jpg","type":"image\/jpeg"}],"twitter_card":"summary_large_image","twitter_misc":{"Gesch\u00e4tzte Lesezeit":"4\u00a0Minuten"},"schema":{"@context":"https:\/\/schema.org","@graph":[{"@type":"WebPage","@id":"https:\/\/www.camping-levaldelarre.com\/de\/vermietung-gite-vigan\/","url":"https:\/\/www.camping-levaldelarre.com\/de\/vermietung-gite-vigan\/","name":"Mieten Sie ein Ferienhaus in Le Vigan | Ferienhaus Gard","isPartOf":{"@id":"https:\/\/www.camping-levaldelarre.com\/#website"},"primaryImageOfPage":{"@id":"https:\/\/www.camping-levaldelarre.com\/de\/vermietung-gite-vigan\/#primaryimage"},"image":{"@id":"https:\/\/www.camping-levaldelarre.com\/de\/vermietung-gite-vigan\/#primaryimage"},"thumbnailUrl":"https:\/\/www.camping-levaldelarre.com\/wp-content\/uploads\/2022\/11\/gite-location-vigan.jpg","datePublished":"2022-10-21T07:08:45+00:00","dateModified":"2022-11-28T08:44:55+00:00","breadcrumb":{"@id":"https:\/\/www.camping-levaldelarre.com\/de\/vermietung-gite-vigan\/#breadcrumb"},"inLanguage":"de","potentialAction":[{"@type":"ReadAction","target":["https:\/\/www.camping-levaldelarre.com\/de\/vermietung-gite-vigan\/"]}]},{"@type":"ImageObject","inLanguage":"de","@id":"https:\/\/www.camping-levaldelarre.com\/de\/vermietung-gite-vigan\/#primaryimage","url":"https:\/\/www.camping-levaldelarre.com\/wp-content\/uploads\/2022\/11\/gite-location-vigan.jpg","contentUrl":"https:\/\/www.camping-levaldelarre.com\/wp-content\/uploads\/2022\/11\/gite-location-vigan.jpg","width":1900,"height":600,"caption":"gite location vigan"},{"@type":"BreadcrumbList","@id":"https:\/\/www.camping-levaldelarre.com\/de\/vermietung-gite-vigan\/#breadcrumb","itemListElement":[{"@type":"ListItem","position":1,"name":"Camping Gard","item":"https:\/\/www.camping-levaldelarre.com\/de\/"},{"@type":"ListItem","position":2,"name":"Ferienhaus in Le Vigan"}]},{"@type":"WebSite","@id":"https:\/\/www.camping-levaldelarre.com\/#website","url":"https:\/\/www.camping-levaldelarre.com\/","name":"Le Val de l&#039;Arre","description":"","publisher":{"@id":"https:\/\/www.camping-levaldelarre.com\/#organization"},"potentialAction":[{"@type":"SearchAction","target":{"@type":"EntryPoint","urlTemplate":"https:\/\/www.camping-levaldelarre.com\/?s={search_term_string}"},"query-input":{"@type":"PropertyValueSpecification","valueRequired":true,"valueName":"search_term_string"}}],"inLanguage":"de"},{"@type":"Organization","@id":"https:\/\/www.camping-levaldelarre.com\/#organization","name":"Le Val de l&#039;Arre","url":"https:\/\/www.camping-levaldelarre.com\/","logo":{"@type":"ImageObject","inLanguage":"de","@id":"https:\/\/www.camping-levaldelarre.com\/#\/schema\/logo\/image\/","url":"https:\/\/www.camping-levaldelarre.com\/wp-content\/uploads\/2022\/10\/logo-le-val-de-l-arre.jpg","contentUrl":"https:\/\/www.camping-levaldelarre.com\/wp-content\/uploads\/2022\/10\/logo-le-val-de-l-arre.jpg","width":370,"height":180,"caption":"Le Val de l&#039;Arre"},"image":{"@id":"https:\/\/www.camping-levaldelarre.com\/#\/schema\/logo\/image\/"}}]}},"_links":{"self":[{"href":"https:\/\/www.camping-levaldelarre.com\/de\/wp-json\/wp\/v2\/pages\/2263","targetHints":{"allow":["GET"]}}],"collection":[{"href":"https:\/\/www.camping-levaldelarre.com\/de\/wp-json\/wp\/v2\/pages"}],"about":[{"href":"https:\/\/www.camping-levaldelarre.com\/de\/wp-json\/wp\/v2\/types\/page"}],"author":[{"embeddable":true,"href":"https:\/\/www.camping-levaldelarre.com\/de\/wp-json\/wp\/v2\/users\/1"}],"replies":[{"embeddable":true,"href":"https:\/\/www.camping-levaldelarre.com\/de\/wp-json\/wp\/v2\/comments?post=2263"}],"version-history":[{"count":3,"href":"https:\/\/www.camping-levaldelarre.com\/de\/wp-json\/wp\/v2\/pages\/2263\/revisions"}],"predecessor-version":[{"id":2416,"href":"https:\/\/www.camping-levaldelarre.com\/de\/wp-json\/wp\/v2\/pages\/2263\/revisions\/2416"}],"wp:featuredmedia":[{"embeddable":true,"href":"https:\/\/www.camping-levaldelarre.com\/de\/wp-json\/wp\/v2\/media\/1906"}],"wp:attachment":[{"href":"https:\/\/www.camping-levaldelarre.com\/de\/wp-json\/wp\/v2\/media?parent=2263"}],"wp:term":[{"taxonomy":"sujet","embeddable":true,"href":"https:\/\/www.camping-levaldelarre.com\/de\/wp-json\/wp\/v2\/sujet?post=2263"}],"curies":[{"name":"wp","href":"https:\/\/api.w.org\/{rel}","templated":true}]}}