{"id":2257,"date":"2022-09-27T14:35:29","date_gmt":"2022-09-27T12:35:29","guid":{"rendered":"https:\/\/www.camping-levaldelarre.com\/tourisme-gard\/"},"modified":"2022-11-28T14:46:26","modified_gmt":"2022-11-28T13:46:26","slug":"tourismus-gard","status":"publish","type":"page","link":"https:\/\/www.camping-levaldelarre.com\/de\/tourismus-gard\/","title":{"rendered":"Gard"},"content":{"rendered":"<section id=\"ls-section-block_811334c1ee6125d39be4309a7377ac0f\" class=\"ls-section  home-first page-one has-p-b p-b-15\" >\r\n        <div class=\"container container--wide\">\r\n        \n\n<div class=\"wp-block-columns is-layout-flex wp-container-core-columns-is-layout-9d6595d7 wp-block-columns-is-layout-flex\">\n<div class=\"wp-block-column is-layout-flow wp-block-column-is-layout-flow\" style=\"flex-basis:25%\">\n<div class=\"wp-block-columns m-b-2 animated fadeInDown slow is-layout-flex wp-container-core-columns-is-layout-9d6595d7 wp-block-columns-is-layout-flex\">\n<div class=\"wp-block-column column-bienvenue has-color-1-background-color has-background is-layout-flow wp-block-column-is-layout-flow\">\n<div id=\"ls-heading ls-titre-div-block_4b88e2c5f0918eb8bdd8eba0f8ec6dc5\" class=\"ls-titre-div h3-like has-text-color has-color-white-color\" >\n    Die Umgebung des Campingplatzes <strong>Le Val de l&#8217;Arre !<\/strong><\/div>\n\n\n\n<figure class=\"wp-block-image size-full\"><img loading=\"lazy\" decoding=\"async\" width=\"320\" height=\"110\" src=\"https:\/\/www.camping-levaldelarre.com\/wp-content\/uploads\/2022\/09\/camping-le-val-de-l-arre.png\" alt=\"tourisme gard\" class=\"wp-image-311\" srcset=\"https:\/\/www.camping-levaldelarre.com\/wp-content\/uploads\/2022\/09\/camping-le-val-de-l-arre.png 320w, https:\/\/www.camping-levaldelarre.com\/wp-content\/uploads\/2022\/09\/camping-le-val-de-l-arre-300x103.png 300w\" sizes=\"auto, (max-width: 320px) 100vw, 320px\" \/><\/figure>\n<\/div>\n<\/div>\n\n\n\n<figure class=\"wp-block-image size-full animated fadeInLeft delay-200ms slow\"><a href=\"https:\/\/www.camping-levaldelarre.com\/wp-content\/uploads\/2022\/11\/que-faire-gard.jpg\"><img loading=\"lazy\" decoding=\"async\" width=\"500\" height=\"583\" src=\"https:\/\/www.camping-levaldelarre.com\/wp-content\/uploads\/2022\/11\/que-faire-gard.jpg\" alt=\"que faire gard\" class=\"wp-image-1457\" srcset=\"https:\/\/www.camping-levaldelarre.com\/wp-content\/uploads\/2022\/11\/que-faire-gard.jpg 500w, https:\/\/www.camping-levaldelarre.com\/wp-content\/uploads\/2022\/11\/que-faire-gard-257x300.jpg 257w\" sizes=\"auto, (max-width: 500px) 100vw, 500px\" \/><\/a><\/figure>\n<\/div>\n\n\n\n<div class=\"wp-block-column home-first__principal is-layout-flow wp-block-column-is-layout-flow\" style=\"flex-basis:75%\">\n<figure class=\"wp-block-image size-full animated fadeInRight delay-100ms slow\"><a href=\"https:\/\/www.camping-levaldelarre.com\/wp-content\/uploads\/2022\/11\/visite-departement-gard.jpg\"><img loading=\"lazy\" decoding=\"async\" width=\"900\" height=\"600\" src=\"https:\/\/www.camping-levaldelarre.com\/wp-content\/uploads\/2022\/11\/visite-departement-gard.jpg\" alt=\"visite departement gard\" class=\"wp-image-1461\" srcset=\"https:\/\/www.camping-levaldelarre.com\/wp-content\/uploads\/2022\/11\/visite-departement-gard.jpg 900w, https:\/\/www.camping-levaldelarre.com\/wp-content\/uploads\/2022\/11\/visite-departement-gard-300x200.jpg 300w, https:\/\/www.camping-levaldelarre.com\/wp-content\/uploads\/2022\/11\/visite-departement-gard-768x512.jpg 768w\" sizes=\"auto, (max-width: 900px) 100vw, 900px\" \/><\/a><\/figure>\n\n\n\n<h1 class=\"ls__heading has-color-1-color has-text-color wp-block-heading\">Der Gard und seine einzigartigen Landschaften<\/h1>\n\n\n\n<div id=\"ls-heading ls-titre-div-block_2787a8cf174b626b794acd806a90301f\" class=\"ls-titre-div h2-like has-text-color has-color-2-color\" >\n    Unumg\u00e4ngliche Orte, die man besuchen sollte<\/div>\n\n\n\n<p class=\"ls-paragraph\">Von den Cevennen bis zum Mittelmeer ist das Gard reich an unumg\u00e4nglichen Natur- und Architekturst\u00e4tten, darunter Sch\u00e4tze, die von der UNESCO zum Weltkulturerbe erkl\u00e4rt wurden: der ber\u00fchmte Pont du Gard, das Juwel des Departements, aber auch die Abtei von Saint-Gilles, die Causses und Cevennen sowie die Gardon-Schlucht.<\/p>\n\n\n\n<p class=\"ls-paragraph\">Von den Bergen bis zur Garrigue gibt es auch mehrere Orte zu entdecken, die als Grands Sites de France eingestuft sind, darunter der Cirque de Navacelles und die Camargue.<\/p>\n\n\n\n<p class=\"ls-paragraph\">Das von der Romantik gepr\u00e4gte Gard beherbergt einige der sch\u00f6nsten antiken \u00dcberreste, die vor allem in der Stadt N\u00eemes zu finden sind, wo Sie die Arena, das Maison Carr\u00e9e, den Tour Magne und das Castellum bewundern sollten.<\/p>\n\n\n\n<p class=\"ls-paragraph\">An der Mittelmeerk\u00fcste sind Le Grau du Roi und Port-Camargue ein Muss f\u00fcr jeden Gard-Touristen, da sie alle Freuden des Meeres und des Wassersports bieten.<\/p>\n<\/div>\n<\/div>\n\n\r\n    <\/div>\r\n<\/section>\n\n<section id=\"ls-section-block_fe47c4fde9a4edcf11fe26a45aa59510\" class=\"ls-section  home-fourth m-t-0 page-two p-t-10 has-background has-color-3-background-color has-m-b m-b-0 has-p-t p-t-15 has-p-b p-b-20\" >\r\n        <div class=\"container container--wide\">\r\n        \n\n<div class=\"wp-block-columns is-layout-flex wp-container-core-columns-is-layout-9d6595d7 wp-block-columns-is-layout-flex\">\n<div class=\"wp-block-column animated fadeInLeft slow is-layout-flow wp-block-column-is-layout-flow\" style=\"flex-basis:66.66%\">\n<figure class=\"wp-block-image size-full\"><img loading=\"lazy\" decoding=\"async\" width=\"900\" height=\"600\" src=\"https:\/\/www.camping-levaldelarre.com\/wp-content\/uploads\/2022\/11\/visite-activite-gard.jpg\" alt=\"visite activite gard\" class=\"wp-image-1437\" srcset=\"https:\/\/www.camping-levaldelarre.com\/wp-content\/uploads\/2022\/11\/visite-activite-gard.jpg 900w, https:\/\/www.camping-levaldelarre.com\/wp-content\/uploads\/2022\/11\/visite-activite-gard-300x200.jpg 300w, https:\/\/www.camping-levaldelarre.com\/wp-content\/uploads\/2022\/11\/visite-activite-gard-768x512.jpg 768w\" sizes=\"auto, (max-width: 900px) 100vw, 900px\" \/><\/figure>\n<\/div>\n\n\n\n<div class=\"wp-block-column is-vertically-aligned-center animated fadeInRight delay-200ms slow is-layout-flow wp-block-column-is-layout-flow\" style=\"flex-basis:33.33%\">\n<h2 class=\"ls__heading has-color-2-color has-text-color wp-block-heading\">Der Pont du Gard, ein r\u00f6misches Aqu\u00e4dukt<\/h2>\n\n\n\n<p class=\"ls-paragraph\">Der Pont du Gard, der von der UNESCO zum Weltkulturerbe erkl\u00e4rt wurde, ist das wichtigste und am besten erhaltene St\u00fcck eines 50 Kilometer langen r\u00f6mischen Aqu\u00e4dukts.<\/p>\n\n\n\n<p class=\"ls-paragraph\">Jahrhundert gebaut, um die Hauptstadt Augusta mit Wasser zu versorgen. Die antiken Ingenieure errichteten eine Folge von Br\u00fccken und Tunneln von der Quelle des Flusses Eure in der N\u00e4he von Uz\u00e8s bis nach N\u00eemes.<\/p>\n\n\n\n<p class=\"ls-paragraph\">Mit einer L\u00e4nge von 275 Metern, einer H\u00f6he von 49 Metern und insgesamt etwa 50.000 Tonnen Stein ist die Pont du Gard ein Buch der Rekorde f\u00fcr sich.<\/p>\n\n\n\n<p class=\"ls-paragraph\">Heute ist die Anlage harmonisch mit Museum, Ausstellungen, Filmen, Kinderbereichen und Badestellen gestaltet. Er geh\u00f6rt zu den<strong> meistbesuchten Sehensw\u00fcrdigkeiten Frankreichs.<\/strong><\/p>\n<\/div>\n<\/div>\n\n\n\n<div class=\"wp-block-columns column-emplacements m-t-7 is-layout-flex wp-container-core-columns-is-layout-9d6595d7 wp-block-columns-is-layout-flex\">\n<div class=\"wp-block-column is-vertically-aligned-center animated fadeInLeft slow is-layout-flow wp-block-column-is-layout-flow\" style=\"flex-basis:33.33%\">\n<h2 class=\"ls__heading has-color-2-color has-text-color wp-block-heading\" id=\"m-t-10\">Abtei von Saint-Gilles<\/h2>\n\n\n\n<p class=\"ls-paragraph\">Die Abteikirche Saint Gilles ist eine Etappe auf dem Jakobsweg und wurde von der UNESCO zum Weltkulturerbe erkl\u00e4rt.<\/p>\n\n\n\n<p class=\"ls-paragraph\">Die Geschichte besagt, dass der Einsiedler Abt Gilles hier lebte, nachdem er seinen gesamten Besitz den Armen gespendet hatte.&nbsp;<\/p>\n\n\n\n<p class=\"ls-paragraph\">Sein Grab zog so viele Pilger an, dass eine ganze Stadt entstand.<\/p>\n\n\n\n<p class=\"ls-paragraph\">Diese wundersch\u00f6ne romanische Abteikirche liegt unweit von Aigues-Mortes an den Toren der Camargue und wurde von den Jahrhunderten und Konflikten hart getroffen.<\/p>\n\n\n\n<p class=\"ls-paragraph\">Dennoch blieb die Fassade im romanisch-provenzalischen Stil erhalten, die mit zarten Skulpturen geschm\u00fcckt ist, die von den besten Werkst\u00e4tten der damaligen Zeit angefertigt wurden.<\/p>\n\n\n\n<p class=\"ls-paragraph\">Die Krypta beherbergt den Sarkophag des Heiligen Gilles und die ber\u00fchmte Vis de Saint Gilles, eine \u00e4u\u00dferst seltene Wendeltreppe.<\/p>\n<\/div>\n\n\n\n<div class=\"wp-block-column animated fadeInRight delay-100ms slow is-layout-flow wp-block-column-is-layout-flow\" style=\"flex-basis:66.66%\">\n<figure class=\"wp-block-image size-full\"><img loading=\"lazy\" decoding=\"async\" width=\"900\" height=\"600\" src=\"https:\/\/www.camping-levaldelarre.com\/wp-content\/uploads\/2022\/11\/tourisme-gard-abbaye.jpg\" alt=\"tourisme gard abbaye\" class=\"wp-image-1453\" srcset=\"https:\/\/www.camping-levaldelarre.com\/wp-content\/uploads\/2022\/11\/tourisme-gard-abbaye.jpg 900w, https:\/\/www.camping-levaldelarre.com\/wp-content\/uploads\/2022\/11\/tourisme-gard-abbaye-300x200.jpg 300w, https:\/\/www.camping-levaldelarre.com\/wp-content\/uploads\/2022\/11\/tourisme-gard-abbaye-768x512.jpg 768w\" sizes=\"auto, (max-width: 900px) 100vw, 900px\" \/><\/figure>\n<\/div>\n<\/div>\n\n\r\n    <\/div>\r\n<\/section>\n\n\n<div class=\"wp-block-columns is-layout-flex wp-container-core-columns-is-layout-9d6595d7 wp-block-columns-is-layout-flex\">\n<div class=\"wp-block-column is-layout-flow wp-block-column-is-layout-flow\" style=\"flex-basis:100%\"><section id=\"ls-section-block_71010a75edb26316207bf9f0a057bf14\" class=\"ls-section  page-four has-background-image has-parallax has-m-t m-t-0 has-m-b m-b-10 has-p-t p-t-20 has-p-b p-b-5\" >\r\n    <div class=\"ls-section__background-image opacity-100\"><img decoding=\"async\" src=\"https:\/\/www.camping-levaldelarre.com\/wp-content\/uploads\/2022\/11\/visiter-gard.jpg\" alt=\"visiter gard\"><\/div>    <div class=\"container container--small\">\r\n        \n\n<h2 class=\"ls__heading has-text-align-center has-color-2-color has-text-color wp-block-heading\">Sehenswerte D\u00f6rfer im Gard<\/h2>\n\n\n\n<p class=\"ls-paragraph has-text-align-center\">Zu den touristischen H\u00f6hepunkten des Departements Gard geh\u00f6ren zahlreiche authentische und malerische D\u00f6rfer, durch deren Gassen man gerne schlendert. Mehrere Orte geh\u00f6ren zu den sch\u00f6nsten D\u00f6rfern Frankreichs, wie die Festung von Aigu\u00e8ze, das mittelalterliche Dorf Montclus, La Roque-sur-C\u00e8ze und Lussan.<\/p>\n\n\n\n<p class=\"ls-paragraph has-text-align-center\">Weitere charaktervolle D\u00f6rfer, die Sie sich nicht entgehen lassen sollten, sind die Renaissancestadt Barjac und das mittelalterliche V\u00e9z\u00e9nobres. In den Kunst- und Geschichtsst\u00e4dten N\u00eemes, Uz\u00e8s und Beaucaire gibt es zahlreiche bedeutende Sehensw\u00fcrdigkeiten, Museen und Denkm\u00e4ler zu besichtigen.<\/p>\n\n\r\n    <\/div>\r\n<\/section><\/div>\n<\/div>\n\n\n<section id=\"ls-section-block_6fac9266571ae560f1d1f85edc33109b\" class=\"ls-section  home-fourth m-t-0 page-two p-t-10 has-background has-color-3-background-color has-m-b m-b-0 has-p-t p-t-15 has-p-b p-b-15\" >\r\n        <div class=\"container container--wide\">\r\n        \n\n<div class=\"wp-block-columns is-layout-flex wp-container-core-columns-is-layout-9d6595d7 wp-block-columns-is-layout-flex\">\n<div class=\"wp-block-column animated fadeInLeft slow is-layout-flow wp-block-column-is-layout-flow\" style=\"flex-basis:66.66%\">\n<figure class=\"wp-block-image size-full\"><img loading=\"lazy\" decoding=\"async\" width=\"900\" height=\"600\" src=\"https:\/\/www.camping-levaldelarre.com\/wp-content\/uploads\/2022\/11\/tourisme-activita-gard.jpg\" alt=\"tourisme activite gard\" class=\"wp-image-1448\" srcset=\"https:\/\/www.camping-levaldelarre.com\/wp-content\/uploads\/2022\/11\/tourisme-activita-gard.jpg 900w, https:\/\/www.camping-levaldelarre.com\/wp-content\/uploads\/2022\/11\/tourisme-activita-gard-300x200.jpg 300w, https:\/\/www.camping-levaldelarre.com\/wp-content\/uploads\/2022\/11\/tourisme-activita-gard-768x512.jpg 768w\" sizes=\"auto, (max-width: 900px) 100vw, 900px\" \/><\/figure>\n<\/div>\n\n\n\n<div class=\"wp-block-column is-vertically-aligned-center animated fadeInRight delay-200ms slow is-layout-flow wp-block-column-is-layout-flow\" style=\"flex-basis:33.33%\">\n<h2 class=\"ls__heading has-color-2-color has-text-color wp-block-heading\">Erfahren Sie, was Sie in Gard unternehmen k\u00f6nnen<\/h2>\n\n\n\n<p class=\"ls-paragraph\">Der <strong>Tourismus im Departement Gard<\/strong> zeichnet sich dadurch aus, dass er eine gro\u00dfe Vielfalt an Aktivit\u00e4ten und Freizeitm\u00f6glichkeiten bietet.<\/p>\n\n\n\n<p class=\"ls-paragraph\">Der <a href=\"\/de\/\">Campingplatz in Le Vigan<\/a> liegt nur 1 Stunde und 15 Minuten vom Mittelmeer mit seinen Str\u00e4nden und H\u00e4fen entfernt.<\/p>\n\n\n\n<p class=\"ls-paragraph\">Sie k\u00f6nnen originelle Ausfl\u00fcge machen, wie z. B. die Grotte des Demoiselles oder das Observatorium von Aigoual, aber auch zahlreiche Outdoor-Aktivit\u00e4ten aus\u00fcben: Wandern im Cirque de Navacelles, Wassersport in den Schluchten des H\u00e9rault, Reiten in der Camargue, Kanu- und Canyoning-Touren rund um den Pont du Gard oder H\u00f6hlenforschung im Abgrund von Bramabiau.<\/p>\n\n\n\n<p class=\"ls-paragraph\">Wenn Sie Lust auf Shopping haben, sollten Sie die Innenst\u00e4dte von N\u00eemes oder Montpellier besuchen.<\/p>\n<\/div>\n<\/div>\n\n\r\n    <\/div>\r\n<\/section>\n\n<section id=\"ls-section-block_3a0485a48af4193a5793106f04c3b262\" class=\"ls-section  home-third m-t-0 page-five has-m-t m-t-0\" >\r\n        <div class=\"container container--wide\">\r\n        \n\n<div id=\"ls-heading ls-titre-div-block_eea7840d94c0e976999ac8e996fdc5e8\" class=\"ls-titre-div aligncenter h2-like has-text-color has-color-2-color\" >\n    Entdecken Sie die Preise, Aktivit\u00e4ten und Wanderungen des Campingplatzes<\/div>\n\n\n<div id=\"ls-maillage-block_8274c72df3f4a4473242d9f8e23b5458\" class=\"ls-maillage cta-style-normal\" data-rows=\"3\">\r\n    <div class=\"wp-block-columns\"><div class=\"wp-block-column\"><div class=\"ls-cta\">\n\n<a href=\"https:\/\/www.camping-levaldelarre.com\/de\/camping-animations-vigan\/\" target=\"\" rel=\"noopener\" class=\"ls-cta__link\">\n\n\t<div class=\"ls-cta__image\"><img decoding=\"async\" src=\"https:\/\/www.camping-levaldelarre.com\/wp-content\/uploads\/2022\/11\/camping-activite-gard.jpg\" alt=\"camping activite gard\"><\/div>\n\t<div class=\"ls-cta__title\">\n\t\tUnsere Animationen\t<\/div>\n\n\t\n\t<span class=\"val-de-l-arre-fleche\"><\/span>\n\t\n<\/a><\/div><\/div><div class=\"wp-block-column\"><div class=\"ls-cta\">\n\n<a href=\"https:\/\/www.camping-levaldelarre.com\/de\/campingplatz-wanderungen-vigan\/\" target=\"\" rel=\"noopener\" class=\"ls-cta__link\">\n\n\t<div class=\"ls-cta__image\"><img decoding=\"async\" src=\"https:\/\/www.camping-levaldelarre.com\/wp-content\/uploads\/2022\/11\/camping-randonnees-famille-vigan.jpg\" alt=\"camping randonn\u00e9es famille\"><\/div>\n\t<div class=\"ls-cta__title\">\n\t\tLes randonn\u00e9es\t<\/div>\n\n\t\n\t<span class=\"val-de-l-arre-fleche\"><\/span>\n\t\n<\/a><\/div><\/div><div class=\"wp-block-column\"><div class=\"ls-cta\">\n\n<a href=\"https:\/\/www.camping-levaldelarre.com\/de\/billiger-campingplatz-vigan\/\" target=\"\" rel=\"noopener\" class=\"ls-cta__link\">\n\n\t<div class=\"ls-cta__image\"><img decoding=\"async\" src=\"https:\/\/www.camping-levaldelarre.com\/wp-content\/uploads\/2022\/11\/camping-petit-prix-vigan.jpg\" alt=\"camping petit prix vigan\"><\/div>\n\t<div class=\"ls-cta__title\">\n\t\tUnsere Preise\t<\/div>\n\n\t\n\t<span class=\"val-de-l-arre-fleche\"><\/span>\n\t\n<\/a><\/div><\/div><\/div><\/div>\n\r\n    <\/div>\r\n<\/section>","protected":false},"excerpt":{"rendered":"","protected":false},"author":1,"featured_media":1436,"parent":0,"menu_order":0,"comment_status":"closed","ping_status":"closed","template":"","meta":{"_acf_changed":false,"footnotes":""},"sujet":[],"class_list":["post-2257","page","type-page","status-publish","has-post-thumbnail","hentry"],"acf":[],"yoast_head":"<!-- This site is optimized with the Yoast SEO plugin v25.3 - https:\/\/yoast.com\/wordpress\/plugins\/seo\/ -->\n<title>Tourismus im Gard | Besichtigungen und Aktivit\u00e4ten Gard<\/title>\n<meta name=\"robots\" content=\"index, follow, max-snippet:-1, max-image-preview:large, max-video-preview:-1\" \/>\n<link rel=\"canonical\" href=\"https:\/\/www.camping-levaldelarre.com\/de\/tourismus-gard\/\" \/>\n<meta property=\"og:locale\" content=\"de_DE\" \/>\n<meta property=\"og:type\" content=\"article\" \/>\n<meta property=\"og:title\" content=\"Tourismus im Gard | Besichtigungen und Aktivit\u00e4ten Gard\" \/>\n<meta property=\"og:url\" content=\"https:\/\/www.camping-levaldelarre.com\/de\/tourismus-gard\/\" \/>\n<meta property=\"og:site_name\" content=\"Le Val de l&#039;Arre\" \/>\n<meta property=\"article:modified_time\" content=\"2022-11-28T13:46:26+00:00\" \/>\n<meta property=\"og:image\" content=\"https:\/\/www.camping-levaldelarre.com\/wp-content\/uploads\/2022\/11\/tourisme-gard.jpg\" \/>\n\t<meta property=\"og:image:width\" content=\"1900\" \/>\n\t<meta property=\"og:image:height\" content=\"600\" \/>\n\t<meta property=\"og:image:type\" content=\"image\/jpeg\" \/>\n<meta name=\"twitter:card\" content=\"summary_large_image\" \/>\n<meta name=\"twitter:label1\" content=\"Gesch\u00e4tzte Lesezeit\" \/>\n\t<meta name=\"twitter:data1\" content=\"5\u00a0Minuten\" \/>\n<script type=\"application\/ld+json\" class=\"yoast-schema-graph\">{\"@context\":\"https:\/\/schema.org\",\"@graph\":[{\"@type\":\"WebPage\",\"@id\":\"https:\/\/www.camping-levaldelarre.com\/de\/tourismus-gard\/\",\"url\":\"https:\/\/www.camping-levaldelarre.com\/de\/tourismus-gard\/\",\"name\":\"Tourismus im Gard | Besichtigungen und Aktivit\u00e4ten Gard\",\"isPartOf\":{\"@id\":\"https:\/\/www.camping-levaldelarre.com\/#website\"},\"primaryImageOfPage\":{\"@id\":\"https:\/\/www.camping-levaldelarre.com\/de\/tourismus-gard\/#primaryimage\"},\"image\":{\"@id\":\"https:\/\/www.camping-levaldelarre.com\/de\/tourismus-gard\/#primaryimage\"},\"thumbnailUrl\":\"https:\/\/www.camping-levaldelarre.com\/wp-content\/uploads\/2022\/11\/tourisme-gard.jpg\",\"datePublished\":\"2022-09-27T12:35:29+00:00\",\"dateModified\":\"2022-11-28T13:46:26+00:00\",\"breadcrumb\":{\"@id\":\"https:\/\/www.camping-levaldelarre.com\/de\/tourismus-gard\/#breadcrumb\"},\"inLanguage\":\"de\",\"potentialAction\":[{\"@type\":\"ReadAction\",\"target\":[\"https:\/\/www.camping-levaldelarre.com\/de\/tourismus-gard\/\"]}]},{\"@type\":\"ImageObject\",\"inLanguage\":\"de\",\"@id\":\"https:\/\/www.camping-levaldelarre.com\/de\/tourismus-gard\/#primaryimage\",\"url\":\"https:\/\/www.camping-levaldelarre.com\/wp-content\/uploads\/2022\/11\/tourisme-gard.jpg\",\"contentUrl\":\"https:\/\/www.camping-levaldelarre.com\/wp-content\/uploads\/2022\/11\/tourisme-gard.jpg\",\"width\":1900,\"height\":600,\"caption\":\"tourisme gard\"},{\"@type\":\"BreadcrumbList\",\"@id\":\"https:\/\/www.camping-levaldelarre.com\/de\/tourismus-gard\/#breadcrumb\",\"itemListElement\":[{\"@type\":\"ListItem\",\"position\":1,\"name\":\"Camping Gard\",\"item\":\"https:\/\/www.camping-levaldelarre.com\/de\/\"},{\"@type\":\"ListItem\",\"position\":2,\"name\":\"Das Gard besuchen\"}]},{\"@type\":\"WebSite\",\"@id\":\"https:\/\/www.camping-levaldelarre.com\/#website\",\"url\":\"https:\/\/www.camping-levaldelarre.com\/\",\"name\":\"Le Val de l&#039;Arre\",\"description\":\"\",\"publisher\":{\"@id\":\"https:\/\/www.camping-levaldelarre.com\/#organization\"},\"potentialAction\":[{\"@type\":\"SearchAction\",\"target\":{\"@type\":\"EntryPoint\",\"urlTemplate\":\"https:\/\/www.camping-levaldelarre.com\/?s={search_term_string}\"},\"query-input\":{\"@type\":\"PropertyValueSpecification\",\"valueRequired\":true,\"valueName\":\"search_term_string\"}}],\"inLanguage\":\"de\"},{\"@type\":\"Organization\",\"@id\":\"https:\/\/www.camping-levaldelarre.com\/#organization\",\"name\":\"Le Val de l&#039;Arre\",\"url\":\"https:\/\/www.camping-levaldelarre.com\/\",\"logo\":{\"@type\":\"ImageObject\",\"inLanguage\":\"de\",\"@id\":\"https:\/\/www.camping-levaldelarre.com\/#\/schema\/logo\/image\/\",\"url\":\"https:\/\/www.camping-levaldelarre.com\/wp-content\/uploads\/2022\/10\/logo-le-val-de-l-arre.jpg\",\"contentUrl\":\"https:\/\/www.camping-levaldelarre.com\/wp-content\/uploads\/2022\/10\/logo-le-val-de-l-arre.jpg\",\"width\":370,\"height\":180,\"caption\":\"Le Val de l&#039;Arre\"},\"image\":{\"@id\":\"https:\/\/www.camping-levaldelarre.com\/#\/schema\/logo\/image\/\"}}]}<\/script>\n<!-- \/ Yoast SEO plugin. -->","yoast_head_json":{"title":"Tourismus im Gard | Besichtigungen und Aktivit\u00e4ten Gard","robots":{"index":"index","follow":"follow","max-snippet":"max-snippet:-1","max-image-preview":"max-image-preview:large","max-video-preview":"max-video-preview:-1"},"canonical":"https:\/\/www.camping-levaldelarre.com\/de\/tourismus-gard\/","og_locale":"de_DE","og_type":"article","og_title":"Tourismus im Gard | Besichtigungen und Aktivit\u00e4ten Gard","og_url":"https:\/\/www.camping-levaldelarre.com\/de\/tourismus-gard\/","og_site_name":"Le Val de l&#039;Arre","article_modified_time":"2022-11-28T13:46:26+00:00","og_image":[{"width":1900,"height":600,"url":"https:\/\/www.camping-levaldelarre.com\/wp-content\/uploads\/2022\/11\/tourisme-gard.jpg","type":"image\/jpeg"}],"twitter_card":"summary_large_image","twitter_misc":{"Gesch\u00e4tzte Lesezeit":"5\u00a0Minuten"},"schema":{"@context":"https:\/\/schema.org","@graph":[{"@type":"WebPage","@id":"https:\/\/www.camping-levaldelarre.com\/de\/tourismus-gard\/","url":"https:\/\/www.camping-levaldelarre.com\/de\/tourismus-gard\/","name":"Tourismus im Gard | Besichtigungen und Aktivit\u00e4ten Gard","isPartOf":{"@id":"https:\/\/www.camping-levaldelarre.com\/#website"},"primaryImageOfPage":{"@id":"https:\/\/www.camping-levaldelarre.com\/de\/tourismus-gard\/#primaryimage"},"image":{"@id":"https:\/\/www.camping-levaldelarre.com\/de\/tourismus-gard\/#primaryimage"},"thumbnailUrl":"https:\/\/www.camping-levaldelarre.com\/wp-content\/uploads\/2022\/11\/tourisme-gard.jpg","datePublished":"2022-09-27T12:35:29+00:00","dateModified":"2022-11-28T13:46:26+00:00","breadcrumb":{"@id":"https:\/\/www.camping-levaldelarre.com\/de\/tourismus-gard\/#breadcrumb"},"inLanguage":"de","potentialAction":[{"@type":"ReadAction","target":["https:\/\/www.camping-levaldelarre.com\/de\/tourismus-gard\/"]}]},{"@type":"ImageObject","inLanguage":"de","@id":"https:\/\/www.camping-levaldelarre.com\/de\/tourismus-gard\/#primaryimage","url":"https:\/\/www.camping-levaldelarre.com\/wp-content\/uploads\/2022\/11\/tourisme-gard.jpg","contentUrl":"https:\/\/www.camping-levaldelarre.com\/wp-content\/uploads\/2022\/11\/tourisme-gard.jpg","width":1900,"height":600,"caption":"tourisme gard"},{"@type":"BreadcrumbList","@id":"https:\/\/www.camping-levaldelarre.com\/de\/tourismus-gard\/#breadcrumb","itemListElement":[{"@type":"ListItem","position":1,"name":"Camping Gard","item":"https:\/\/www.camping-levaldelarre.com\/de\/"},{"@type":"ListItem","position":2,"name":"Das Gard besuchen"}]},{"@type":"WebSite","@id":"https:\/\/www.camping-levaldelarre.com\/#website","url":"https:\/\/www.camping-levaldelarre.com\/","name":"Le Val de l&#039;Arre","description":"","publisher":{"@id":"https:\/\/www.camping-levaldelarre.com\/#organization"},"potentialAction":[{"@type":"SearchAction","target":{"@type":"EntryPoint","urlTemplate":"https:\/\/www.camping-levaldelarre.com\/?s={search_term_string}"},"query-input":{"@type":"PropertyValueSpecification","valueRequired":true,"valueName":"search_term_string"}}],"inLanguage":"de"},{"@type":"Organization","@id":"https:\/\/www.camping-levaldelarre.com\/#organization","name":"Le Val de l&#039;Arre","url":"https:\/\/www.camping-levaldelarre.com\/","logo":{"@type":"ImageObject","inLanguage":"de","@id":"https:\/\/www.camping-levaldelarre.com\/#\/schema\/logo\/image\/","url":"https:\/\/www.camping-levaldelarre.com\/wp-content\/uploads\/2022\/10\/logo-le-val-de-l-arre.jpg","contentUrl":"https:\/\/www.camping-levaldelarre.com\/wp-content\/uploads\/2022\/10\/logo-le-val-de-l-arre.jpg","width":370,"height":180,"caption":"Le Val de l&#039;Arre"},"image":{"@id":"https:\/\/www.camping-levaldelarre.com\/#\/schema\/logo\/image\/"}}]}},"_links":{"self":[{"href":"https:\/\/www.camping-levaldelarre.com\/de\/wp-json\/wp\/v2\/pages\/2257","targetHints":{"allow":["GET"]}}],"collection":[{"href":"https:\/\/www.camping-levaldelarre.com\/de\/wp-json\/wp\/v2\/pages"}],"about":[{"href":"https:\/\/www.camping-levaldelarre.com\/de\/wp-json\/wp\/v2\/types\/page"}],"author":[{"embeddable":true,"href":"https:\/\/www.camping-levaldelarre.com\/de\/wp-json\/wp\/v2\/users\/1"}],"replies":[{"embeddable":true,"href":"https:\/\/www.camping-levaldelarre.com\/de\/wp-json\/wp\/v2\/comments?post=2257"}],"version-history":[{"count":4,"href":"https:\/\/www.camping-levaldelarre.com\/de\/wp-json\/wp\/v2\/pages\/2257\/revisions"}],"predecessor-version":[{"id":2645,"href":"https:\/\/www.camping-levaldelarre.com\/de\/wp-json\/wp\/v2\/pages\/2257\/revisions\/2645"}],"wp:featuredmedia":[{"embeddable":true,"href":"https:\/\/www.camping-levaldelarre.com\/de\/wp-json\/wp\/v2\/media\/1436"}],"wp:attachment":[{"href":"https:\/\/www.camping-levaldelarre.com\/de\/wp-json\/wp\/v2\/media?parent=2257"}],"wp:term":[{"taxonomy":"sujet","embeddable":true,"href":"https:\/\/www.camping-levaldelarre.com\/de\/wp-json\/wp\/v2\/sujet?post=2257"}],"curies":[{"name":"wp","href":"https:\/\/api.w.org\/{rel}","templated":true}]}}