{"id":2250,"date":"2022-11-18T13:38:46","date_gmt":"2022-11-18T12:38:46","guid":{"rendered":"https:\/\/www.camping-levaldelarre.com\/emplacements-camping-car-gard\/"},"modified":"2022-11-28T16:13:30","modified_gmt":"2022-11-28T15:13:30","slug":"stellplaetze-camping-car-gard","status":"publish","type":"page","link":"https:\/\/www.camping-levaldelarre.com\/de\/stellplaetze-camping-car-gard\/","title":{"rendered":"Emplacements camping car"},"content":{"rendered":"<section id=\"ls-section-block_0710b2a84c25fc504baa32685d3d8f18\" class=\"ls-section  home-first page-one has-p-b p-b-0\" >\r\n        <div class=\"container container--wide\">\r\n        \n\n<div class=\"wp-block-columns is-layout-flex wp-container-core-columns-is-layout-9d6595d7 wp-block-columns-is-layout-flex\">\n<div class=\"wp-block-column is-layout-flow wp-block-column-is-layout-flow\" style=\"flex-basis:25%\">\n<div class=\"wp-block-columns m-b-2 animated fadeInDown slow is-layout-flex wp-container-core-columns-is-layout-9d6595d7 wp-block-columns-is-layout-flex\">\n<div class=\"wp-block-column column-bienvenue has-color-1-background-color has-background is-layout-flow wp-block-column-is-layout-flow\">\n<div id=\"ls-heading ls-titre-div-block_e6198dd91c1c7d74d5fd3784f6cb7e51\" class=\"ls-titre-div h3-like has-text-color has-color-white-color\" >\n    Empfang von <strong>Wohnmobilisten<\/strong><\/div>\n\n\n\n<figure class=\"wp-block-image size-full\"><img loading=\"lazy\" decoding=\"async\" width=\"320\" height=\"110\" src=\"https:\/\/www.camping-levaldelarre.com\/wp-content\/uploads\/2022\/09\/camping-le-val-de-l-arre.png\" alt=\"camping gard freecamp\" class=\"wp-image-311\" srcset=\"https:\/\/www.camping-levaldelarre.com\/wp-content\/uploads\/2022\/09\/camping-le-val-de-l-arre.png 320w, https:\/\/www.camping-levaldelarre.com\/wp-content\/uploads\/2022\/09\/camping-le-val-de-l-arre-300x103.png 300w\" sizes=\"auto, (max-width: 320px) 100vw, 320px\" \/><\/figure>\n<\/div>\n<\/div>\n\n\n\n<figure class=\"wp-block-image size-full animated fadeInLeft delay-200ms slow\"><a href=\"https:\/\/www.camping-levaldelarre.com\/wp-content\/uploads\/2022\/11\/emplacement-camping-car.jpg\"><img loading=\"lazy\" decoding=\"async\" width=\"600\" height=\"803\" src=\"https:\/\/www.camping-levaldelarre.com\/wp-content\/uploads\/2022\/11\/emplacement-camping-car.jpg\" alt=\"emplacement camping car\" class=\"wp-image-2204\" srcset=\"https:\/\/www.camping-levaldelarre.com\/wp-content\/uploads\/2022\/11\/emplacement-camping-car.jpg 600w, https:\/\/www.camping-levaldelarre.com\/wp-content\/uploads\/2022\/11\/emplacement-camping-car-224x300.jpg 224w\" sizes=\"auto, (max-width: 600px) 100vw, 600px\" \/><\/a><\/figure>\n<\/div>\n\n\n\n<div class=\"wp-block-column home-first__principal is-layout-flow wp-block-column-is-layout-flow\" style=\"flex-basis:75%\">\n<figure class=\"wp-block-image size-full animated fadeInRight delay-100ms slow\"><a href=\"https:\/\/www.camping-levaldelarre.com\/wp-content\/uploads\/2022\/11\/camping-car-cevennes.jpg\"><img loading=\"lazy\" decoding=\"async\" width=\"900\" height=\"600\" src=\"https:\/\/www.camping-levaldelarre.com\/wp-content\/uploads\/2022\/11\/camping-car-cevennes.jpg\" alt=\"emplacement camping car\" class=\"wp-image-2200\" srcset=\"https:\/\/www.camping-levaldelarre.com\/wp-content\/uploads\/2022\/11\/camping-car-cevennes.jpg 900w, https:\/\/www.camping-levaldelarre.com\/wp-content\/uploads\/2022\/11\/camping-car-cevennes-300x200.jpg 300w, https:\/\/www.camping-levaldelarre.com\/wp-content\/uploads\/2022\/11\/camping-car-cevennes-768x512.jpg 768w\" sizes=\"auto, (max-width: 900px) 100vw, 900px\" \/><\/a><\/figure>\n\n\n\n<h1 class=\"ls__heading has-text-align-left has-color-1-color has-text-color wp-block-heading\">Der Empfang von Wohnmobilen in Le Vigan im Gard<\/h1>\n\n\n\n<h2 class=\"ls__heading has-color-2-color has-text-color wp-block-heading\">Ihr Aufenthalt im Wohnmobil im Gard<\/h2>\n\n\n\n<p class=\"ls-paragraph\">Auf dem <a href=\"\/de\/\">Campingplatz Le Val de l&#8217;Arre<\/a> legen wir besonderen Wert darauf, Wohnmobilisten gut zu empfangen.<\/p>\n\n\n\n<p class=\"ls-paragraph\">Wir haben bereits vor einigen Jahren einen Servicebereich f\u00fcr Freizeitfahrzeuge eingerichtet. Wenn Sie also auf der Durchreise im Gard und insbesondere in Le Vigan sind, k\u00f6nnen Sie mit einer einfachen Suche in Ihrem Navigationsger\u00e4t oder auf Ihrem Mobiltelefon den Campingplatz leicht finden und uns sogar anrufen, um die Verf\u00fcgbarkeit zu erfragen.<\/p>\n\n\n\n<p class=\"ls-paragraph\">Die Stra\u00dfe, die zu unserem Campingplatz f\u00fchrt, ist leicht zu finden, da wir in vielen GPS-Anwendungen vertreten sind.<\/p>\n<\/div>\n<\/div>\n\n\r\n    <\/div>\r\n<\/section>\n\n<section id=\"ls-section-block_1fef842371a3e4406d4784c6109f25d7\" class=\"ls-section  has-p-t p-t-0\" >\r\n        <div class=\"container \">\r\n        \n\n<ctv-availability data-product-type=\"pitch\" data-background-color=\"#FFFFFFFF\"><\/ctv-availability>\n\n\r\n    <\/div>\r\n<\/section>\n\n<section id=\"ls-section-block_22ca6eb2cd6a7e7002345569798ae805\" class=\"ls-section  home-fourth m-t-0 page-two p-t-10 has-background has-color-3-background-color has-m-b m-b-0 has-p-t p-t-15 has-p-b p-b-20\" >\r\n        <div class=\"container container--wide\">\r\n        \n\n<div class=\"wp-block-columns is-layout-flex wp-container-core-columns-is-layout-9d6595d7 wp-block-columns-is-layout-flex\">\n<div class=\"wp-block-column animated fadeInLeft slow is-layout-flow wp-block-column-is-layout-flow\" style=\"flex-basis:66.66%\">\n<figure class=\"wp-block-image size-full\"><img loading=\"lazy\" decoding=\"async\" width=\"900\" height=\"600\" src=\"https:\/\/www.camping-levaldelarre.com\/wp-content\/uploads\/2022\/11\/emplacement-camping-car-cevennes.jpg\" alt=\"emplacement camping car spacieux\" class=\"wp-image-2196\" srcset=\"https:\/\/www.camping-levaldelarre.com\/wp-content\/uploads\/2022\/11\/emplacement-camping-car-cevennes.jpg 900w, https:\/\/www.camping-levaldelarre.com\/wp-content\/uploads\/2022\/11\/emplacement-camping-car-cevennes-300x200.jpg 300w, https:\/\/www.camping-levaldelarre.com\/wp-content\/uploads\/2022\/11\/emplacement-camping-car-cevennes-768x512.jpg 768w\" sizes=\"auto, (max-width: 900px) 100vw, 900px\" \/><\/figure>\n<\/div>\n\n\n\n<div class=\"wp-block-column is-vertically-aligned-center animated fadeInRight delay-200ms slow is-layout-flow wp-block-column-is-layout-flow\" style=\"flex-basis:33.33%\">\n<h2 class=\"ls__heading has-color-2-color has-text-color wp-block-heading\">Maximaler Service f\u00fcr Ihren Urlaub im Wohnmobil<\/h2>\n\n\n\n<p class=\"ls-paragraph\">Vor Ort, sei es f\u00fcr einen Kurzaufenthalt oder mehrere N\u00e4chte, haben Sie Zugang zu <a href=\"https:\/\/www.camping-levaldelarre.com\/camping-familial-vigan\/\">alle Annehmlichkeiten, die der Campingplatz bietet<\/a>, Sanit\u00e4ranlagen, beheiztes Schwimmbad, Waschmaschine usw. und Sie k\u00f6nnen Ihr Wohnmobil mit Wasser betanken sowie schwarzes und graues Wasser entleeren.<\/p>\n\n\n\n<p class=\"ls-paragraph\">Le Val de l&#8217;Arre in Le Vigan ist bekannt daf\u00fcr, dass es dort viele B\u00e4ume gibt, aber wir haben unsere Wege und Pl\u00e4tze trotzdem so kalibriert, dass die \u00c4ste kein Hindernis f\u00fcr Ihre Installation darstellen. Einige Pl\u00e4tze sind sogar so frei, dass Sie Ihren Fernseher empfangen k\u00f6nnen.<\/p>\n<\/div>\n<\/div>\n\n\n\n<div class=\"wp-block-columns column-emplacements m-t-7 is-layout-flex wp-container-core-columns-is-layout-9d6595d7 wp-block-columns-is-layout-flex\">\n<div class=\"wp-block-column is-vertically-aligned-center animated fadeInLeft slow is-layout-flow wp-block-column-is-layout-flow\" style=\"flex-basis:33.33%\">\n<p class=\"ls-paragraph\">Wenn Sie keine kostenpflichtige WLAN-Verbindung ben\u00f6tigen, bietet die Terrasse des Snack du Val de l&#8217;Arre alle 6 Stunden eine 30-min\u00fctige kostenlose Verbindung, damit Sie Ihre E-Mails abrufen oder Ihre Familie kontaktieren k\u00f6nnen.<\/p>\n\n\n\n<p class=\"ls-paragraph\">Was auch immer Ihr Ziel ist, ob Sie S\u00fcdfrankreich von Ost nach West auf einer Wandertour durchqueren oder ob Sie an unserem wundersch\u00f6nen S\u00fcdhang der Cevennen \u00fcbernachten m\u00f6chten, um von dort aus das Gard zu entdecken, das Val de l&#8217;Arre in Le Vigan ist der Campingplatz, auf dem Sie Komfort und Sicherheit finden werden. Die Frische eines schattigen Platzes, der von einem Fluss ges\u00e4umt wird.<\/p>\n\n\n\n<p class=\"ls-paragraph\">Mit Erm\u00e4\u00dfigungskarten wie der des FFCC oder ACSI k\u00f6nnen Sie zu bestimmten Zeiten des Jahres und insbesondere in der Nebensaison auch Vorzugspreise erhalten.<\/p>\n<\/div>\n\n\n\n<div class=\"wp-block-column animated fadeInRight delay-100ms slow is-layout-flow wp-block-column-is-layout-flow\" style=\"flex-basis:66.66%\">\n<figure class=\"wp-block-image size-full\"><img loading=\"lazy\" decoding=\"async\" width=\"900\" height=\"600\" src=\"https:\/\/www.camping-levaldelarre.com\/wp-content\/uploads\/2022\/11\/emplacement-camping-car-herault.jpg\" alt=\"emplacement camping car herault\" class=\"wp-image-2212\" srcset=\"https:\/\/www.camping-levaldelarre.com\/wp-content\/uploads\/2022\/11\/emplacement-camping-car-herault.jpg 900w, https:\/\/www.camping-levaldelarre.com\/wp-content\/uploads\/2022\/11\/emplacement-camping-car-herault-300x200.jpg 300w, https:\/\/www.camping-levaldelarre.com\/wp-content\/uploads\/2022\/11\/emplacement-camping-car-herault-768x512.jpg 768w\" sizes=\"auto, (max-width: 900px) 100vw, 900px\" \/><\/figure>\n<\/div>\n<\/div>\n\n\r\n    <\/div>\r\n<\/section>\n\n<section id=\"ls-section-block_73c633eec859e3ffe97915662aa4bd47\" class=\"ls-section  home-third m-t-0 page-five\" >\r\n        <div class=\"container container--wide\">\r\n        \n\n<div id=\"ls-heading ls-titre-div-block_ca8d5dde3b3525be66834ae26bcddd19\" class=\"ls-titre-div aligncenter h2-like has-text-color has-color-2-color\" >\n    Entdecken Sie die Preise f\u00fcr die Vermietung von Mobilheimen &#038; Stellpl\u00e4tzen f\u00fcr Zelte \/ Wohnwagen<\/div>\n\n\n<div id=\"ls-maillage-block_53a142fcc041470741a8b570d21b6e5c\" class=\"ls-maillage cta-style-normal\" data-rows=\"3\">\r\n    <div class=\"wp-block-columns\"><div class=\"wp-block-column\"><div class=\"ls-cta\">\n\n<a href=\"https:\/\/www.camping-levaldelarre.com\/de\/vermietung-standort-vigan\/\" target=\"\" rel=\"noopener\" class=\"ls-cta__link\">\n\n\t<div class=\"ls-cta__image\"><img decoding=\"async\" src=\"https:\/\/www.camping-levaldelarre.com\/wp-content\/uploads\/2022\/11\/location-emplacement-caravane-vigan.jpg\" alt=\"location emplacement caravane vigan\"><\/div>\n\t<div class=\"ls-cta__title\">\n\t\tUnsere Standorte\t<\/div>\n\n\t\n\t<span class=\"val-de-l-arre-fleche\"><\/span>\n\t\n<\/a><\/div><\/div><div class=\"wp-block-column\"><div class=\"ls-cta\">\n\n<a href=\"https:\/\/www.camping-levaldelarre.com\/de\/vermietung-mobil-home-vigan\/\" target=\"\" rel=\"noopener\" class=\"ls-cta__link\">\n\n\t<div class=\"ls-cta__image\"><img decoding=\"async\" src=\"https:\/\/www.camping-levaldelarre.com\/wp-content\/uploads\/2022\/11\/location-mobil-home-gard.jpg\" alt=\"location mobil home gard\"><\/div>\n\t<div class=\"ls-cta__title\">\n\t\tUnsere Mobilheime\t<\/div>\n\n\t\n\t<span class=\"val-de-l-arre-fleche\"><\/span>\n\t\n<\/a><\/div><\/div><div class=\"wp-block-column\"><div class=\"ls-cta\">\n\n<a href=\"https:\/\/www.camping-levaldelarre.com\/de\/billiger-campingplatz-vigan\/\" target=\"\" rel=\"noopener\" class=\"ls-cta__link\">\n\n\t<div class=\"ls-cta__image\"><img decoding=\"async\" src=\"https:\/\/www.camping-levaldelarre.com\/wp-content\/uploads\/2022\/11\/camping-petit-prix-vigan.jpg\" alt=\"camping petit prix vigan\"><\/div>\n\t<div class=\"ls-cta__title\">\n\t\tUnsere Preise\t<\/div>\n\n\t\n\t<span class=\"val-de-l-arre-fleche\"><\/span>\n\t\n<\/a><\/div><\/div><\/div><\/div>\n\r\n    <\/div>\r\n<\/section>","protected":false},"excerpt":{"rendered":"","protected":false},"author":1,"featured_media":2194,"parent":0,"menu_order":0,"comment_status":"closed","ping_status":"closed","template":"","meta":{"_acf_changed":false,"footnotes":""},"sujet":[],"class_list":["post-2250","page","type-page","status-publish","has-post-thumbnail","hentry"],"acf":[],"yoast_head":"<!-- This site is optimized with the Yoast SEO plugin v25.3 - https:\/\/yoast.com\/wordpress\/plugins\/seo\/ -->\n<title>Stellplatz Wohnmobil Le Vigan | Mieten Stellplatz Wohnmobil Gard<\/title>\n<meta name=\"robots\" content=\"index, follow, max-snippet:-1, max-image-preview:large, max-video-preview:-1\" \/>\n<link rel=\"canonical\" href=\"https:\/\/www.camping-levaldelarre.com\/de\/stellplaetze-camping-car-gard\/\" \/>\n<meta property=\"og:locale\" content=\"de_DE\" \/>\n<meta property=\"og:type\" content=\"article\" \/>\n<meta property=\"og:title\" content=\"Stellplatz Wohnmobil Le Vigan | Mieten Stellplatz Wohnmobil Gard\" \/>\n<meta property=\"og:url\" content=\"https:\/\/www.camping-levaldelarre.com\/de\/stellplaetze-camping-car-gard\/\" \/>\n<meta property=\"og:site_name\" content=\"Le Val de l&#039;Arre\" \/>\n<meta property=\"article:modified_time\" content=\"2022-11-28T15:13:30+00:00\" \/>\n<meta property=\"og:image\" content=\"https:\/\/www.camping-levaldelarre.com\/wp-content\/uploads\/2022\/11\/emplacements-camping-car-gard.jpg\" \/>\n\t<meta property=\"og:image:width\" content=\"1900\" \/>\n\t<meta property=\"og:image:height\" content=\"550\" \/>\n\t<meta property=\"og:image:type\" content=\"image\/jpeg\" \/>\n<meta name=\"twitter:card\" content=\"summary_large_image\" \/>\n<meta name=\"twitter:label1\" content=\"Gesch\u00e4tzte Lesezeit\" \/>\n\t<meta name=\"twitter:data1\" content=\"3\u00a0Minuten\" \/>\n<script type=\"application\/ld+json\" class=\"yoast-schema-graph\">{\"@context\":\"https:\/\/schema.org\",\"@graph\":[{\"@type\":\"WebPage\",\"@id\":\"https:\/\/www.camping-levaldelarre.com\/de\/stellplaetze-camping-car-gard\/\",\"url\":\"https:\/\/www.camping-levaldelarre.com\/de\/stellplaetze-camping-car-gard\/\",\"name\":\"Stellplatz Wohnmobil Le Vigan | Mieten Stellplatz Wohnmobil Gard\",\"isPartOf\":{\"@id\":\"https:\/\/www.camping-levaldelarre.com\/#website\"},\"primaryImageOfPage\":{\"@id\":\"https:\/\/www.camping-levaldelarre.com\/de\/stellplaetze-camping-car-gard\/#primaryimage\"},\"image\":{\"@id\":\"https:\/\/www.camping-levaldelarre.com\/de\/stellplaetze-camping-car-gard\/#primaryimage\"},\"thumbnailUrl\":\"https:\/\/www.camping-levaldelarre.com\/wp-content\/uploads\/2022\/11\/emplacements-camping-car-gard.jpg\",\"datePublished\":\"2022-11-18T12:38:46+00:00\",\"dateModified\":\"2022-11-28T15:13:30+00:00\",\"breadcrumb\":{\"@id\":\"https:\/\/www.camping-levaldelarre.com\/de\/stellplaetze-camping-car-gard\/#breadcrumb\"},\"inLanguage\":\"de\",\"potentialAction\":[{\"@type\":\"ReadAction\",\"target\":[\"https:\/\/www.camping-levaldelarre.com\/de\/stellplaetze-camping-car-gard\/\"]}]},{\"@type\":\"ImageObject\",\"inLanguage\":\"de\",\"@id\":\"https:\/\/www.camping-levaldelarre.com\/de\/stellplaetze-camping-car-gard\/#primaryimage\",\"url\":\"https:\/\/www.camping-levaldelarre.com\/wp-content\/uploads\/2022\/11\/emplacements-camping-car-gard.jpg\",\"contentUrl\":\"https:\/\/www.camping-levaldelarre.com\/wp-content\/uploads\/2022\/11\/emplacements-camping-car-gard.jpg\",\"width\":1900,\"height\":550,\"caption\":\"emplacements camping car gard\"},{\"@type\":\"BreadcrumbList\",\"@id\":\"https:\/\/www.camping-levaldelarre.com\/de\/stellplaetze-camping-car-gard\/#breadcrumb\",\"itemListElement\":[{\"@type\":\"ListItem\",\"position\":1,\"name\":\"Camping Gard\",\"item\":\"https:\/\/www.camping-levaldelarre.com\/de\/\"},{\"@type\":\"ListItem\",\"position\":2,\"name\":\"Stellpl\u00e4tze Wohnmobil Le Vigan\"}]},{\"@type\":\"WebSite\",\"@id\":\"https:\/\/www.camping-levaldelarre.com\/#website\",\"url\":\"https:\/\/www.camping-levaldelarre.com\/\",\"name\":\"Le Val de l&#039;Arre\",\"description\":\"\",\"publisher\":{\"@id\":\"https:\/\/www.camping-levaldelarre.com\/#organization\"},\"potentialAction\":[{\"@type\":\"SearchAction\",\"target\":{\"@type\":\"EntryPoint\",\"urlTemplate\":\"https:\/\/www.camping-levaldelarre.com\/?s={search_term_string}\"},\"query-input\":{\"@type\":\"PropertyValueSpecification\",\"valueRequired\":true,\"valueName\":\"search_term_string\"}}],\"inLanguage\":\"de\"},{\"@type\":\"Organization\",\"@id\":\"https:\/\/www.camping-levaldelarre.com\/#organization\",\"name\":\"Le Val de l&#039;Arre\",\"url\":\"https:\/\/www.camping-levaldelarre.com\/\",\"logo\":{\"@type\":\"ImageObject\",\"inLanguage\":\"de\",\"@id\":\"https:\/\/www.camping-levaldelarre.com\/#\/schema\/logo\/image\/\",\"url\":\"https:\/\/www.camping-levaldelarre.com\/wp-content\/uploads\/2022\/10\/logo-le-val-de-l-arre.jpg\",\"contentUrl\":\"https:\/\/www.camping-levaldelarre.com\/wp-content\/uploads\/2022\/10\/logo-le-val-de-l-arre.jpg\",\"width\":370,\"height\":180,\"caption\":\"Le Val de l&#039;Arre\"},\"image\":{\"@id\":\"https:\/\/www.camping-levaldelarre.com\/#\/schema\/logo\/image\/\"}}]}<\/script>\n<!-- \/ Yoast SEO plugin. -->","yoast_head_json":{"title":"Stellplatz Wohnmobil Le Vigan | Mieten Stellplatz Wohnmobil Gard","robots":{"index":"index","follow":"follow","max-snippet":"max-snippet:-1","max-image-preview":"max-image-preview:large","max-video-preview":"max-video-preview:-1"},"canonical":"https:\/\/www.camping-levaldelarre.com\/de\/stellplaetze-camping-car-gard\/","og_locale":"de_DE","og_type":"article","og_title":"Stellplatz Wohnmobil Le Vigan | Mieten Stellplatz Wohnmobil Gard","og_url":"https:\/\/www.camping-levaldelarre.com\/de\/stellplaetze-camping-car-gard\/","og_site_name":"Le Val de l&#039;Arre","article_modified_time":"2022-11-28T15:13:30+00:00","og_image":[{"width":1900,"height":550,"url":"https:\/\/www.camping-levaldelarre.com\/wp-content\/uploads\/2022\/11\/emplacements-camping-car-gard.jpg","type":"image\/jpeg"}],"twitter_card":"summary_large_image","twitter_misc":{"Gesch\u00e4tzte Lesezeit":"3\u00a0Minuten"},"schema":{"@context":"https:\/\/schema.org","@graph":[{"@type":"WebPage","@id":"https:\/\/www.camping-levaldelarre.com\/de\/stellplaetze-camping-car-gard\/","url":"https:\/\/www.camping-levaldelarre.com\/de\/stellplaetze-camping-car-gard\/","name":"Stellplatz Wohnmobil Le Vigan | Mieten Stellplatz Wohnmobil Gard","isPartOf":{"@id":"https:\/\/www.camping-levaldelarre.com\/#website"},"primaryImageOfPage":{"@id":"https:\/\/www.camping-levaldelarre.com\/de\/stellplaetze-camping-car-gard\/#primaryimage"},"image":{"@id":"https:\/\/www.camping-levaldelarre.com\/de\/stellplaetze-camping-car-gard\/#primaryimage"},"thumbnailUrl":"https:\/\/www.camping-levaldelarre.com\/wp-content\/uploads\/2022\/11\/emplacements-camping-car-gard.jpg","datePublished":"2022-11-18T12:38:46+00:00","dateModified":"2022-11-28T15:13:30+00:00","breadcrumb":{"@id":"https:\/\/www.camping-levaldelarre.com\/de\/stellplaetze-camping-car-gard\/#breadcrumb"},"inLanguage":"de","potentialAction":[{"@type":"ReadAction","target":["https:\/\/www.camping-levaldelarre.com\/de\/stellplaetze-camping-car-gard\/"]}]},{"@type":"ImageObject","inLanguage":"de","@id":"https:\/\/www.camping-levaldelarre.com\/de\/stellplaetze-camping-car-gard\/#primaryimage","url":"https:\/\/www.camping-levaldelarre.com\/wp-content\/uploads\/2022\/11\/emplacements-camping-car-gard.jpg","contentUrl":"https:\/\/www.camping-levaldelarre.com\/wp-content\/uploads\/2022\/11\/emplacements-camping-car-gard.jpg","width":1900,"height":550,"caption":"emplacements camping car gard"},{"@type":"BreadcrumbList","@id":"https:\/\/www.camping-levaldelarre.com\/de\/stellplaetze-camping-car-gard\/#breadcrumb","itemListElement":[{"@type":"ListItem","position":1,"name":"Camping Gard","item":"https:\/\/www.camping-levaldelarre.com\/de\/"},{"@type":"ListItem","position":2,"name":"Stellpl\u00e4tze Wohnmobil Le Vigan"}]},{"@type":"WebSite","@id":"https:\/\/www.camping-levaldelarre.com\/#website","url":"https:\/\/www.camping-levaldelarre.com\/","name":"Le Val de l&#039;Arre","description":"","publisher":{"@id":"https:\/\/www.camping-levaldelarre.com\/#organization"},"potentialAction":[{"@type":"SearchAction","target":{"@type":"EntryPoint","urlTemplate":"https:\/\/www.camping-levaldelarre.com\/?s={search_term_string}"},"query-input":{"@type":"PropertyValueSpecification","valueRequired":true,"valueName":"search_term_string"}}],"inLanguage":"de"},{"@type":"Organization","@id":"https:\/\/www.camping-levaldelarre.com\/#organization","name":"Le Val de l&#039;Arre","url":"https:\/\/www.camping-levaldelarre.com\/","logo":{"@type":"ImageObject","inLanguage":"de","@id":"https:\/\/www.camping-levaldelarre.com\/#\/schema\/logo\/image\/","url":"https:\/\/www.camping-levaldelarre.com\/wp-content\/uploads\/2022\/10\/logo-le-val-de-l-arre.jpg","contentUrl":"https:\/\/www.camping-levaldelarre.com\/wp-content\/uploads\/2022\/10\/logo-le-val-de-l-arre.jpg","width":370,"height":180,"caption":"Le Val de l&#039;Arre"},"image":{"@id":"https:\/\/www.camping-levaldelarre.com\/#\/schema\/logo\/image\/"}}]}},"_links":{"self":[{"href":"https:\/\/www.camping-levaldelarre.com\/de\/wp-json\/wp\/v2\/pages\/2250","targetHints":{"allow":["GET"]}}],"collection":[{"href":"https:\/\/www.camping-levaldelarre.com\/de\/wp-json\/wp\/v2\/pages"}],"about":[{"href":"https:\/\/www.camping-levaldelarre.com\/de\/wp-json\/wp\/v2\/types\/page"}],"author":[{"embeddable":true,"href":"https:\/\/www.camping-levaldelarre.com\/de\/wp-json\/wp\/v2\/users\/1"}],"replies":[{"embeddable":true,"href":"https:\/\/www.camping-levaldelarre.com\/de\/wp-json\/wp\/v2\/comments?post=2250"}],"version-history":[{"count":4,"href":"https:\/\/www.camping-levaldelarre.com\/de\/wp-json\/wp\/v2\/pages\/2250\/revisions"}],"predecessor-version":[{"id":2666,"href":"https:\/\/www.camping-levaldelarre.com\/de\/wp-json\/wp\/v2\/pages\/2250\/revisions\/2666"}],"wp:featuredmedia":[{"embeddable":true,"href":"https:\/\/www.camping-levaldelarre.com\/de\/wp-json\/wp\/v2\/media\/2194"}],"wp:attachment":[{"href":"https:\/\/www.camping-levaldelarre.com\/de\/wp-json\/wp\/v2\/media?parent=2250"}],"wp:term":[{"taxonomy":"sujet","embeddable":true,"href":"https:\/\/www.camping-levaldelarre.com\/de\/wp-json\/wp\/v2\/sujet?post=2250"}],"curies":[{"name":"wp","href":"https:\/\/api.w.org\/{rel}","templated":true}]}}