{"id":2225,"date":"2022-09-27T14:33:34","date_gmt":"2022-09-27T12:33:34","guid":{"rendered":"https:\/\/www.camping-levaldelarre.com\/camping-animations-vigan\/"},"modified":"2022-11-28T09:30:26","modified_gmt":"2022-11-28T08:30:26","slug":"camping-animations-vigan","status":"publish","type":"page","link":"https:\/\/www.camping-levaldelarre.com\/de\/camping-animations-vigan\/","title":{"rendered":"Activit\u00e9s"},"content":{"rendered":"<section id=\"ls-section-block_b472048243ae1680759e2317aa581fbd\" class=\"ls-section  home-first page-one has-p-b p-b-15\" >\r\n        <div class=\"container container--wide\">\r\n        \n\n<div class=\"wp-block-columns is-layout-flex wp-container-core-columns-is-layout-9d6595d7 wp-block-columns-is-layout-flex\">\n<div class=\"wp-block-column is-layout-flow wp-block-column-is-layout-flow\" style=\"flex-basis:25%\">\n<div class=\"wp-block-columns m-b-2 animated fadeInDown slow is-layout-flex wp-container-core-columns-is-layout-9d6595d7 wp-block-columns-is-layout-flex\">\n<div class=\"wp-block-column column-bienvenue has-color-1-background-color has-background is-layout-flow wp-block-column-is-layout-flow\">\n<div id=\"ls-heading ls-titre-div-block_8d37348ac3d77785c4a853afa9ef454b\" class=\"ls-titre-div h3-like has-text-color has-color-white-color\" >\n    Die Animationen auf dem Campingplatz <strong>Le Val de l&#8217;Arre !<\/strong><\/div>\n\n\n\n<figure class=\"wp-block-image size-full\"><img loading=\"lazy\" decoding=\"async\" width=\"320\" height=\"110\" src=\"https:\/\/www.camping-levaldelarre.com\/wp-content\/uploads\/2022\/09\/camping-le-val-de-l-arre.png\" alt=\"Camping familial animation\" class=\"wp-image-311\" srcset=\"https:\/\/www.camping-levaldelarre.com\/wp-content\/uploads\/2022\/09\/camping-le-val-de-l-arre.png 320w, https:\/\/www.camping-levaldelarre.com\/wp-content\/uploads\/2022\/09\/camping-le-val-de-l-arre-300x103.png 300w\" sizes=\"auto, (max-width: 320px) 100vw, 320px\" \/><\/figure>\n<\/div>\n<\/div>\n\n\n\n<figure class=\"wp-block-image size-full animated fadeInLeft delay-200ms slow\"><a href=\"https:\/\/www.camping-levaldelarre.com\/wp-content\/uploads\/2022\/11\/Camping-activite-pour-enfant.jpg\"><img loading=\"lazy\" decoding=\"async\" width=\"600\" height=\"700\" src=\"https:\/\/www.camping-levaldelarre.com\/wp-content\/uploads\/2022\/11\/Camping-activite-pour-enfant.jpg\" alt=\"Camping activite pour enfant\" class=\"wp-image-1368\" srcset=\"https:\/\/www.camping-levaldelarre.com\/wp-content\/uploads\/2022\/11\/Camping-activite-pour-enfant.jpg 600w, https:\/\/www.camping-levaldelarre.com\/wp-content\/uploads\/2022\/11\/Camping-activite-pour-enfant-257x300.jpg 257w\" sizes=\"auto, (max-width: 600px) 100vw, 600px\" \/><\/a><\/figure>\n<\/div>\n\n\n\n<div class=\"wp-block-column home-first__principal is-layout-flow wp-block-column-is-layout-flow\" style=\"flex-basis:75%\">\n<figure class=\"wp-block-image size-full animated fadeInRight delay-100ms slow\"><a href=\"https:\/\/www.camping-levaldelarre.com\/wp-content\/uploads\/2022\/11\/camping-animation-enfant-vigan.jpg\"><img loading=\"lazy\" decoding=\"async\" width=\"900\" height=\"600\" src=\"https:\/\/www.camping-levaldelarre.com\/wp-content\/uploads\/2022\/11\/camping-animation-enfant-vigan.jpg\" alt=\"camping animation enfant vigan\" class=\"wp-image-1376\" srcset=\"https:\/\/www.camping-levaldelarre.com\/wp-content\/uploads\/2022\/11\/camping-animation-enfant-vigan.jpg 900w, https:\/\/www.camping-levaldelarre.com\/wp-content\/uploads\/2022\/11\/camping-animation-enfant-vigan-300x200.jpg 300w, https:\/\/www.camping-levaldelarre.com\/wp-content\/uploads\/2022\/11\/camping-animation-enfant-vigan-768x512.jpg 768w\" sizes=\"auto, (max-width: 900px) 100vw, 900px\" \/><\/a><\/figure>\n\n\n\n<h1 class=\"ls__heading has-color-1-color has-text-color wp-block-heading\">Ihre Familienanimationen f\u00fcr Ihren Urlaub im Gard<\/h1>\n\n\n\n<h2 class=\"ls__heading has-color-2-color has-text-color wp-block-heading\">Kreative Aktivit\u00e4ten f\u00fcr Ihre Kleinen<\/h2>\n\n\n\n<p class=\"ls-paragraph\">Das Team des<strong> Flower camping Le Val<\/strong> de l&#8217;Arre bietet kleinen Kindern w\u00e4hrend ihres Urlaubs im Gard zahlreiche Aktivit\u00e4ten und Animationen an.<\/p>\n\n\n\n<p class=\"ls-paragraph\">Durch handwerkliche und kreative Aktivit\u00e4ten, gro\u00dfe Spiele und gesellige Momente werden neue Freundschaften geschlossen. Es steht den Kindern jederzeit frei, die Animation zu verlassen und sich ihren Eltern anzuschlie\u00dfen.<\/p>\n\n\n\n<p class=\"ls-paragraph\">Das Programm wird an der Rezeption des Campingplatzes ausgeh\u00e4ngt, sodass Ihre Kinder unter der Woche die volle Auswahl an Aktivit\u00e4ten haben!<br>Das Val de l&#8217;Arre bietet vormittags zu bestimmten Zeiten kreative Freizeitaktivit\u00e4ten f\u00fcr die Kleinsten an, bei denen spielerisch kleine Handarbeiten hergestellt werden.<\/p>\n\n\n\n<p class=\"ls-paragraph\">Nachmittags und abends, manchmal auch nachts, bieten wir sportliche Aktivit\u00e4ten f\u00fcr Familien oder Jugendliche bis zu 10 Jahren an, je nach Wunsch.<\/p>\n\n\n\n<p class=\"ls-paragraph\">In der Regel setzen wir unsere Animateure zwischen dem 10. Juli und dem 25. August ein, je nachdem, wie viele Kinder auf dem Campingplatz sind und ob der Animateur verf\u00fcgbar ist.<\/p>\n<\/div>\n<\/div>\n\n\r\n    <\/div>\r\n<\/section>\n\n<section id=\"ls-section-block_946798030b3e3d7d28a58d6e7d6be257\" class=\"ls-section  home-fourth m-t-0 page-two p-t-10 has-background has-color-3-background-color has-m-b m-b-0 has-p-t p-t-15 has-p-b p-b-20\" >\r\n        <div class=\"container container--wide\">\r\n        \n\n<div class=\"wp-block-columns is-layout-flex wp-container-core-columns-is-layout-9d6595d7 wp-block-columns-is-layout-flex\">\n<div class=\"wp-block-column animated fadeInLeft slow is-layout-flow wp-block-column-is-layout-flow\" style=\"flex-basis:66.66%\">\n<figure class=\"wp-block-image size-full\"><img loading=\"lazy\" decoding=\"async\" width=\"900\" height=\"600\" src=\"https:\/\/www.camping-levaldelarre.com\/wp-content\/uploads\/2022\/11\/camping-animations-gard.jpg\" alt=\"camping animations gard\" class=\"wp-image-1412\" srcset=\"https:\/\/www.camping-levaldelarre.com\/wp-content\/uploads\/2022\/11\/camping-animations-gard.jpg 900w, https:\/\/www.camping-levaldelarre.com\/wp-content\/uploads\/2022\/11\/camping-animations-gard-300x200.jpg 300w, https:\/\/www.camping-levaldelarre.com\/wp-content\/uploads\/2022\/11\/camping-animations-gard-768x512.jpg 768w\" sizes=\"auto, (max-width: 900px) 100vw, 900px\" \/><\/figure>\n<\/div>\n\n\n\n<div class=\"wp-block-column is-vertically-aligned-center animated fadeInRight delay-200ms slow is-layout-flow wp-block-column-is-layout-flow\" style=\"flex-basis:33.33%\">\n<h2 class=\"ls__heading has-color-2-color has-text-color wp-block-heading\">Nehmen Sie an unseren sportlichen Aktivit\u00e4ten in den s\u00fcdlichen Cevennen teil.\u00a0<\/h2>\n\n\n\n<p class=\"ls-paragraph\">Sie bewegen sich gerne, treffen andere Urlauber und entdecken neue Sportarten und Freizeitbesch\u00e4ftigungen?<\/p>\n\n\n\n<p class=\"ls-paragraph\">Nehmen Sie an unseren Animationen in Le Vigan im Departement Gard teil: Unser Familiencampingplatz l\u00e4dt Sie zu Sportturnieren und Outdoor-Aktivit\u00e4ten auf dem Platz oder im Freien ein: Boule-Wettbewerbe, Baumklettern, Bogenschie\u00dfen, Reiten, Paintball, aber auch Basketball oder Tischtennis.<\/p>\n<\/div>\n<\/div>\n\n\n\n<div class=\"wp-block-columns column-emplacements m-t-7 is-layout-flex wp-container-core-columns-is-layout-9d6595d7 wp-block-columns-is-layout-flex\">\n<div class=\"wp-block-column is-vertically-aligned-center animated fadeInLeft slow is-layout-flow wp-block-column-is-layout-flow\" style=\"flex-basis:33.33%\">\n<h2 class=\"ls__heading has-color-2-color has-text-color wp-block-heading\" id=\"m-t-10\">Erleben Sie gesellige Momente auf unseren Partys<\/h2>\n\n\n\n<p class=\"ls-paragraph\">Sie suchen einen <strong>Campingplatz mit Animationen<\/strong>, um Ihre Urlaubstage auf einer festlichen und geselligen Note ausklingen zu lassen?<\/p>\n\n\n\n<p class=\"ls-paragraph\">W\u00e4hrend der Sommersaison organisieren unsere Teams abendliche Shows sowie musikalische Unterhaltung und Themenessen.<\/p>\n\n\n\n<p class=\"ls-paragraph\">Auf der Terrasse der Snackbar \u00fcbertragen wir au\u00dferdem die wichtigsten Sportereignisse auf Gro\u00dfbildschirmen: Stimmung garantiert!<\/p>\n<\/div>\n\n\n\n<div class=\"wp-block-column animated fadeInRight delay-100ms slow is-layout-flow wp-block-column-is-layout-flow\" style=\"flex-basis:66.66%\">\n<figure class=\"wp-block-image size-full\"><img loading=\"lazy\" decoding=\"async\" width=\"900\" height=\"600\" src=\"https:\/\/www.camping-levaldelarre.com\/wp-content\/uploads\/2022\/11\/Camping-animation-soiree.jpg\" alt=\"Camping animation soiree\" class=\"wp-image-1384\" srcset=\"https:\/\/www.camping-levaldelarre.com\/wp-content\/uploads\/2022\/11\/Camping-animation-soiree.jpg 900w, https:\/\/www.camping-levaldelarre.com\/wp-content\/uploads\/2022\/11\/Camping-animation-soiree-300x200.jpg 300w, https:\/\/www.camping-levaldelarre.com\/wp-content\/uploads\/2022\/11\/Camping-animation-soiree-768x512.jpg 768w\" sizes=\"auto, (max-width: 900px) 100vw, 900px\" \/><\/figure>\n<\/div>\n<\/div>\n\n\r\n    <\/div>\r\n<\/section>\n\n<section id=\"ls-section-block_7051709c3246568e7e1a2f58519adea8\" class=\"ls-section  page-four has-background-image has-parallax has-m-t m-t-0 has-m-b m-b-10 has-p-t p-t-20 has-p-b p-b-5\" >\r\n    <div class=\"ls-section__background-image opacity-100\"><img decoding=\"async\" src=\"https:\/\/www.camping-levaldelarre.com\/wp-content\/uploads\/2022\/11\/camping-activite-sport-gard.jpg\" alt=\"camping activite sport gard\"><\/div>    <div class=\"container container--small\">\r\n        \n\n<h2 class=\"ls__heading has-text-align-center has-color-2-color has-text-color wp-block-heading\">Sportliche Infrastruktur<\/h2>\n\n\n\n<p class=\"ls-paragraph has-text-align-center\">Planen Sie ein tolles Freizeitprogramm im Departement Gard, wenn Sie auf dem<a href=\"\/de\/\"> Flower Camping Le Val de l&#8217;Arre<\/a> \u00fcbernachten.<\/p>\n\n\n\n<p class=\"ls-paragraph has-text-align-center\">Unser 4 Hektar gro\u00dfes Gel\u00e4nde mit B\u00e4umen beherbergt hochwertige Sportanlagen, darunter ein Multisportfeld am Flussufer, Street Basket, Tischtennisplatten, eine Boulebahn, einen Fitnesspark mit zahlreichen Ger\u00e4ten sowie Spielpl\u00e4tze f\u00fcr kleine Kinder.<\/p>\n\n\r\n    <\/div>\r\n<\/section>\n\n<section id=\"ls-section-block_a63b6d9144f6b2e5aa6897f37fd83778\" class=\"ls-section  home-fourth m-t-0 page-two p-t-10 has-p-t p-t-15 has-p-b p-b-15\" >\r\n        <div class=\"container container--wide\">\r\n        \n\n<div class=\"wp-block-columns is-layout-flex wp-container-core-columns-is-layout-9d6595d7 wp-block-columns-is-layout-flex\">\n<div class=\"wp-block-column animated fadeInLeft slow is-layout-flow wp-block-column-is-layout-flow\" style=\"flex-basis:66.66%\">\n<figure class=\"wp-block-image size-full\"><img loading=\"lazy\" decoding=\"async\" width=\"900\" height=\"600\" src=\"https:\/\/www.camping-levaldelarre.com\/wp-content\/uploads\/2022\/11\/camping-activite-vigan.jpg\" alt=\"camping activite vigan\" class=\"wp-image-1397\" srcset=\"https:\/\/www.camping-levaldelarre.com\/wp-content\/uploads\/2022\/11\/camping-activite-vigan.jpg 900w, https:\/\/www.camping-levaldelarre.com\/wp-content\/uploads\/2022\/11\/camping-activite-vigan-300x200.jpg 300w, https:\/\/www.camping-levaldelarre.com\/wp-content\/uploads\/2022\/11\/camping-activite-vigan-768x512.jpg 768w\" sizes=\"auto, (max-width: 900px) 100vw, 900px\" \/><\/figure>\n<\/div>\n\n\n\n<div class=\"wp-block-column is-vertically-aligned-center animated fadeInRight delay-200ms slow is-layout-flow wp-block-column-is-layout-flow\" style=\"flex-basis:33.33%\">\n<h2 class=\"ls__heading has-color-2-color has-text-color wp-block-heading\">\u00a0Aktivit\u00e4ten in der N\u00e4he<\/h2>\n\n\n\n<p class=\"ls-paragraph\">Damit Sie w\u00e4hrend Ihres Aufenthalts in Le Vigan ein Maximum an Naturerlebnissen im Gard genie\u00dfen k\u00f6nnen, hat unser Campingplatz bei zahlreichen Partnern Rabatte ausgehandelt: Cigales Aventures bietet <strong>Canyoning<\/strong>, Wandern und H\u00f6hlenwanderungen sowie <strong>Fahrradverleih, <\/strong>Le Cano\u00eb Le Moulin ist unser Partner f\u00fcr Wasserwanderungen auf dem benachbarten Fluss H\u00e9rault, Les Accros d&#8217;Anjeau f\u00fcr einen tollen Parcours in den B\u00e4umen.<\/p>\n\n\n\n<p class=\"ls-paragraph\">Das Gard rund um unseren Campingplatz bietet zahlreiche M\u00f6glichkeiten, wie z. B. zahlreiche Wege f\u00fcr Grande Randonn\u00e9es P\u00e9destres, Laufen auf markierten Wegen f\u00fcr Trailrunning, zahlreiche P\u00e4sse, die von Radfahrern aller Niveaus erklommen werden k\u00f6nnen.<\/p>\n<\/div>\n<\/div>\n\n\r\n    <\/div>\r\n<\/section>\n\n<section id=\"ls-section-block_d718c761957232375e3fc2f45117b31c\" class=\"ls-section  home-third m-t-0 page-five\" >\r\n        <div class=\"container container--wide\">\r\n        \n\n<div id=\"ls-heading ls-titre-div-block_c4dfe1a667b59150ed0b2dd1e53f668b\" class=\"ls-titre-div aligncenter h2-like has-text-color has-color-2-color\" >\n    Entdecken Sie das Schwimmbad, die Stellpl\u00e4tze und die Mietunterk\u00fcnfte des Campingplatzes<\/div>\n\n\n<div id=\"ls-maillage-block_c309762e9b7aa75860e4477500f4aaaa\" class=\"ls-maillage cta-style-normal\" data-rows=\"3\">\r\n    <div class=\"wp-block-columns\"><div class=\"wp-block-column\"><div class=\"ls-cta\">\n\n<a href=\"https:\/\/www.camping-levaldelarre.com\/de\/vermietung-standort-vigan\/\" target=\"\" rel=\"noopener\" class=\"ls-cta__link\">\n\n\t<div class=\"ls-cta__image\"><img decoding=\"async\" src=\"https:\/\/www.camping-levaldelarre.com\/wp-content\/uploads\/2022\/11\/location-emplacement-caravane-vigan.jpg\" alt=\"location emplacement caravane vigan\"><\/div>\n\t<div class=\"ls-cta__title\">\n\t\tUnsere Standorte\t<\/div>\n\n\t\n\t<span class=\"val-de-l-arre-fleche\"><\/span>\n\t\n<\/a><\/div><\/div><div class=\"wp-block-column\"><div class=\"ls-cta\">\n\n<a href=\"https:\/\/www.camping-levaldelarre.com\/de\/vermietung-mobil-home-vigan\/\" target=\"\" rel=\"noopener\" class=\"ls-cta__link\">\n\n\t<div class=\"ls-cta__image\"><img decoding=\"async\" src=\"https:\/\/www.camping-levaldelarre.com\/wp-content\/uploads\/2022\/11\/location-mobil-home-gard.jpg\" alt=\"location mobil home gard\"><\/div>\n\t<div class=\"ls-cta__title\">\n\t\tUnsere Mobilheime\t<\/div>\n\n\t\n\t<span class=\"val-de-l-arre-fleche\"><\/span>\n\t\n<\/a><\/div><\/div><div class=\"wp-block-column\"><div class=\"ls-cta\">\n\n<a href=\"https:\/\/www.camping-levaldelarre.com\/de\/camping-schwimmbad-heisse-vigan\/\" target=\"\" rel=\"noopener\" class=\"ls-cta__link\">\n\n\t<div class=\"ls-cta__image\"><img decoding=\"async\" src=\"https:\/\/www.camping-levaldelarre.com\/wp-content\/uploads\/2022\/11\/camping-avec-piscine-gard.jpg\" alt=\"camping avec piscine \ngard\"><\/div>\n\t<div class=\"ls-cta__title\">\n\t\tUnser Swimmingpool\t<\/div>\n\n\t\n\t<span class=\"val-de-l-arre-fleche\"><\/span>\n\t\n<\/a><\/div><\/div><\/div><\/div>\n\r\n    <\/div>\r\n<\/section>","protected":false},"excerpt":{"rendered":"","protected":false},"author":1,"featured_media":1391,"parent":0,"menu_order":0,"comment_status":"closed","ping_status":"closed","template":"","meta":{"_acf_changed":false,"footnotes":""},"sujet":[],"class_list":["post-2225","page","type-page","status-publish","has-post-thumbnail","hentry"],"acf":[],"yoast_head":"<!-- This site is optimized with the Yoast SEO plugin v25.3 - https:\/\/yoast.com\/wordpress\/plugins\/seo\/ -->\n<title>Campingplatz mit Animationen Vigan | Camping Aktivit\u00e4ten Gard<\/title>\n<meta name=\"robots\" content=\"index, follow, max-snippet:-1, max-image-preview:large, max-video-preview:-1\" \/>\n<link rel=\"canonical\" href=\"https:\/\/www.camping-levaldelarre.com\/de\/camping-animations-vigan\/\" \/>\n<meta property=\"og:locale\" content=\"de_DE\" \/>\n<meta property=\"og:type\" content=\"article\" \/>\n<meta property=\"og:title\" content=\"Campingplatz mit Animationen Vigan | Camping Aktivit\u00e4ten Gard\" \/>\n<meta property=\"og:url\" content=\"https:\/\/www.camping-levaldelarre.com\/de\/camping-animations-vigan\/\" \/>\n<meta property=\"og:site_name\" content=\"Le Val de l&#039;Arre\" \/>\n<meta property=\"article:modified_time\" content=\"2022-11-28T08:30:26+00:00\" \/>\n<meta property=\"og:image\" content=\"https:\/\/www.camping-levaldelarre.com\/wp-content\/uploads\/2022\/11\/camping-animation-vigan.jpg\" \/>\n\t<meta property=\"og:image:width\" content=\"1900\" \/>\n\t<meta property=\"og:image:height\" content=\"600\" \/>\n\t<meta property=\"og:image:type\" content=\"image\/jpeg\" \/>\n<meta name=\"twitter:card\" content=\"summary_large_image\" \/>\n<meta name=\"twitter:label1\" content=\"Gesch\u00e4tzte Lesezeit\" \/>\n\t<meta name=\"twitter:data1\" content=\"4\u00a0Minuten\" \/>\n<script type=\"application\/ld+json\" class=\"yoast-schema-graph\">{\"@context\":\"https:\/\/schema.org\",\"@graph\":[{\"@type\":\"WebPage\",\"@id\":\"https:\/\/www.camping-levaldelarre.com\/de\/camping-animations-vigan\/\",\"url\":\"https:\/\/www.camping-levaldelarre.com\/de\/camping-animations-vigan\/\",\"name\":\"Campingplatz mit Animationen Vigan | Camping Aktivit\u00e4ten Gard\",\"isPartOf\":{\"@id\":\"https:\/\/www.camping-levaldelarre.com\/#website\"},\"primaryImageOfPage\":{\"@id\":\"https:\/\/www.camping-levaldelarre.com\/de\/camping-animations-vigan\/#primaryimage\"},\"image\":{\"@id\":\"https:\/\/www.camping-levaldelarre.com\/de\/camping-animations-vigan\/#primaryimage\"},\"thumbnailUrl\":\"https:\/\/www.camping-levaldelarre.com\/wp-content\/uploads\/2022\/11\/camping-animation-vigan.jpg\",\"datePublished\":\"2022-09-27T12:33:34+00:00\",\"dateModified\":\"2022-11-28T08:30:26+00:00\",\"breadcrumb\":{\"@id\":\"https:\/\/www.camping-levaldelarre.com\/de\/camping-animations-vigan\/#breadcrumb\"},\"inLanguage\":\"de\",\"potentialAction\":[{\"@type\":\"ReadAction\",\"target\":[\"https:\/\/www.camping-levaldelarre.com\/de\/camping-animations-vigan\/\"]}]},{\"@type\":\"ImageObject\",\"inLanguage\":\"de\",\"@id\":\"https:\/\/www.camping-levaldelarre.com\/de\/camping-animations-vigan\/#primaryimage\",\"url\":\"https:\/\/www.camping-levaldelarre.com\/wp-content\/uploads\/2022\/11\/camping-animation-vigan.jpg\",\"contentUrl\":\"https:\/\/www.camping-levaldelarre.com\/wp-content\/uploads\/2022\/11\/camping-animation-vigan.jpg\",\"width\":1900,\"height\":600,\"caption\":\"camping animation vigan\"},{\"@type\":\"BreadcrumbList\",\"@id\":\"https:\/\/www.camping-levaldelarre.com\/de\/camping-animations-vigan\/#breadcrumb\",\"itemListElement\":[{\"@type\":\"ListItem\",\"position\":1,\"name\":\"Camping Gard\",\"item\":\"https:\/\/www.camping-levaldelarre.com\/de\/\"},{\"@type\":\"ListItem\",\"position\":2,\"name\":\"Campingplatz mit Animationen in Le Vigan\"}]},{\"@type\":\"WebSite\",\"@id\":\"https:\/\/www.camping-levaldelarre.com\/#website\",\"url\":\"https:\/\/www.camping-levaldelarre.com\/\",\"name\":\"Le Val de l&#039;Arre\",\"description\":\"\",\"publisher\":{\"@id\":\"https:\/\/www.camping-levaldelarre.com\/#organization\"},\"potentialAction\":[{\"@type\":\"SearchAction\",\"target\":{\"@type\":\"EntryPoint\",\"urlTemplate\":\"https:\/\/www.camping-levaldelarre.com\/?s={search_term_string}\"},\"query-input\":{\"@type\":\"PropertyValueSpecification\",\"valueRequired\":true,\"valueName\":\"search_term_string\"}}],\"inLanguage\":\"de\"},{\"@type\":\"Organization\",\"@id\":\"https:\/\/www.camping-levaldelarre.com\/#organization\",\"name\":\"Le Val de l&#039;Arre\",\"url\":\"https:\/\/www.camping-levaldelarre.com\/\",\"logo\":{\"@type\":\"ImageObject\",\"inLanguage\":\"de\",\"@id\":\"https:\/\/www.camping-levaldelarre.com\/#\/schema\/logo\/image\/\",\"url\":\"https:\/\/www.camping-levaldelarre.com\/wp-content\/uploads\/2022\/10\/logo-le-val-de-l-arre.jpg\",\"contentUrl\":\"https:\/\/www.camping-levaldelarre.com\/wp-content\/uploads\/2022\/10\/logo-le-val-de-l-arre.jpg\",\"width\":370,\"height\":180,\"caption\":\"Le Val de l&#039;Arre\"},\"image\":{\"@id\":\"https:\/\/www.camping-levaldelarre.com\/#\/schema\/logo\/image\/\"}}]}<\/script>\n<!-- \/ Yoast SEO plugin. -->","yoast_head_json":{"title":"Campingplatz mit Animationen Vigan | Camping Aktivit\u00e4ten Gard","robots":{"index":"index","follow":"follow","max-snippet":"max-snippet:-1","max-image-preview":"max-image-preview:large","max-video-preview":"max-video-preview:-1"},"canonical":"https:\/\/www.camping-levaldelarre.com\/de\/camping-animations-vigan\/","og_locale":"de_DE","og_type":"article","og_title":"Campingplatz mit Animationen Vigan | Camping Aktivit\u00e4ten Gard","og_url":"https:\/\/www.camping-levaldelarre.com\/de\/camping-animations-vigan\/","og_site_name":"Le Val de l&#039;Arre","article_modified_time":"2022-11-28T08:30:26+00:00","og_image":[{"width":1900,"height":600,"url":"https:\/\/www.camping-levaldelarre.com\/wp-content\/uploads\/2022\/11\/camping-animation-vigan.jpg","type":"image\/jpeg"}],"twitter_card":"summary_large_image","twitter_misc":{"Gesch\u00e4tzte Lesezeit":"4\u00a0Minuten"},"schema":{"@context":"https:\/\/schema.org","@graph":[{"@type":"WebPage","@id":"https:\/\/www.camping-levaldelarre.com\/de\/camping-animations-vigan\/","url":"https:\/\/www.camping-levaldelarre.com\/de\/camping-animations-vigan\/","name":"Campingplatz mit Animationen Vigan | Camping Aktivit\u00e4ten Gard","isPartOf":{"@id":"https:\/\/www.camping-levaldelarre.com\/#website"},"primaryImageOfPage":{"@id":"https:\/\/www.camping-levaldelarre.com\/de\/camping-animations-vigan\/#primaryimage"},"image":{"@id":"https:\/\/www.camping-levaldelarre.com\/de\/camping-animations-vigan\/#primaryimage"},"thumbnailUrl":"https:\/\/www.camping-levaldelarre.com\/wp-content\/uploads\/2022\/11\/camping-animation-vigan.jpg","datePublished":"2022-09-27T12:33:34+00:00","dateModified":"2022-11-28T08:30:26+00:00","breadcrumb":{"@id":"https:\/\/www.camping-levaldelarre.com\/de\/camping-animations-vigan\/#breadcrumb"},"inLanguage":"de","potentialAction":[{"@type":"ReadAction","target":["https:\/\/www.camping-levaldelarre.com\/de\/camping-animations-vigan\/"]}]},{"@type":"ImageObject","inLanguage":"de","@id":"https:\/\/www.camping-levaldelarre.com\/de\/camping-animations-vigan\/#primaryimage","url":"https:\/\/www.camping-levaldelarre.com\/wp-content\/uploads\/2022\/11\/camping-animation-vigan.jpg","contentUrl":"https:\/\/www.camping-levaldelarre.com\/wp-content\/uploads\/2022\/11\/camping-animation-vigan.jpg","width":1900,"height":600,"caption":"camping animation vigan"},{"@type":"BreadcrumbList","@id":"https:\/\/www.camping-levaldelarre.com\/de\/camping-animations-vigan\/#breadcrumb","itemListElement":[{"@type":"ListItem","position":1,"name":"Camping Gard","item":"https:\/\/www.camping-levaldelarre.com\/de\/"},{"@type":"ListItem","position":2,"name":"Campingplatz mit Animationen in Le Vigan"}]},{"@type":"WebSite","@id":"https:\/\/www.camping-levaldelarre.com\/#website","url":"https:\/\/www.camping-levaldelarre.com\/","name":"Le Val de l&#039;Arre","description":"","publisher":{"@id":"https:\/\/www.camping-levaldelarre.com\/#organization"},"potentialAction":[{"@type":"SearchAction","target":{"@type":"EntryPoint","urlTemplate":"https:\/\/www.camping-levaldelarre.com\/?s={search_term_string}"},"query-input":{"@type":"PropertyValueSpecification","valueRequired":true,"valueName":"search_term_string"}}],"inLanguage":"de"},{"@type":"Organization","@id":"https:\/\/www.camping-levaldelarre.com\/#organization","name":"Le Val de l&#039;Arre","url":"https:\/\/www.camping-levaldelarre.com\/","logo":{"@type":"ImageObject","inLanguage":"de","@id":"https:\/\/www.camping-levaldelarre.com\/#\/schema\/logo\/image\/","url":"https:\/\/www.camping-levaldelarre.com\/wp-content\/uploads\/2022\/10\/logo-le-val-de-l-arre.jpg","contentUrl":"https:\/\/www.camping-levaldelarre.com\/wp-content\/uploads\/2022\/10\/logo-le-val-de-l-arre.jpg","width":370,"height":180,"caption":"Le Val de l&#039;Arre"},"image":{"@id":"https:\/\/www.camping-levaldelarre.com\/#\/schema\/logo\/image\/"}}]}},"_links":{"self":[{"href":"https:\/\/www.camping-levaldelarre.com\/de\/wp-json\/wp\/v2\/pages\/2225","targetHints":{"allow":["GET"]}}],"collection":[{"href":"https:\/\/www.camping-levaldelarre.com\/de\/wp-json\/wp\/v2\/pages"}],"about":[{"href":"https:\/\/www.camping-levaldelarre.com\/de\/wp-json\/wp\/v2\/types\/page"}],"author":[{"embeddable":true,"href":"https:\/\/www.camping-levaldelarre.com\/de\/wp-json\/wp\/v2\/users\/1"}],"replies":[{"embeddable":true,"href":"https:\/\/www.camping-levaldelarre.com\/de\/wp-json\/wp\/v2\/comments?post=2225"}],"version-history":[{"count":2,"href":"https:\/\/www.camping-levaldelarre.com\/de\/wp-json\/wp\/v2\/pages\/2225\/revisions"}],"predecessor-version":[{"id":2399,"href":"https:\/\/www.camping-levaldelarre.com\/de\/wp-json\/wp\/v2\/pages\/2225\/revisions\/2399"}],"wp:featuredmedia":[{"embeddable":true,"href":"https:\/\/www.camping-levaldelarre.com\/de\/wp-json\/wp\/v2\/media\/1391"}],"wp:attachment":[{"href":"https:\/\/www.camping-levaldelarre.com\/de\/wp-json\/wp\/v2\/media?parent=2225"}],"wp:term":[{"taxonomy":"sujet","embeddable":true,"href":"https:\/\/www.camping-levaldelarre.com\/de\/wp-json\/wp\/v2\/sujet?post=2225"}],"curies":[{"name":"wp","href":"https:\/\/api.w.org\/{rel}","templated":true}]}}